{"id":367,"date":"2017-05-11T11:36:45","date_gmt":"2017-05-11T08:36:45","guid":{"rendered":"https:\/\/blog.edu.turku.fi\/kieliluokat\/?page_id=367"},"modified":"2017-05-11T11:36:45","modified_gmt":"2017-05-11T08:36:45","slug":"admission","status":"publish","type":"page","link":"https:\/\/blog.edu.turku.fi\/kieliluokat\/fr\/admission\/","title":{"rendered":"Admission"},"content":{"rendered":"<h3>Admission aux classes de l\u2019enseignement CLIL\/EMILE<\/h3>\n<p>Des informations sur les admissions aux classes bilingues peuvent \u00eatre trouv\u00e9es sur les sites Internet des \u00e9coles ou en contactant le directeur de l\u2019\u00e9cole en question. Comme tous les enfants qui ont l\u2019\u00e2ge d\u2019aller \u00e0 l\u2019\u00e9cole, les \u00e9l\u00e8ves int\u00e9ress\u00e9s par l&#8217;enseignement bilingue doivent s\u2019inscrire \u00e0 l\u2019\u00e9cole primaire en janvier de l\u2019ann\u00e9e durant laquelle ils auront sept ans. Les parents sont inform\u00e9s sur les formalit\u00e9s d&#8217;inscriptions \u00e0 l\u2019\u00e9cole dans les journaux et dans une lettre envoy\u00e9e aux familles au d\u00e9but de l\u2019ann\u00e9e.<br \/>\nCrit\u00e8res d\u2019admission<\/p>\n<p>Une bonne connaissance de la langue finlandaise est exig\u00e9e de tous les \u00e9l\u00e8ves qui souhaitent \u00e9tudier dans une classe bilingue. La connaissance d\u2019une langue \u00e9trang\u00e8re n\u2019est pas n\u00e9cessaire pour les \u00e9l\u00e8ves qui entrent en premi\u00e8re ann\u00e9e scolaire. Pour ceux qui posent la candidature plus tard, la connaissance de la langue en question doit \u00eatre suffisante.<\/p>\n<p>Les familles qui reviennent en Finlande d\u2019un pays \u00e9tranger peuvent aussi inscrire leurs enfants aux classes bilingues. Pour ces enfants, l\u2019enseignement bilingue offre une possibilit\u00e9 de continuer les \u00e9tudes dans une langue famili\u00e8re et d\u2019am\u00e9liorer leurs connaissances du finnois.<\/p>\n<p><a href=\"https:\/\/blog.edu.turku.fi\/kieliluokat\/ranskankieliset-sivut\/quoi\/methodes-et-terminologie\/la-methode-clilemile\/\">Pour en savoir plus sur l\u2019enseignement CLIL\/EMILE, cliquez ici.<\/a><\/p>\n<p><a href=\"https:\/\/blog.edu.turku.fi\/kieliluokat\/ranskankieliset-sivut\/ou\/ecoles\/\">Pour conna\u00eetre les \u00e9coles qui ont des classes de l\u2019enseignement bilingue, cliquez ici.<\/a><\/p>\n","protected":false},"excerpt":{"rendered":"<p>Admission aux classes de l\u2019enseignement CLIL\/EMILE Des informations sur les admissions aux classes bilingues peuvent \u00eatre trouv\u00e9es sur les sites Internet des \u00e9coles ou en contactant le directeur de l\u2019\u00e9cole en question. Comme tous les enfants qui ont l\u2019\u00e2ge d\u2019aller<\/p>\n","protected":false},"author":56,"featured_media":0,"parent":336,"menu_order":0,"comment_status":"closed","ping_status":"closed","template":"","meta":{"footnotes":""},"class_list":["post-367","page","type-page","status-publish","hentry"],"_links":{"self":[{"href":"https:\/\/blog.edu.turku.fi\/kieliluokat\/wp-json\/wp\/v2\/pages\/367","targetHints":{"allow":["GET"]}}],"collection":[{"href":"https:\/\/blog.edu.turku.fi\/kieliluokat\/wp-json\/wp\/v2\/pages"}],"about":[{"href":"https:\/\/blog.edu.turku.fi\/kieliluokat\/wp-json\/wp\/v2\/types\/page"}],"author":[{"embeddable":true,"href":"https:\/\/blog.edu.turku.fi\/kieliluokat\/wp-json\/wp\/v2\/users\/56"}],"replies":[{"embeddable":true,"href":"https:\/\/blog.edu.turku.fi\/kieliluokat\/wp-json\/wp\/v2\/comments?post=367"}],"version-history":[{"count":1,"href":"https:\/\/blog.edu.turku.fi\/kieliluokat\/wp-json\/wp\/v2\/pages\/367\/revisions"}],"predecessor-version":[{"id":368,"href":"https:\/\/blog.edu.turku.fi\/kieliluokat\/wp-json\/wp\/v2\/pages\/367\/revisions\/368"}],"up":[{"embeddable":true,"href":"https:\/\/blog.edu.turku.fi\/kieliluokat\/wp-json\/wp\/v2\/pages\/336"}],"wp:attachment":[{"href":"https:\/\/blog.edu.turku.fi\/kieliluokat\/wp-json\/wp\/v2\/media?parent=367"}],"curies":[{"name":"wp","href":"https:\/\/api.w.org\/{rel}","templated":true}]}}