{"id":350,"date":"2017-05-11T11:04:06","date_gmt":"2017-05-11T08:04:06","guid":{"rendered":"https:\/\/blog.edu.turku.fi\/kieliluokat\/?page_id=350"},"modified":"2021-04-12T09:20:54","modified_gmt":"2021-04-12T06:20:54","slug":"ecoles","status":"publish","type":"page","link":"https:\/\/blog.edu.turku.fi\/kieliluokat\/fr\/ou\/ecoles\/","title":{"rendered":"\u00c9coles"},"content":{"rendered":"<h3>Les \u00e9coles et coll\u00e9ges bilingues \u00e0 Turku<\/h3>\n<h4>Fran\u00e7ais<\/h4>\n<p><a href=\"https:\/\/blog.edu.turku.fi\/kieliluokat\/ranskankieliset-sivut\/ou\/ecoles\/le-college-de-topelius\/\">Le Coll\u00e8ge de Topelius<\/a> (classes 7-9)<br \/>\n<a href=\"https:\/\/blog.edu.turku.fi\/kieliluokat\/fr\/ou\/ecoles\/lecole-de-vaha-heikkila\/\">L\u2019\u00c9cole de V\u00e4h\u00e4-Heikkil\u00e4<\/a> (classes 1-6)<\/p>\n<h4>Anglais<\/h4>\n<p>L\u2019\u00c9cole et Coll\u00e8ge de Puolala (classes 1-9)<br \/>\nL\u2019\u00c9cole et Coll\u00e8ge de Syv\u00e4lahti (classes 1-9)<br \/>\nTurun normaalikoulu (luokat 1-9)<br \/>\nL\u2019\u00c9cole de W\u00e4in\u00f6 Aaltonen (classes 1-6)<\/p>\n<h4>Su\u00e9dois<\/h4>\n<p>L\u2019\u00c9cole et Coll\u00e8ge de Luostarivuori (classes 1-9)<\/p>\n<h4>Allemand<\/h4>\n<p>L\u2019\u00c9cole et Coll\u00e8ge de Puolala (classes 1-9)<\/p>\n<h4>Russe<\/h4>\n<p>L\u2019\u00c9cole et Coll\u00e8ge de Puolala (classes 1-9)<\/p>\n<hr \/>\n<h3>Les \u00e9coles et coll\u00e9ges bilingues \u00e0 Naantali et Raisio<\/h3>\n<h4>Anglais<\/h4>\n<p>L\u2019\u00c9cole de Kuparivuori (classes 1-6) Naantali<br \/>\nLe Coll\u00e8ge de Maijam\u00e4ki (classes 7-9) Naantali<br \/>\nL\u2019\u00c9cole de Ihala (classes 1-6) Raisio<br \/>\nLe Coll\u00e8ge de Vaisaari (classes 7-9) Raisio<\/p>\n","protected":false},"excerpt":{"rendered":"<p>Les \u00e9coles et coll\u00e9ges bilingues \u00e0 Turku Fran\u00e7ais Le Coll\u00e8ge de Topelius (classes 7-9) L\u2019\u00c9cole de V\u00e4h\u00e4-Heikkil\u00e4 (classes 1-6) Anglais L\u2019\u00c9cole et Coll\u00e8ge de Puolala (classes 1-9) L\u2019\u00c9cole et Coll\u00e8ge de Syv\u00e4lahti (classes 1-9) Turun normaalikoulu (luokat 1-9) L\u2019\u00c9cole de<\/p>\n","protected":false},"author":56,"featured_media":0,"parent":359,"menu_order":0,"comment_status":"closed","ping_status":"closed","template":"","meta":{"footnotes":""},"class_list":["post-350","page","type-page","status-publish","hentry"],"_links":{"self":[{"href":"https:\/\/blog.edu.turku.fi\/kieliluokat\/wp-json\/wp\/v2\/pages\/350","targetHints":{"allow":["GET"]}}],"collection":[{"href":"https:\/\/blog.edu.turku.fi\/kieliluokat\/wp-json\/wp\/v2\/pages"}],"about":[{"href":"https:\/\/blog.edu.turku.fi\/kieliluokat\/wp-json\/wp\/v2\/types\/page"}],"author":[{"embeddable":true,"href":"https:\/\/blog.edu.turku.fi\/kieliluokat\/wp-json\/wp\/v2\/users\/56"}],"replies":[{"embeddable":true,"href":"https:\/\/blog.edu.turku.fi\/kieliluokat\/wp-json\/wp\/v2\/comments?post=350"}],"version-history":[{"count":8,"href":"https:\/\/blog.edu.turku.fi\/kieliluokat\/wp-json\/wp\/v2\/pages\/350\/revisions"}],"predecessor-version":[{"id":597,"href":"https:\/\/blog.edu.turku.fi\/kieliluokat\/wp-json\/wp\/v2\/pages\/350\/revisions\/597"}],"up":[{"embeddable":true,"href":"https:\/\/blog.edu.turku.fi\/kieliluokat\/wp-json\/wp\/v2\/pages\/359"}],"wp:attachment":[{"href":"https:\/\/blog.edu.turku.fi\/kieliluokat\/wp-json\/wp\/v2\/media?parent=350"}],"curies":[{"name":"wp","href":"https:\/\/api.w.org\/{rel}","templated":true}]}}