{"id":345,"date":"2017-05-11T10:55:51","date_gmt":"2017-05-11T07:55:51","guid":{"rendered":"https:\/\/blog.edu.turku.fi\/kieliluokat\/?page_id=345"},"modified":"2017-05-11T10:58:31","modified_gmt":"2017-05-11T07:58:31","slug":"methodes-et-terminologie","status":"publish","type":"page","link":"https:\/\/blog.edu.turku.fi\/kieliluokat\/fr\/quoi\/methodes-et-terminologie\/","title":{"rendered":"M\u00e9thodes et terminologie"},"content":{"rendered":"<p>Nous appellons l\u2019enseignement dans les fili\u00e8res linguistiques de Turku l\u2019enseignement bilingue. L\u2019enseignement bilingue consiste \u00e0 enseigner et apprendre en deux langues, l\u2019une \u00e9tant le finnois et l\u2019autre une langue \u00e9trang\u00e8re. Il est possible d\u2019\u00e9tudier dans les sections de l\u2019enseignement bilingue durant toute l\u2019\u00e9cole obligatoire de 7 \u00e0 16 ans (classes 1-9).<\/p>\n<p>L\u2019enseignement bilingue porte des noms divers selon la m\u00e9thode utilis\u00e9e.<br \/>\nA Turku l\u2019enseignement bilingue est fond\u00e9 sur le concept CLIL\/EMILE<br \/>\n(CLIL = Content and Language Integrated Learning, EMILE = Enseignement de Mati\u00e8res par Int\u00e9gration d\u2019une Langue Etrang\u00e8re).<\/p>\n<p>En su\u00e9dois, l\u2019enseignement par immersion commence \u00e0 l\u2019\u00c9cole de Kerttuli. Les \u00e9tudes peuvent \u00eatre continu\u00e9es au Coll\u00e8ge de Luostarivuori. L\u2019enseignement est fond\u00e9 sur l\u2019immersion compl\u00e8te pr\u00e9coce.<\/p>\n<p><a href=\"https:\/\/blog.edu.turku.fi\/kieliluokat\/ranskankieliset-sivut\/quoi\/methodes-et-terminologie\/la-methode-clilemile\/\">Pour en savoir plus sur la m\u00e9thode CLIL\/EMILE, cliquez ici.<\/a><\/p>\n","protected":false},"excerpt":{"rendered":"<p>Nous appellons l\u2019enseignement dans les fili\u00e8res linguistiques de Turku l\u2019enseignement bilingue. L\u2019enseignement bilingue consiste \u00e0 enseigner et apprendre en deux langues, l\u2019une \u00e9tant le finnois et l\u2019autre une langue \u00e9trang\u00e8re. Il est possible d\u2019\u00e9tudier dans les sections de l\u2019enseignement bilingue<\/p>\n","protected":false},"author":56,"featured_media":0,"parent":343,"menu_order":0,"comment_status":"closed","ping_status":"closed","template":"","meta":{"footnotes":""},"class_list":["post-345","page","type-page","status-publish","hentry"],"_links":{"self":[{"href":"https:\/\/blog.edu.turku.fi\/kieliluokat\/wp-json\/wp\/v2\/pages\/345","targetHints":{"allow":["GET"]}}],"collection":[{"href":"https:\/\/blog.edu.turku.fi\/kieliluokat\/wp-json\/wp\/v2\/pages"}],"about":[{"href":"https:\/\/blog.edu.turku.fi\/kieliluokat\/wp-json\/wp\/v2\/types\/page"}],"author":[{"embeddable":true,"href":"https:\/\/blog.edu.turku.fi\/kieliluokat\/wp-json\/wp\/v2\/users\/56"}],"replies":[{"embeddable":true,"href":"https:\/\/blog.edu.turku.fi\/kieliluokat\/wp-json\/wp\/v2\/comments?post=345"}],"version-history":[{"count":2,"href":"https:\/\/blog.edu.turku.fi\/kieliluokat\/wp-json\/wp\/v2\/pages\/345\/revisions"}],"predecessor-version":[{"id":349,"href":"https:\/\/blog.edu.turku.fi\/kieliluokat\/wp-json\/wp\/v2\/pages\/345\/revisions\/349"}],"up":[{"embeddable":true,"href":"https:\/\/blog.edu.turku.fi\/kieliluokat\/wp-json\/wp\/v2\/pages\/343"}],"wp:attachment":[{"href":"https:\/\/blog.edu.turku.fi\/kieliluokat\/wp-json\/wp\/v2\/media?parent=345"}],"curies":[{"name":"wp","href":"https:\/\/api.w.org\/{rel}","templated":true}]}}