{"id":34,"date":"2017-03-30T15:31:59","date_gmt":"2017-03-30T12:31:59","guid":{"rendered":"https:\/\/blog.edu.turku.fi\/kieliluokat\/?page_id=34"},"modified":"2017-05-24T13:49:29","modified_gmt":"2017-05-24T10:49:29","slug":"hakeutuminen","status":"publish","type":"page","link":"https:\/\/blog.edu.turku.fi\/kieliluokat\/fi\/hakeutuminen\/","title":{"rendered":"Hakeutuminen"},"content":{"rendered":"<h3>Hakeutuminen vieraskieliseen opetukseen (CLIL-opetus)<\/h3>\n<p>Vieraskielist\u00e4 opetusta koskevat hakuohjeet l\u00f6ytyv\u00e4t koulujen sivuilta tai tiedustelemalla suoraan koulun rehtorilta. Vieraskieliseen opetukseen hakeudutaan samalla tavoin kuin suomenkieliseen perusopetukseen. Oppilaat ilmoittautuvat ensimm\u00e4iselle luokalle saman vuoden tammikuussa, jolloin aloittavat koulunk\u00e4ynnin. Ilmoittautumisesta tiedotetaan vuoden alussa tiedotusv\u00e4lineiss\u00e4 sek\u00e4 suoraan koteihin.<\/p>\n<h4>Kenelle vieraskielinen opetus on tarkoitettu?<\/h4>\n<p>Kaikilta vieraskieliseen opetukseen pyrkivilt\u00e4 lapsilta edellytet\u00e4\u00e4n hyv\u00e4\u00e4, ik\u00e4tasoa vastaavaa suomen kielen hallintaa. Vieraskieliseen opetukseen alakoulun ensimm\u00e4iselle luokalle pyrkivilt\u00e4 oppilailta ei edellytet\u00e4 vieraaseen kieleen liittyv\u00e4\u00e4 osaamista. Ylemmille luokille pyritt\u00e4ess\u00e4 vieraan kielen taidon tulee olla riitt\u00e4v\u00e4.<br \/>\nUlkomailta siirtyvien perheiden lapset voivat my\u00f6s hakeutua vieraskieliseen opetukseen. Heille opetusmuoto tarjoaa mahdollisuuden jatkaa opintojaan kyseisell\u00e4 kielell\u00e4 ja vahvistaa suomen kielen taitojaan.<\/p>\n<p><a href=\"https:\/\/blog.edu.turku.fi\/kieliluokat\/mita\/menetelmat-ja-kasitteet\/clil-menetelma\/\">Lue lis\u00e4\u00e4 CLIL-opetuksesta t\u00e4st\u00e4<\/a><\/p>\n<p><a href=\"https:\/\/blog.edu.turku.fi\/kieliluokat\/fi\/missa\/koulut\/\">Katso Turun kielikoulut t\u00e4st\u00e4<\/a><\/p>\n","protected":false},"excerpt":{"rendered":"<p>Hakeutuminen vieraskieliseen opetukseen (CLIL-opetus) Vieraskielist\u00e4 opetusta koskevat hakuohjeet l\u00f6ytyv\u00e4t koulujen sivuilta tai tiedustelemalla suoraan koulun rehtorilta. Vieraskieliseen opetukseen hakeudutaan samalla tavoin kuin suomenkieliseen perusopetukseen. Oppilaat ilmoittautuvat ensimm\u00e4iselle luokalle saman vuoden tammikuussa, jolloin aloittavat koulunk\u00e4ynnin. Ilmoittautumisesta tiedotetaan vuoden alussa tiedotusv\u00e4lineiss\u00e4 sek\u00e4<\/p>\n","protected":false},"author":56,"featured_media":0,"parent":329,"menu_order":0,"comment_status":"closed","ping_status":"closed","template":"","meta":{"footnotes":""},"class_list":["post-34","page","type-page","status-publish","hentry"],"_links":{"self":[{"href":"https:\/\/blog.edu.turku.fi\/kieliluokat\/wp-json\/wp\/v2\/pages\/34","targetHints":{"allow":["GET"]}}],"collection":[{"href":"https:\/\/blog.edu.turku.fi\/kieliluokat\/wp-json\/wp\/v2\/pages"}],"about":[{"href":"https:\/\/blog.edu.turku.fi\/kieliluokat\/wp-json\/wp\/v2\/types\/page"}],"author":[{"embeddable":true,"href":"https:\/\/blog.edu.turku.fi\/kieliluokat\/wp-json\/wp\/v2\/users\/56"}],"replies":[{"embeddable":true,"href":"https:\/\/blog.edu.turku.fi\/kieliluokat\/wp-json\/wp\/v2\/comments?post=34"}],"version-history":[{"count":5,"href":"https:\/\/blog.edu.turku.fi\/kieliluokat\/wp-json\/wp\/v2\/pages\/34\/revisions"}],"predecessor-version":[{"id":512,"href":"https:\/\/blog.edu.turku.fi\/kieliluokat\/wp-json\/wp\/v2\/pages\/34\/revisions\/512"}],"up":[{"embeddable":true,"href":"https:\/\/blog.edu.turku.fi\/kieliluokat\/wp-json\/wp\/v2\/pages\/329"}],"wp:attachment":[{"href":"https:\/\/blog.edu.turku.fi\/kieliluokat\/wp-json\/wp\/v2\/media?parent=34"}],"curies":[{"name":"wp","href":"https:\/\/api.w.org\/{rel}","templated":true}]}}