{"id":326,"date":"2017-05-11T10:47:14","date_gmt":"2017-05-11T07:47:14","guid":{"rendered":"https:\/\/blog.edu.turku.fi\/kieliluokat\/?page_id=326"},"modified":"2017-05-11T11:30:56","modified_gmt":"2017-05-11T08:30:56","slug":"sokning","status":"publish","type":"page","link":"https:\/\/blog.edu.turku.fi\/kieliluokat\/sv\/sokning\/","title":{"rendered":"S\u00f6kning"},"content":{"rendered":"<h3>Att s\u00f6ka till spr\u00e5kklass (fr\u00e4mst CLIL-undervisning)<\/h3>\n<p>Till spr\u00e5kbadet s\u00f6ker man genom att kontakta Klockringaregatans daghem. Ifall ni kommer fr\u00e5n annan ort med \u00e4ldre, svenskkunniga barn, kontakta respektive skola.<\/p>\n<p>Direktiv f\u00f6r s\u00f6kandet till spr\u00e5kklasserna finner ni p\u00e5 skolornas hemsidor eller genom att direkt kontakta respektive skolas rektor. Ans\u00f6kningsf\u00f6rfarandet till spr\u00e5kklasserna \u00e4r likadant som till den finska grundl\u00e4ggande utbildningen.<\/p>\n<p>Eleverna anm\u00e4ler sig till f\u00f6rsta klass i januari det \u00e5r de b\u00f6rjar skolg\u00e5ngen. Information om anm\u00e4lningen annonseras i lokaltidningarna och meddelas direkt till hemmen.<br \/>\nF\u00f6r vem \u00e4r spr\u00e5kklasserna avsedda?<\/p>\n<p>Alla barn som s\u00f6ker sig till spr\u00e5kklasserna f\u00f6ruts\u00e4tts ha goda, f\u00f6r sin \u00e5lder normala, kunskaper i finska spr\u00e5ket. De elever som s\u00f6ker sig till f\u00f6rsta klass i spr\u00e5kklasserna beh\u00f6ver inte ha kunskaper i det fr\u00e4mmande spr\u00e5ket fr\u00e5n f\u00f6rr. D\u00e5 man s\u00f6ker sig till en klass i senare skede b\u00f6r kunskaperna i det fr\u00e4mmande spr\u00e5ket vara tillr\u00e4ckliga.<\/p>\n<p>Barn i familjer som flyttar fr\u00e5n utlandet kan \u00e4ven s\u00f6ka sig till spr\u00e5kklasserna. \u00c5t dem erbjuder klasserna en m\u00f6jlighet att forts\u00e4tta studierna p\u00e5 det respektive spr\u00e5ket, samtidigt som de kan st\u00e4rka sina kunskaper i finska.<\/p>\n<p><a href=\"https:\/\/blog.edu.turku.fi\/kieliluokat\/vad\/metoder-och-begrepp\/clil-metoden\/\">L\u00e4s mer om CLIL- metoden<\/a><\/p>\n<p><a href=\"https:\/\/blog.edu.turku.fi\/kieliluokat\/var\/skolor\/\">Se spr\u00e5kskolorna h\u00e4r<\/a><\/p>\n","protected":false},"excerpt":{"rendered":"<p>Att s\u00f6ka till spr\u00e5kklass (fr\u00e4mst CLIL-undervisning) Till spr\u00e5kbadet s\u00f6ker man genom att kontakta Klockringaregatans daghem. Ifall ni kommer fr\u00e5n annan ort med \u00e4ldre, svenskkunniga barn, kontakta respektive skola. Direktiv f\u00f6r s\u00f6kandet till spr\u00e5kklasserna finner ni p\u00e5 skolornas hemsidor eller genom<\/p>\n","protected":false},"author":56,"featured_media":0,"parent":331,"menu_order":0,"comment_status":"closed","ping_status":"closed","template":"","meta":{"footnotes":""},"class_list":["post-326","page","type-page","status-publish","hentry"],"_links":{"self":[{"href":"https:\/\/blog.edu.turku.fi\/kieliluokat\/wp-json\/wp\/v2\/pages\/326","targetHints":{"allow":["GET"]}}],"collection":[{"href":"https:\/\/blog.edu.turku.fi\/kieliluokat\/wp-json\/wp\/v2\/pages"}],"about":[{"href":"https:\/\/blog.edu.turku.fi\/kieliluokat\/wp-json\/wp\/v2\/types\/page"}],"author":[{"embeddable":true,"href":"https:\/\/blog.edu.turku.fi\/kieliluokat\/wp-json\/wp\/v2\/users\/56"}],"replies":[{"embeddable":true,"href":"https:\/\/blog.edu.turku.fi\/kieliluokat\/wp-json\/wp\/v2\/comments?post=326"}],"version-history":[{"count":4,"href":"https:\/\/blog.edu.turku.fi\/kieliluokat\/wp-json\/wp\/v2\/pages\/326\/revisions"}],"predecessor-version":[{"id":354,"href":"https:\/\/blog.edu.turku.fi\/kieliluokat\/wp-json\/wp\/v2\/pages\/326\/revisions\/354"}],"up":[{"embeddable":true,"href":"https:\/\/blog.edu.turku.fi\/kieliluokat\/wp-json\/wp\/v2\/pages\/331"}],"wp:attachment":[{"href":"https:\/\/blog.edu.turku.fi\/kieliluokat\/wp-json\/wp\/v2\/media?parent=326"}],"curies":[{"name":"wp","href":"https:\/\/api.w.org\/{rel}","templated":true}]}}