{"id":316,"date":"2017-05-11T10:42:32","date_gmt":"2017-05-11T07:42:32","guid":{"rendered":"https:\/\/blog.edu.turku.fi\/kieliluokat\/?page_id=316"},"modified":"2017-05-11T10:42:50","modified_gmt":"2017-05-11T07:42:50","slug":"clil-metoden","status":"publish","type":"page","link":"https:\/\/blog.edu.turku.fi\/kieliluokat\/sv\/vad\/metoder-och-begrepp\/clil-metoden\/","title":{"rendered":"CLIL-metoden"},"content":{"rendered":"<h3>Content and Language Integrated Learning<\/h3>\n<p>CLIL kommer fr\u00e5n orden Content and Language Integrated Learning. Med begreppet avses en spr\u00e5kinl\u00e4rningsmetod d\u00e4r sakinneh\u00e5llet i olika \u00e4mnen studeras p\u00e5 det andra spr\u00e5ket. I denna metod bildar undervisningen given b\u00e5de p\u00e5 elevens modersm\u00e5l och p\u00e5 det andra spr\u00e5ket en helhet.<\/p>\n<p>Undervisningen sker tv\u00e5spr\u00e5kigt, p\u00e5 s\u00e5 s\u00e4tt att man vid inl\u00e4rningssituationen anv\u00e4nder det spr\u00e5k som passar syftet och tillf\u00e4llet.<\/p>\n<p>Medelst CLIL-metoden kan man p\u00e5 det andra spr\u00e5ket undervisa stoffet inom alla andra l\u00e4ro\u00e4mnen \u00e4n modersm\u00e5let.<\/p>\n<p>Spr\u00e5ket \u00e4r s\u00e5ledes inte i sig f\u00f6rem\u00e5let f\u00f6r undervisningen, utan ett verktyg i studierna. Den formella spr\u00e5kundervisningen sker p\u00e5 spr\u00e5klektionerna.<\/p>\n","protected":false},"excerpt":{"rendered":"<p>Content and Language Integrated Learning CLIL kommer fr\u00e5n orden Content and Language Integrated Learning. Med begreppet avses en spr\u00e5kinl\u00e4rningsmetod d\u00e4r sakinneh\u00e5llet i olika \u00e4mnen studeras p\u00e5 det andra spr\u00e5ket. I denna metod bildar undervisningen given b\u00e5de p\u00e5 elevens modersm\u00e5l och<\/p>\n","protected":false},"author":56,"featured_media":0,"parent":314,"menu_order":0,"comment_status":"closed","ping_status":"closed","template":"","meta":{"footnotes":""},"class_list":["post-316","page","type-page","status-publish","hentry"],"_links":{"self":[{"href":"https:\/\/blog.edu.turku.fi\/kieliluokat\/wp-json\/wp\/v2\/pages\/316","targetHints":{"allow":["GET"]}}],"collection":[{"href":"https:\/\/blog.edu.turku.fi\/kieliluokat\/wp-json\/wp\/v2\/pages"}],"about":[{"href":"https:\/\/blog.edu.turku.fi\/kieliluokat\/wp-json\/wp\/v2\/types\/page"}],"author":[{"embeddable":true,"href":"https:\/\/blog.edu.turku.fi\/kieliluokat\/wp-json\/wp\/v2\/users\/56"}],"replies":[{"embeddable":true,"href":"https:\/\/blog.edu.turku.fi\/kieliluokat\/wp-json\/wp\/v2\/comments?post=316"}],"version-history":[{"count":1,"href":"https:\/\/blog.edu.turku.fi\/kieliluokat\/wp-json\/wp\/v2\/pages\/316\/revisions"}],"predecessor-version":[{"id":317,"href":"https:\/\/blog.edu.turku.fi\/kieliluokat\/wp-json\/wp\/v2\/pages\/316\/revisions\/317"}],"up":[{"embeddable":true,"href":"https:\/\/blog.edu.turku.fi\/kieliluokat\/wp-json\/wp\/v2\/pages\/314"}],"wp:attachment":[{"href":"https:\/\/blog.edu.turku.fi\/kieliluokat\/wp-json\/wp\/v2\/media?parent=316"}],"curies":[{"name":"wp","href":"https:\/\/api.w.org\/{rel}","templated":true}]}}