{"id":314,"date":"2017-05-11T10:42:03","date_gmt":"2017-05-11T07:42:03","guid":{"rendered":"https:\/\/blog.edu.turku.fi\/kieliluokat\/?page_id=314"},"modified":"2017-05-11T10:43:35","modified_gmt":"2017-05-11T07:43:35","slug":"metoder-och-begrepp","status":"publish","type":"page","link":"https:\/\/blog.edu.turku.fi\/kieliluokat\/sv\/vad\/metoder-och-begrepp\/","title":{"rendered":"Metoder och begrepp"},"content":{"rendered":"<p>Undervisningen p\u00e5 spr\u00e5kklasserna kallas undervisning p\u00e5 fr\u00e4mmande spr\u00e5k. D\u00e5 ges undervisningen dels p\u00e5 finska och dels p\u00e5 det fr\u00e4mmande spr\u00e5ket. Undervisningen p\u00e5 det fr\u00e4mmande spr\u00e5ket fortg\u00e5r p\u00e5 alla klasser 1-9 inom den grundl\u00e4ggande utbildningen. Det anv\u00e4nds \u00e4ven andra ben\u00e4mningar p\u00e5 undervisning p\u00e5 fr\u00e4mmande spr\u00e5k; spr\u00e5kklassundervisning, spr\u00e5kberikad undervisning, spr\u00e5kbetonad undervisning eller tv\u00e5spr\u00e5kig undervisning.<\/p>\n<p>Den metod som anv\u00e4nds i \u00c5bo \u00e4r <a href=\"https:\/\/blog.edu.turku.fi\/kieliluokat\/vad\/metoder-och-begrepp\/clil-metoden\/\">CLIL<\/a> (Content and Language Integrated Learning).<\/p>\n<p><a href=\"https:\/\/blog.edu.turku.fi\/kieliluokat\/vad\/metoder-och-begrepp\/clil-metoden\/\">L\u00e4s mer om CLIL- metoden<\/a><\/p>\n<p>Undervisningen inom det svenska spr\u00e5kbadet ges i Kerttulin koulu. Eleverna kommer prim\u00e4rt fr\u00e5n spr\u00e5kbadsgrupperna p\u00e5 Klockringaregatans daghem. P\u00e5 h\u00f6gstadiet forts\u00e4tter undervisningen i Luostarivuoren koulu. Undervisningen baserar sig p\u00e5 metoden med ett tidigt, fullst\u00e4ndigt spr\u00e5kbad.<\/p>\n","protected":false},"excerpt":{"rendered":"<p>Undervisningen p\u00e5 spr\u00e5kklasserna kallas undervisning p\u00e5 fr\u00e4mmande spr\u00e5k. D\u00e5 ges undervisningen dels p\u00e5 finska och dels p\u00e5 det fr\u00e4mmande spr\u00e5ket. Undervisningen p\u00e5 det fr\u00e4mmande spr\u00e5ket fortg\u00e5r p\u00e5 alla klasser 1-9 inom den grundl\u00e4ggande utbildningen. Det anv\u00e4nds \u00e4ven andra ben\u00e4mningar p\u00e5<\/p>\n","protected":false},"author":56,"featured_media":0,"parent":312,"menu_order":0,"comment_status":"closed","ping_status":"closed","template":"","meta":{"footnotes":""},"class_list":["post-314","page","type-page","status-publish","hentry"],"_links":{"self":[{"href":"https:\/\/blog.edu.turku.fi\/kieliluokat\/wp-json\/wp\/v2\/pages\/314","targetHints":{"allow":["GET"]}}],"collection":[{"href":"https:\/\/blog.edu.turku.fi\/kieliluokat\/wp-json\/wp\/v2\/pages"}],"about":[{"href":"https:\/\/blog.edu.turku.fi\/kieliluokat\/wp-json\/wp\/v2\/types\/page"}],"author":[{"embeddable":true,"href":"https:\/\/blog.edu.turku.fi\/kieliluokat\/wp-json\/wp\/v2\/users\/56"}],"replies":[{"embeddable":true,"href":"https:\/\/blog.edu.turku.fi\/kieliluokat\/wp-json\/wp\/v2\/comments?post=314"}],"version-history":[{"count":2,"href":"https:\/\/blog.edu.turku.fi\/kieliluokat\/wp-json\/wp\/v2\/pages\/314\/revisions"}],"predecessor-version":[{"id":318,"href":"https:\/\/blog.edu.turku.fi\/kieliluokat\/wp-json\/wp\/v2\/pages\/314\/revisions\/318"}],"up":[{"embeddable":true,"href":"https:\/\/blog.edu.turku.fi\/kieliluokat\/wp-json\/wp\/v2\/pages\/312"}],"wp:attachment":[{"href":"https:\/\/blog.edu.turku.fi\/kieliluokat\/wp-json\/wp\/v2\/media?parent=314"}],"curies":[{"name":"wp","href":"https:\/\/api.w.org\/{rel}","templated":true}]}}