{"id":301,"date":"2017-05-11T10:32:44","date_gmt":"2017-05-11T07:32:44","guid":{"rendered":"https:\/\/blog.edu.turku.fi\/kieliluokat\/?page_id=301"},"modified":"2017-05-11T10:32:44","modified_gmt":"2017-05-11T07:32:44","slug":"luostarivuori-skola-martins-enhet","status":"publish","type":"page","link":"https:\/\/blog.edu.turku.fi\/kieliluokat\/sv\/var\/skolor\/luostarivuori-skola-martins-enhet\/","title":{"rendered":"Luostarivuori skola, Martins enhet"},"content":{"rendered":"<h3>Luostarivuori skola svenska sp\u00e5rkbadsklasserna 1-9<\/h3>\n<p>Spr\u00e5kbadsstigen p\u00e5b\u00f6rjas i Klockringaregatans dagv\u00e5rdsenhet d\u00e4r de svenska spr\u00e5kbadsgrupperna verkar. Spr\u00e5kbadsklasserna 1-4 \u00e4r placerade i Luostarivuori skola, Martins enhet och klasserna 5-9 \u00e4r placerade i Luostarivuori enheten. Undervisningen f\u00f6ljer den s.k. tidiga och fullst\u00e4ndiga spr\u00e5kbadsmetoden. Under de tv\u00e5 f\u00f6rsta skol\u00e5ren sker undervisningen i huvudsak p\u00e5 svenska. Fr\u00e5n och med \u00e5rskurs tre \u00f6kar finskans andel stegvis s\u00e5 att undervisningen i \u00e5rskurs 6 sker till h\u00e4lften p\u00e5 spr\u00e5kbadsspr\u00e5ket och till h\u00e4lften p\u00e5 elevens modersm\u00e5l, allts\u00e5 finska. I \u00e5rskurserna 7-9 sker undervisningen till 30 % p\u00e5 svenska.<\/p>\n<p>Spr\u00e5kbadsmetodens s\u00e4rdrag \u00e4r att en l\u00e4rare talar ett spr\u00e5k. Detta inneb\u00e4r i praktiken att undervisningen p\u00e5 elevens modersm\u00e5l ges av andra l\u00e4rare \u00e4n de l\u00e4rare som \u00e4r profilerade som spr\u00e5kbadsl\u00e4rare. M\u00e5let med spr\u00e5kbadet \u00e4r funktionell tv\u00e5spr\u00e5kighet.<\/p>\n<h4>Kontaktuppgifter<\/h4>\n<p>Silversmedsgatan 2,\u00a020810 \u00c5bo<br \/>\n<a href=\"http:\/\/opaskartta.turku.fi\/Web\/Default.aspx?layers=Opaskartta&amp;cp=6703428,23459249&amp;z=2&amp;title=Hopeasep%C3%A4nkuja%202,%20Turku&amp;language=fin\">Kolla l\u00e4get p\u00e5 kartan<\/a><\/p>\n<p>skolledare Matti Palmunen<br \/>\ntel +358 50 4323 625<\/p>\n<p><a href=\"https:\/\/blog.edu.turku.fi\/martti\/\">Skolans hemsidor\u00a0<\/a><\/p>\n<p>&nbsp;<\/p>\n","protected":false},"excerpt":{"rendered":"<p>Luostarivuori skola svenska sp\u00e5rkbadsklasserna 1-9 Spr\u00e5kbadsstigen p\u00e5b\u00f6rjas i Klockringaregatans dagv\u00e5rdsenhet d\u00e4r de svenska spr\u00e5kbadsgrupperna verkar. Spr\u00e5kbadsklasserna 1-4 \u00e4r placerade i Luostarivuori skola, Martins enhet och klasserna 5-9 \u00e4r placerade i Luostarivuori enheten. Undervisningen f\u00f6ljer den s.k. tidiga och fullst\u00e4ndiga spr\u00e5kbadsmetoden.<\/p>\n","protected":false},"author":56,"featured_media":0,"parent":296,"menu_order":0,"comment_status":"closed","ping_status":"closed","template":"","meta":{"footnotes":""},"class_list":["post-301","page","type-page","status-publish","hentry"],"_links":{"self":[{"href":"https:\/\/blog.edu.turku.fi\/kieliluokat\/wp-json\/wp\/v2\/pages\/301","targetHints":{"allow":["GET"]}}],"collection":[{"href":"https:\/\/blog.edu.turku.fi\/kieliluokat\/wp-json\/wp\/v2\/pages"}],"about":[{"href":"https:\/\/blog.edu.turku.fi\/kieliluokat\/wp-json\/wp\/v2\/types\/page"}],"author":[{"embeddable":true,"href":"https:\/\/blog.edu.turku.fi\/kieliluokat\/wp-json\/wp\/v2\/users\/56"}],"replies":[{"embeddable":true,"href":"https:\/\/blog.edu.turku.fi\/kieliluokat\/wp-json\/wp\/v2\/comments?post=301"}],"version-history":[{"count":1,"href":"https:\/\/blog.edu.turku.fi\/kieliluokat\/wp-json\/wp\/v2\/pages\/301\/revisions"}],"predecessor-version":[{"id":302,"href":"https:\/\/blog.edu.turku.fi\/kieliluokat\/wp-json\/wp\/v2\/pages\/301\/revisions\/302"}],"up":[{"embeddable":true,"href":"https:\/\/blog.edu.turku.fi\/kieliluokat\/wp-json\/wp\/v2\/pages\/296"}],"wp:attachment":[{"href":"https:\/\/blog.edu.turku.fi\/kieliluokat\/wp-json\/wp\/v2\/media?parent=301"}],"curies":[{"name":"wp","href":"https:\/\/api.w.org\/{rel}","templated":true}]}}