{"id":296,"date":"2017-05-11T10:26:39","date_gmt":"2017-05-11T07:26:39","guid":{"rendered":"https:\/\/blog.edu.turku.fi\/kieliluokat\/?page_id=296"},"modified":"2021-04-12T09:18:12","modified_gmt":"2021-04-12T06:18:12","slug":"skolor","status":"publish","type":"page","link":"https:\/\/blog.edu.turku.fi\/kieliluokat\/sv\/var\/skolor\/","title":{"rendered":"Skolor"},"content":{"rendered":"<h3>Spr\u00e5kskolorna i \u00c5bo<\/h3>\n<h4>Svenska<\/h4>\n<p><a href=\"https:\/\/blog.edu.turku.fi\/kieliluokat\/skolor\/luostarivuori-skola-martins-enhet\/\">Luostarivuori skola, Martins enhet<\/a>\u00a0(klasserna 1-6)<br \/>\n<a href=\"https:\/\/blog.edu.turku.fi\/kieliluokat\/missa\/koulut\/luostarivuori-skola\">Luostarivuori skola<\/a>\u00a0(klasserna 7-9)<\/p>\n<h4>Engelska<\/h4>\n<p>Puolala skola (klasserna 1-9)<br \/>\nSyv\u00e4lahti skola (klasserna 7-9)<br \/>\nTurun normaalikoulu (klasserna 1-9)<br \/>\nW\u00e4in\u00f6 Aaltonens skola (klasserna 1-6)<\/p>\n<h4>Franska<\/h4>\n<p>Topelius skola (klasserna 7-9)<br \/>\nV\u00e4h\u00e4-Heikkil\u00e4 skola (klasserna 1-6)<\/p>\n<h4>Tyska<\/h4>\n<p>Puolala skola (klasserna 1-9)<\/p>\n<h4>Ryska<\/h4>\n<p>Puolala skola (klasserna 1-9)<\/p>\n<hr \/>\n<h3>Spr\u00e5kskolorna i N\u00e5dendal och Reso<\/h3>\n<h4>Engelska<\/h4>\n<p>Kuparivuori skola (klasserna 1-6) N\u00e5dendal<br \/>\nMaijam\u00e4ki skola (klasserna 7-9) N\u00e5dendal<br \/>\nIhala\u00a0skola (klasserna 1-6) Reso<br \/>\nVaisaari skola (klasserna 7-9) Reso<\/p>\n","protected":false},"excerpt":{"rendered":"<p>Spr\u00e5kskolorna i \u00c5bo Svenska Luostarivuori skola, Martins enhet\u00a0(klasserna 1-6) Luostarivuori skola\u00a0(klasserna 7-9) Engelska Puolala skola (klasserna 1-9) Syv\u00e4lahti skola (klasserna 7-9) Turun normaalikoulu (klasserna 1-9) W\u00e4in\u00f6 Aaltonens skola (klasserna 1-6) Franska Topelius skola (klasserna 7-9) V\u00e4h\u00e4-Heikkil\u00e4 skola (klasserna 1-6) Tyska<\/p>\n","protected":false},"author":56,"featured_media":0,"parent":304,"menu_order":0,"comment_status":"closed","ping_status":"closed","template":"","meta":{"footnotes":""},"class_list":["post-296","page","type-page","status-publish","hentry"],"_links":{"self":[{"href":"https:\/\/blog.edu.turku.fi\/kieliluokat\/wp-json\/wp\/v2\/pages\/296","targetHints":{"allow":["GET"]}}],"collection":[{"href":"https:\/\/blog.edu.turku.fi\/kieliluokat\/wp-json\/wp\/v2\/pages"}],"about":[{"href":"https:\/\/blog.edu.turku.fi\/kieliluokat\/wp-json\/wp\/v2\/types\/page"}],"author":[{"embeddable":true,"href":"https:\/\/blog.edu.turku.fi\/kieliluokat\/wp-json\/wp\/v2\/users\/56"}],"replies":[{"embeddable":true,"href":"https:\/\/blog.edu.turku.fi\/kieliluokat\/wp-json\/wp\/v2\/comments?post=296"}],"version-history":[{"count":8,"href":"https:\/\/blog.edu.turku.fi\/kieliluokat\/wp-json\/wp\/v2\/pages\/296\/revisions"}],"predecessor-version":[{"id":593,"href":"https:\/\/blog.edu.turku.fi\/kieliluokat\/wp-json\/wp\/v2\/pages\/296\/revisions\/593"}],"up":[{"embeddable":true,"href":"https:\/\/blog.edu.turku.fi\/kieliluokat\/wp-json\/wp\/v2\/pages\/304"}],"wp:attachment":[{"href":"https:\/\/blog.edu.turku.fi\/kieliluokat\/wp-json\/wp\/v2\/media?parent=296"}],"curies":[{"name":"wp","href":"https:\/\/api.w.org\/{rel}","templated":true}]}}