{"id":261,"date":"2017-05-09T12:18:58","date_gmt":"2017-05-09T09:18:58","guid":{"rendered":"https:\/\/blog.edu.turku.fi\/kieliluokat\/?page_id=261"},"modified":"2023-08-02T08:47:13","modified_gmt":"2023-08-02T05:47:13","slug":"schools","status":"publish","type":"page","link":"https:\/\/blog.edu.turku.fi\/kieliluokat\/en\/where\/schools\/","title":{"rendered":"Schools"},"content":{"rendered":"<h3>CLIL and immersion schools in Turku<\/h3>\n<h4>English<\/h4>\n<p><a href=\"https:\/\/blog.edu.turku.fi\/kieliluokat\/missa\/koulut\/puolala-school\">Puolala School<\/a> (grades 1-9)<br \/>\n<a href=\"https:\/\/blog.edu.turku.fi\/kieliluokat\/missa\/koulut\/turun-normaalikoulu-en\/\">Turun normaalikoulu<\/a> (grades 1-9)<br \/>\n<a href=\"https:\/\/blog.edu.turku.fi\/kieliluokat\/missa\/koulut\/waino-aaltonen-school\">W\u00e4in\u00f6 Aaltonen School<\/a>\u00a0(grades 1-6)<\/p>\n<h4>Swedish<\/h4>\n<p>Martin yksikk\u00f6 (grades 1-6)<br \/>\nLuostarivuoren yksikk\u00f6 (grades 7-9)<\/p>\n<h4>French<\/h4>\n<p>Topelius School(grades 7-9)<br \/>\nV\u00e4h\u00e4-Heikkil\u00e4 School\u00a0(grades 1-6)<\/p>\n<h4>German<\/h4>\n<p>Puolala School\u00a0(grades 1-9)<\/p>\n<h4>Russian<\/h4>\n<p>Puolala School\u00a0(grades 1-9)<\/p>\n<hr \/>\n<h3>CLIL schools in Naantali and Raisio<\/h3>\n<h4>English<\/h4>\n<p><a href=\"https:\/\/blog.edu.turku.fi\/kieliluokat\/missa\/koulut\/kuparivuori-school\">Kuparivuori Schoo<\/a><a href=\"https:\/\/blog.edu.turku.fi\/kieliluokat\/missa\/koulut\/kuparivuoren-koulu\/\">l<\/a>\u00a0(grades 1-6) Naantali<br \/>\n<a href=\"https:\/\/blog.edu.turku.fi\/kieliluokat\/missa\/koulut\/maijamaki-school\">Maijam\u00e4ki School<\/a>\u00a0(grades 7-9) Naantali<br \/>\n<a href=\"https:\/\/blog.edu.turku.fi\/kieliluokat\/missa\/koulut\/ihala-school\/\">Ihala School<\/a>\u00a0(grades 1-6) Raisio<br \/>\n<a href=\"https:\/\/blog.edu.turku.fi\/kieliluokat\/missa\/koulut\/vaisaari-school\">Vaisaari School<\/a>\u00a0(grades 7-9) Raisio<\/p>\n","protected":false},"excerpt":{"rendered":"<p>CLIL and immersion schools in Turku English Puolala School (grades 1-9) Turun normaalikoulu (grades 1-9) W\u00e4in\u00f6 Aaltonen School\u00a0(grades 1-6) Swedish Martin yksikk\u00f6 (grades 1-6) Luostarivuoren yksikk\u00f6 (grades 7-9) French Topelius School(grades 7-9) V\u00e4h\u00e4-Heikkil\u00e4 School\u00a0(grades 1-6) German Puolala School\u00a0(grades 1-9) Russian<\/p>\n","protected":false},"author":56,"featured_media":0,"parent":99,"menu_order":0,"comment_status":"closed","ping_status":"closed","template":"","meta":{"footnotes":""},"class_list":["post-261","page","type-page","status-publish","hentry"],"_links":{"self":[{"href":"https:\/\/blog.edu.turku.fi\/kieliluokat\/wp-json\/wp\/v2\/pages\/261","targetHints":{"allow":["GET"]}}],"collection":[{"href":"https:\/\/blog.edu.turku.fi\/kieliluokat\/wp-json\/wp\/v2\/pages"}],"about":[{"href":"https:\/\/blog.edu.turku.fi\/kieliluokat\/wp-json\/wp\/v2\/types\/page"}],"author":[{"embeddable":true,"href":"https:\/\/blog.edu.turku.fi\/kieliluokat\/wp-json\/wp\/v2\/users\/56"}],"replies":[{"embeddable":true,"href":"https:\/\/blog.edu.turku.fi\/kieliluokat\/wp-json\/wp\/v2\/comments?post=261"}],"version-history":[{"count":10,"href":"https:\/\/blog.edu.turku.fi\/kieliluokat\/wp-json\/wp\/v2\/pages\/261\/revisions"}],"predecessor-version":[{"id":620,"href":"https:\/\/blog.edu.turku.fi\/kieliluokat\/wp-json\/wp\/v2\/pages\/261\/revisions\/620"}],"up":[{"embeddable":true,"href":"https:\/\/blog.edu.turku.fi\/kieliluokat\/wp-json\/wp\/v2\/pages\/99"}],"wp:attachment":[{"href":"https:\/\/blog.edu.turku.fi\/kieliluokat\/wp-json\/wp\/v2\/media?parent=261"}],"curies":[{"name":"wp","href":"https:\/\/api.w.org\/{rel}","templated":true}]}}