{"id":209,"date":"2017-05-09T08:48:30","date_gmt":"2017-05-09T05:48:30","guid":{"rendered":"https:\/\/blog.edu.turku.fi\/kieliluokat\/?page_id=209"},"modified":"2023-08-02T08:55:55","modified_gmt":"2023-08-02T05:55:55","slug":"luostarivuoren-koulu-luostarivuoren-yksikko","status":"publish","type":"page","link":"https:\/\/blog.edu.turku.fi\/kieliluokat\/fi\/missa\/koulut\/luostarivuoren-koulu-luostarivuoren-yksikko\/","title":{"rendered":"Luostarivuoren koulu, Luostarivuoren yksikk\u00f6"},"content":{"rendered":"<h4>Luostarivuoren koulussa toimivat ruotsin kielikylpyluokat 1-9<\/h4>\n<p>Kielikylpypolku alkaa Kerttulin p\u00e4iv\u00e4hoitoyksik\u00f6ss\u00e4, jossa toimii kaksi kielikylpyryhm\u00e4\u00e4 (5-vuotiaat ja 6-vuotiaat). Ruotsin kielikylpyluokat 1-6 toimivat Luostarivuoren Martin yksik\u00f6ss\u00e4 ja luokat 7-9 Luostarinkadun yksik\u00f6ss\u00e4. Opetus perustuu ns. varhaiseen t\u00e4ydelliseen kielikylpymenetelm\u00e4\u00e4n. Kahtena ensimm\u00e4isen\u00e4 kouluvuotena opetus tapahtuu l\u00e4hes kokonaan ruotsin kielell\u00e4. Kolmannelta vuosiluokalta alkaen \u00e4idinkielisen, eli suomenkielisen opetuksen m\u00e4\u00e4r\u00e4 kasvaa v\u00e4hitellen niin. Luokilla 5-9 v\u00e4hint\u00e4\u00e4n 50 % opetuksesta tapahtuu kielikylpykielell\u00e4, niin, ett\u00e4 prosenttiosuus hoituu viiden vuoden keskiarvona.<\/p>\n<p>Toinen menetelm\u00e4n oleellinen piirre on, ett\u00e4 jokainen opettaja k\u00e4ytt\u00e4\u00e4 vain yht\u00e4 kielt\u00e4. Suomenkielist\u00e4 opetusta antaa joku muu kuin ruotsinkieliseen opetukseen profiloitunut opettaja. Kielikylvyn tavoite on toiminnallinen kaksikielisyys.<\/p>\n<h4>Luostarivuoren koulu &#8211; Ruotsin kielikylpy yl\u00e4koulussa<\/h4>\n<p>&#8221;Kylpeminen&#8221; antaa erinomaisen kielellisen valmiuden oppilaalle; p\u00e4iv\u00e4kodin, alakoulun ja yl\u00e4koulun k\u00e4y-ty\u00e4\u00e4n tavoite on hyv\u00e4 toiminnallinen kaksikielisyys. Kielikylpyluokille ei haeta koulumenestyksen perusteella tai testien kautta, vaan lapsi aloittaa p\u00e4iv\u00e4kodin kielikylpyryhm\u00e4ss\u00e4 ja h\u00e4n voi jatkaa &#8221;kielikylpyuraansa&#8221; aina 9. luokalle asti. P\u00e4\u00e4osa lapsista tulee t\u00e4ysin suomenkielisist\u00e4 perheist\u00e4. Luokkia on joissakin tilanteissa mahdollista t\u00e4ydent\u00e4\u00e4 my\u00f6hemmin, jolloin asiasta sovitaan sopimalla haastattelusta ja mahdollisesta testist\u00e4 koulun kanssa.<\/p>\n<h4>Yhteystiedot<\/h4>\n<p>Kielikylpy luokat 7-9<br \/>\nLuostarivuoren koulu, Luostarivuoren yksikk\u00f6<br \/>\nLuostarinkatu 13, 20700 Turku<br \/>\n<a href=\"http:\/\/opaskartta.turku.fi\/Web\/Default.aspx?layers=Opaskartta&amp;cp=104503,70107&amp;z=2&amp;title=Luostarivuoren%20koulu%2C%20Luostarinkatu%2013%2C%20Turku&amp;language=fin\">Katso sijainti kartalta<\/a><\/p>\n<p>Rehtori Henri Littunen<br \/>\npuh. 040 186 1144<br \/>\nhenri.littunen@edu.turku.fi<\/p>\n<p><a href=\"https:\/\/blog.edu.turku.fi\/luostarivuori\/\">Luostarivuoren yksik\u00f6n kotisivut<\/a><\/p>\n<p><a href=\"http:\/\/www.turunkielikylpy.fi\/\">Turun Kielikylpyvanhemmat<\/a><\/p>\n","protected":false},"excerpt":{"rendered":"<p>Luostarivuoren koulussa toimivat ruotsin kielikylpyluokat 1-9 Kielikylpypolku alkaa Kerttulin p\u00e4iv\u00e4hoitoyksik\u00f6ss\u00e4, jossa toimii kaksi kielikylpyryhm\u00e4\u00e4 (5-vuotiaat ja 6-vuotiaat). Ruotsin kielikylpyluokat 1-6 toimivat Luostarivuoren Martin yksik\u00f6ss\u00e4 ja luokat 7-9 Luostarinkadun yksik\u00f6ss\u00e4. Opetus perustuu ns. varhaiseen t\u00e4ydelliseen kielikylpymenetelm\u00e4\u00e4n. Kahtena ensimm\u00e4isen\u00e4 kouluvuotena opetus tapahtuu<\/p>\n","protected":false},"author":56,"featured_media":0,"parent":175,"menu_order":0,"comment_status":"closed","ping_status":"closed","template":"","meta":{"footnotes":""},"class_list":["post-209","page","type-page","status-publish","hentry"],"_links":{"self":[{"href":"https:\/\/blog.edu.turku.fi\/kieliluokat\/wp-json\/wp\/v2\/pages\/209","targetHints":{"allow":["GET"]}}],"collection":[{"href":"https:\/\/blog.edu.turku.fi\/kieliluokat\/wp-json\/wp\/v2\/pages"}],"about":[{"href":"https:\/\/blog.edu.turku.fi\/kieliluokat\/wp-json\/wp\/v2\/types\/page"}],"author":[{"embeddable":true,"href":"https:\/\/blog.edu.turku.fi\/kieliluokat\/wp-json\/wp\/v2\/users\/56"}],"replies":[{"embeddable":true,"href":"https:\/\/blog.edu.turku.fi\/kieliluokat\/wp-json\/wp\/v2\/comments?post=209"}],"version-history":[{"count":9,"href":"https:\/\/blog.edu.turku.fi\/kieliluokat\/wp-json\/wp\/v2\/pages\/209\/revisions"}],"predecessor-version":[{"id":634,"href":"https:\/\/blog.edu.turku.fi\/kieliluokat\/wp-json\/wp\/v2\/pages\/209\/revisions\/634"}],"up":[{"embeddable":true,"href":"https:\/\/blog.edu.turku.fi\/kieliluokat\/wp-json\/wp\/v2\/pages\/175"}],"wp:attachment":[{"href":"https:\/\/blog.edu.turku.fi\/kieliluokat\/wp-json\/wp\/v2\/media?parent=209"}],"curies":[{"name":"wp","href":"https:\/\/api.w.org\/{rel}","templated":true}]}}