{"id":203,"date":"2017-05-09T08:43:24","date_gmt":"2017-05-09T05:43:24","guid":{"rendered":"https:\/\/blog.edu.turku.fi\/kieliluokat\/?page_id=203"},"modified":"2023-08-02T08:48:57","modified_gmt":"2023-08-02T05:48:57","slug":"vaisaaren-koulu","status":"publish","type":"page","link":"https:\/\/blog.edu.turku.fi\/kieliluokat\/fi\/missa\/koulut\/vaisaaren-koulu\/","title":{"rendered":"Vaisaaren koulu"},"content":{"rendered":"<h3>Englantirikasteinen opetus Vaisaaren koulussa<\/h3>\n<h4>Mit\u00e4?<\/h4>\n<p>Vaisaaren yl\u00e4koulussa (7-9) on ollut CLIL-menetelm\u00e4n mukaista opetusta vuodesta 2007. Ennen vuotta 2007 Vaisaaren koulussa on opetettu englantipainotteisesti EOC-luokkia (English Oriented Class) 90-luvun puoliv\u00e4list\u00e4 l\u00e4htien.<\/p>\n<p><a href=\"https:\/\/blog.edu.turku.fi\/kieliluokat\/mita\/menetelmat-ja-kasitteet\/clil-menetelma\/\">CLIL-menetelm\u00e4\u00e4<\/a> k\u00e4ytet\u00e4\u00e4n noin puolessa opetettavissa aineissa.<\/p>\n<h4>Miten?<\/h4>\n<ul>\n<li>Vaisaaressa opetetaan CLIL-menetelm\u00e4n mukaan matematiikkaa, historiaa ja yhteiskuntaoppia, uskontoa, kotitaloutta, kuvaamataitoa, terveystietoa ja joka vuosiluokalle omaa pakollista valinnaisainetta (7 luokalla science, 8 luokalla lyrics ja 9 luokalla English literature and culture), joka liittyy kieleen.<\/li>\n<li>Englanninkielisen opetuksen osuudeksi pyrit\u00e4\u00e4n saamaan 30%. N\u00e4ill\u00e4 tunneilla englannin kieli on oheisoppimista.<\/li>\n<li>Tavoitteena on antaa oppilaalle mahdollisimman paljon kosketusta englannin kieleen ja tilaisuus k\u00e4ytt\u00e4\u00e4 kielt\u00e4 oppimisen v\u00e4lineen\u00e4 sek\u00e4 saada n\u00e4in vankempi kielitaito kuin tavallisessa opetuksessa. Opetettavissa aineissa noudatetaan kunkin aineen omaa opetussuunnitelmaa.<\/li>\n<li>Englanninkielen tunneilla huolehditaan kielen rakenteista ja oikeakielisyydest\u00e4 natiiviopettajan johdolla.<\/li>\n<li>Oppiaineiden arvioinnissa noudatetaan perusopetuksen yleisi\u00e4 arviointiperusteita.<\/li>\n<li>Englantirikasteisen opetuksen luokalla voidaan j\u00e4rjest\u00e4\u00e4 vapaaehtoinen, itse kustannettava viikon matka kohdemaahan kulttuuritietouden lis\u00e4\u00e4miseksi.<\/li>\n<\/ul>\n<h4>Hakeminen<\/h4>\n<p>Vaisaaren yl\u00e4koulun CLIL-luokalle haluaville 6-luokkalaisille j\u00e4rjestet\u00e4\u00e4n p\u00e4\u00e4sykoe. Lue lis\u00e4\u00e4 koulun omilta sivuilta.<\/p>\n<h4>Yhteystiedot<\/h4>\n<p>Vaisaaren koulu<br \/>\nJuhaninkuja 4, 21200 Raisio<br \/>\n<a href=\"http:\/\/opaskartta.turku.fi\/Web\/Default.aspx?layers=Opaskartta&amp;cp=108246,64320&amp;z=2&amp;language=fin\">Katso sijainti kartalta<\/a><\/p>\n<p>Rehtori Janne Ahlqvist<br \/>\npuh 040 044 5616<br \/>\njanne.ahlqvist@raisio.fi<\/p>\n<p><a href=\"https:\/\/www.raisio.fi\/fi\/koulutus-ja-varhaiskasvatus\/perusopetus\/vaisaaren-koulu\">Koulun kotisivut<\/a><\/p>\n<p>&nbsp;<\/p>\n","protected":false},"excerpt":{"rendered":"<p>Englantirikasteinen opetus Vaisaaren koulussa Mit\u00e4? Vaisaaren yl\u00e4koulussa (7-9) on ollut CLIL-menetelm\u00e4n mukaista opetusta vuodesta 2007. Ennen vuotta 2007 Vaisaaren koulussa on opetettu englantipainotteisesti EOC-luokkia (English Oriented Class) 90-luvun puoliv\u00e4list\u00e4 l\u00e4htien. CLIL-menetelm\u00e4\u00e4 k\u00e4ytet\u00e4\u00e4n noin puolessa opetettavissa aineissa. Miten? Vaisaaressa opetetaan CLIL-menetelm\u00e4n<\/p>\n","protected":false},"author":56,"featured_media":0,"parent":175,"menu_order":0,"comment_status":"closed","ping_status":"closed","template":"","meta":{"footnotes":""},"class_list":["post-203","page","type-page","status-publish","hentry"],"_links":{"self":[{"href":"https:\/\/blog.edu.turku.fi\/kieliluokat\/wp-json\/wp\/v2\/pages\/203","targetHints":{"allow":["GET"]}}],"collection":[{"href":"https:\/\/blog.edu.turku.fi\/kieliluokat\/wp-json\/wp\/v2\/pages"}],"about":[{"href":"https:\/\/blog.edu.turku.fi\/kieliluokat\/wp-json\/wp\/v2\/types\/page"}],"author":[{"embeddable":true,"href":"https:\/\/blog.edu.turku.fi\/kieliluokat\/wp-json\/wp\/v2\/users\/56"}],"replies":[{"embeddable":true,"href":"https:\/\/blog.edu.turku.fi\/kieliluokat\/wp-json\/wp\/v2\/comments?post=203"}],"version-history":[{"count":6,"href":"https:\/\/blog.edu.turku.fi\/kieliluokat\/wp-json\/wp\/v2\/pages\/203\/revisions"}],"predecessor-version":[{"id":622,"href":"https:\/\/blog.edu.turku.fi\/kieliluokat\/wp-json\/wp\/v2\/pages\/203\/revisions\/622"}],"up":[{"embeddable":true,"href":"https:\/\/blog.edu.turku.fi\/kieliluokat\/wp-json\/wp\/v2\/pages\/175"}],"wp:attachment":[{"href":"https:\/\/blog.edu.turku.fi\/kieliluokat\/wp-json\/wp\/v2\/media?parent=203"}],"curies":[{"name":"wp","href":"https:\/\/api.w.org\/{rel}","templated":true}]}}