{"id":200,"date":"2017-05-09T08:42:52","date_gmt":"2017-05-09T05:42:52","guid":{"rendered":"https:\/\/blog.edu.turku.fi\/kieliluokat\/?page_id=200"},"modified":"2023-08-02T08:42:24","modified_gmt":"2023-08-02T05:42:24","slug":"ihalan-koulu","status":"publish","type":"page","link":"https:\/\/blog.edu.turku.fi\/kieliluokat\/fi\/missa\/koulut\/ihalan-koulu\/","title":{"rendered":"Ihalan koulu"},"content":{"rendered":"<h4>Kieliluokkaopetus Ihalan koulussa<\/h4>\n<p>Raisiolaisten alakoululaisten on mahdollista saada englanninkielist\u00e4 opetusta Ihalan koulussa. Kieliluokilla opetusta annetaan Ihalan koulun opetussuunnitelman ja sit\u00e4 t\u00e4ydent\u00e4v\u00e4n kieliluokkien opetussuunnitelman mukaisesti CLIL-menetelm\u00e4ll\u00e4. Kieliluokat on suunnattu \u00e4idinkielen\u00e4\u00e4n suomea puhuville oppilaille. Opetukseen pyrkivilt\u00e4 lapsilta edellytet\u00e4\u00e4n hyv\u00e4\u00e4 suomen kielen hallintaa. Oppilaat valitaan soveltuvuuskokeella, joka j\u00e4rjestet\u00e4\u00e4n vuosittain tiistaina helmikuussa viikolla 7. Yl\u00e4kouluun siirrytt\u00e4ess\u00e4 j\u00e4rjestet\u00e4\u00e4n uudet p\u00e4\u00e4sykokeet.<\/p>\n<h4>Tavoitteet<\/h4>\n<ul>\n<li>kasvaminen kansainv\u00e4lisyyteen<\/li>\n<li>rohkeus kommunikointiin vieraalla kielell\u00e4<\/li>\n<li>opiskelu vieraalla kielell\u00e4<\/li>\n<\/ul>\n<h4>Yhteystiedot<\/h4>\n<p>Ihalan koulu<br \/>\nKonsantie 16, 21260 Raisio<br \/>\n<a href=\"https:\/\/opaskartta.turku.fi\/IMS\/fi?layers=Opaskartta&amp;cp=107381,64718&amp;z=2&amp;title=Ihalan%20koulu,%20Konsantie%2016,%20Raisio&amp;language=fin\">Katso sijainti kartalta<\/a><\/p>\n<p>Clil yhteysopettaja Pirjo Rajam\u00e4ki<br \/>\npirjo.rajamaki@raisio.fi<\/p>\n<p>Rehtori Jari Miettinen<br \/>\npuh 0400 760 717<br \/>\njari.miettinen@raisio.fi<\/p>\n<p><a href=\"https:\/\/www.raisio.fi\/fi\/koulutus-ja-varhaiskasvatus\/perusopetus\/alakoulut\/ihalan-koulu\">Koulun kotisivut<\/a><\/p>\n","protected":false},"excerpt":{"rendered":"<p>Kieliluokkaopetus Ihalan koulussa Raisiolaisten alakoululaisten on mahdollista saada englanninkielist\u00e4 opetusta Ihalan koulussa. Kieliluokilla opetusta annetaan Ihalan koulun opetussuunnitelman ja sit\u00e4 t\u00e4ydent\u00e4v\u00e4n kieliluokkien opetussuunnitelman mukaisesti CLIL-menetelm\u00e4ll\u00e4. Kieliluokat on suunnattu \u00e4idinkielen\u00e4\u00e4n suomea puhuville oppilaille. Opetukseen pyrkivilt\u00e4 lapsilta edellytet\u00e4\u00e4n hyv\u00e4\u00e4 suomen kielen hallintaa.<\/p>\n","protected":false},"author":56,"featured_media":0,"parent":175,"menu_order":0,"comment_status":"closed","ping_status":"closed","template":"","meta":{"footnotes":""},"class_list":["post-200","page","type-page","status-publish","hentry"],"_links":{"self":[{"href":"https:\/\/blog.edu.turku.fi\/kieliluokat\/wp-json\/wp\/v2\/pages\/200","targetHints":{"allow":["GET"]}}],"collection":[{"href":"https:\/\/blog.edu.turku.fi\/kieliluokat\/wp-json\/wp\/v2\/pages"}],"about":[{"href":"https:\/\/blog.edu.turku.fi\/kieliluokat\/wp-json\/wp\/v2\/types\/page"}],"author":[{"embeddable":true,"href":"https:\/\/blog.edu.turku.fi\/kieliluokat\/wp-json\/wp\/v2\/users\/56"}],"replies":[{"embeddable":true,"href":"https:\/\/blog.edu.turku.fi\/kieliluokat\/wp-json\/wp\/v2\/comments?post=200"}],"version-history":[{"count":9,"href":"https:\/\/blog.edu.turku.fi\/kieliluokat\/wp-json\/wp\/v2\/pages\/200\/revisions"}],"predecessor-version":[{"id":619,"href":"https:\/\/blog.edu.turku.fi\/kieliluokat\/wp-json\/wp\/v2\/pages\/200\/revisions\/619"}],"up":[{"embeddable":true,"href":"https:\/\/blog.edu.turku.fi\/kieliluokat\/wp-json\/wp\/v2\/pages\/175"}],"wp:attachment":[{"href":"https:\/\/blog.edu.turku.fi\/kieliluokat\/wp-json\/wp\/v2\/media?parent=200"}],"curies":[{"name":"wp","href":"https:\/\/api.w.org\/{rel}","templated":true}]}}