{"id":2,"date":"2017-03-30T14:39:25","date_gmt":"2017-03-30T11:39:25","guid":{"rendered":"https:\/\/blog.edu.turku.fi\/kieliluokat\/?page_id=2"},"modified":"2017-05-30T10:21:58","modified_gmt":"2017-05-30T07:21:58","slug":"esimerkkisivu","status":"publish","type":"page","link":"https:\/\/blog.edu.turku.fi\/kieliluokat\/","title":{"rendered":"Etusivu"},"content":{"rendered":"<h3>Tervetuloa tutustumaan Turun kaupungin j\u00e4rjest\u00e4m\u00e4\u00e4n kieliluokkaopetukseen<\/h3>\n<p>Kaksikielist\u00e4 opetusta annetaan kaupungin koululaitoksessa saksan, ven\u00e4j\u00e4n, ranskan ja englannin kielill\u00e4 sek\u00e4 ruotsin kielikylvyss\u00e4 koko peruskoulun ajan, useassa koulussa eri puolilla kaupunkia.<\/p>\n<p>Vieraskielinen opetus on alkanut Turussa jo vuonna 1990 ja se on kansallisella\u00a0ja eurooppalaisellakin tasolla poikkeuksellisen laajaa ja monikielist\u00e4.<\/p>\n<p>Tervetuloa opiskelemaan monikieliseen, kansainv\u00e4liseen Turkuun!<\/p>\n<h4><a href=\"https:\/\/blog.edu.turku.fi\/kieliluokat\/fi\/missa\/koulut\/\">Kieliluokat Turussa, Naantalissa ja Raisiossa<\/a><\/h4>\n<p>&nbsp;<\/p>\n","protected":false},"excerpt":{"rendered":"<p>Tervetuloa tutustumaan Turun kaupungin j\u00e4rjest\u00e4m\u00e4\u00e4n kieliluokkaopetukseen Kaksikielist\u00e4 opetusta annetaan kaupungin koululaitoksessa saksan, ven\u00e4j\u00e4n, ranskan ja englannin kielill\u00e4 sek\u00e4 ruotsin kielikylvyss\u00e4 koko peruskoulun ajan, useassa koulussa eri puolilla kaupunkia. Vieraskielinen opetus on alkanut Turussa jo vuonna 1990 ja se on kansallisella\u00a0ja<\/p>\n","protected":false},"author":56,"featured_media":0,"parent":329,"menu_order":0,"comment_status":"closed","ping_status":"closed","template":"","meta":{"footnotes":""},"class_list":["post-2","page","type-page","status-publish","hentry"],"_links":{"self":[{"href":"https:\/\/blog.edu.turku.fi\/kieliluokat\/wp-json\/wp\/v2\/pages\/2","targetHints":{"allow":["GET"]}}],"collection":[{"href":"https:\/\/blog.edu.turku.fi\/kieliluokat\/wp-json\/wp\/v2\/pages"}],"about":[{"href":"https:\/\/blog.edu.turku.fi\/kieliluokat\/wp-json\/wp\/v2\/types\/page"}],"author":[{"embeddable":true,"href":"https:\/\/blog.edu.turku.fi\/kieliluokat\/wp-json\/wp\/v2\/users\/56"}],"replies":[{"embeddable":true,"href":"https:\/\/blog.edu.turku.fi\/kieliluokat\/wp-json\/wp\/v2\/comments?post=2"}],"version-history":[{"count":19,"href":"https:\/\/blog.edu.turku.fi\/kieliluokat\/wp-json\/wp\/v2\/pages\/2\/revisions"}],"predecessor-version":[{"id":528,"href":"https:\/\/blog.edu.turku.fi\/kieliluokat\/wp-json\/wp\/v2\/pages\/2\/revisions\/528"}],"up":[{"embeddable":true,"href":"https:\/\/blog.edu.turku.fi\/kieliluokat\/wp-json\/wp\/v2\/pages\/329"}],"wp:attachment":[{"href":"https:\/\/blog.edu.turku.fi\/kieliluokat\/wp-json\/wp\/v2\/media?parent=2"}],"curies":[{"name":"wp","href":"https:\/\/api.w.org\/{rel}","templated":true}]}}