{"id":198,"date":"2017-05-09T08:42:26","date_gmt":"2017-05-09T05:42:26","guid":{"rendered":"https:\/\/blog.edu.turku.fi\/kieliluokat\/?page_id=198"},"modified":"2023-08-02T08:39:16","modified_gmt":"2023-08-02T05:39:16","slug":"maijamaen-koulu","status":"publish","type":"page","link":"https:\/\/blog.edu.turku.fi\/kieliluokat\/fi\/missa\/koulut\/maijamaen-koulu\/","title":{"rendered":"Maijam\u00e4en koulu"},"content":{"rendered":"<h3>Kielirikasteinen opetus Maijam\u00e4en koulussa<\/h3>\n<p>K\u00e4yt\u00e4nn\u00f6ss\u00e4 opiskelu on jatkumo Kuparivuoren alakoulun kielirikasteiselta luokalta tuleville oppilaille.<\/p>\n<h4>Kenelle englantirikasteinen opetus sopii?<\/h4>\n<p>Oppilaalle, jolla on<\/p>\n<ul>\n<li>positiivinen asenne koulunk\u00e4yntiin ja oppimiseen<\/li>\n<li>valmiudet omaksua uusia sis\u00e4lt\u00f6j\u00e4 vieraalla kielell\u00e4<\/li>\n<li>sosiaalinen ja suvaitsevainen maailmankatsomus<\/li>\n<\/ul>\n<h4>Kielirikasteisen opetuksen tavoitteet<\/h4>\n<ul>\n<li>My\u00f6nteinen ja ennakkoluuloton suhtautuminen vieraisiin kieliin sek\u00e4 rohkeus ja halu k\u00e4ytt\u00e4\u00e4 niit\u00e4<\/li>\n<li>Kansainv\u00e4lisyyteen kasvaminen<\/li>\n<li>Tutustutaan opetussuunnitelman mukaisesti oppiaineiden keskeisimpiin sis\u00e4lt\u00f6ihin.<\/li>\n<\/ul>\n<h4>Mit\u00e4 englantirikasteinen opetus on?<\/h4>\n<ul>\n<li>Keskeisten sis\u00e4lt\u00f6jen oppiminen varmistetaan k\u00e4sittelem\u00e4ll\u00e4 ne suomeksi<\/li>\n<li>Opetusta rikastetaan esimerkiksi<br \/>\n&#8211; englannin sanastolla<br \/>\n&#8211; englanninkielisill\u00e4 keskusteluilla<br \/>\n&#8211; k\u00e4ytt\u00e4m\u00e4ll\u00e4 englanninkielist\u00e4 mediaa<br \/>\n&#8211; englanninkielisill\u00e4 teht\u00e4vill\u00e4<\/li>\n<\/ul>\n<h4>Englantirikasteinen opetus Maijam\u00e4en koulussa<\/h4>\n<ul>\n<li>Englantirikasteinen opetus Maijam\u00e4ess\u00e4 on aloitettu 2004<\/li>\n<li>Luokkia kolme, yksi jokaisella vuosiluokalla<\/li>\n<li>Englantirikasteista opetusta annetaan t\u00e4ll\u00e4 hetkell\u00e4 biologian, maantiedon, matematiikan, fysiikan, kemian, historian, yhteiskuntaopin ja uskonnon tunneilla.<\/li>\n<li>Keskim\u00e4\u00e4rin 25 % aineen opetuksesta on englanninkielell\u00e4. Aineen luonteesta riippuen osa sis\u00e4ll\u00f6ist\u00e4 voidaan k\u00e4sitell\u00e4 kokonaan englanniksi tai \u00e4idinkielell\u00e4.<\/li>\n<li>Eri oppiaineissa noudatetaan perusopetuksen yleisi\u00e4 arviointiperusteita.<\/li>\n<\/ul>\n<h4>Yhteystiedot<\/h4>\n<p>Maijam\u00e4en koulu<br \/>\nKristofferinkatu 1, 21100 Naantali<br \/>\n<a href=\"https:\/\/opaskartta.turku.fi\/IMS\/?layers=Opaskartta&amp;cp=6707140,23446638&amp;z=1\">Katso sijainti kartalta<\/a><\/p>\n<p>rehtori Vesa Malin<br \/>\npuh. 044 533 4368<br \/>\nvesa.malin@naantali.fi<\/p>\n<p><a href=\"https:\/\/www.naantali.fi\/fi\/kasvatus-ja-koulutus\/perusopetus\/peruskoulut\/maijamaen-koulu\">Koulun kotisivut<\/a><\/p>\n<p>&nbsp;<\/p>\n","protected":false},"excerpt":{"rendered":"<p>Kielirikasteinen opetus Maijam\u00e4en koulussa K\u00e4yt\u00e4nn\u00f6ss\u00e4 opiskelu on jatkumo Kuparivuoren alakoulun kielirikasteiselta luokalta tuleville oppilaille. Kenelle englantirikasteinen opetus sopii? Oppilaalle, jolla on positiivinen asenne koulunk\u00e4yntiin ja oppimiseen valmiudet omaksua uusia sis\u00e4lt\u00f6j\u00e4 vieraalla kielell\u00e4 sosiaalinen ja suvaitsevainen maailmankatsomus Kielirikasteisen opetuksen tavoitteet My\u00f6nteinen<\/p>\n","protected":false},"author":56,"featured_media":0,"parent":175,"menu_order":0,"comment_status":"closed","ping_status":"closed","template":"","meta":{"footnotes":""},"class_list":["post-198","page","type-page","status-publish","hentry"],"_links":{"self":[{"href":"https:\/\/blog.edu.turku.fi\/kieliluokat\/wp-json\/wp\/v2\/pages\/198","targetHints":{"allow":["GET"]}}],"collection":[{"href":"https:\/\/blog.edu.turku.fi\/kieliluokat\/wp-json\/wp\/v2\/pages"}],"about":[{"href":"https:\/\/blog.edu.turku.fi\/kieliluokat\/wp-json\/wp\/v2\/types\/page"}],"author":[{"embeddable":true,"href":"https:\/\/blog.edu.turku.fi\/kieliluokat\/wp-json\/wp\/v2\/users\/56"}],"replies":[{"embeddable":true,"href":"https:\/\/blog.edu.turku.fi\/kieliluokat\/wp-json\/wp\/v2\/comments?post=198"}],"version-history":[{"count":10,"href":"https:\/\/blog.edu.turku.fi\/kieliluokat\/wp-json\/wp\/v2\/pages\/198\/revisions"}],"predecessor-version":[{"id":617,"href":"https:\/\/blog.edu.turku.fi\/kieliluokat\/wp-json\/wp\/v2\/pages\/198\/revisions\/617"}],"up":[{"embeddable":true,"href":"https:\/\/blog.edu.turku.fi\/kieliluokat\/wp-json\/wp\/v2\/pages\/175"}],"wp:attachment":[{"href":"https:\/\/blog.edu.turku.fi\/kieliluokat\/wp-json\/wp\/v2\/media?parent=198"}],"curies":[{"name":"wp","href":"https:\/\/api.w.org\/{rel}","templated":true}]}}