{"id":196,"date":"2017-05-09T08:41:48","date_gmt":"2017-05-09T05:41:48","guid":{"rendered":"https:\/\/blog.edu.turku.fi\/kieliluokat\/?page_id=196"},"modified":"2023-08-02T08:36:26","modified_gmt":"2023-08-02T05:36:26","slug":"kuparivuoren-koulu","status":"publish","type":"page","link":"https:\/\/blog.edu.turku.fi\/kieliluokat\/fi\/missa\/koulut\/kuparivuoren-koulu\/","title":{"rendered":"Kuparivuoren koulu"},"content":{"rendered":"<h4>Englantirikasteinen opetus Kuparivuoren koulussa<\/h4>\n<p>Kuparivuoren koulu tarjoaa mahdollisuuden opiskella englantipainotteisesti 1.-6. -luokilla.<\/p>\n<p>Jokaisella luokka-asteella toimii yksi englantirikasteinen luokka. Rikasteluokilla noin 25% opetuksesta on englannin kielell\u00e4. Englantia k\u00e4ytet\u00e4\u00e4n opiskelukielen\u00e4 suomen kielen rinnalla soveltuvin osin kaikissa muissa oppiaineissa paitsi \u00e4idinkieless\u00e4.<\/p>\n<p>Kuparivuoren koulun englantirikasteluokille hakeudutaan kouluun ilmoittautumisen yhteydess\u00e4.<\/p>\n<h4>Vieraskielisen opetuksen tavoitteet<\/h4>\n<p>My\u00f6nteinen ja ennakkoluuloton suhtautuminen vieraita kieli\u00e4 kohtaan sek\u00e4 rohkeus ja halu k\u00e4ytt\u00e4\u00e4 niit\u00e4.<br \/>\nKansainv\u00e4lisyyteen kasvattaminen.<br \/>\nValmius selvit\u00e4 arkip\u00e4iv\u00e4n tavallisista tilanteista englannin kielell\u00e4.<br \/>\nTutustuminen opetussuunnitelman mukaisesti oppiaineiden keskeisimpiin aihepiireihin ja sanastoon.<br \/>\nTutustuminen englanninkielisten maiden kulttuureihin.<\/p>\n<p><strong>1-2 luokilla<\/strong><\/p>\n<p>Kielen oppiminen on hyvin toiminnallista ja t\u00e4ht\u00e4\u00e4 suullisen kielitaidon perustan luomiseen.<br \/>\nOpetuksessa keskityt\u00e4\u00e4n englannin kielen ymm\u00e4rt\u00e4miseen ja puhutun kielen tuottamiseen.<\/p>\n<p><strong>3-4 luokilla<\/strong><\/p>\n<p>Kielitaidon lis\u00e4\u00e4ntyess\u00e4 yh\u00e4 suurempi osa opetuksesta tapahtuu englannin kielell\u00e4.<br \/>\nKaikki keskeisimm\u00e4t oppisis\u00e4ll\u00f6t opetetaan suomeksi. Lis\u00e4ksi opetusta rikastetaan englannin kielell\u00e4. Oppilaita kannustetaan k\u00e4ytt\u00e4m\u00e4\u00e4n vierasta kielt\u00e4 monissa eri tilanteissa ja luottamaan omaan jo hankittuun kielitaitoon.<br \/>\nKolmannella luokalla alkaa formaalin englannin (A1-kieli) opiskelu<\/p>\n<p><strong>5-6 luokilla<\/strong><\/p>\n<p>Englannin kielen osuus lis\u00e4\u00e4ntyy ja monipuolistuu.<br \/>\nOppilaat k\u00e4ytt\u00e4v\u00e4t kielt\u00e4 suullisen taidon sek\u00e4 kuullunymm\u00e4rt\u00e4misen lis\u00e4ksi enenev\u00e4ss\u00e4 m\u00e4\u00e4rin luetun ymm\u00e4rt\u00e4miseen sek\u00e4 itsen\u00e4isten kirjallisten t\u00f6iden tuottamiseen.<\/p>\n<h4>Yhteystiedot<\/h4>\n<p>Kuparivuoren koulu<br \/>\nKuparivuorentie 2, 21100 Naantali<br \/>\n<a href=\"http:\/\/opaskartta.turku.fi\/Web\/Default.aspx?layers=Opaskartta&amp;cp=106594,56422&amp;z=2&amp;title=Kuparivuorentie%202%2C%20Naantali&amp;language=fin\">Katso sijainti kartalta<\/a><\/p>\n<p>Rehtori Jussi Kipinoinen<br \/>\npuh 044 585 5345<br \/>\njussi.kipinoinen@naantali.fi<\/p>\n<p><a href=\"https:\/\/www.naantali.fi\/fi\/kasvatus-ja-koulutus\/perusopetus\/peruskoulut\/kuparivuoren-koulu\">Koulun kotisivut<\/a><\/p>\n","protected":false},"excerpt":{"rendered":"<p>Englantirikasteinen opetus Kuparivuoren koulussa Kuparivuoren koulu tarjoaa mahdollisuuden opiskella englantipainotteisesti 1.-6. -luokilla. Jokaisella luokka-asteella toimii yksi englantirikasteinen luokka. Rikasteluokilla noin 25% opetuksesta on englannin kielell\u00e4. Englantia k\u00e4ytet\u00e4\u00e4n opiskelukielen\u00e4 suomen kielen rinnalla soveltuvin osin kaikissa muissa oppiaineissa paitsi \u00e4idinkieless\u00e4. Kuparivuoren koulun<\/p>\n","protected":false},"author":56,"featured_media":0,"parent":175,"menu_order":0,"comment_status":"closed","ping_status":"closed","template":"","meta":{"footnotes":""},"class_list":["post-196","page","type-page","status-publish","hentry"],"_links":{"self":[{"href":"https:\/\/blog.edu.turku.fi\/kieliluokat\/wp-json\/wp\/v2\/pages\/196","targetHints":{"allow":["GET"]}}],"collection":[{"href":"https:\/\/blog.edu.turku.fi\/kieliluokat\/wp-json\/wp\/v2\/pages"}],"about":[{"href":"https:\/\/blog.edu.turku.fi\/kieliluokat\/wp-json\/wp\/v2\/types\/page"}],"author":[{"embeddable":true,"href":"https:\/\/blog.edu.turku.fi\/kieliluokat\/wp-json\/wp\/v2\/users\/56"}],"replies":[{"embeddable":true,"href":"https:\/\/blog.edu.turku.fi\/kieliluokat\/wp-json\/wp\/v2\/comments?post=196"}],"version-history":[{"count":6,"href":"https:\/\/blog.edu.turku.fi\/kieliluokat\/wp-json\/wp\/v2\/pages\/196\/revisions"}],"predecessor-version":[{"id":615,"href":"https:\/\/blog.edu.turku.fi\/kieliluokat\/wp-json\/wp\/v2\/pages\/196\/revisions\/615"}],"up":[{"embeddable":true,"href":"https:\/\/blog.edu.turku.fi\/kieliluokat\/wp-json\/wp\/v2\/pages\/175"}],"wp:attachment":[{"href":"https:\/\/blog.edu.turku.fi\/kieliluokat\/wp-json\/wp\/v2\/media?parent=196"}],"curies":[{"name":"wp","href":"https:\/\/api.w.org\/{rel}","templated":true}]}}