{"id":194,"date":"2017-05-09T08:40:59","date_gmt":"2017-05-09T05:40:59","guid":{"rendered":"https:\/\/blog.edu.turku.fi\/kieliluokat\/?page_id=194"},"modified":"2023-08-02T08:57:42","modified_gmt":"2023-08-02T05:57:42","slug":"vaha-heikkilan-koulu","status":"publish","type":"page","link":"https:\/\/blog.edu.turku.fi\/kieliluokat\/fi\/missa\/koulut\/vaha-heikkilan-koulu\/","title":{"rendered":"V\u00e4h\u00e4-Heikkil\u00e4n koulu"},"content":{"rendered":"<h3>Kieliluokkaopetus V\u00e4h\u00e4-Heikkil\u00e4n koulussa<\/h3>\n<p>Ranskan kieliluokat ovat toimineet V\u00e4h\u00e4-Heikkil\u00e4ss\u00e4 vuodesta 1993 l\u00e4htien. Ranskan kielt\u00e4 k\u00e4ytet\u00e4\u00e4n opetuskielen\u00e4 kaikilla muilla oppitunneilla paitsi \u00e4idinkielen tunneilla. Koulussa noudatetaan Turun kaupungin virallista opetussuunnitelmaa. Kaikki oppikirjat ovat suomenkielisi\u00e4.<br \/>\nCLIL-opetus perustuu havainnollistamiseen, n\u00e4ytt\u00e4miseen, toistoon ja konkretisoimiseen.<\/p>\n<p>Kieliluokan opettaja puhuu ranskaa eri luokkatilanteissa. Oppilaat oppivat alusta alkaen normaalit koulup\u00e4iv\u00e4n toiminnot ranskaksi. Syntyper\u00e4inen ranskalainen opettaja opettaa kieliluokalla 1-2 tuntia viikossa. Kieliluokan oppilaat tutustuvat ranskalaiseen kulttuuriin suomalaisen kulttuurin piirteit\u00e4 unohtamatta.<\/p>\n<p>Vuonna 2000 V\u00e4h\u00e4-Heikkil\u00e4n koulu sai eurooppalaisen laatusertifikaatin eli European Label \u2013erikoismaininnan hyv\u00e4st\u00e4 ranskan kielen opetuksesta.\u00a0V\u00e4h\u00e4-Heikkil\u00e4n koulu sai vuonna 2015 Ranskan ulkoministeri\u00f6n my\u00f6nt\u00e4m\u00e4n laatumerkin Label-Franc\u00c9ducation korkeatasoisesta kaksikielisest\u00e4 opetuksesta.<\/p>\n<h4>1-2 -luokilla<\/h4>\n<p>Alkuopetuksessa ranskan kielt\u00e4 opetellaan ymm\u00e4rt\u00e4m\u00e4\u00e4n ja puhumaan. Painotus on p\u00e4ivitt\u00e4isiss\u00e4 luokkarutiineissa, lauluissa, loruissa sek\u00e4 sanojen ja \u00e4\u00e4nt\u00e4misen harjoittelussa. Ranskaksi k\u00e4sitelt\u00e4v\u00e4t oppisis\u00e4ll\u00f6t ovat oppilaalle jo ennest\u00e4\u00e4n tuttuja. Lukeminen ja kirjoittaminen opetetaan suomeksi.<\/p>\n<h4>3-6 -luokilla<\/h4>\n<p>Kolmannella luokalla alkaa A1-kielen eli ensimm\u00e4isen vieraan kielen opiskelu. T\u00e4ll\u00f6in oppilas alkaa siis lukea ja kirjoittaa ranskaa. 3-6-luokilla kielen suullisen tuottamisen osuus kasvaa. Lukemista ja kirjoittamista vahvistetaan. Uutta oppiainesta opetetaan yh\u00e4 enemm\u00e4n ranskaksi.<\/p>\n<p>V\u00e4h\u00e4-Heikkil\u00e4n koulun 4. ja 5. ranskan kieliluokalla suoritetaan kansainv\u00e4lisen ranskan kielen DELF-tutkinnon (Dipl\u00f4me d\u2019Etudes en Langue Fran\u00e7aise) A1.1. ja A1 tasot.<\/p>\n<p>Ranskankielisen opetuksen perustavoitteita:<\/p>\n<ul>\n<li>luoda positiivinen asenne opiskeluun<\/li>\n<li>kehitt\u00e4\u00e4 omaa min\u00e4kuvaa ja itsetuntoa<\/li>\n<li>kannustaa oppilaan omatoimisuutta<\/li>\n<li>rohkaista oppilasta osallistumaan ranskankieliseen keskusteluun<\/li>\n<li>tutustuttaa oppilas ranskankieliseen kulttuuriin<\/li>\n<\/ul>\n<h4>Yhteystiedot<\/h4>\n<p>V\u00e4h\u00e4-Heikkil\u00e4n koulu<br \/>\nMyllym\u00e4entie 42, 20810 Turku<br \/>\n<a href=\"http:\/\/opaskartta.turku.fi\/Web\/Default.aspx?layers=Opaskartta&amp;cp=103201,69146&amp;z=2&amp;title=V%C3%A4h%C3%A4-Heikkil%C3%A4n%20koulu%2C%20Myllym%C3%A4entie%2042%2C%20Turku&amp;language=fin\">Katso sijainti kartalta<\/a><\/p>\n<p>Rehtori Taru P\u00e4t\u00e4ri<br \/>\npuh. 050 432 3684<br \/>\ntaru.patari@edu.turku.fi<\/p>\n<p><a href=\"https:\/\/blog.edu.turku.fi\/vahaheikkila\/\">Koulun kotisivut<\/a><\/p>\n","protected":false},"excerpt":{"rendered":"<p>Kieliluokkaopetus V\u00e4h\u00e4-Heikkil\u00e4n koulussa Ranskan kieliluokat ovat toimineet V\u00e4h\u00e4-Heikkil\u00e4ss\u00e4 vuodesta 1993 l\u00e4htien. Ranskan kielt\u00e4 k\u00e4ytet\u00e4\u00e4n opetuskielen\u00e4 kaikilla muilla oppitunneilla paitsi \u00e4idinkielen tunneilla. Koulussa noudatetaan Turun kaupungin virallista opetussuunnitelmaa. Kaikki oppikirjat ovat suomenkielisi\u00e4. CLIL-opetus perustuu havainnollistamiseen, n\u00e4ytt\u00e4miseen, toistoon ja konkretisoimiseen. Kieliluokan opettaja<\/p>\n","protected":false},"author":56,"featured_media":0,"parent":175,"menu_order":0,"comment_status":"closed","ping_status":"closed","template":"","meta":{"footnotes":""},"class_list":["post-194","page","type-page","status-publish","hentry"],"_links":{"self":[{"href":"https:\/\/blog.edu.turku.fi\/kieliluokat\/wp-json\/wp\/v2\/pages\/194","targetHints":{"allow":["GET"]}}],"collection":[{"href":"https:\/\/blog.edu.turku.fi\/kieliluokat\/wp-json\/wp\/v2\/pages"}],"about":[{"href":"https:\/\/blog.edu.turku.fi\/kieliluokat\/wp-json\/wp\/v2\/types\/page"}],"author":[{"embeddable":true,"href":"https:\/\/blog.edu.turku.fi\/kieliluokat\/wp-json\/wp\/v2\/users\/56"}],"replies":[{"embeddable":true,"href":"https:\/\/blog.edu.turku.fi\/kieliluokat\/wp-json\/wp\/v2\/comments?post=194"}],"version-history":[{"count":9,"href":"https:\/\/blog.edu.turku.fi\/kieliluokat\/wp-json\/wp\/v2\/pages\/194\/revisions"}],"predecessor-version":[{"id":638,"href":"https:\/\/blog.edu.turku.fi\/kieliluokat\/wp-json\/wp\/v2\/pages\/194\/revisions\/638"}],"up":[{"embeddable":true,"href":"https:\/\/blog.edu.turku.fi\/kieliluokat\/wp-json\/wp\/v2\/pages\/175"}],"wp:attachment":[{"href":"https:\/\/blog.edu.turku.fi\/kieliluokat\/wp-json\/wp\/v2\/media?parent=194"}],"curies":[{"name":"wp","href":"https:\/\/api.w.org\/{rel}","templated":true}]}}