{"id":192,"date":"2017-05-09T08:40:37","date_gmt":"2017-05-09T05:40:37","guid":{"rendered":"https:\/\/blog.edu.turku.fi\/kieliluokat\/?page_id=192"},"modified":"2023-08-02T08:56:47","modified_gmt":"2023-08-02T05:56:47","slug":"topeliuksen-koulu","status":"publish","type":"page","link":"https:\/\/blog.edu.turku.fi\/kieliluokat\/fi\/missa\/koulut\/topeliuksen-koulu\/","title":{"rendered":"Topeliuksen koulu"},"content":{"rendered":"<h3>Topeliuksen koulu &#8211; Ranskan kieliluokat<\/h3>\n<p>Ranskan kielen opetussuunnitelma on laadittu yhteisty\u00f6ss\u00e4 V\u00e4h\u00e4-Heikkil\u00e4n koulun kanssa. Ranskan kieliluokkalaiset suorittavat alaluokat 1-6 V\u00e4h\u00e4-Heikkil\u00e4n koulussa ja yl\u00e4luokat 7-9 Topeliuksen koulussa.<\/p>\n<p>Ranskan kieliluokkien opetussuunnitelma on laadittu yhteisty\u00f6ss\u00e4 V\u00e4h\u00e4-Heikkil\u00e4n koulun kanssa. Ranskan kieliluokkalaiset suorittavat alaluokat 1-6 V\u00e4h\u00e4-Heikkil\u00e4n koulussa ja yl\u00e4luokat 7-9 Topeliuksen koulussa.<\/p>\n<p>Opetusta annetaan osin ranskan kielell\u00e4 historiassa, biologiassa, maantiedossa, matematiikassa, fysiikassa, kemiassa, musiikissa ja kotitaloudessa. Opetettavien asioiden osaaminen varmistetaan suomenkielell\u00e4. Oppilailla on ranskaa yl\u00e4koulun aikana yhteens\u00e4 10 kurssia (10 x 38h). Opettajakuntaan kuuluu ranskalainen opettaja, joka on p\u00e4tev\u00f6itynyt opettamaan ranskaa vieraana kielen\u00e4. Kielen opetuksen lis\u00e4ksi h\u00e4n tekee yhteisty\u00f6t\u00e4 muiden aineiden opettajien kanssa ja huolehtii ranskankielisest\u00e4 opetuksesta aineissa, joiden opettajat eiv\u00e4t puhu ranskaa.<\/p>\n<p>Seitsem\u00e4nnen luokan oppilaat suorittavat DELF A2-kielitaitotutkinnon ja yhdeks\u00e4nnen luokan oppilailla on mahdollisuus suorittaa DELF B1-kielitaitotutkinto.<\/p>\n<h4>Yhteystiedot<\/h4>\n<p>Topeliuksen koulu<br \/>\nHansakatu 2,\u00a020100 Turku<br \/>\n<a href=\"http:\/\/opaskartta.turku.fi\/Web\/Default.aspx?layers=Opaskartta&amp;cp=104111,68328&amp;z=2&amp;title=Topeliuksen%20koulu%2C%20Hansakatu%202%2C%20Turku&amp;language=fin\">Katso sijainti kartalta<\/a><\/p>\n<p>Rehtori Timo Himanen<br \/>\nPakkarinkatu 10, 20100 Turku<br \/>\npuh 044 907 2358<br \/>\ntimo.himanen@edu.turku.fi<\/p>\n<p><a href=\"https:\/\/blog.edu.turku.fi\/topelius\/\">Koulun kotisivut<\/a><\/p>\n","protected":false},"excerpt":{"rendered":"<p>Topeliuksen koulu &#8211; Ranskan kieliluokat Ranskan kielen opetussuunnitelma on laadittu yhteisty\u00f6ss\u00e4 V\u00e4h\u00e4-Heikkil\u00e4n koulun kanssa. Ranskan kieliluokkalaiset suorittavat alaluokat 1-6 V\u00e4h\u00e4-Heikkil\u00e4n koulussa ja yl\u00e4luokat 7-9 Topeliuksen koulussa. Ranskan kieliluokkien opetussuunnitelma on laadittu yhteisty\u00f6ss\u00e4 V\u00e4h\u00e4-Heikkil\u00e4n koulun kanssa. Ranskan kieliluokkalaiset suorittavat alaluokat 1-6<\/p>\n","protected":false},"author":56,"featured_media":0,"parent":175,"menu_order":0,"comment_status":"closed","ping_status":"closed","template":"","meta":{"footnotes":""},"class_list":["post-192","page","type-page","status-publish","hentry"],"_links":{"self":[{"href":"https:\/\/blog.edu.turku.fi\/kieliluokat\/wp-json\/wp\/v2\/pages\/192","targetHints":{"allow":["GET"]}}],"collection":[{"href":"https:\/\/blog.edu.turku.fi\/kieliluokat\/wp-json\/wp\/v2\/pages"}],"about":[{"href":"https:\/\/blog.edu.turku.fi\/kieliluokat\/wp-json\/wp\/v2\/types\/page"}],"author":[{"embeddable":true,"href":"https:\/\/blog.edu.turku.fi\/kieliluokat\/wp-json\/wp\/v2\/users\/56"}],"replies":[{"embeddable":true,"href":"https:\/\/blog.edu.turku.fi\/kieliluokat\/wp-json\/wp\/v2\/comments?post=192"}],"version-history":[{"count":6,"href":"https:\/\/blog.edu.turku.fi\/kieliluokat\/wp-json\/wp\/v2\/pages\/192\/revisions"}],"predecessor-version":[{"id":636,"href":"https:\/\/blog.edu.turku.fi\/kieliluokat\/wp-json\/wp\/v2\/pages\/192\/revisions\/636"}],"up":[{"embeddable":true,"href":"https:\/\/blog.edu.turku.fi\/kieliluokat\/wp-json\/wp\/v2\/pages\/175"}],"wp:attachment":[{"href":"https:\/\/blog.edu.turku.fi\/kieliluokat\/wp-json\/wp\/v2\/media?parent=192"}],"curies":[{"name":"wp","href":"https:\/\/api.w.org\/{rel}","templated":true}]}}