{"id":190,"date":"2017-05-09T08:40:19","date_gmt":"2017-05-09T05:40:19","guid":{"rendered":"https:\/\/blog.edu.turku.fi\/kieliluokat\/?page_id=190"},"modified":"2023-08-02T08:55:37","modified_gmt":"2023-08-02T05:55:37","slug":"luostarivuoren-koulu-martin-yksikko","status":"publish","type":"page","link":"https:\/\/blog.edu.turku.fi\/kieliluokat\/fi\/missa\/koulut\/luostarivuoren-koulu-martin-yksikko\/","title":{"rendered":"Luostarivuoren koulu, Martin yksikk\u00f6"},"content":{"rendered":"<h4>Luostarivuoren koulussa toimivat ruotsin kielikylpyluokat 1-9<\/h4>\n<p>Kielikylpypolku alkaa Kellonsoittajankadun p\u00e4iv\u00e4hoitoyksik\u00f6ss\u00e4, jossa toimii kielikylpyryhmi\u00e4. Ruotsin kielikylpyluokat 1-6 toimivat Luostarivuoren koulun Martin yksik\u00f6ss\u00e4 ja luokat 7-9 Luostarivuoren yksik\u00f6ss\u00e4. Opetus perustuu ns. varhaiseen t\u00e4ydelliseen kielikylpymenetelm\u00e4\u00e4n. Kahtena ensimm\u00e4isen\u00e4 kouluvuotena opetus tapahtuu l\u00e4hes kokonaan ruotsin kielell\u00e4. Kolmannelta vuosiluokalta alkaen \u00e4idinkielisen eli suomenkielisen opetuksen m\u00e4\u00e4r\u00e4 kasvaa v\u00e4hitellen niin, ett\u00e4 6:lla luokalla puolet opetuksesta annetaan \u00e4idinkielell\u00e4. Luokilla 7-9 annetaan 30 % opetuksesta kielikylpykielell\u00e4.<\/p>\n<p>Toinen menetelm\u00e4n oleellinen piirre on se, ett\u00e4 jokainen opettaja k\u00e4ytt\u00e4\u00e4 vain yht\u00e4 kielt\u00e4. Suomenkielist\u00e4 opetusta antaa joku muu kuin ruotsinkieliseen opetukseen profiloitunut opettaja. Kielikylvyn tavoite on toiminnallinen kaksikielisyys.<\/p>\n<h4>Yhteystiedot<\/h4>\n<p>Luostarivuoren koulu, Martin yksikk\u00f6<br \/>\nHopeasep\u00e4nkuja 2, 20810 Turku<br \/>\n<a href=\"http:\/\/opaskartta.turku.fi\/Web\/Default.aspx?layers=Opaskartta&amp;cp=6703428,23459249&amp;z=2&amp;title=Hopeasep%C3%A4nkuja%202%2C%20Turku&amp;language=fin\">Katso sijainti kartalta<\/a><\/p>\n<p>apulaisrehtori Juha M\u00e4enp\u00e4\u00e4<br \/>\npuh. 044 907 4631<br \/>\njuha.maenpaa@edu.turku.fi<\/p>\n<p><a href=\"https:\/\/blog.edu.turku.fi\/martti\/\">Martin yksik\u00f6n kotisivut<\/a><\/p>\n","protected":false},"excerpt":{"rendered":"<p>Luostarivuoren koulussa toimivat ruotsin kielikylpyluokat 1-9 Kielikylpypolku alkaa Kellonsoittajankadun p\u00e4iv\u00e4hoitoyksik\u00f6ss\u00e4, jossa toimii kielikylpyryhmi\u00e4. Ruotsin kielikylpyluokat 1-6 toimivat Luostarivuoren koulun Martin yksik\u00f6ss\u00e4 ja luokat 7-9 Luostarivuoren yksik\u00f6ss\u00e4. Opetus perustuu ns. varhaiseen t\u00e4ydelliseen kielikylpymenetelm\u00e4\u00e4n. Kahtena ensimm\u00e4isen\u00e4 kouluvuotena opetus tapahtuu l\u00e4hes kokonaan ruotsin<\/p>\n","protected":false},"author":56,"featured_media":0,"parent":175,"menu_order":0,"comment_status":"closed","ping_status":"closed","template":"","meta":{"footnotes":""},"class_list":["post-190","page","type-page","status-publish","hentry"],"_links":{"self":[{"href":"https:\/\/blog.edu.turku.fi\/kieliluokat\/wp-json\/wp\/v2\/pages\/190","targetHints":{"allow":["GET"]}}],"collection":[{"href":"https:\/\/blog.edu.turku.fi\/kieliluokat\/wp-json\/wp\/v2\/pages"}],"about":[{"href":"https:\/\/blog.edu.turku.fi\/kieliluokat\/wp-json\/wp\/v2\/types\/page"}],"author":[{"embeddable":true,"href":"https:\/\/blog.edu.turku.fi\/kieliluokat\/wp-json\/wp\/v2\/users\/56"}],"replies":[{"embeddable":true,"href":"https:\/\/blog.edu.turku.fi\/kieliluokat\/wp-json\/wp\/v2\/comments?post=190"}],"version-history":[{"count":9,"href":"https:\/\/blog.edu.turku.fi\/kieliluokat\/wp-json\/wp\/v2\/pages\/190\/revisions"}],"predecessor-version":[{"id":633,"href":"https:\/\/blog.edu.turku.fi\/kieliluokat\/wp-json\/wp\/v2\/pages\/190\/revisions\/633"}],"up":[{"embeddable":true,"href":"https:\/\/blog.edu.turku.fi\/kieliluokat\/wp-json\/wp\/v2\/pages\/175"}],"wp:attachment":[{"href":"https:\/\/blog.edu.turku.fi\/kieliluokat\/wp-json\/wp\/v2\/media?parent=190"}],"curies":[{"name":"wp","href":"https:\/\/api.w.org\/{rel}","templated":true}]}}