{"id":188,"date":"2017-05-09T08:39:09","date_gmt":"2017-05-09T05:39:09","guid":{"rendered":"https:\/\/blog.edu.turku.fi\/kieliluokat\/?page_id=188"},"modified":"2023-08-02T08:54:59","modified_gmt":"2023-08-02T05:54:59","slug":"waino-aaltosen-koulu","status":"publish","type":"page","link":"https:\/\/blog.edu.turku.fi\/kieliluokat\/fi\/missa\/koulut\/waino-aaltosen-koulu\/","title":{"rendered":"W\u00e4in\u00f6 Aaltosen koulu"},"content":{"rendered":"<h3>Tervetuloa W\u00e4in\u00f6 Aaltosen kouluun!<\/h3>\n<p>W\u00e4in\u00f6 Aaltosen koulu sijaitsee luonnonkauniilla Hirvensalon saarella Turussa.<\/p>\n<p>Nimens\u00e4 koulumme on saanut tunnetun entisen oppilaansa, kuvanveist\u00e4j\u00e4 W\u00e4in\u00f6 Aaltosen mukaan. Oppilaita koulussamme on noin 400.<\/p>\n<p>W\u00e4in\u00f6 Aaltosen koulussa tarjotaan perusopetuksen lis\u00e4ksi englantirikasteista opetusta luokilla 1.- 6. niin, ett\u00e4 yksi rinnakkaisluokista opiskelee englantirikasteisen ohjelman mukaan.<\/p>\n<p>Englantirikasteinen opetus noudattaa CLIL-periaatteita. Opetuksen tavoitteena on innostaa oppilasta vieraan kielen luontevaan k\u00e4ytt\u00e4miseen ja tukea oppilaan monipuolista kielenoppimista.<\/p>\n<p>Englantipainotteisilla luokilla on sama viikkotuntim\u00e4\u00e4r\u00e4 kuin muilla saman luokka-asteen luokilla.<\/p>\n<h4>Hakeutuminen kieliluokille<\/h4>\n<ul>\n<li>Englanninluokalle hyv\u00e4ksytt\u00e4vilt\u00e4 edellytet\u00e4\u00e4n riitt\u00e4v\u00e4\u00e4 koulukypsyytt\u00e4, keskittymiskyky\u00e4 ja kielellist\u00e4 kehitystasoa. Pyrkij\u00f6ilt\u00e4 ei edellytet\u00e4 lukutaitoa, eik\u00e4 englanninkieleen liittyv\u00e4\u00e4 osaamista.<\/li>\n<li>Englanninkieliset leikkikoulut ja kerhot eiv\u00e4t takaa p\u00e4\u00e4sy\u00e4 kieliluokalle.<\/li>\n<li>Luokalle valitaan testin tulosten perusteella korkeintaan 25 oppilasta.<\/li>\n<li>Testin j\u00e4rjest\u00e4v\u00e4t ja arvioivat erityisopettajat ja kielipainotteisten luokkien opettajat yhteisty\u00f6ss\u00e4.<\/li>\n<li>Valintatilaisuus j\u00e4rjestet\u00e4\u00e4n edelt\u00e4v\u00e4n lukuvuoden kev\u00e4\u00e4ll\u00e4.<\/li>\n<li>Valintatilaisuutta ei uusita testin osallistujan poissaolon takia.<\/li>\n<li>Pyrkij\u00f6iden m\u00e4\u00e4r\u00e4n mukaan j\u00e4rjestet\u00e4\u00e4n joko yksi tai kaksi valintatilaisuutta.<\/li>\n<li>Kielipainotteista luokkaa voidaan t\u00e4ydent\u00e4\u00e4 my\u00f6hemmin oppilaan osoittamalla riitt\u00e4v\u00e4\u00e4 suomen ja englannin kielitaitoa. Oppilaan siirt\u00e4minen kielipainotteiselle luokalle harkitaan tapauskohtaisesti.<\/li>\n<\/ul>\n<h4>Yhteystiedot<\/h4>\n<p>W\u00e4in\u00f6 Aaltosen koulu<br \/>\nW\u00e4in\u00f6 Aaltosen koulutie 3,\u00a020900 Turku<br \/>\n<a href=\"http:\/\/opaskartta.turku.fi\/Web\/Default.aspx?layers=Opaskartta&amp;cp=100808,67711&amp;z=2&amp;title=W%C3%A4in%C3%B6%20Aaltosen%20koulu%2C%20W%C3%A4in%C3%B6%20Aaltosen%20tie%203%2C%20Turku&amp;language=fin\">Katso sijainti kartalta<\/a><\/p>\n<p>Rehtori Tiina Paappa<br \/>\npuh 040 482 7240<br \/>\ntiina.paappa@edu.turku.fi<\/p>\n<p><a href=\"https:\/\/blog.edu.turku.fi\/wa\/\">Koulun kotisivut<\/a><\/p>\n","protected":false},"excerpt":{"rendered":"<p>Tervetuloa W\u00e4in\u00f6 Aaltosen kouluun! W\u00e4in\u00f6 Aaltosen koulu sijaitsee luonnonkauniilla Hirvensalon saarella Turussa. Nimens\u00e4 koulumme on saanut tunnetun entisen oppilaansa, kuvanveist\u00e4j\u00e4 W\u00e4in\u00f6 Aaltosen mukaan. Oppilaita koulussamme on noin 400. W\u00e4in\u00f6 Aaltosen koulussa tarjotaan perusopetuksen lis\u00e4ksi englantirikasteista opetusta luokilla 1.- 6. niin,<\/p>\n","protected":false},"author":56,"featured_media":0,"parent":175,"menu_order":0,"comment_status":"closed","ping_status":"closed","template":"","meta":{"footnotes":""},"class_list":["post-188","page","type-page","status-publish","hentry"],"_links":{"self":[{"href":"https:\/\/blog.edu.turku.fi\/kieliluokat\/wp-json\/wp\/v2\/pages\/188","targetHints":{"allow":["GET"]}}],"collection":[{"href":"https:\/\/blog.edu.turku.fi\/kieliluokat\/wp-json\/wp\/v2\/pages"}],"about":[{"href":"https:\/\/blog.edu.turku.fi\/kieliluokat\/wp-json\/wp\/v2\/types\/page"}],"author":[{"embeddable":true,"href":"https:\/\/blog.edu.turku.fi\/kieliluokat\/wp-json\/wp\/v2\/users\/56"}],"replies":[{"embeddable":true,"href":"https:\/\/blog.edu.turku.fi\/kieliluokat\/wp-json\/wp\/v2\/comments?post=188"}],"version-history":[{"count":7,"href":"https:\/\/blog.edu.turku.fi\/kieliluokat\/wp-json\/wp\/v2\/pages\/188\/revisions"}],"predecessor-version":[{"id":632,"href":"https:\/\/blog.edu.turku.fi\/kieliluokat\/wp-json\/wp\/v2\/pages\/188\/revisions\/632"}],"up":[{"embeddable":true,"href":"https:\/\/blog.edu.turku.fi\/kieliluokat\/wp-json\/wp\/v2\/pages\/175"}],"wp:attachment":[{"href":"https:\/\/blog.edu.turku.fi\/kieliluokat\/wp-json\/wp\/v2\/media?parent=188"}],"curies":[{"name":"wp","href":"https:\/\/api.w.org\/{rel}","templated":true}]}}