{"id":186,"date":"2017-05-09T08:38:39","date_gmt":"2017-05-09T05:38:39","guid":{"rendered":"https:\/\/blog.edu.turku.fi\/kieliluokat\/?page_id=186"},"modified":"2017-05-11T19:57:47","modified_gmt":"2017-05-11T16:57:47","slug":"turun-normaalikoulu","status":"publish","type":"page","link":"https:\/\/blog.edu.turku.fi\/kieliluokat\/fi\/missa\/koulut\/turun-normaalikoulu\/","title":{"rendered":"Turun normaalikoulu"},"content":{"rendered":"<h3>Tervetuloa Turun normaalikouluun!<\/h3>\n<h4>Norssi \u2013 koulu, johon tullaan kauempaakin<\/h4>\n<p>Turun yliopiston Turun normaalikoulussa opiskelevat peruskoulun alaluokkalaiset, yl\u00e4luokkalaiset, lukio-laiset ja opetusharjoittelijat. Perusasteen painotuksia ovat kaksikielinen opetus, taide, media ja science.<\/p>\n<p>Kaksikielisess\u00e4 opetuksessa k\u00e4ytet\u00e4\u00e4n opetuskielen\u00e4 sek\u00e4 suomea ett\u00e4 englantia. Englannin kieli ei ole pelk\u00e4st\u00e4\u00e4n opetuksen ja oppimisen kohde vaan my\u00f6s v\u00e4line eri oppiaineiden sis\u00e4lt\u00f6jen oppimisessa. Kaksikielisen opetuksen tavoitteena on vankan kielitaidon hankkiminen. V\u00e4hint\u00e4\u00e4n 25 % opetuksesta annetaan englannin kielell\u00e4. Suomen kielen ja kirjallisuuden opetuksessa k\u00e4ytet\u00e4\u00e4n pelk\u00e4st\u00e4\u00e4n suomen kielt\u00e4 ja opetussuunnitelma on m\u00e4\u00e4r\u00e4lt\u00e4\u00e4n sek\u00e4 sis\u00e4ll\u00f6lt\u00e4\u00e4n yleisopetuksen suunnitelman mukainen. Opetuksessa k\u00e4ytet\u00e4\u00e4n <a href=\"https:\/\/blog.edu.turku.fi\/kieliluokat\/mita\/menetelmat-ja-kasitteet\/clil-menetelma\/\">CLIL-menetelm\u00e4\u00e4<\/a>.<\/p>\n<h4>Hakeminen vieraskieliseen opetukseen<\/h4>\n<p>Vieraskieliseen opetukseen haetaan 1. luokan ilmoittautumisen yhteydess\u00e4 tammikuussa Wilma \u2013j\u00e4rjestelm\u00e4n kautta. Kieliluokkatestit j\u00e4rjestet\u00e4\u00e4n helmikuussa. Oppilaalta ei edellytet\u00e4 englannin kie-len taitoa, mutta hyv\u00e4 suomen kielen hallinta on edellytys.<\/p>\n<h4>Yhteystiedot<\/h4>\n<p>Turun normaalikoulu<br \/>\nAnnikanpolku 9, 20610 Turku<br \/>\n<a href=\"http:\/\/opaskartta.turku.fi\/cgi-bin\/GifMap.dll?Theme=-%20Opaskartta&amp;West=74286.9&amp;South=104399.9&amp;East=75187.1&amp;North=105200.0&amp;Height=400&amp;Width=450&amp;Command=DisplayLink&amp;Language=fin&amp;Info=104817.9,74962.9,Turun%20normaalikoulu&amp;Page\">Katso sijainti kartalta<\/a><\/p>\n<p>Perusasteen rehtori Satu Kekki<br \/>\nsatu.kekki@utu.fi<\/p>\n<p><a href=\"http:\/\/www.tnk.utu.fi\/\">Koulun kotisivut<\/a><br \/>\n<a href=\"https:\/\/waris.utu.fi\/display\/pops2016\/10.+Kaksikielinen+opetus\">Kaksikielinen opetus<\/a><\/p>\n","protected":false},"excerpt":{"rendered":"<p>Tervetuloa Turun normaalikouluun! Norssi \u2013 koulu, johon tullaan kauempaakin Turun yliopiston Turun normaalikoulussa opiskelevat peruskoulun alaluokkalaiset, yl\u00e4luokkalaiset, lukio-laiset ja opetusharjoittelijat. Perusasteen painotuksia ovat kaksikielinen opetus, taide, media ja science. Kaksikielisess\u00e4 opetuksessa k\u00e4ytet\u00e4\u00e4n opetuskielen\u00e4 sek\u00e4 suomea ett\u00e4 englantia. Englannin kieli ei<\/p>\n","protected":false},"author":56,"featured_media":0,"parent":175,"menu_order":0,"comment_status":"closed","ping_status":"closed","template":"","meta":{"footnotes":""},"class_list":["post-186","page","type-page","status-publish","hentry"],"_links":{"self":[{"href":"https:\/\/blog.edu.turku.fi\/kieliluokat\/wp-json\/wp\/v2\/pages\/186","targetHints":{"allow":["GET"]}}],"collection":[{"href":"https:\/\/blog.edu.turku.fi\/kieliluokat\/wp-json\/wp\/v2\/pages"}],"about":[{"href":"https:\/\/blog.edu.turku.fi\/kieliluokat\/wp-json\/wp\/v2\/types\/page"}],"author":[{"embeddable":true,"href":"https:\/\/blog.edu.turku.fi\/kieliluokat\/wp-json\/wp\/v2\/users\/56"}],"replies":[{"embeddable":true,"href":"https:\/\/blog.edu.turku.fi\/kieliluokat\/wp-json\/wp\/v2\/comments?post=186"}],"version-history":[{"count":4,"href":"https:\/\/blog.edu.turku.fi\/kieliluokat\/wp-json\/wp\/v2\/pages\/186\/revisions"}],"predecessor-version":[{"id":476,"href":"https:\/\/blog.edu.turku.fi\/kieliluokat\/wp-json\/wp\/v2\/pages\/186\/revisions\/476"}],"up":[{"embeddable":true,"href":"https:\/\/blog.edu.turku.fi\/kieliluokat\/wp-json\/wp\/v2\/pages\/175"}],"wp:attachment":[{"href":"https:\/\/blog.edu.turku.fi\/kieliluokat\/wp-json\/wp\/v2\/media?parent=186"}],"curies":[{"name":"wp","href":"https:\/\/api.w.org\/{rel}","templated":true}]}}