{"id":175,"date":"2017-05-09T08:35:13","date_gmt":"2017-05-09T05:35:13","guid":{"rendered":"https:\/\/blog.edu.turku.fi\/kieliluokat\/?page_id=175"},"modified":"2023-08-02T08:26:01","modified_gmt":"2023-08-02T05:26:01","slug":"koulut","status":"publish","type":"page","link":"https:\/\/blog.edu.turku.fi\/kieliluokat\/fi\/missa\/koulut\/","title":{"rendered":"Koulut"},"content":{"rendered":"<h3>Turun kielikoulut<\/h3>\n<h4>Englanti<\/h4>\n<p><a href=\"https:\/\/blog.edu.turku.fi\/kieliluokat\/missa\/koulut\/puolalan-koulu\/\">Puolalan koulu<\/a> (luokat 1-9)<br \/>\n<a href=\"https:\/\/blog.edu.turku.fi\/kieliluokat\/missa\/koulut\/turun-normaalikoulu\/\">Turun normaalikoulu<\/a> (luokat 1-9)<br \/>\n<a href=\"https:\/\/blog.edu.turku.fi\/kieliluokat\/missa\/koulut\/waino-aaltosen-koulu\/\">W\u00e4in\u00f6 Aaltosen koulu<\/a> (luokat 1-6)<\/p>\n<h4>Ruotsi<\/h4>\n<p><a href=\"https:\/\/blog.edu.turku.fi\/kieliluokat\/missa\/koulut\/luostarivuoren-koulu-martin-yksikko\">Martin yksikk\u00f6<\/a> (luokat 1-6)<br \/>\n<a href=\"https:\/\/blog.edu.turku.fi\/kieliluokat\/missa\/koulut\/luostarivuoren-koulu-luostarivuoren-yksikko\/\">Luostarivuoren yksikk\u00f6<\/a> (luokat 7-9)<\/p>\n<h4>Ranska<\/h4>\n<p><a href=\"https:\/\/blog.edu.turku.fi\/kieliluokat\/topeliuksen-koulu\/\">Topeliuksen koulu<\/a> (luokat 7-9)<br \/>\n<a href=\"https:\/\/blog.edu.turku.fi\/kieliluokat\/missa\/koulut\/vaha-heikkilan-koulu\/\">V\u00e4h\u00e4-Heikkil\u00e4n koulu<\/a> (luokat 1-6)<\/p>\n<h4>Saksa<\/h4>\n<p><a href=\"https:\/\/blog.edu.turku.fi\/kieliluokat\/missa\/koulut\/puolalan-koulu\/\">Puolalan koulu<\/a> (luokat 1-9)<\/p>\n<h4>Ven\u00e4j\u00e4<\/h4>\n<p><a href=\"https:\/\/blog.edu.turku.fi\/kieliluokat\/missa\/koulut\/puolalan-koulu\/\">Puolalan koulu<\/a> (luokat 1-9)<\/p>\n<hr \/>\n<h3>Naantalin ja Raision kielikoulut<\/h3>\n<h4>Englanti<\/h4>\n<p><a href=\"https:\/\/blog.edu.turku.fi\/kieliluokat\/missa\/koulut\/kuparivuoren-koulu\/\">Kuparivuoren koulu<\/a> (luokat 1-6) Naantali<br \/>\n<a href=\"https:\/\/blog.edu.turku.fi\/kieliluokat\/missa\/koulut\/maijamaen-koulu\/\">Maijam\u00e4en koulu<\/a> (luokat 7-9) Naantali<br \/>\n<a href=\"https:\/\/blog.edu.turku.fi\/kieliluokat\/missa\/koulut\/ihalan-koulu\/\">Ihalan koulu<\/a> (luokat 1-6) Raisio<br \/>\n<a href=\"https:\/\/blog.edu.turku.fi\/kieliluokat\/missa\/koulut\/vaisaaren-koulu\/\">Vaisaaren koulu<\/a> (luokat 7-9) Raisio<\/p>\n","protected":false},"excerpt":{"rendered":"<p>Turun kielikoulut Englanti Puolalan koulu (luokat 1-9) Turun normaalikoulu (luokat 1-9) W\u00e4in\u00f6 Aaltosen koulu (luokat 1-6) Ruotsi Martin yksikk\u00f6 (luokat 1-6) Luostarivuoren yksikk\u00f6 (luokat 7-9) Ranska Topeliuksen koulu (luokat 7-9) V\u00e4h\u00e4-Heikkil\u00e4n koulu (luokat 1-6) Saksa Puolalan koulu (luokat 1-9) Ven\u00e4j\u00e4<\/p>\n","protected":false},"author":56,"featured_media":0,"parent":32,"menu_order":0,"comment_status":"closed","ping_status":"closed","template":"","meta":{"footnotes":""},"class_list":["post-175","page","type-page","status-publish","hentry"],"_links":{"self":[{"href":"https:\/\/blog.edu.turku.fi\/kieliluokat\/wp-json\/wp\/v2\/pages\/175","targetHints":{"allow":["GET"]}}],"collection":[{"href":"https:\/\/blog.edu.turku.fi\/kieliluokat\/wp-json\/wp\/v2\/pages"}],"about":[{"href":"https:\/\/blog.edu.turku.fi\/kieliluokat\/wp-json\/wp\/v2\/types\/page"}],"author":[{"embeddable":true,"href":"https:\/\/blog.edu.turku.fi\/kieliluokat\/wp-json\/wp\/v2\/users\/56"}],"replies":[{"embeddable":true,"href":"https:\/\/blog.edu.turku.fi\/kieliluokat\/wp-json\/wp\/v2\/comments?post=175"}],"version-history":[{"count":12,"href":"https:\/\/blog.edu.turku.fi\/kieliluokat\/wp-json\/wp\/v2\/pages\/175\/revisions"}],"predecessor-version":[{"id":611,"href":"https:\/\/blog.edu.turku.fi\/kieliluokat\/wp-json\/wp\/v2\/pages\/175\/revisions\/611"}],"up":[{"embeddable":true,"href":"https:\/\/blog.edu.turku.fi\/kieliluokat\/wp-json\/wp\/v2\/pages\/32"}],"wp:attachment":[{"href":"https:\/\/blog.edu.turku.fi\/kieliluokat\/wp-json\/wp\/v2\/media?parent=175"}],"curies":[{"name":"wp","href":"https:\/\/api.w.org\/{rel}","templated":true}]}}