{"id":173,"date":"2017-05-09T08:34:42","date_gmt":"2017-05-09T05:34:42","guid":{"rendered":"https:\/\/blog.edu.turku.fi\/kieliluokat\/?page_id=173"},"modified":"2026-03-02T13:10:05","modified_gmt":"2026-03-02T11:10:05","slug":"puolalan-koulu","status":"publish","type":"page","link":"https:\/\/blog.edu.turku.fi\/kieliluokat\/fi\/missa\/koulut\/puolalan-koulu\/","title":{"rendered":"Puolalan koulu"},"content":{"rendered":"<h3>Tervetuloa Puolalan kouluun<\/h3>\n<p>Puolalan koulu sijaitsee aivan Turun keskustassa hyvien liikenneyhteyksien p\u00e4\u00e4ss\u00e4.<br \/>\nKieliluokkatoiminta alkoi Puolalan koulussa jo vuonna 1990. Englannin, saksan ja ven\u00e4j\u00e4n kieliluokkaope-tusta annetaan vuosiluokilla 1-9. Opetuksessa k\u00e4ytet\u00e4\u00e4n <a href=\"https:\/\/blog.edu.turku.fi\/kieliluokat\/mita\/menetelmat-ja-kasitteet\/clil-menetelma\/\">CLIL-menetelm\u00e4\u00e4<\/a>.<\/p>\n<p>Kieliluokille voi pyrki\u00e4 opiskelemaan my\u00f6s my\u00f6hemmin, mik\u00e4li ko. luokalla on tilaa ja oppilaalla on luokkatasoa vastaavat taidot matematiikassa, suomenkieless\u00e4 ja kohdekieless\u00e4. Kieliluokkien t\u00e4ydennystestaukset j\u00e4rjestet\u00e4\u00e4n lukukausien alussa.<\/p>\n<h4>Hakeminen kieliluokille<\/h4>\n<p>Kieliluokille haetaan 1. luokan ilmoittautumisen yhteydess\u00e4 tammikuussa. Hakeminen kieliluokalle tapahtuu Wilman kautta.<\/p>\n<p>Kieliluokkatestit j\u00e4rjestet\u00e4\u00e4n helmikuussa yhteisty\u00f6ss\u00e4 Turun Oppimistutkimuksen keskuksen kanssa. Vieraan kielen osaaminen ei ole edellytys 1. luokalle haettaessa, vaan oppilaalta edellytet\u00e4\u00e4n hyv\u00e4\u00e4 suomen kielen taitoa. Ven\u00e4j\u00e4n kieliluokalle voidaan ottaa my\u00f6s ven\u00e4j\u00e4\u00e4 \u00e4idinkielen\u00e4\u00e4n puhuvia oppilaita.<\/p>\n<p>Kieliluokille voi pyrki\u00e4 opiskelemaan my\u00f6s my\u00f6hemmin, mik\u00e4li ko. luokalla on tilaa ja oppilaalla on luokkatasoa vastaavat taidot matematiikassa, \u00e4idinkieless\u00e4 (suomi) ja vieraassa kieless\u00e4. Kieliluokkien t\u00e4ydennystestaukset j\u00e4rjestet\u00e4\u00e4n lukukausien alussa.<\/p>\n<h4>Kieliluokkaopetus vuosiluokilla 1-9<\/h4>\n<p><a href=\"https:\/\/blog.edu.turku.fi\/kieliluokat\/fi\/missa\/koulut\/puolalan-koulu\/puolalan-koulu-englannin-kieliluokka\/\">Englannin kieliluokka<\/a><\/p>\n<p><a href=\"https:\/\/blog.edu.turku.fi\/kieliluokat\/fi\/missa\/koulut\/puolalan-koulu\/puolalan-koulu-saksan-kieliluokka\/\">Saksan kieliluokka<\/a><\/p>\n<p><a href=\"https:\/\/blog.edu.turku.fi\/kieliluokat\/fi\/missa\/koulut\/puolalan-koulu\/puolalan-koulu-suomalais-venalainen-luokka\/\">Suomalais-ven\u00e4l\u00e4inen luokka<\/a><\/p>\n<h4>Yhteystiedot<\/h4>\n<p>Puolalan koulu<br \/>\nKauppiaskatu 14, 20100 Turku<br \/>\n<a href=\"http:\/\/opaskartta.turku.fi\/Web\/Default.aspx?layers=Opaskartta&amp;cp=105482,69795&amp;z=2&amp;title=Puolalan%20koulu%2C%20Kauppiaskatu%2014%2C%20Turku&amp;language=fin\">Katso sijainti kartalta<\/a><\/p>\n<p>apulaisrehtori Jussi Tuimala<br \/>\npuh. 044 907 5629 \/ jussi.tuimala@edu.turku.fi<\/p>\n<p><a href=\"https:\/\/blog.edu.turku.fi\/puolala\/\">Koulun kotisivut<\/a><\/p>\n","protected":false},"excerpt":{"rendered":"<p>Tervetuloa Puolalan kouluun Puolalan koulu sijaitsee aivan Turun keskustassa hyvien liikenneyhteyksien p\u00e4\u00e4ss\u00e4. Kieliluokkatoiminta alkoi Puolalan koulussa jo vuonna 1990. Englannin, saksan ja ven\u00e4j\u00e4n kieliluokkaope-tusta annetaan vuosiluokilla 1-9. Opetuksessa k\u00e4ytet\u00e4\u00e4n CLIL-menetelm\u00e4\u00e4. Kieliluokille voi pyrki\u00e4 opiskelemaan my\u00f6s my\u00f6hemmin, mik\u00e4li ko. luokalla on<\/p>\n","protected":false},"author":56,"featured_media":0,"parent":175,"menu_order":0,"comment_status":"closed","ping_status":"closed","template":"","meta":{"footnotes":""},"class_list":["post-173","page","type-page","status-publish","hentry"],"_links":{"self":[{"href":"https:\/\/blog.edu.turku.fi\/kieliluokat\/wp-json\/wp\/v2\/pages\/173","targetHints":{"allow":["GET"]}}],"collection":[{"href":"https:\/\/blog.edu.turku.fi\/kieliluokat\/wp-json\/wp\/v2\/pages"}],"about":[{"href":"https:\/\/blog.edu.turku.fi\/kieliluokat\/wp-json\/wp\/v2\/types\/page"}],"author":[{"embeddable":true,"href":"https:\/\/blog.edu.turku.fi\/kieliluokat\/wp-json\/wp\/v2\/users\/56"}],"replies":[{"embeddable":true,"href":"https:\/\/blog.edu.turku.fi\/kieliluokat\/wp-json\/wp\/v2\/comments?post=173"}],"version-history":[{"count":16,"href":"https:\/\/blog.edu.turku.fi\/kieliluokat\/wp-json\/wp\/v2\/pages\/173\/revisions"}],"predecessor-version":[{"id":645,"href":"https:\/\/blog.edu.turku.fi\/kieliluokat\/wp-json\/wp\/v2\/pages\/173\/revisions\/645"}],"up":[{"embeddable":true,"href":"https:\/\/blog.edu.turku.fi\/kieliluokat\/wp-json\/wp\/v2\/pages\/175"}],"wp:attachment":[{"href":"https:\/\/blog.edu.turku.fi\/kieliluokat\/wp-json\/wp\/v2\/media?parent=173"}],"curies":[{"name":"wp","href":"https:\/\/api.w.org\/{rel}","templated":true}]}}