{"id":975,"date":"2019-02-22T09:56:01","date_gmt":"2019-02-22T07:56:01","guid":{"rendered":"https:\/\/blog.edu.turku.fi\/kieko\/?page_id=975"},"modified":"2021-05-03T10:58:13","modified_gmt":"2021-05-03T07:58:13","slug":"varhennuskassi","status":"publish","type":"page","link":"https:\/\/blog.edu.turku.fi\/kieko\/ideoita-kielen-tunneille\/kielitietoinen-opetus\/varhennuskassi\/","title":{"rendered":"Hankeaikana ideoidut ja kehitetyt materiaalit"},"content":{"rendered":"<h5><em><strong>T\u00e4\u00e4lt\u00e4 l\u00f6yd\u00e4t hankeaikana aktiivisten toimijoiden tekem\u00e4t, ideoimat ja kokoamat materiaalit ja linkit<br \/>\n<\/strong><\/em><\/h5>\n<p><em><strong>&#8211; <\/strong><\/em><a href=\"https:\/\/edumailturku-my.sharepoint.com\/:o:\/g\/personal\/tuima_edu_turku_fi\/EiZaoXE4M8xEl9hA7kPcUWkBqPjHGrHY2NtuB042pT6Ozw?rtime=OBuRIKZO2Eg\"><strong><em>The Zoo -opetusaineisto ja el\u00e4intarhajuliste luokkaan<\/em><\/strong><\/a>= Valmiit tuntisuunnitelmat alkuopetusik\u00e4isille el\u00e4intarhateeman ymp\u00e4rill\u00e4. OneNote-alustaan koottu, toimii parhaiten tietokoneella!<\/p>\n<p><strong>Tulostettavat THE ZOO -aineiston pelitiedostot;<\/strong><\/p>\n<p><a href=\"https:\/\/blog.edu.turku.fi\/kieko\/files\/2019\/12\/varhennusjuliste_a4_web.pdf\">PELILAUTA: varhennusjuliste_a4_web<\/a><\/p>\n<p><a href=\"https:\/\/blog.edu.turku.fi\/kieko\/files\/2021\/05\/The-Zoo_pelitehta\u0308va\u0308t_tavuviivaton-1.pdf\">The Zoo_pelitehta\u0308va\u0308t_<\/a><\/p>\n<p><a href=\"https:\/\/blog.edu.turku.fi\/kieko\/files\/2021\/05\/The-Zoo-yleisohje.pdf\">The Zoo yleisohje<\/a><\/p>\n<p><a href=\"https:\/\/blog.edu.turku.fi\/kieko\/files\/2021\/05\/Zoo_ohje-oppilaalle.pdf\">Zoo_ohje oppilaalle<\/a><\/p>\n<p>&nbsp;<\/p>\n<p><strong>&#8211; pikaopas<\/strong> hyville sivustoille\u00a0 t\u00e4ss\u00e4: <a href=\"https:\/\/blog.edu.turku.fi\/kieko\/files\/2020\/02\/surffiopas.pdf\">surffiopas<\/a><\/p>\n<p><strong>&#8211; kuvia<\/strong> taskunoppaan tai luokkaan (ks.noppa)<\/p>\n<p>&#8211; tulostettavan<strong> vinkkiviuhkan<\/strong>, jossa leikkivinkkej\u00e4 (alla)<\/p>\n<h5>AFRIKAN T\u00c4HTI -peli: Oppilaita liikuttava kieliversio tutusta lautapelist\u00e4<\/h5>\n<p><a href=\"https:\/\/blog.edu.turku.fi\/kieko\/files\/2020\/03\/OHJE_Afrikan-t\u00e4hti-kielenopetuksessa.pdf\">OHJE_Afrikan t\u00e4hti kielenopetuksessa<\/a><\/p>\n<p><a href=\"https:\/\/blog.edu.turku.fi\/kieko\/files\/2020\/03\/Afrikan-t\u00e4hden-pelilaatat.pdf\">Tulosta t\u00e4st\u00e4: Afrikan t\u00e4hden pelilaatat<\/a><\/p>\n<p>Tai n\u00e4m\u00e4: <a href=\"https:\/\/blog.edu.turku.fi\/kieko\/files\/2020\/03\/Afrikan-t\u00e4hti-merkit-2.pdf\">Afrikan t\u00e4hti merkit 2<\/a><\/p>\n<h5>Materiaalikassi<\/h5>\n<p>Kielitietoisesti kouluissa -hankkeen aikana pyrittiin l\u00f6yt\u00e4m\u00e4\u00e4n mahdollisimman paljon pienen lapsen kokemusmaailmaan sopivia opetusmateriaaleja ja menetelmi\u00e4.\u00a0 Oppikirjoja ja monistettavaa materiaalia oli k\u00e4yt\u00f6ss\u00e4 vain v\u00e4h\u00e4n. Ideoita leikkeihin ja peleihin koottiin varhentajien ty\u00f6pajoissa sek\u00e4 koulutuksissa. Mukana olleet yksik\u00f6t saivat k\u00e4ytt\u00f6\u00f6ns\u00e4 materiaalikassit, joihin hankerahoituksella koottiin hyv\u00e4ksihavaittua toiminnallista materiaalia. Ajatuksena on, ett\u00e4 kassi t\u00e4ydentyy vuosien saatossa koulun omilla hankinnoilla.<\/p>\n<p>Liikkuva koulu tuki t\u00e4t\u00e4 ideaa tilaamalla toiminnallisen oppimisen materiaaleja kouluihin, ne jaettiin Kielitutor kouluissa -tilaisuuksissa jokaiseen turkulaiseen kouluun syksyll\u00e4 2019.<\/p>\n<p>Materiaalikassin idea kannattaa napata omaan kouluun, vaikka erillist\u00e4 rahoitusta ei olisikaan k\u00e4yt\u00f6ss\u00e4. Laukuksi sopii esim. vanha matkalaukku tai arkku. Sis\u00e4\u00e4n voi sujauttaa alkuun asioita, joita joka koulusta varmasti l\u00f6ytyy (hyppynaru, pallo, nopat), kaivella esiin v\u00e4h\u00e4ll\u00e4 k\u00e4yt\u00f6ll\u00e4 olevat monik\u00e4ytt\u00f6iset lautapelit sek\u00e4 sujauttaa kassiin kansio, jonne jokainen ope vuorollaan laittaa talteen hyv\u00e4ksi havaitut monisteet (kuten pelipojat).<\/p>\n<p>Lue lis\u00e4\u00e4 varhennuskassista t\u00e4st\u00e4<strong><em>: <a href=\"https:\/\/blog.edu.turku.fi\/kieko\/files\/2019\/03\/Materiaalikassi-varhennetun-kielenopetuksen-toiminnallisiin-tuokioihin.pdf\">Materiaalikassi varhennetun kielenopetuksen toiminnallisiin tuokioihin<\/a>.<\/em><\/strong><\/p>\n<p><strong><em>Kuvia KieKon varhennuskassista l\u00f6ytyv\u00e4st\u00e4 materiaalista sek\u00e4 ideoita materiaalin k\u00e4ytt\u00f6\u00f6n:<\/em> <\/strong><\/p>\n<figure id=\"attachment_1015\" aria-describedby=\"caption-attachment-1015\" style=\"width: 1024px\" class=\"wp-caption aligncenter\"><img loading=\"lazy\" decoding=\"async\" class=\"wp-image-1015 size-large\" src=\"https:\/\/blog.edu.turku.fi\/kieko\/files\/2019\/03\/Kassi1-1024x768.jpeg\" alt=\"\" width=\"1024\" height=\"768\" srcset=\"https:\/\/blog.edu.turku.fi\/kieko\/files\/2019\/03\/Kassi1-1024x768.jpeg 1024w, https:\/\/blog.edu.turku.fi\/kieko\/files\/2019\/03\/Kassi1-300x225.jpeg 300w, https:\/\/blog.edu.turku.fi\/kieko\/files\/2019\/03\/Kassi1.jpeg 2048w\" sizes=\"auto, (max-width: 767px) 89vw, (max-width: 1000px) 54vw, (max-width: 1071px) 543px, 580px\" \/><figcaption id=\"caption-attachment-1015\" class=\"wp-caption-text\">Kuvassa varhennuskassin materiaali kokonaisuudessaan.<\/figcaption><\/figure>\n<p>&nbsp;<\/p>\n<figure id=\"attachment_1014\" aria-describedby=\"caption-attachment-1014\" style=\"width: 768px\" class=\"wp-caption aligncenter\"><img loading=\"lazy\" decoding=\"async\" class=\"wp-image-1014 size-large\" src=\"https:\/\/blog.edu.turku.fi\/kieko\/files\/2019\/03\/IMG_3073-768x1024.jpeg\" alt=\"\" width=\"768\" height=\"1024\" srcset=\"https:\/\/blog.edu.turku.fi\/kieko\/files\/2019\/03\/IMG_3073-768x1024.jpeg 768w, https:\/\/blog.edu.turku.fi\/kieko\/files\/2019\/03\/IMG_3073-225x300.jpeg 225w, https:\/\/blog.edu.turku.fi\/kieko\/files\/2019\/03\/IMG_3073.jpeg 1536w\" sizes=\"auto, (max-width: 767px) 89vw, (max-width: 1000px) 54vw, (max-width: 1071px) 543px, 580px\" \/><figcaption id=\"caption-attachment-1014\" class=\"wp-caption-text\">Varhennuskassi toimii itsess\u00e4\u00e4n maailmankarttana! Kassia l\u00f6ytyy<strong><em> t\u00e4\u00e4lt\u00e4. <\/em><\/strong>Kassin sis\u00e4ll\u00e4 olevat v\u00e4lineiden tilauspaikat olivat\u00a0 Lekolar, Tevella, Booky.fi sek\u00e4 paikallinen Muovi-Tukku (kilpailutettu hankintapaikka).<\/figcaption><\/figure>\n<h1>V\u00e4lineit\u00e4 opetuksen avuksi ja tueksi:<\/h1>\n<p><img loading=\"lazy\" decoding=\"async\" class=\"alignnone size-medium wp-image-1062\" src=\"https:\/\/blog.edu.turku.fi\/kieko\/files\/2019\/03\/viuhka-2-227x300.jpg\" alt=\"\" width=\"227\" height=\"300\" srcset=\"https:\/\/blog.edu.turku.fi\/kieko\/files\/2019\/03\/viuhka-2-227x300.jpg 227w, https:\/\/blog.edu.turku.fi\/kieko\/files\/2019\/03\/viuhka-2-774x1024.jpg 774w, https:\/\/blog.edu.turku.fi\/kieko\/files\/2019\/03\/viuhka-2.jpg 900w\" sizes=\"auto, (max-width: 227px) 100vw, 227px\" \/><\/p>\n<p>MIt\u00e4 leikitt\u00e4isiin? Tulosta t\u00e4st\u00e4 kielil\u00e4hettil\u00e4s Anita Zengerin kokoama :<a href=\"https:\/\/blog.edu.turku.fi\/kieko\/files\/2020\/02\/VINKKIVIUHKA-_2020.pdf\">VINKKIVIUHKA _2020<\/a>. Tulosta yksipuolisena ja leikkaa ja laminoi, kiinnit\u00e4 viuhkaksi esim. nippusiteell\u00e4. Jos tulostat moniv\u00e4risille papereille, niin voit k\u00e4ytt\u00e4\u00e4 viuhkaa my\u00f6s v\u00e4rien opettamisessa!<\/p>\n<figure style=\"width: 225px\" class=\"wp-caption alignnone\"><a href=\"https:\/\/blog.edu.turku.fi\/kieko\/ideoita-kielen-tunneille\/kielitietoinen-opetus\/varhennuskassi\/taskunoppa\/\"><img loading=\"lazy\" decoding=\"async\" src=\"https:\/\/blog.edu.turku.fi\/kieko\/files\/2019\/03\/IMG_3069-225x300.jpeg\" alt=\"\" width=\"225\" height=\"300\" \/><\/a><figcaption class=\"wp-caption-text\">Taskunoppa: taskuihin tulostettavaa materiaalia l\u00f6ytyy <strong><em>klikkaamalla<\/em> taskunopan kuvaa!<\/strong><\/figcaption><\/figure>\n<p>&nbsp;<\/p>\n<p><img loading=\"lazy\" decoding=\"async\" class=\"alignnone size-medium wp-image-1000\" src=\"https:\/\/blog.edu.turku.fi\/kieko\/files\/2019\/03\/IMG_3057-225x300.jpeg\" alt=\"\" width=\"225\" height=\"300\" srcset=\"https:\/\/blog.edu.turku.fi\/kieko\/files\/2019\/03\/IMG_3057-225x300.jpeg 225w, https:\/\/blog.edu.turku.fi\/kieko\/files\/2019\/03\/IMG_3057-768x1024.jpeg 768w, https:\/\/blog.edu.turku.fi\/kieko\/files\/2019\/03\/IMG_3057.jpeg 1536w\" sizes=\"auto, (max-width: 225px) 100vw, 225px\" \/><\/p>\n<p>Leijona-k\u00e4sinukke : pid\u00e4th\u00e4n varhennustunnillasi mukana jonkun hahmon, joka puhuu vain kohdekielt\u00e4? Tai lapsille OPM ? (OmaPehmoMukaan)<\/p>\n<figure style=\"width: 225px\" class=\"wp-caption alignnone\"><img loading=\"lazy\" decoding=\"async\" src=\"https:\/\/blog.edu.turku.fi\/kieko\/files\/2019\/03\/IMG_3066-e1551443529825-225x300.jpeg\" alt=\"\" width=\"225\" height=\"300\" \/><figcaption class=\"wp-caption-text\">Puisia j\u00e4\u00e4tel\u00f6tikkuja voi k\u00e4ytt\u00e4\u00e4 moneen; ks. hakuaanalla <em>popsicle activities. Muista my\u00f6s<a href=\"https:\/\/reettabizet.blogspot.com\/2018\/10\/kaboom-helppo-nopea-ja-kaikille-sopiva.html\">\u00a0 <strong>Kaboom!<\/strong><\/a><\/em><\/figcaption><\/figure>\n<figure id=\"attachment_1008\" aria-describedby=\"caption-attachment-1008\" style=\"width: 225px\" class=\"wp-caption alignnone\"><img loading=\"lazy\" decoding=\"async\" class=\"wp-image-1008 size-medium\" src=\"https:\/\/blog.edu.turku.fi\/kieko\/files\/2019\/03\/IMG_3067-e1551443647378-225x300.jpeg\" alt=\"\" width=\"225\" height=\"300\" srcset=\"https:\/\/blog.edu.turku.fi\/kieko\/files\/2019\/03\/IMG_3067-e1551443647378-225x300.jpeg 225w, https:\/\/blog.edu.turku.fi\/kieko\/files\/2019\/03\/IMG_3067-e1551443647378-768x1024.jpeg 768w, https:\/\/blog.edu.turku.fi\/kieko\/files\/2019\/03\/IMG_3067-e1551443647378.jpeg 1536w\" sizes=\"auto, (max-width: 225px) 100vw, 225px\" \/><figcaption id=\"caption-attachment-1008\" class=\"wp-caption-text\">Puisia pyykkipoikia voi k\u00e4ytt\u00e4\u00e4 esim. lapun kiinnitt\u00e4miseen kaverin niskaan (arvaa mik\u00e4 olet -leikki), v\u00e4rien ja ruumiinosien opiskeluun jne. Ideoita pyykkipoika-aktiviteetteihin l\u00f6ytyy my\u00f6s Sari Salon kirjoista, tutustu!<\/figcaption><\/figure>\n<figure id=\"attachment_1003\" aria-describedby=\"caption-attachment-1003\" style=\"width: 225px\" class=\"wp-caption alignnone\"><img loading=\"lazy\" decoding=\"async\" class=\"wp-image-1003 size-medium\" src=\"https:\/\/blog.edu.turku.fi\/kieko\/files\/2019\/03\/IMG_3060-225x300.jpeg\" alt=\"\" width=\"225\" height=\"300\" srcset=\"https:\/\/blog.edu.turku.fi\/kieko\/files\/2019\/03\/IMG_3060-225x300.jpeg 225w, https:\/\/blog.edu.turku.fi\/kieko\/files\/2019\/03\/IMG_3060-768x1024.jpeg 768w, https:\/\/blog.edu.turku.fi\/kieko\/files\/2019\/03\/IMG_3060.jpeg 1536w\" sizes=\"auto, (max-width: 225px) 100vw, 225px\" \/><figcaption id=\"caption-attachment-1003\" class=\"wp-caption-text\">Noppia kannattaa olla aina; numerotreeni\u00e4 kielill\u00e4, lautapelej\u00e4&#8230;<\/figcaption><\/figure>\n<figure id=\"attachment_1001\" aria-describedby=\"caption-attachment-1001\" style=\"width: 225px\" class=\"wp-caption alignnone\"><img loading=\"lazy\" decoding=\"async\" class=\"wp-image-1001 size-medium\" src=\"https:\/\/blog.edu.turku.fi\/kieko\/files\/2019\/03\/IMG_3058-e1551443205741-225x300.jpeg\" alt=\"\" width=\"225\" height=\"300\" srcset=\"https:\/\/blog.edu.turku.fi\/kieko\/files\/2019\/03\/IMG_3058-e1551443205741-225x300.jpeg 225w, https:\/\/blog.edu.turku.fi\/kieko\/files\/2019\/03\/IMG_3058-e1551443205741-768x1024.jpeg 768w, https:\/\/blog.edu.turku.fi\/kieko\/files\/2019\/03\/IMG_3058-e1551443205741.jpeg 1536w\" sizes=\"auto, (max-width: 225px) 100vw, 225px\" \/><figcaption id=\"caption-attachment-1001\" class=\"wp-caption-text\">Ilmapalloilla iloa kielenopetukseen! Mm. v\u00e4rien opiskeluun, tunteiden nime\u00e4miseen (piirr\u00e4 pallolle ilme) jne.<\/figcaption><\/figure>\n<figure id=\"attachment_1005\" aria-describedby=\"caption-attachment-1005\" style=\"width: 225px\" class=\"wp-caption alignnone\"><img loading=\"lazy\" decoding=\"async\" class=\"wp-image-1005 size-medium\" src=\"https:\/\/blog.edu.turku.fi\/kieko\/files\/2019\/03\/IMG_3063-225x300.jpeg\" alt=\"\" width=\"225\" height=\"300\" srcset=\"https:\/\/blog.edu.turku.fi\/kieko\/files\/2019\/03\/IMG_3063-225x300.jpeg 225w, https:\/\/blog.edu.turku.fi\/kieko\/files\/2019\/03\/IMG_3063-768x1024.jpeg 768w, https:\/\/blog.edu.turku.fi\/kieko\/files\/2019\/03\/IMG_3063.jpeg 1536w\" sizes=\"auto, (max-width: 225px) 100vw, 225px\" \/><figcaption id=\"caption-attachment-1005\" class=\"wp-caption-text\">El\u00e4inleluja ja kulkuv\u00e4lineit\u00e4 voi k\u00e4ytt\u00e4\u00e4 nime\u00e4misen harjoitteluun, lukum\u00e4\u00e4rien ja v\u00e4rien opetteluun sek\u00e4 pikkuesitysten harjoitteluun.<\/figcaption><\/figure>\n<p><img loading=\"lazy\" decoding=\"async\" class=\"wp-image-1004 size-medium\" src=\"https:\/\/blog.edu.turku.fi\/kieko\/files\/2019\/03\/IMG_3061-300x225.jpeg\" alt=\"\" width=\"300\" height=\"225\" srcset=\"https:\/\/blog.edu.turku.fi\/kieko\/files\/2019\/03\/IMG_3061-300x225.jpeg 300w, https:\/\/blog.edu.turku.fi\/kieko\/files\/2019\/03\/IMG_3061-1024x768.jpeg 1024w, https:\/\/blog.edu.turku.fi\/kieko\/files\/2019\/03\/IMG_3061.jpeg 2048w\" sizes=\"auto, (max-width: 300px) 100vw, 300px\" \/><\/p>\n<figure id=\"attachment_997\" aria-describedby=\"caption-attachment-997\" style=\"width: 225px\" class=\"wp-caption alignnone\"><img loading=\"lazy\" decoding=\"async\" class=\"size-medium wp-image-997\" src=\"https:\/\/blog.edu.turku.fi\/kieko\/files\/2019\/03\/IMG_3054-e1551443711911-225x300.jpeg\" alt=\"\" width=\"225\" height=\"300\" srcset=\"https:\/\/blog.edu.turku.fi\/kieko\/files\/2019\/03\/IMG_3054-e1551443711911-225x300.jpeg 225w, https:\/\/blog.edu.turku.fi\/kieko\/files\/2019\/03\/IMG_3054-e1551443711911-768x1024.jpeg 768w, https:\/\/blog.edu.turku.fi\/kieko\/files\/2019\/03\/IMG_3054-e1551443711911.jpeg 1536w\" sizes=\"auto, (max-width: 225px) 100vw, 225px\" \/><figcaption id=\"caption-attachment-997\" class=\"wp-caption-text\">Erilaisia tarroja.on aina hyv\u00e4 olla opella varastossa!<\/figcaption><\/figure>\n<p>&nbsp;<\/p>\n<p><img loading=\"lazy\" decoding=\"async\" src=\"https:\/\/blog.edu.turku.fi\/kieko\/files\/2019\/03\/IMG_3051-e1551442701568-300x225.jpeg\" alt=\"\" width=\"300\" height=\"225\" \/><\/p>\n<p><img loading=\"lazy\" decoding=\"async\" src=\"https:\/\/blog.edu.turku.fi\/kieko\/files\/2019\/03\/IMG_3050-e1551442711962-300x225.jpeg\" alt=\"\" width=\"300\" height=\"225\" \/><\/p>\n<p>Eric Carlen Toukka pikku paksulainen (tilattavissa useilla eri kielill\u00e4 mm. Booky.fi) on upea kertomus, jonka avulla voi opiskella viikonp\u00e4iv\u00e4t, ruokasanoja jne. Sopii hienosti my\u00f6s mm. kuvataiteen tai k\u00e4sity\u00f6n kanssa yhdistett\u00e4v\u00e4ksi aihekokonaisuudeksi! Paljon kivaa l\u00f6ytyy hakusanalla &#8221;The very hungry catepillar activities&#8221;.<\/p>\n<h5>Toinen ihana tarina, johon l\u00f6ytyy paljon materiaalia my\u00f6s verkosta, on tarina M\u00f6rkylist\u00e4;\u00a0 <a href=\"https:\/\/www.gruffalo.com\/\">The Gryffalo<\/a><\/h5>\n<p>&nbsp;<\/p>\n<p><strong>Muista my\u00f6s&#8230;<\/strong><\/p>\n<ul>\n<li>k\u00e4rp\u00e4sl\u00e4tk\u00e4t (esim. battle -peliin)<\/li>\n<li>lautapelit (esim. Twister, Lotto, Arvaa Kuka)<\/li>\n<li>paperinuket (vaatteiden, kehonosien opetteluun)<\/li>\n<li>muovailuvaha<\/li>\n<li>numerohernepussit<\/li>\n<li>storycubes<\/li>\n<li><a href=\"https:\/\/www.laulau.fi\/laulupiirtamisen-perusteet\/\">Laulupiirt\u00e4misen<\/a> menetelm\u00e4 ja materiaali sopii hyvin englannin varhennukseen<\/li>\n<\/ul>\n<p>Sivusto t\u00e4ydentyy lv. 2019-20 aikana.<\/p>\n","protected":false},"excerpt":{"rendered":"<p>T\u00e4\u00e4lt\u00e4 l\u00f6yd\u00e4t hankeaikana aktiivisten toimijoiden tekem\u00e4t, ideoimat ja kokoamat materiaalit ja linkit &#8211; The Zoo -opetusaineisto ja el\u00e4intarhajuliste luokkaan= Valmiit tuntisuunnitelmat alkuopetusik\u00e4isille el\u00e4intarhateeman ymp\u00e4rill\u00e4. OneNote-alustaan koottu, toimii parhaiten tietokoneella! Tulostettavat THE ZOO -aineiston pelitiedostot; PELILAUTA: varhennusjuliste_a4_web The Zoo_pelitehta\u0308va\u0308t_ The Zoo yleisohje Zoo_ohje oppilaalle &nbsp; &#8211; pikaopas hyville sivustoille\u00a0 t\u00e4ss\u00e4: surffiopas &#8211; kuvia taskunoppaan tai luokkaan &hellip; <\/p>\n<p class=\"link-more\"><a href=\"https:\/\/blog.edu.turku.fi\/kieko\/ideoita-kielen-tunneille\/kielitietoinen-opetus\/varhennuskassi\/\" class=\"more-link\">Jatka lukemista<span class=\"screen-reader-text\"> &#8221;Hankeaikana ideoidut ja kehitetyt materiaalit&#8221;<\/span><\/a><\/p>\n","protected":false},"author":2465,"featured_media":0,"parent":962,"menu_order":0,"comment_status":"closed","ping_status":"closed","template":"","meta":{"footnotes":""},"class_list":["post-975","page","type-page","status-publish","hentry"],"_links":{"self":[{"href":"https:\/\/blog.edu.turku.fi\/kieko\/wp-json\/wp\/v2\/pages\/975","targetHints":{"allow":["GET"]}}],"collection":[{"href":"https:\/\/blog.edu.turku.fi\/kieko\/wp-json\/wp\/v2\/pages"}],"about":[{"href":"https:\/\/blog.edu.turku.fi\/kieko\/wp-json\/wp\/v2\/types\/page"}],"author":[{"embeddable":true,"href":"https:\/\/blog.edu.turku.fi\/kieko\/wp-json\/wp\/v2\/users\/2465"}],"replies":[{"embeddable":true,"href":"https:\/\/blog.edu.turku.fi\/kieko\/wp-json\/wp\/v2\/comments?post=975"}],"version-history":[{"count":28,"href":"https:\/\/blog.edu.turku.fi\/kieko\/wp-json\/wp\/v2\/pages\/975\/revisions"}],"predecessor-version":[{"id":1526,"href":"https:\/\/blog.edu.turku.fi\/kieko\/wp-json\/wp\/v2\/pages\/975\/revisions\/1526"}],"up":[{"embeddable":true,"href":"https:\/\/blog.edu.turku.fi\/kieko\/wp-json\/wp\/v2\/pages\/962"}],"wp:attachment":[{"href":"https:\/\/blog.edu.turku.fi\/kieko\/wp-json\/wp\/v2\/media?parent=975"}],"curies":[{"name":"wp","href":"https:\/\/api.w.org\/{rel}","templated":true}]}}