{"id":962,"date":"2019-02-22T09:38:23","date_gmt":"2019-02-22T07:38:23","guid":{"rendered":"https:\/\/blog.edu.turku.fi\/kieko\/?page_id=962"},"modified":"2019-03-01T13:45:58","modified_gmt":"2019-03-01T11:45:58","slug":"kielitietoinen-opetus","status":"publish","type":"page","link":"https:\/\/blog.edu.turku.fi\/kieko\/ideoita-kielen-tunneille\/kielitietoinen-opetus\/","title":{"rendered":"Kielitietoinen opetus"},"content":{"rendered":"<h1>Qr -koodisuunnistus alkuopetukseen<\/h1>\n<p>Alla olevia linkkej\u00e4 klikkaamalla saat avattua\/ladattua qr-koodisuunnistuksen ohjeistuksen (pdf) sek\u00e4 kielitietoisuuteen johdattelevan pp-diaesityksen.<\/p>\n<p><a href=\"https:\/\/blog.edu.turku.fi\/kieko\/files\/2019\/02\/KIEKO-QR-koodisuunnistus.pdf\">KIEKO QR koodisuunnistus<\/a><\/p>\n<p><a href=\"https:\/\/blog.edu.turku.fi\/kieko\/files\/2019\/02\/Kielitietoinen-dia.pptx\">Kielitietoinen dia<\/a><\/p>\n<h1>Kielitietoisuuden j\u00e4ljill\u00e4 (seppo.io)<\/h1>\n<h1>Kielitietoisuuskalenteri<\/h1>\n<p>Linkki kalenteriin <a href=\"https:\/\/docs.google.com\/presentation\/d\/1JQusOQkwYHqLcktFo94DzIxJrzGz1E0HYlRbw6xm5E4\/edit#slide=id.p\">t\u00e4ss\u00e4<\/a>.<\/p>\n","protected":false},"excerpt":{"rendered":"<p>Qr -koodisuunnistus alkuopetukseen Alla olevia linkkej\u00e4 klikkaamalla saat avattua\/ladattua qr-koodisuunnistuksen ohjeistuksen (pdf) sek\u00e4 kielitietoisuuteen johdattelevan pp-diaesityksen. KIEKO QR koodisuunnistus Kielitietoinen dia Kielitietoisuuden j\u00e4ljill\u00e4 (seppo.io) Kielitietoisuuskalenteri Linkki kalenteriin t\u00e4ss\u00e4.<\/p>\n","protected":false},"author":2465,"featured_media":0,"parent":118,"menu_order":6,"comment_status":"closed","ping_status":"closed","template":"","meta":{"footnotes":""},"class_list":["post-962","page","type-page","status-publish","hentry"],"_links":{"self":[{"href":"https:\/\/blog.edu.turku.fi\/kieko\/wp-json\/wp\/v2\/pages\/962","targetHints":{"allow":["GET"]}}],"collection":[{"href":"https:\/\/blog.edu.turku.fi\/kieko\/wp-json\/wp\/v2\/pages"}],"about":[{"href":"https:\/\/blog.edu.turku.fi\/kieko\/wp-json\/wp\/v2\/types\/page"}],"author":[{"embeddable":true,"href":"https:\/\/blog.edu.turku.fi\/kieko\/wp-json\/wp\/v2\/users\/2465"}],"replies":[{"embeddable":true,"href":"https:\/\/blog.edu.turku.fi\/kieko\/wp-json\/wp\/v2\/comments?post=962"}],"version-history":[{"count":10,"href":"https:\/\/blog.edu.turku.fi\/kieko\/wp-json\/wp\/v2\/pages\/962\/revisions"}],"predecessor-version":[{"id":992,"href":"https:\/\/blog.edu.turku.fi\/kieko\/wp-json\/wp\/v2\/pages\/962\/revisions\/992"}],"up":[{"embeddable":true,"href":"https:\/\/blog.edu.turku.fi\/kieko\/wp-json\/wp\/v2\/pages\/118"}],"wp:attachment":[{"href":"https:\/\/blog.edu.turku.fi\/kieko\/wp-json\/wp\/v2\/media?parent=962"}],"curies":[{"name":"wp","href":"https:\/\/api.w.org\/{rel}","templated":true}]}}