{"id":83,"date":"2017-09-05T16:02:18","date_gmt":"2017-09-05T13:02:18","guid":{"rendered":"https:\/\/blog.edu.turku.fi\/kieko\/?page_id=83"},"modified":"2018-09-24T17:00:37","modified_gmt":"2018-09-24T14:00:37","slug":"euroopan-kielten-paiva-26-9","status":"publish","type":"page","link":"https:\/\/blog.edu.turku.fi\/kieko\/kielitietoisen-koulun-teemapaivat\/euroopan-kielten-paiva-26-9\/","title":{"rendered":"Euroopan kielten p\u00e4iv\u00e4 26.9."},"content":{"rendered":"<p><strong>Euroopan kielten p\u00e4iv\u00e4\u00e4<\/strong> vietet\u00e4\u00e4n \u00a026.9. Kaikki koulut ja luokat ovat tervetulleita juhlistamaan kieli\u00e4 ja kieltenopiskelua KieKon kanssa. Mukaan p\u00e4\u00e4set monella tavalla. Valitse alla olevista luokallesi sopiva tai keksi oma tapasi juhlia kieli\u00e4 26.9.2018!<\/p>\n<p>Lis\u00e4tietoja ja laajan materiaalipankin p\u00e4iv\u00e4\u00e4 varten l\u00f6yd\u00e4t <a href=\"http:\/\/edl.ecml.at\/Home\/Whatisit\/tabid\/1760\/language\/fi-FI\/Default.aspx\">Euroopan nykykielten tapahtumasivulta<\/a>\u00a0sek\u00e4 Euroopan komission <a href=\"https:\/\/ec.europa.eu\/education\/initiatives\/languages-day_fi\">sivuilta<\/a>.<\/p>\n<h4>Materiaaleja<\/h4>\n<ul>\n<li><a href=\"http:\/\/edl.ecml.at\/LanguageFun\/Animalsounds\/tabid\/3112\/language\/Default.aspx\">Kivoja el\u00e4inaiheisia promojulisteita p\u00e4iv\u00e4\u00e4n l\u00f6yd\u00e4t t\u00e4\u00e4lt\u00e4<\/a><\/li>\n<li><a href=\"http:\/\/europa.eu\/kids-corner\/explore_fi.html\">Let&#8217;s explore Europe<\/a> -peli<\/li>\n<li><a href=\"http:\/\/europa.eu\/kids-corner\/index_fi.htm\">Eurooppa-aiheisia pelej\u00e4<\/a> verkossa<\/li>\n<li><a href=\"https:\/\/blog.edu.turku.fi\/kieko\/files\/2017\/09\/Alakoulun-kieltenp\u00e4iv\u00e4.docx\">Valmis aamunavausteksti <\/a>\u00a0ja ideoita kielituokioihin alakouluille.<\/li>\n<li>\n<ul>\n<li><a href=\"https:\/\/www.youtube.com\/watch?v=IDovNibBLd0\"><strong>Hei<\/strong> 30 kielell\u00e4<\/a><\/li>\n<li><a href=\"https:\/\/youtu.be\/OvD_8DQte3k\"><strong>Kiitos<\/strong> 29 kielell\u00e4<\/a><\/li>\n<li><a href=\"https:\/\/youtu.be\/NSpM5jSVTlg\"><strong>Min\u00e4 rakastan sinua<\/strong> 21 kielell\u00e4<\/a><\/li>\n<li><a href=\"https:\/\/youtu.be\/89N3KyVoczc\"><strong>Frozenin <em>Let it go<\/em> -kappale<\/strong> 74 kielell\u00e4<\/a><\/li>\n<\/ul>\n<\/li>\n<\/ul>\n<h4>Kilpailu<\/h4>\n<p>Dokumentoi koulusi Euroopan kielten p\u00e4iv\u00e4n juhlinta koulullasi ja voita innostava kielipalkinto luokallesi\/ryhm\u00e4llesi! Osallistua voit 4.10.asti l\u00e4hett\u00e4m\u00e4ll\u00e4 \u00a0blogiin laitettavan kuvan &amp; tekstin koulusi meiningist\u00e4 Sannalle (sanna.sova (at) turku.fi).<\/p>\n<p><b>Muuta<\/b><\/p>\n<p>Turun yliopiston kieltenopiskelijoita sai tilata syyskuun alkupuolella pit\u00e4m\u00e4\u00e4n n\u00e4ytetunteja kouluihin Euroopan kieltenp\u00e4iv\u00e4n\u00e4. Innostavaa oppituntia niin opiskelijoille kuin oppilaillekin!<\/p>\n<h1><span style=\"color: #ff6600\">Monikielist\u00e4 Euroopan kielten p\u00e4iv\u00e4\u00e4 kaikille!<\/span><\/h1>\n","protected":false},"excerpt":{"rendered":"<p>Euroopan kielten p\u00e4iv\u00e4\u00e4 vietet\u00e4\u00e4n \u00a026.9. Kaikki koulut ja luokat ovat tervetulleita juhlistamaan kieli\u00e4 ja kieltenopiskelua KieKon kanssa. Mukaan p\u00e4\u00e4set monella tavalla. Valitse alla olevista luokallesi sopiva tai keksi oma tapasi juhlia kieli\u00e4 26.9.2018! Lis\u00e4tietoja ja laajan materiaalipankin p\u00e4iv\u00e4\u00e4 varten l\u00f6yd\u00e4t Euroopan nykykielten tapahtumasivulta\u00a0sek\u00e4 Euroopan komission sivuilta. Materiaaleja Kivoja el\u00e4inaiheisia promojulisteita p\u00e4iv\u00e4\u00e4n l\u00f6yd\u00e4t t\u00e4\u00e4lt\u00e4 Let&#8217;s explore &hellip; <\/p>\n<p class=\"link-more\"><a href=\"https:\/\/blog.edu.turku.fi\/kieko\/kielitietoisen-koulun-teemapaivat\/euroopan-kielten-paiva-26-9\/\" class=\"more-link\">Jatka lukemista<span class=\"screen-reader-text\"> &#8221;Euroopan kielten p\u00e4iv\u00e4 26.9.&#8221;<\/span><\/a><\/p>\n","protected":false},"author":161,"featured_media":0,"parent":154,"menu_order":1,"comment_status":"closed","ping_status":"closed","template":"","meta":{"footnotes":""},"class_list":["post-83","page","type-page","status-publish","hentry"],"_links":{"self":[{"href":"https:\/\/blog.edu.turku.fi\/kieko\/wp-json\/wp\/v2\/pages\/83","targetHints":{"allow":["GET"]}}],"collection":[{"href":"https:\/\/blog.edu.turku.fi\/kieko\/wp-json\/wp\/v2\/pages"}],"about":[{"href":"https:\/\/blog.edu.turku.fi\/kieko\/wp-json\/wp\/v2\/types\/page"}],"author":[{"embeddable":true,"href":"https:\/\/blog.edu.turku.fi\/kieko\/wp-json\/wp\/v2\/users\/161"}],"replies":[{"embeddable":true,"href":"https:\/\/blog.edu.turku.fi\/kieko\/wp-json\/wp\/v2\/comments?post=83"}],"version-history":[{"count":19,"href":"https:\/\/blog.edu.turku.fi\/kieko\/wp-json\/wp\/v2\/pages\/83\/revisions"}],"predecessor-version":[{"id":786,"href":"https:\/\/blog.edu.turku.fi\/kieko\/wp-json\/wp\/v2\/pages\/83\/revisions\/786"}],"up":[{"embeddable":true,"href":"https:\/\/blog.edu.turku.fi\/kieko\/wp-json\/wp\/v2\/pages\/154"}],"wp:attachment":[{"href":"https:\/\/blog.edu.turku.fi\/kieko\/wp-json\/wp\/v2\/media?parent=83"}],"curies":[{"name":"wp","href":"https:\/\/api.w.org\/{rel}","templated":true}]}}