{"id":805,"date":"2018-10-20T19:32:43","date_gmt":"2018-10-20T16:32:43","guid":{"rendered":"https:\/\/blog.edu.turku.fi\/kieko\/?page_id=805"},"modified":"2018-10-20T19:36:47","modified_gmt":"2018-10-20T16:36:47","slug":"kielimaistiaiset-makuja-kielii-i","status":"publish","type":"page","link":"https:\/\/blog.edu.turku.fi\/kieko\/ideoita-kielen-tunneille\/kielimaistiaiset-makuja-kieliin\/kielimaistiaiset-makuja-kielii-i\/","title":{"rendered":"Kielimaistiaiset &#8211; Makuja kieliin! I"},"content":{"rendered":"<p><a href=\"https:\/\/blog.edu.turku.fi\/kieko\/2018\/05\/18\/kielimaistiaiset-makuja-kieliin\/\"><em>Kielimaistiaiset &#8211; Makuja kieliin!<\/em> <\/a>on Opetushallituksen rahoittaman <em>Kielitietoisesti kouluissa<\/em> -hankkeen projekti. Projektin suunnittelu alkoi tammikuussa 2018 ja\u00a0 projektin ohjaukset ovat k\u00e4ynniss\u00e4 maaliskuusta toukokuuhun.<\/p>\n<p><em>Kielimaistiaiset &#8211; Makuja kieliin!<\/em> -projektin tavoitteena on lis\u00e4t\u00e4 kielitietoisuutta Turun alueen p\u00e4iv\u00e4hoito- ja esiopetusyksik\u00f6iss\u00e4 sek\u00e4 alkuopetuksessa. Kielitietoisuutta pyrit\u00e4\u00e4n lis\u00e4\u00e4m\u00e4\u00e4n erilaisten leikkien ja hauskanpidon kautta, kielimaistiaiset eiv\u00e4t ole opetusta!:-)<\/p>\n<p>Kielimaistiaisia on tarjolla nelj\u00e4ll\u00e4 eri kielell\u00e4: englanti, ruotsi, ranska ja saksa.<\/p>\n<p>Kielimaistiaiset ovat yksik\u00f6ille maksuttomia. Kielimaistiaisia ohjaavat projektin ohjaajat. Maistiaiset eiv\u00e4t vaadi yksik\u00f6lt\u00e4 ja ryhm\u00e4lt\u00e4 erikoisia valmisteluja;\u00a0 mahdollisesti pienryhmiin jako.<\/p>\n<p>Projektin koordinaattorina toimii Henrik Hurme (henrik.hurme@turku.fi). Ohjaajina toimivat Liisi Auranen (englanti), Hilla Huhtinen (englanti), Wera Kunnas (ruotsi), Emma L\u00e4ms\u00e4 (ruotsi), Mirjami Salminen (ranska), Alina Kiehel\u00e4 (ranska), Aino Ristikankare (saksa) ja Veijo Vaakanainen (saksa).<\/p>\n<p>Ohessa kielimaistiaisissa k\u00e4ytetty materiaali.<\/p>\n<p><a href=\"https:\/\/blog.edu.turku.fi\/kieko\/?page_id=592&amp;preview=true\">Esittely<\/a><\/p>\n<p><a href=\"https:\/\/blog.edu.turku.fi\/kieko\/ideoita-kielen-tunneille\/kielimaistiaiset-makuja-kieliin\/numerot\/\">Numerot<\/a><\/p>\n<p><a href=\"https:\/\/blog.edu.turku.fi\/kieko\/ideoita-kielen-tunneille\/kielimaistiaiset-makuja-kieliin\/varit\/\">V\u00e4rit<\/a><\/p>\n<p><a href=\"https:\/\/blog.edu.turku.fi\/kieko\/ideoita-kielen-tunneille\/kielimaistiaiset-makuja-kieliin\/elaimet\/\">El\u00e4imet<\/a><\/p>\n<p><a href=\"https:\/\/blog.edu.turku.fi\/kieko\/ideoita-kielen-tunneille\/kielimaistiaiset-makuja-kieliin\/kehonosat\/\">Kehonosat<\/a><\/p>\n<p><a href=\"https:\/\/blog.edu.turku.fi\/kieko\/ideoita-kielen-tunneille\/kielimaistiaiset-makuja-kieliin\/kulkuvalineet\/\">Kulkuv\u00e4lineet<\/a><\/p>\n","protected":false},"excerpt":{"rendered":"<p>Kielimaistiaiset &#8211; Makuja kieliin! on Opetushallituksen rahoittaman Kielitietoisesti kouluissa -hankkeen projekti. Projektin suunnittelu alkoi tammikuussa 2018 ja\u00a0 projektin ohjaukset ovat k\u00e4ynniss\u00e4 maaliskuusta toukokuuhun. Kielimaistiaiset &#8211; Makuja kieliin! -projektin tavoitteena on lis\u00e4t\u00e4 kielitietoisuutta Turun alueen p\u00e4iv\u00e4hoito- ja esiopetusyksik\u00f6iss\u00e4 sek\u00e4 alkuopetuksessa. Kielitietoisuutta pyrit\u00e4\u00e4n lis\u00e4\u00e4m\u00e4\u00e4n erilaisten leikkien ja hauskanpidon kautta, kielimaistiaiset eiv\u00e4t ole opetusta!:-) Kielimaistiaisia on tarjolla nelj\u00e4ll\u00e4 &hellip; <\/p>\n<p class=\"link-more\"><a href=\"https:\/\/blog.edu.turku.fi\/kieko\/ideoita-kielen-tunneille\/kielimaistiaiset-makuja-kieliin\/kielimaistiaiset-makuja-kielii-i\/\" class=\"more-link\">Jatka lukemista<span class=\"screen-reader-text\"> &#8221;Kielimaistiaiset &#8211; Makuja kieliin! I&#8221;<\/span><\/a><\/p>\n","protected":false},"author":2465,"featured_media":0,"parent":583,"menu_order":1,"comment_status":"closed","ping_status":"closed","template":"","meta":{"footnotes":""},"class_list":["post-805","page","type-page","status-publish","hentry"],"_links":{"self":[{"href":"https:\/\/blog.edu.turku.fi\/kieko\/wp-json\/wp\/v2\/pages\/805","targetHints":{"allow":["GET"]}}],"collection":[{"href":"https:\/\/blog.edu.turku.fi\/kieko\/wp-json\/wp\/v2\/pages"}],"about":[{"href":"https:\/\/blog.edu.turku.fi\/kieko\/wp-json\/wp\/v2\/types\/page"}],"author":[{"embeddable":true,"href":"https:\/\/blog.edu.turku.fi\/kieko\/wp-json\/wp\/v2\/users\/2465"}],"replies":[{"embeddable":true,"href":"https:\/\/blog.edu.turku.fi\/kieko\/wp-json\/wp\/v2\/comments?post=805"}],"version-history":[{"count":2,"href":"https:\/\/blog.edu.turku.fi\/kieko\/wp-json\/wp\/v2\/pages\/805\/revisions"}],"predecessor-version":[{"id":808,"href":"https:\/\/blog.edu.turku.fi\/kieko\/wp-json\/wp\/v2\/pages\/805\/revisions\/808"}],"up":[{"embeddable":true,"href":"https:\/\/blog.edu.turku.fi\/kieko\/wp-json\/wp\/v2\/pages\/583"}],"wp:attachment":[{"href":"https:\/\/blog.edu.turku.fi\/kieko\/wp-json\/wp\/v2\/media?parent=805"}],"curies":[{"name":"wp","href":"https:\/\/api.w.org\/{rel}","templated":true}]}}