{"id":605,"date":"2018-05-15T10:56:18","date_gmt":"2018-05-15T07:56:18","guid":{"rendered":"https:\/\/blog.edu.turku.fi\/kieko\/?page_id=605"},"modified":"2018-10-20T20:32:23","modified_gmt":"2018-10-20T17:32:23","slug":"kulkuvalineet","status":"publish","type":"page","link":"https:\/\/blog.edu.turku.fi\/kieko\/ideoita-kielen-tunneille\/kielimaistiaiset-makuja-kieliin\/kielimaistiaiset-makuja-kielii-i\/kulkuvalineet\/","title":{"rendered":"Kulkuv\u00e4lineet"},"content":{"rendered":"<p>Esitell\u00e4\u00e4n kulkuv\u00e4lineet vieraalla kielell\u00e4.<\/p>\n<p>Leikkin\u00e4: pantomiimi &#8211;&gt; ohjaaja sanoo (esim. en bil), lapset n\u00e4ytt\u00e4v\u00e4t (esim. py\u00f6ritt\u00e4v\u00e4t rattia, painavat kaasua).<\/p>\n<p><strong>ENGLANTI<\/strong><\/p>\n<p>polkupy\u00f6r\u00e4 = bike<\/p>\n<p>auto = car<\/p>\n<p>lentokone = plane<\/p>\n<p>purjevene\/vene = boat<\/p>\n<p>laiva = ship<\/p>\n<p>juna = train<\/p>\n<p>mopo\/skootteri = moped\/scooter<\/p>\n<p>moottoripy\u00f6r\u00e4 = motorbike<\/p>\n<p>kuorma-auto = truck<\/p>\n<p>potkulauta = scooter<\/p>\n<p><strong>RUOTSI<\/strong><\/p>\n<p>polkypy\u00f6r\u00e4 = en cykel<\/p>\n<p>auto = en bil<\/p>\n<p>lentokone = ett flygplan<\/p>\n<p>purjevene\/vene = en segelb\u00e5t\/b\u00e5t<\/p>\n<p>laiva = ett skepp<\/p>\n<p>juna = ett t\u00e5g<\/p>\n<p>mopo\/skootteri = en moped\/en skoter<\/p>\n<p>moottoripy\u00f6r\u00e4 = en motorcykel<\/p>\n<p>kuorma-auto = en lastbil<\/p>\n<p>potkulauta = en sparkcykel<\/p>\n<p><strong>RANSKA<\/strong><\/p>\n<p>polkypy\u00f6r\u00e4 = la bicyclette<\/p>\n<p>auto = la voiture<\/p>\n<p>lentokone = l\u2019avion<\/p>\n<p>purjevene\/vene = le voilier\/ le canot<\/p>\n<p>laiva = le bateau<\/p>\n<p>juna = le train<\/p>\n<p>mopo\/skootteri = le scooter<\/p>\n<p>moottoripy\u00f6r\u00e4 = la moto<\/p>\n<p>kuorma-auto = le camion<\/p>\n<p>potkulauta = la trottinette<\/p>\n<p><strong>SAKSA<\/strong><\/p>\n<p>polkypy\u00f6r\u00e4 = das Fahrrad<\/p>\n<p>auto = das Auto<\/p>\n<p>lentokone = der Flugzeug<\/p>\n<p>purjevene\/vene = das Boot<\/p>\n<p>laiva = der Schiff<\/p>\n<p>juna = der Zug<\/p>\n<p>mopo\/skootteri<\/p>\n<p>moottoripy\u00f6r\u00e4 = das Motorrad<\/p>\n<p>kuorma-auto = der LkW (Lastkraftwagen)<\/p>\n<p>potkulauta =\u00a0die Roller<\/p>\n","protected":false},"excerpt":{"rendered":"<p>Esitell\u00e4\u00e4n kulkuv\u00e4lineet vieraalla kielell\u00e4. Leikkin\u00e4: pantomiimi &#8211;&gt; ohjaaja sanoo (esim. en bil), lapset n\u00e4ytt\u00e4v\u00e4t (esim. py\u00f6ritt\u00e4v\u00e4t rattia, painavat kaasua). ENGLANTI polkupy\u00f6r\u00e4 = bike auto = car lentokone = plane purjevene\/vene = boat laiva = ship juna = train mopo\/skootteri = moped\/scooter moottoripy\u00f6r\u00e4 = motorbike kuorma-auto = truck potkulauta = scooter RUOTSI polkypy\u00f6r\u00e4 = en cykel &hellip; <\/p>\n<p class=\"link-more\"><a href=\"https:\/\/blog.edu.turku.fi\/kieko\/ideoita-kielen-tunneille\/kielimaistiaiset-makuja-kieliin\/kielimaistiaiset-makuja-kielii-i\/kulkuvalineet\/\" class=\"more-link\">Jatka lukemista<span class=\"screen-reader-text\"> &#8221;Kulkuv\u00e4lineet&#8221;<\/span><\/a><\/p>\n","protected":false},"author":2465,"featured_media":0,"parent":805,"menu_order":6,"comment_status":"closed","ping_status":"closed","template":"","meta":{"footnotes":""},"class_list":["post-605","page","type-page","status-publish","hentry"],"_links":{"self":[{"href":"https:\/\/blog.edu.turku.fi\/kieko\/wp-json\/wp\/v2\/pages\/605","targetHints":{"allow":["GET"]}}],"collection":[{"href":"https:\/\/blog.edu.turku.fi\/kieko\/wp-json\/wp\/v2\/pages"}],"about":[{"href":"https:\/\/blog.edu.turku.fi\/kieko\/wp-json\/wp\/v2\/types\/page"}],"author":[{"embeddable":true,"href":"https:\/\/blog.edu.turku.fi\/kieko\/wp-json\/wp\/v2\/users\/2465"}],"replies":[{"embeddable":true,"href":"https:\/\/blog.edu.turku.fi\/kieko\/wp-json\/wp\/v2\/comments?post=605"}],"version-history":[{"count":1,"href":"https:\/\/blog.edu.turku.fi\/kieko\/wp-json\/wp\/v2\/pages\/605\/revisions"}],"predecessor-version":[{"id":606,"href":"https:\/\/blog.edu.turku.fi\/kieko\/wp-json\/wp\/v2\/pages\/605\/revisions\/606"}],"up":[{"embeddable":true,"href":"https:\/\/blog.edu.turku.fi\/kieko\/wp-json\/wp\/v2\/pages\/805"}],"wp:attachment":[{"href":"https:\/\/blog.edu.turku.fi\/kieko\/wp-json\/wp\/v2\/media?parent=605"}],"curies":[{"name":"wp","href":"https:\/\/api.w.org\/{rel}","templated":true}]}}