{"id":597,"date":"2018-05-15T10:34:14","date_gmt":"2018-05-15T07:34:14","guid":{"rendered":"https:\/\/blog.edu.turku.fi\/kieko\/?page_id=597"},"modified":"2018-10-20T20:31:04","modified_gmt":"2018-10-20T17:31:04","slug":"varit","status":"publish","type":"page","link":"https:\/\/blog.edu.turku.fi\/kieko\/ideoita-kielen-tunneille\/kielimaistiaiset-makuja-kieliin\/kielimaistiaiset-makuja-kielii-i\/varit\/","title":{"rendered":"V\u00e4rit"},"content":{"rendered":"<p>Esitell\u00e4\u00e4n v\u00e4rit ohjatulla kielell\u00e4, mahdollisesti v\u00e4rikorttien avulla (ei v\u00e4ltt\u00e4m\u00e4t\u00f6nt\u00e4).<\/p>\n<p>V\u00e4rein\u00e4 punainen, keltainen, sininen, vihre\u00e4, oranssi, violetti, musta, valkoinen, ruskea, harmaa.<\/p>\n<p>Leikkin\u00e4: \u201d<em>Tee X teht\u00e4v\u00e4, jos sinulla on p\u00e4\u00e4ll\u00e4si X v\u00e4ri\u00e4.<\/em>\u201d V\u00e4ri sanotaan ohjatulla kielell\u00e4.<\/p>\n<ul>\n<li>Tee kyykkyhyppy, jos sinulla on p\u00e4\u00e4ll\u00e4si jotain\u2026<\/li>\n<li>Py\u00f6ri ymp\u00e4ri, jos sinulla on p\u00e4\u00e4ll\u00e4si jotain \u2026<\/li>\n<li>Taputa p\u00e4\u00e4lakeasi, jos sinulla on p\u00e4\u00e4ll\u00e4si jotain \u2026<\/li>\n<li>Hypi yhdell\u00e4 jalalla, jos sinulla on p\u00e4\u00e4ll\u00e4si jotain \u2026<\/li>\n<li>Taputa kaverin olkap\u00e4\u00e4t\u00e4, jos sinulla on p\u00e4\u00e4ll\u00e4si jotain \u2026<\/li>\n<li>Tee haarahyppy, jos sinulla on p\u00e4\u00e4ll\u00e4si jotain \u2026<\/li>\n<li>Vilkuta ohjaajalle, jos sinulla on p\u00e4\u00e4ll\u00e4si jotain \u2026<\/li>\n<li>Viittaa, jos sinulla on p\u00e4\u00e4ll\u00e4si jotain\u2026<\/li>\n<\/ul>\n<p><strong>ENGLANTI<\/strong><\/p>\n<p>punainen = \u00a0red<\/p>\n<p>keltainen = \u00a0yellow<\/p>\n<p>sininen = blue<\/p>\n<p>vihre\u00e4 = green<\/p>\n<p>oranssi = orange<\/p>\n<p>violetti = purple<\/p>\n<p>musta = black<\/p>\n<p>valkoinen = white<\/p>\n<p>ruskea = brown<\/p>\n<p>harmaa = grey<\/p>\n<p><strong>RUOTSI<\/strong><\/p>\n<p>punainen = r\u00f6d<\/p>\n<p>keltainen = gul<\/p>\n<p>sininen = bl\u00e5<\/p>\n<p>vihre\u00e4 = gr\u00f6n<\/p>\n<p>oranssi = orange<\/p>\n<p>violetti = violett<\/p>\n<p>musta = svart<\/p>\n<p>valkoinen = vit<\/p>\n<p>ruskea = brun<\/p>\n<p>harmaa = gr\u00e5<\/p>\n<p><strong>RANSKA<\/strong><\/p>\n<p>punainen = rouge<\/p>\n<p>keltainen = jaune<\/p>\n<p>sininen = bleu<\/p>\n<p>vihre\u00e4 = vert<\/p>\n<p>oranssi = orange<\/p>\n<p>violetti = violet<\/p>\n<p>musta = noir<\/p>\n<p>valkoinen = blanc<\/p>\n<p>ruskea = marron<\/p>\n<p>harmaa = gris<\/p>\n<p><strong>SAKSA<\/strong><\/p>\n<p>punainen = rot<\/p>\n<p>keltainen = gelb<\/p>\n<p>sininen = blau<\/p>\n<p>vihre\u00e4 = gr\u00fcn<\/p>\n<p>oranssi = orange<\/p>\n<p>violetti = lila<\/p>\n<p>musta = schwarz<\/p>\n<p>valkoinen = wei\u00df<\/p>\n<p>ruskea = braun<\/p>\n<p>harmaa = grau<\/p>\n<p>&nbsp;<\/p>\n<p>&nbsp;<\/p>\n","protected":false},"excerpt":{"rendered":"<p>Esitell\u00e4\u00e4n v\u00e4rit ohjatulla kielell\u00e4, mahdollisesti v\u00e4rikorttien avulla (ei v\u00e4ltt\u00e4m\u00e4t\u00f6nt\u00e4). V\u00e4rein\u00e4 punainen, keltainen, sininen, vihre\u00e4, oranssi, violetti, musta, valkoinen, ruskea, harmaa. Leikkin\u00e4: \u201dTee X teht\u00e4v\u00e4, jos sinulla on p\u00e4\u00e4ll\u00e4si X v\u00e4ri\u00e4.\u201d V\u00e4ri sanotaan ohjatulla kielell\u00e4. Tee kyykkyhyppy, jos sinulla on p\u00e4\u00e4ll\u00e4si jotain\u2026 Py\u00f6ri ymp\u00e4ri, jos sinulla on p\u00e4\u00e4ll\u00e4si jotain \u2026 Taputa p\u00e4\u00e4lakeasi, jos sinulla on p\u00e4\u00e4ll\u00e4si &hellip; <\/p>\n<p class=\"link-more\"><a href=\"https:\/\/blog.edu.turku.fi\/kieko\/ideoita-kielen-tunneille\/kielimaistiaiset-makuja-kieliin\/kielimaistiaiset-makuja-kielii-i\/varit\/\" class=\"more-link\">Jatka lukemista<span class=\"screen-reader-text\"> &#8221;V\u00e4rit&#8221;<\/span><\/a><\/p>\n","protected":false},"author":2465,"featured_media":0,"parent":805,"menu_order":3,"comment_status":"closed","ping_status":"closed","template":"","meta":{"footnotes":""},"class_list":["post-597","page","type-page","status-publish","hentry"],"_links":{"self":[{"href":"https:\/\/blog.edu.turku.fi\/kieko\/wp-json\/wp\/v2\/pages\/597","targetHints":{"allow":["GET"]}}],"collection":[{"href":"https:\/\/blog.edu.turku.fi\/kieko\/wp-json\/wp\/v2\/pages"}],"about":[{"href":"https:\/\/blog.edu.turku.fi\/kieko\/wp-json\/wp\/v2\/types\/page"}],"author":[{"embeddable":true,"href":"https:\/\/blog.edu.turku.fi\/kieko\/wp-json\/wp\/v2\/users\/2465"}],"replies":[{"embeddable":true,"href":"https:\/\/blog.edu.turku.fi\/kieko\/wp-json\/wp\/v2\/comments?post=597"}],"version-history":[{"count":1,"href":"https:\/\/blog.edu.turku.fi\/kieko\/wp-json\/wp\/v2\/pages\/597\/revisions"}],"predecessor-version":[{"id":598,"href":"https:\/\/blog.edu.turku.fi\/kieko\/wp-json\/wp\/v2\/pages\/597\/revisions\/598"}],"up":[{"embeddable":true,"href":"https:\/\/blog.edu.turku.fi\/kieko\/wp-json\/wp\/v2\/pages\/805"}],"wp:attachment":[{"href":"https:\/\/blog.edu.turku.fi\/kieko\/wp-json\/wp\/v2\/media?parent=597"}],"curies":[{"name":"wp","href":"https:\/\/api.w.org\/{rel}","templated":true}]}}