{"id":595,"date":"2018-05-15T10:31:09","date_gmt":"2018-05-15T07:31:09","guid":{"rendered":"https:\/\/blog.edu.turku.fi\/kieko\/?page_id=595"},"modified":"2018-10-20T20:30:56","modified_gmt":"2018-10-20T17:30:56","slug":"numerot","status":"publish","type":"page","link":"https:\/\/blog.edu.turku.fi\/kieko\/ideoita-kielen-tunneille\/kielimaistiaiset-makuja-kieliin\/kielimaistiaiset-makuja-kielii-i\/numerot\/","title":{"rendered":"Numerot"},"content":{"rendered":"<p>Esitell\u00e4\u00e4n numerot 1-10 k\u00e4ytt\u00e4en apuna sormia.<\/p>\n<p>Kuinka sanotaan oma ik\u00e4 (<em>Olen X-vuotias. Mink\u00e4 ik\u00e4inen sin\u00e4 olet?<\/em>), sisarusten tai lemmikkien lukum\u00e4\u00e4r\u00e4 (<em>Minulla on X siskoa\/velje\u00e4\/lemmikki\u00e4.<\/em>)<\/p>\n<p>Leikki: ohjaaja sanoo numeron ohjatulla kielell\u00e4, oppilaiden teht\u00e4v\u00e4 on muodostaa kehoistaan kyseisen numeron n\u00e4k\u00f6inen tai osoittaa sormilla, k\u00e4sien taputuksilla tms. sanottu numero (<em>Tee kehollasi numero X. N\u00e4yt\u00e4 sormillasi numero X.<\/em>)<\/p>\n<p>Kerrataan numero viel\u00e4 jokaisen teht\u00e4v\u00e4n j\u00e4lkeen \u00e4\u00e4neen: \u201d<em>T\u00e4m\u00e4 oli kolmonen.<\/em>\u201d<\/p>\n<p><strong><span style=\"text-align: left;color: #333333;text-indent: 0px;letter-spacing: normal;font-family: 'Libre Franklin','Helvetica Neue',helvetica,arial,sans-serif;font-size: 16px;font-style: normal;font-variant: normal;text-decoration: none;cursor: text;float: none;background-color: transparent\">ENGLANTI<\/span><\/strong><br \/>\n<span style=\"float: none;background-color: transparent;color: #333333;cursor: text;font-family: 'Libre Franklin','Helvetica Neue',helvetica,arial,sans-serif;font-size: 16px;font-style: normal;font-variant: normal;font-weight: 400;letter-spacing: normal;text-align: left;text-decoration: none;text-indent: 0px\">1 = one<\/span><br \/>\n<span style=\"float: none;background-color: transparent;color: #333333;cursor: text;font-family: 'Libre Franklin','Helvetica Neue',helvetica,arial,sans-serif;font-size: 16px;font-style: normal;font-variant: normal;font-weight: 400;letter-spacing: normal;text-align: left;text-decoration: none;text-indent: 0px\">2 = two <\/span><br \/>\n<span style=\"float: none;background-color: transparent;color: #333333;cursor: text;font-family: 'Libre Franklin','Helvetica Neue',helvetica,arial,sans-serif;font-size: 16px;font-style: normal;font-variant: normal;font-weight: 400;letter-spacing: normal;text-align: left;text-decoration: none;text-indent: 0px\">3 = three<\/span><br \/>\n<span style=\"float: none;background-color: transparent;color: #333333;cursor: text;font-family: 'Libre Franklin','Helvetica Neue',helvetica,arial,sans-serif;font-size: 16px;font-style: normal;font-variant: normal;font-weight: 400;letter-spacing: normal;text-align: left;text-decoration: none;text-indent: 0px\">4 = four<\/span><br \/>\n<span style=\"float: none;background-color: transparent;color: #333333;cursor: text;font-family: 'Libre Franklin','Helvetica Neue',helvetica,arial,sans-serif;font-size: 16px;font-style: normal;font-variant: normal;font-weight: 400;letter-spacing: normal;text-align: left;text-decoration: none;text-indent: 0px\">5 = five<\/span><br \/>\n<span style=\"float: none;background-color: transparent;color: #333333;cursor: text;font-family: 'Libre Franklin','Helvetica Neue',helvetica,arial,sans-serif;font-size: 16px;font-style: normal;font-variant: normal;font-weight: 400;letter-spacing: normal;text-align: left;text-decoration: none;text-indent: 0px\">6 = six<\/span><br \/>\n<span style=\"float: none;background-color: transparent;color: #333333;cursor: text;font-family: 'Libre Franklin','Helvetica Neue',helvetica,arial,sans-serif;font-size: 16px;font-style: normal;font-variant: normal;font-weight: 400;letter-spacing: normal;text-align: left;text-decoration: none;text-indent: 0px\">7 = seven<\/span><br \/>\n<span style=\"float: none;background-color: transparent;color: #333333;cursor: text;font-family: 'Libre Franklin','Helvetica Neue',helvetica,arial,sans-serif;font-size: 16px;font-style: normal;font-variant: normal;font-weight: 400;letter-spacing: normal;text-align: left;text-decoration: none;text-indent: 0px\">8 = eight<\/span><br \/>\n<span style=\"float: none;background-color: transparent;color: #333333;cursor: text;font-family: 'Libre Franklin','Helvetica Neue',helvetica,arial,sans-serif;font-size: 16px;font-style: normal;font-variant: normal;font-weight: 400;letter-spacing: normal;text-align: left;text-decoration: none;text-indent: 0px\">9 = nine<\/span><br \/>\n<span style=\"float: none;background-color: transparent;color: #333333;cursor: text;font-family: 'Libre Franklin','Helvetica Neue',helvetica,arial,sans-serif;font-size: 16px;font-style: normal;font-variant: normal;font-weight: 400;letter-spacing: normal;text-align: left;text-decoration: none;text-indent: 0px\">10 = ten<\/span><br \/>\n<span style=\"float: none;background-color: transparent;color: #333333;cursor: text;font-family: 'Libre Franklin','Helvetica Neue',helvetica,arial,sans-serif;font-size: 16px;font-style: normal;font-variant: normal;font-weight: 400;letter-spacing: normal;text-align: left;text-decoration: none;text-indent: 0px\">Olen X-vuotias. = I am X (years old). <\/span><br \/>\n<span style=\"float: none;background-color: transparent;color: #333333;cursor: text;font-family: 'Libre Franklin','Helvetica Neue',helvetica,arial,sans-serif;font-size: 16px;font-style: normal;font-variant: normal;font-weight: 400;letter-spacing: normal;text-align: left;text-decoration: none;text-indent: 0px\">Mink\u00e4 ik\u00e4inen sin\u00e4 olet? = How old are you?<\/span><br \/>\n<span style=\"float: none;background-color: transparent;color: #333333;cursor: text;font-family: 'Libre Franklin','Helvetica Neue',helvetica,arial,sans-serif;font-size: 16px;font-style: normal;font-variant: normal;font-weight: 400;letter-spacing: normal;text-align: left;text-decoration: none;text-indent: 0px\">Minulla on X siskoa\/velje\u00e4\/lemmikki\u00e4. = I have X sisters\/brothers\/pets.<\/span><\/p>\n<p><strong>RUOTSI<\/strong><br \/>\n1 = ett<br \/>\n2 = tv\u00e5<br \/>\n3 = tre<br \/>\n4 = fyra<br \/>\n5 = fem<br \/>\n6 = sex<br \/>\n7 = sju<br \/>\n8 = \u00e5tta<br \/>\n9 = nio<br \/>\n10 = tio<br \/>\nOlen X-vuotias. = Jag \u00e4r X \u00e5r gammal.<br \/>\nMink\u00e4 ik\u00e4inen sin\u00e4 olet? = Hur gammal \u00e4r du?<br \/>\nMinulla on X siskoa\/velje\u00e4\/lemmikki\u00e4.<\/p>\n<p><strong><span style=\"text-align: left;color: #333333;text-indent: 0px;letter-spacing: normal;font-family: 'Libre Franklin','Helvetica Neue',helvetica,arial,sans-serif;font-size: 16px;font-style: normal;font-variant: normal;text-decoration: none;cursor: text;float: none;background-color: transparent\">RANSKA<\/span><\/strong><br \/>\n<span style=\"float: none;background-color: transparent;color: #333333;cursor: text;font-family: 'Libre Franklin','Helvetica Neue',helvetica,arial,sans-serif;font-size: 16px;font-style: normal;font-variant: normal;font-weight: 400;letter-spacing: normal;text-align: left;text-decoration: none;text-indent: 0px\">1 = un<\/span><br \/>\n<span style=\"float: none;background-color: transparent;color: #333333;cursor: text;font-family: 'Libre Franklin','Helvetica Neue',helvetica,arial,sans-serif;font-size: 16px;font-style: normal;font-variant: normal;font-weight: 400;letter-spacing: normal;text-align: left;text-decoration: none;text-indent: 0px\">2 = deux<\/span><br \/>\n<span style=\"float: none;background-color: transparent;color: #333333;cursor: text;font-family: 'Libre Franklin','Helvetica Neue',helvetica,arial,sans-serif;font-size: 16px;font-style: normal;font-variant: normal;font-weight: 400;letter-spacing: normal;text-align: left;text-decoration: none;text-indent: 0px\">3 = trois<\/span><br \/>\n<span style=\"float: none;background-color: transparent;color: #333333;cursor: text;font-family: 'Libre Franklin','Helvetica Neue',helvetica,arial,sans-serif;font-size: 16px;font-style: normal;font-variant: normal;font-weight: 400;letter-spacing: normal;text-align: left;text-decoration: none;text-indent: 0px\">4 = quatre<\/span><br \/>\n<span style=\"float: none;background-color: transparent;color: #333333;cursor: text;font-family: 'Libre Franklin','Helvetica Neue',helvetica,arial,sans-serif;font-size: 16px;font-style: normal;font-variant: normal;font-weight: 400;letter-spacing: normal;text-align: left;text-decoration: none;text-indent: 0px\">5 = cinq<\/span><br \/>\n<span style=\"float: none;background-color: transparent;color: #333333;cursor: text;font-family: 'Libre Franklin','Helvetica Neue',helvetica,arial,sans-serif;font-size: 16px;font-style: normal;font-variant: normal;font-weight: 400;letter-spacing: normal;text-align: left;text-decoration: none;text-indent: 0px\">6 = six<\/span><br \/>\n<span style=\"float: none;background-color: transparent;color: #333333;cursor: text;font-family: 'Libre Franklin','Helvetica Neue',helvetica,arial,sans-serif;font-size: 16px;font-style: normal;font-variant: normal;font-weight: 400;letter-spacing: normal;text-align: left;text-decoration: none;text-indent: 0px\">7 = sept<\/span><br \/>\n<span style=\"float: none;background-color: transparent;color: #333333;cursor: text;font-family: 'Libre Franklin','Helvetica Neue',helvetica,arial,sans-serif;font-size: 16px;font-style: normal;font-variant: normal;font-weight: 400;letter-spacing: normal;text-align: left;text-decoration: none;text-indent: 0px\">8 = huit<\/span><br \/>\n<span style=\"float: none;background-color: transparent;color: #333333;cursor: text;font-family: 'Libre Franklin','Helvetica Neue',helvetica,arial,sans-serif;font-size: 16px;font-style: normal;font-variant: normal;font-weight: 400;letter-spacing: normal;text-align: left;text-decoration: none;text-indent: 0px\">9 = neuf<\/span><br \/>\n<span style=\"float: none;background-color: transparent;color: #333333;cursor: text;font-family: 'Libre Franklin','Helvetica Neue',helvetica,arial,sans-serif;font-size: 16px;font-style: normal;font-variant: normal;font-weight: 400;letter-spacing: normal;text-align: left;text-decoration: none;text-indent: 0px\">10 = dix<\/span><br \/>\n<span style=\"float: none;background-color: transparent;color: #333333;cursor: text;font-family: 'Libre Franklin','Helvetica Neue',helvetica,arial,sans-serif;font-size: 16px;font-style: normal;font-variant: normal;font-weight: 400;letter-spacing: normal;text-align: left;text-decoration: none;text-indent: 0px\">Olen X-vuotias. = J\u2019ai X ans<\/span><br \/>\n<span style=\"float: none;background-color: transparent;color: #333333;cursor: text;font-family: 'Libre Franklin','Helvetica Neue',helvetica,arial,sans-serif;font-size: 16px;font-style: normal;font-variant: normal;font-weight: 400;letter-spacing: normal;text-align: left;text-decoration: none;text-indent: 0px\">Mink\u00e4 ik\u00e4inen sin\u00e4 olet? = Tu as quel \u00e2ge ?<\/span><br \/>\n<span style=\"float: none;background-color: transparent;color: #333333;cursor: text;font-family: 'Libre Franklin','Helvetica Neue',helvetica,arial,sans-serif;font-size: 16px;font-style: normal;font-variant: normal;font-weight: 400;letter-spacing: normal;text-align: left;text-decoration: none;text-indent: 0px\">Minulla on X siskoa\/velje\u00e4\/lemmikki\u00e4. = J\u2019ai X soeurs\/ fr\u00e8res\/animaux.<\/span><\/p>\n<p><strong>SAKSA<\/strong><br \/>\n1 = eins<br \/>\n2 = zwei<br \/>\n3 = drei<br \/>\n4 = vier<br \/>\n5 = f\u00fcnf<br \/>\n6 = sechs<br \/>\n7 = sieben<br \/>\n8 = acht<br \/>\n9 = neun<br \/>\n10 = zehn<br \/>\nOlen X-vuotias. = Ich bin X Jahre alt.<br \/>\nMink\u00e4 ik\u00e4inen sin\u00e4 olet? = Wie alt bist du?<br \/>\nMinulla on X siskoa\/velje\u00e4\/lemmikki\u00e4. = Ich habe X Schwestern\/Br\u00fcder\/Haustiere.<\/p>\n","protected":false},"excerpt":{"rendered":"<p>Esitell\u00e4\u00e4n numerot 1-10 k\u00e4ytt\u00e4en apuna sormia. Kuinka sanotaan oma ik\u00e4 (Olen X-vuotias. Mink\u00e4 ik\u00e4inen sin\u00e4 olet?), sisarusten tai lemmikkien lukum\u00e4\u00e4r\u00e4 (Minulla on X siskoa\/velje\u00e4\/lemmikki\u00e4.) Leikki: ohjaaja sanoo numeron ohjatulla kielell\u00e4, oppilaiden teht\u00e4v\u00e4 on muodostaa kehoistaan kyseisen numeron n\u00e4k\u00f6inen tai osoittaa sormilla, k\u00e4sien taputuksilla tms. sanottu numero (Tee kehollasi numero X. N\u00e4yt\u00e4 sormillasi numero X.) Kerrataan &hellip; <\/p>\n<p class=\"link-more\"><a href=\"https:\/\/blog.edu.turku.fi\/kieko\/ideoita-kielen-tunneille\/kielimaistiaiset-makuja-kieliin\/kielimaistiaiset-makuja-kielii-i\/numerot\/\" class=\"more-link\">Jatka lukemista<span class=\"screen-reader-text\"> &#8221;Numerot&#8221;<\/span><\/a><\/p>\n","protected":false},"author":2465,"featured_media":0,"parent":805,"menu_order":2,"comment_status":"closed","ping_status":"closed","template":"","meta":{"footnotes":""},"class_list":["post-595","page","type-page","status-publish","hentry"],"_links":{"self":[{"href":"https:\/\/blog.edu.turku.fi\/kieko\/wp-json\/wp\/v2\/pages\/595","targetHints":{"allow":["GET"]}}],"collection":[{"href":"https:\/\/blog.edu.turku.fi\/kieko\/wp-json\/wp\/v2\/pages"}],"about":[{"href":"https:\/\/blog.edu.turku.fi\/kieko\/wp-json\/wp\/v2\/types\/page"}],"author":[{"embeddable":true,"href":"https:\/\/blog.edu.turku.fi\/kieko\/wp-json\/wp\/v2\/users\/2465"}],"replies":[{"embeddable":true,"href":"https:\/\/blog.edu.turku.fi\/kieko\/wp-json\/wp\/v2\/comments?post=595"}],"version-history":[{"count":1,"href":"https:\/\/blog.edu.turku.fi\/kieko\/wp-json\/wp\/v2\/pages\/595\/revisions"}],"predecessor-version":[{"id":596,"href":"https:\/\/blog.edu.turku.fi\/kieko\/wp-json\/wp\/v2\/pages\/595\/revisions\/596"}],"up":[{"embeddable":true,"href":"https:\/\/blog.edu.turku.fi\/kieko\/wp-json\/wp\/v2\/pages\/805"}],"wp:attachment":[{"href":"https:\/\/blog.edu.turku.fi\/kieko\/wp-json\/wp\/v2\/media?parent=595"}],"curies":[{"name":"wp","href":"https:\/\/api.w.org\/{rel}","templated":true}]}}