{"id":583,"date":"2018-05-15T09:47:47","date_gmt":"2018-05-15T06:47:47","guid":{"rendered":"https:\/\/blog.edu.turku.fi\/kieko\/?page_id=583"},"modified":"2019-12-08T16:46:50","modified_gmt":"2019-12-08T14:46:50","slug":"kielimaistiaiset-makuja-kieliin","status":"publish","type":"page","link":"https:\/\/blog.edu.turku.fi\/kieko\/ideoita-kielen-tunneille\/kielimaistiaiset-makuja-kieliin\/","title":{"rendered":"Kielimaistiaiset &#8211; Makuja kieliin!"},"content":{"rendered":"<p><em>Kielimaistiaiset &#8211; Makuja kieliin!<\/em> -projektin sivu.<\/p>\n<p>Kielimaistiaisia on toteutettu ja toteutetaan vuoden 2018 aikana, kev\u00e4\u00e4ll\u00e4 varhaiskasvatuksen yksik\u00f6iss\u00e4, syksyll\u00e4 alkuopetuksen luokissa.<\/p>\n<p><em>Kielimaistiaiset &#8211; Makuja kieliin!<\/em> II on jatkoa kev\u00e4\u00e4n Kielimaistiaiset -projektille. Tietoa kev\u00e4\u00e4n projektista sek\u00e4 projektin materiaali on l\u00f6ydett\u00e4viss\u00e4 seuraavasta linkist\u00e4: <a href=\"https:\/\/blog.edu.turku.fi\/kieko\/ideoita-kielen-tunneille\/kielimaistiaiset-makuja-kieliin\/kielimaistiaiset-makuja-kielii-i\/\"><em>Kielimaistiaiset &#8211; Makuja kieliin!<\/em> I<\/a>.<\/p>\n<p><em>Kielimaistiaiset &#8211; Makuja kieliin!<\/em> II -projektin vastuuhenkil\u00f6n\u00e4 toimi Henrik Hurme. Ohjaukset suunniteltiin syyskuussa 2018. Kielimaistiaiset toteutettiin loka-marraskuussa 2018 vierailemalla 2.luokilla. Opintokokonaisuudet rakennettiin teeman ymp\u00e4rille ja jokainen kokonaisuus on kuuden oppitunnin mittainen. Ne voi pit\u00e4\u00e4 my\u00f6s erillisin\u00e4. Projektin ohjaajat ja materiaalit\u00a0 (kielikohtaiset ohjeistukset l\u00f6ytyv\u00e4t klikkaamalla kielimaistiaiskielt\u00e4):<\/p>\n<p><a href=\"https:\/\/blog.edu.turku.fi\/kieko\/ideoita-kielen-tunneille\/kielimaistiaiset-makuja-kieliin\/englannin-kielimaistiaiset-opetellaan-englantia-maailmanymparysmatkalla\/\">Englanti<\/a>: Anniina Teittinen ja Mirjami Salminen<\/p>\n<p><a href=\"https:\/\/blog.edu.turku.fi\/kieko\/ideoita-kielen-tunneille\/kielimaistiaiset-makuja-kieliin\/ranskan-kielimaistiaiset-reissu-ranskassa-opetellaan-ranskaa-madame-moniquen-kanssa\/\">Ranska<\/a>: Emmi Lassila ja Jenna Saarni<\/p>\n<p><a href=\"https:\/\/blog.edu.turku.fi\/kieko\/ideoita-kielen-tunneille\/kielimaistiaiset-makuja-kieliin\/ruotsin-kielimaistiaiset-opitaan-ruotsia-huvikummussa-peppi-pitkatossun-kanssa\/\">Ruotsi<\/a>: Jasmin Nilsdorff ja Susanna Salminen<\/p>\n<p><a href=\"https:\/\/blog.edu.turku.fi\/kieko\/ideoita-kielen-tunneille\/kielimaistiaiset-makuja-kieliin\/saksan-kielimaistiaiset-bremenin-soittoniekat\/\">Saksa<\/a>: Aino-Liina Salo ja Riikka Lyytik\u00e4inen<\/p>\n<p>&nbsp;<\/p>\n","protected":false},"excerpt":{"rendered":"<p>Kielimaistiaiset &#8211; Makuja kieliin! -projektin sivu. Kielimaistiaisia on toteutettu ja toteutetaan vuoden 2018 aikana, kev\u00e4\u00e4ll\u00e4 varhaiskasvatuksen yksik\u00f6iss\u00e4, syksyll\u00e4 alkuopetuksen luokissa. Kielimaistiaiset &#8211; Makuja kieliin! II on jatkoa kev\u00e4\u00e4n Kielimaistiaiset -projektille. Tietoa kev\u00e4\u00e4n projektista sek\u00e4 projektin materiaali on l\u00f6ydett\u00e4viss\u00e4 seuraavasta linkist\u00e4: Kielimaistiaiset &#8211; Makuja kieliin! I. Kielimaistiaiset &#8211; Makuja kieliin! II -projektin vastuuhenkil\u00f6n\u00e4 toimi Henrik Hurme. &hellip; <\/p>\n<p class=\"link-more\"><a href=\"https:\/\/blog.edu.turku.fi\/kieko\/ideoita-kielen-tunneille\/kielimaistiaiset-makuja-kieliin\/\" class=\"more-link\">Jatka lukemista<span class=\"screen-reader-text\"> &#8221;Kielimaistiaiset &#8211; Makuja kieliin!&#8221;<\/span><\/a><\/p>\n","protected":false},"author":2465,"featured_media":0,"parent":118,"menu_order":5,"comment_status":"closed","ping_status":"closed","template":"","meta":{"footnotes":""},"class_list":["post-583","page","type-page","status-publish","hentry"],"_links":{"self":[{"href":"https:\/\/blog.edu.turku.fi\/kieko\/wp-json\/wp\/v2\/pages\/583","targetHints":{"allow":["GET"]}}],"collection":[{"href":"https:\/\/blog.edu.turku.fi\/kieko\/wp-json\/wp\/v2\/pages"}],"about":[{"href":"https:\/\/blog.edu.turku.fi\/kieko\/wp-json\/wp\/v2\/types\/page"}],"author":[{"embeddable":true,"href":"https:\/\/blog.edu.turku.fi\/kieko\/wp-json\/wp\/v2\/users\/2465"}],"replies":[{"embeddable":true,"href":"https:\/\/blog.edu.turku.fi\/kieko\/wp-json\/wp\/v2\/comments?post=583"}],"version-history":[{"count":20,"href":"https:\/\/blog.edu.turku.fi\/kieko\/wp-json\/wp\/v2\/pages\/583\/revisions"}],"predecessor-version":[{"id":1411,"href":"https:\/\/blog.edu.turku.fi\/kieko\/wp-json\/wp\/v2\/pages\/583\/revisions\/1411"}],"up":[{"embeddable":true,"href":"https:\/\/blog.edu.turku.fi\/kieko\/wp-json\/wp\/v2\/pages\/118"}],"wp:attachment":[{"href":"https:\/\/blog.edu.turku.fi\/kieko\/wp-json\/wp\/v2\/media?parent=583"}],"curies":[{"name":"wp","href":"https:\/\/api.w.org\/{rel}","templated":true}]}}