{"id":394,"date":"2017-11-13T18:10:06","date_gmt":"2017-11-13T16:10:06","guid":{"rendered":"https:\/\/blog.edu.turku.fi\/kieko\/?page_id=394"},"modified":"2017-11-14T10:59:48","modified_gmt":"2017-11-14T08:59:48","slug":"lasten-oikeuksien-paiva-20-11","status":"publish","type":"page","link":"https:\/\/blog.edu.turku.fi\/kieko\/kielitietoisen-koulun-teemapaivat\/lasten-oikeuksien-paiva-20-11\/","title":{"rendered":"Lapsen oikeuksien p\u00e4iv\u00e4 20.11."},"content":{"rendered":"<p><a href=\"https:\/\/www.lapsenoikeudet.fi\/\">Lapsenoikeudet.f<\/a>i\u00a0-sivustolta l\u00f6ytyy runsaasti materiaalia Lapsenoikeuksien p\u00e4iv\u00e4n tai vaikkapa viikon viettoon.<\/p>\n<p><strong>Reilu koulun materiaaleja<\/strong><\/p>\n<ul>\n<li><a href=\"https:\/\/www.lapsenoikeudet.fi\/lapsen-oikeuksien-paiva-ja-viikko\/2017-yhdenvertaisuus\/tapahtumat\/\">Ideoita lapsen oikeuksien viikolle<\/a><\/li>\n<li><a href=\"https:\/\/www.lapsenoikeudet.fi\/lapsille-ja-nuorille\/\">Lapsille ja nuorille<\/a><\/li>\n<\/ul>\n<p><strong>Unicefin materiaaleja<\/strong><\/p>\n<ul>\n<li><a href=\"https:\/\/unicef.studio.crasman.fi\/pub\/public\/pdf\/L%C3%B6yd%C3%A4_oikeus_juliste.pdf\">L\u00f6yd\u00e4 oikeus <\/a>&#8211; teht\u00e4v\u00e4 tunnille<\/li>\n<li>Kutsu <a href=\"https:\/\/www.unicef.fi\/pyyda-vierailijaa\/\">vierailija Unicefin kautta kouluun kertomaan<\/a> Unicefista, lapsen oikeuksista tai muista globaalikasvatuksen teemoista.<\/li>\n<li><a href=\"https:\/\/www.unicef.fi\/koulut\/ihmisoikeus-ja-globaalikasvatusmateriaalit\/\">Ihmisoikeus- ja globaalikasvatuksen materiaaleja<\/a><\/li>\n<li><a href=\"https:\/\/www.unicef.fi\/tiedotus\/uutisarkisto\/\">Uutisarkiston<\/a> jutuista aamunavauksiksi<\/li>\n<\/ul>\n<p>&nbsp;<\/p>\n<p>&nbsp;<\/p>\n","protected":false},"excerpt":{"rendered":"<p>Lapsenoikeudet.fi\u00a0-sivustolta l\u00f6ytyy runsaasti materiaalia Lapsenoikeuksien p\u00e4iv\u00e4n tai vaikkapa viikon viettoon. Reilu koulun materiaaleja Ideoita lapsen oikeuksien viikolle Lapsille ja nuorille Unicefin materiaaleja L\u00f6yd\u00e4 oikeus &#8211; teht\u00e4v\u00e4 tunnille Kutsu vierailija Unicefin kautta kouluun kertomaan Unicefista, lapsen oikeuksista tai muista globaalikasvatuksen teemoista. Ihmisoikeus- ja globaalikasvatuksen materiaaleja Uutisarkiston jutuista aamunavauksiksi &nbsp; &nbsp;<\/p>\n","protected":false},"author":161,"featured_media":0,"parent":154,"menu_order":4,"comment_status":"closed","ping_status":"closed","template":"","meta":{"footnotes":""},"class_list":["post-394","page","type-page","status-publish","hentry"],"_links":{"self":[{"href":"https:\/\/blog.edu.turku.fi\/kieko\/wp-json\/wp\/v2\/pages\/394","targetHints":{"allow":["GET"]}}],"collection":[{"href":"https:\/\/blog.edu.turku.fi\/kieko\/wp-json\/wp\/v2\/pages"}],"about":[{"href":"https:\/\/blog.edu.turku.fi\/kieko\/wp-json\/wp\/v2\/types\/page"}],"author":[{"embeddable":true,"href":"https:\/\/blog.edu.turku.fi\/kieko\/wp-json\/wp\/v2\/users\/161"}],"replies":[{"embeddable":true,"href":"https:\/\/blog.edu.turku.fi\/kieko\/wp-json\/wp\/v2\/comments?post=394"}],"version-history":[{"count":10,"href":"https:\/\/blog.edu.turku.fi\/kieko\/wp-json\/wp\/v2\/pages\/394\/revisions"}],"predecessor-version":[{"id":409,"href":"https:\/\/blog.edu.turku.fi\/kieko\/wp-json\/wp\/v2\/pages\/394\/revisions\/409"}],"up":[{"embeddable":true,"href":"https:\/\/blog.edu.turku.fi\/kieko\/wp-json\/wp\/v2\/pages\/154"}],"wp:attachment":[{"href":"https:\/\/blog.edu.turku.fi\/kieko\/wp-json\/wp\/v2\/media?parent=394"}],"curies":[{"name":"wp","href":"https:\/\/api.w.org\/{rel}","templated":true}]}}