{"id":385,"date":"2017-11-13T16:12:13","date_gmt":"2017-11-13T14:12:13","guid":{"rendered":"https:\/\/blog.edu.turku.fi\/kieko\/?page_id=385"},"modified":"2017-11-14T10:56:44","modified_gmt":"2017-11-14T08:56:44","slug":"kansainvalinen-suvaitsevaisuuden-paiva-16-11","status":"publish","type":"page","link":"https:\/\/blog.edu.turku.fi\/kieko\/kielitietoisen-koulun-teemapaivat\/kansainvalinen-suvaitsevaisuuden-paiva-16-11\/","title":{"rendered":"Kansainv\u00e4linen suvaitsevaisuuden p\u00e4iv\u00e4 16.11."},"content":{"rendered":"<h1 id=\"page-title\" class=\"title\"><strong style=\"font-size: 1rem\"><em>International day for Tolerance<\/em><\/strong><\/h1>\n<div class=\"field field-name-body field-type-text-with-summary field-label-hidden\">\n<div class=\"field-items\">\n<div class=\"field-item even\">\n<p>YK:n yleiskokouksen julistamana kansainv\u00e4lisen\u00e4 suvaitsevaisuuden p\u00e4iv\u00e4n\u00e4 meit\u00e4 kaikkia pyydet\u00e4\u00e4n muistamaan, kuinka olennaista ihmisten moninaisuuden, vapauden ja tasa-arvon kunnioittaminen on kansainv\u00e4liselle rauhalle sek\u00e4 taloudelliselle ja sosiaaliselle kehitykselle. Samana p\u00e4iv\u00e4n\u00e4 on my\u00f6s hyv\u00e4ksytty Unescon suvaitsevaisuuden periaatteiden julistus, jossa todetaan kaikkien ihmisten jakamat ihmisoikeudet. (L\u00e4hde: <a href=\"http:\/\/www.ykliitto.fi\/tapahtumat\/kansainvalinen-suvaitsevaisuuden-paiva\">YK-liiton sivut<\/a>)<\/p>\n<\/div>\n<\/div>\n<\/div>\n<ul>\n<li>Tietoa ihimisoikeuksista ja materiaaleja ihmisoikeuskasvatukseen <a href=\"http:\/\/www.ihmisoikeudet.net\/\">ihmisoikeudet.net <\/a>-sivuilta (esim. <a href=\"http:\/\/www.ihmisoikeudet.net\/opettajalle\/toiminnallisia-harjoituksia\/\">toiminnallisia harjoituksia<\/a>)<\/li>\n<li><a href=\"http:\/\/www.globalis.fi\/Globalis\">Globalis<\/a> &#8211; interaktiivinen Atlas, jonka avulla voit luoda tilastoja &amp; karttoja maailman tilanteesta nostaen esiin yht\u00e4l\u00e4isyyksi\u00e4 ja eroja<\/li>\n<li>YK-liiton sivuilta l\u00f6ytyy tietoa <a href=\"http:\/\/www.ykliitto.fi\/node\/1696\">kansainv\u00e4lisen suvaitsevaisuuden p\u00e4iv\u00e4st\u00e4<\/a><\/li>\n<li><a href=\"http:\/\/www.ykliitto.fi\/node\/1697\">Teht\u00e4vi\u00e4<\/a> oppitunneille aiheeseen liittyen<\/li>\n<li><a href=\"https:\/\/together.un.org\/\">Together -kampanjan<\/a> kotisivuilta l\u00f6ytyy mm. <a href=\"http:\/\/together.un.org\/videos-2\">videoita<\/a> suvaitsevaisuuteen ja pakolaisuuteen liittyen<\/li>\n<li><a href=\"http:\/\/www.un.org\/en\/events\/toleranceday\/index.shtml\">Unescon sivuilta<\/a> p\u00e4iv\u00e4st\u00e4 lis\u00e4tietoa sen virallisilla kielill\u00e4<\/li>\n<\/ul>\n<p><strong>Ihmisoikeuksien rakennuspalikat &#8211; video englanniksi<\/strong><\/p>\n<p><iframe loading=\"lazy\" title=\"Building Blocks of Human Rights (English Subtitles)\" width=\"525\" height=\"295\" src=\"https:\/\/www.youtube.com\/embed\/zCLunSZE1Yo?feature=oembed\" frameborder=\"0\" allow=\"accelerometer; autoplay; clipboard-write; encrypted-media; gyroscope; picture-in-picture; web-share\" referrerpolicy=\"strict-origin-when-cross-origin\" allowfullscreen><\/iframe><\/p>\n<p><strong>Ihmisoikeudet selitettyn\u00e4 animaation kautta &#8211; englanniksi<\/strong><\/p>\n<p><iframe loading=\"lazy\" title=\"Human Rights Explained In A Beautiful Two Minute Animation\" width=\"525\" height=\"295\" src=\"https:\/\/www.youtube.com\/embed\/pRGhrYmUjU4?feature=oembed\" frameborder=\"0\" allow=\"accelerometer; autoplay; clipboard-write; encrypted-media; gyroscope; picture-in-picture; web-share\" referrerpolicy=\"strict-origin-when-cross-origin\" allowfullscreen><\/iframe><\/p>\n","protected":false},"excerpt":{"rendered":"<p>International day for Tolerance YK:n yleiskokouksen julistamana kansainv\u00e4lisen\u00e4 suvaitsevaisuuden p\u00e4iv\u00e4n\u00e4 meit\u00e4 kaikkia pyydet\u00e4\u00e4n muistamaan, kuinka olennaista ihmisten moninaisuuden, vapauden ja tasa-arvon kunnioittaminen on kansainv\u00e4liselle rauhalle sek\u00e4 taloudelliselle ja sosiaaliselle kehitykselle. Samana p\u00e4iv\u00e4n\u00e4 on my\u00f6s hyv\u00e4ksytty Unescon suvaitsevaisuuden periaatteiden julistus, jossa todetaan kaikkien ihmisten jakamat ihmisoikeudet. (L\u00e4hde: YK-liiton sivut) Tietoa ihimisoikeuksista ja materiaaleja ihmisoikeuskasvatukseen ihmisoikeudet.net -sivuilta &hellip; <\/p>\n<p class=\"link-more\"><a href=\"https:\/\/blog.edu.turku.fi\/kieko\/kielitietoisen-koulun-teemapaivat\/kansainvalinen-suvaitsevaisuuden-paiva-16-11\/\" class=\"more-link\">Jatka lukemista<span class=\"screen-reader-text\"> &#8221;Kansainv\u00e4linen suvaitsevaisuuden p\u00e4iv\u00e4 16.11.&#8221;<\/span><\/a><\/p>\n","protected":false},"author":161,"featured_media":0,"parent":154,"menu_order":3,"comment_status":"closed","ping_status":"closed","template":"","meta":{"footnotes":""},"class_list":["post-385","page","type-page","status-publish","hentry"],"_links":{"self":[{"href":"https:\/\/blog.edu.turku.fi\/kieko\/wp-json\/wp\/v2\/pages\/385","targetHints":{"allow":["GET"]}}],"collection":[{"href":"https:\/\/blog.edu.turku.fi\/kieko\/wp-json\/wp\/v2\/pages"}],"about":[{"href":"https:\/\/blog.edu.turku.fi\/kieko\/wp-json\/wp\/v2\/types\/page"}],"author":[{"embeddable":true,"href":"https:\/\/blog.edu.turku.fi\/kieko\/wp-json\/wp\/v2\/users\/161"}],"replies":[{"embeddable":true,"href":"https:\/\/blog.edu.turku.fi\/kieko\/wp-json\/wp\/v2\/comments?post=385"}],"version-history":[{"count":8,"href":"https:\/\/blog.edu.turku.fi\/kieko\/wp-json\/wp\/v2\/pages\/385\/revisions"}],"predecessor-version":[{"id":408,"href":"https:\/\/blog.edu.turku.fi\/kieko\/wp-json\/wp\/v2\/pages\/385\/revisions\/408"}],"up":[{"embeddable":true,"href":"https:\/\/blog.edu.turku.fi\/kieko\/wp-json\/wp\/v2\/pages\/154"}],"wp:attachment":[{"href":"https:\/\/blog.edu.turku.fi\/kieko\/wp-json\/wp\/v2\/media?parent=385"}],"curies":[{"name":"wp","href":"https:\/\/api.w.org\/{rel}","templated":true}]}}