{"id":330,"date":"2017-10-16T12:33:41","date_gmt":"2017-10-16T09:33:41","guid":{"rendered":"https:\/\/blog.edu.turku.fi\/kieko\/?page_id=330"},"modified":"2017-10-23T15:15:13","modified_gmt":"2017-10-23T12:15:13","slug":"ykn-paiva","status":"publish","type":"page","link":"https:\/\/blog.edu.turku.fi\/kieko\/kielitietoisen-koulun-teemapaivat\/ykn-paiva\/","title":{"rendered":"YK:n p\u00e4iv\u00e4 24.10."},"content":{"rendered":"<p><iframe loading=\"lazy\" title=\"YK:n historia (Suomen YK-liitto)\" width=\"525\" height=\"295\" src=\"https:\/\/www.youtube.com\/embed\/bp1vAZoG5Dg?feature=oembed\" frameborder=\"0\" allow=\"accelerometer; autoplay; clipboard-write; encrypted-media; gyroscope; picture-in-picture; web-share\" referrerpolicy=\"strict-origin-when-cross-origin\" allowfullscreen><\/iframe><\/p>\n<p><a href=\"https:\/\/blog.edu.turku.fi\/kieko\/files\/2017\/10\/YKn-p\u00e4iv\u00e4n-julisteet.pdf\">YK:n p\u00e4iv\u00e4n infojulisteet koulun\/luokan sein\u00e4lle<\/a><\/p>\n<p><a href=\"https:\/\/prezi.com\/a4hhhszs6o0-\/mika-on-yk\/?utm_campaign=share&amp;utm_medium=copy\">Lis\u00e4tietoa YK:sta<\/a><\/p>\n<p>YK:n p\u00e4iv\u00e4n viralliset sivut<\/p>\n<ul>\n<li><a href=\"http:\/\/www.un.org\/en\/events\/unday\/index.shtml\">englanniksi<\/a><\/li>\n<li><a href=\"http:\/\/www.un.org\/fr\/events\/unday\/index.shtml\">ranskaksi<\/a><\/li>\n<li><a href=\"http:\/\/www.un.org\/ru\/events\/unday\/index.shtml\">ven\u00e4j\u00e4ksi<\/a><\/li>\n<li><a href=\"http:\/\/www.un.org\/es\/events\/unday\/index.shtml\">espanjaksi<\/a><\/li>\n<\/ul>\n<p><a href=\"http:\/\/www.ykliitto.fi\/node\/1693\">Monialaisia kokonaisuuksia YK:hon liittyen<\/a><\/p>\n<p><a href=\"http:\/\/www.ykliitto.fi\/koulutus-ja-oppimateriaalit\/oppimateriaalit\/yk-kokousten-simulaatiot\">Simuloidut YK-kokoukset<\/a><\/p>\n<p><a href=\"http:\/\/www.ykliitto.fi\/koulutus-ja-oppimateriaalit\/oppimateriaalit\/maailmankansalaisen-kypsyyskoe\">Maailman kansalaisen kysyyskoe<\/a><\/p>\n<p><a href=\"http:\/\/www.ykliitto.fi\/node\/2393\">Suomen YK-liiton kokoama materiaalilista tunneille<\/a><\/p>\n","protected":false},"excerpt":{"rendered":"<p>YK:n p\u00e4iv\u00e4n infojulisteet koulun\/luokan sein\u00e4lle Lis\u00e4tietoa YK:sta YK:n p\u00e4iv\u00e4n viralliset sivut englanniksi ranskaksi ven\u00e4j\u00e4ksi espanjaksi Monialaisia kokonaisuuksia YK:hon liittyen Simuloidut YK-kokoukset Maailman kansalaisen kysyyskoe Suomen YK-liiton kokoama materiaalilista tunneille<\/p>\n","protected":false},"author":161,"featured_media":0,"parent":154,"menu_order":2,"comment_status":"closed","ping_status":"closed","template":"","meta":{"footnotes":""},"class_list":["post-330","page","type-page","status-publish","hentry"],"_links":{"self":[{"href":"https:\/\/blog.edu.turku.fi\/kieko\/wp-json\/wp\/v2\/pages\/330","targetHints":{"allow":["GET"]}}],"collection":[{"href":"https:\/\/blog.edu.turku.fi\/kieko\/wp-json\/wp\/v2\/pages"}],"about":[{"href":"https:\/\/blog.edu.turku.fi\/kieko\/wp-json\/wp\/v2\/types\/page"}],"author":[{"embeddable":true,"href":"https:\/\/blog.edu.turku.fi\/kieko\/wp-json\/wp\/v2\/users\/161"}],"replies":[{"embeddable":true,"href":"https:\/\/blog.edu.turku.fi\/kieko\/wp-json\/wp\/v2\/comments?post=330"}],"version-history":[{"count":9,"href":"https:\/\/blog.edu.turku.fi\/kieko\/wp-json\/wp\/v2\/pages\/330\/revisions"}],"predecessor-version":[{"id":357,"href":"https:\/\/blog.edu.turku.fi\/kieko\/wp-json\/wp\/v2\/pages\/330\/revisions\/357"}],"up":[{"embeddable":true,"href":"https:\/\/blog.edu.turku.fi\/kieko\/wp-json\/wp\/v2\/pages\/154"}],"wp:attachment":[{"href":"https:\/\/blog.edu.turku.fi\/kieko\/wp-json\/wp\/v2\/media?parent=330"}],"curies":[{"name":"wp","href":"https:\/\/api.w.org\/{rel}","templated":true}]}}