{"id":249,"date":"2017-09-25T14:11:37","date_gmt":"2017-09-25T11:11:37","guid":{"rendered":"https:\/\/blog.edu.turku.fi\/kieko\/?page_id=249"},"modified":"2019-09-07T20:17:18","modified_gmt":"2019-09-07T17:17:18","slug":"varhentajille-ja-alakouluu","status":"publish","type":"page","link":"https:\/\/blog.edu.turku.fi\/kieko\/ideoita-kielen-tunneille\/varhentajille-ja-alakouluu\/","title":{"rendered":"Varhentajille ja alakouluun"},"content":{"rendered":"<h5><\/h5>\n<h5>Yleist\u00e4:<\/h5>\n<h5><a href=\"https:\/\/blog.edu.turku.fi\/kieko\/ideoita-kielen-tunneille\/kielenopetuksen-ryhmia-ja-verkostoja\/\">Kielen opetuksen ryhmi\u00e4 ja verkostoja<\/a><\/h5>\n<h5>FINSKA &#8211; S2<\/h5>\n<ul>\n<li><a href=\"https:\/\/www.kielinuppu.fi\/\">Kielinuppu<\/a> &#8211; lastenlauluja suomen opiskelun tueksi<\/li>\n<\/ul>\n<h5>Englanti<\/h5>\n<ul>\n<li><a href=\"https:\/\/www.itsybitsyfun.com\/worksheets.html\">Printattavia harjoitusmonisteita ja v\u00e4rityskuvia<\/a>, Itsybitsyfun<\/li>\n<li><a href=\"http:\/\/myenglishimages.com\/\">My English Images<\/a><\/li>\n<li><a href=\"https:\/\/peda.net\/jyvaskyla\/kielisuihkutus\/kjm\/englanti-luonnos\">Jyv\u00e4skyl\u00e4n kielisuihkumateriaaleja<\/a><\/li>\n<li><a href=\"https:\/\/peda.net\/kemi\/perusopetus\/kvkokh\/englanti\">Kemin kielisuihkumateriaaleja<\/a><\/li>\n<li><a href=\"http:\/\/kieliakehiin.blogit.tampere.fi\/materiaalit\/englanti\/\">Tampereen kielisuihkumateriaaleja<\/a><\/li>\n<li><a href=\"http:\/\/www.education.vic.gov.au\/languagesonline\/english\/english.htm\">Language online<\/a> &#8211; englanti<\/li>\n<li>\n<header><a href=\"https:\/\/peda.net\/ikaalinen\/koulut\/kikatus\/leikkej%C3%A4\/letjvmt\">Leikkej\u00e4 englannin tunneille ja vaikka muillekin tunneille<\/a><\/header>\n<\/li>\n<li>Niilo M\u00e4ki Instituutin sek\u00e4 Laukaan ja Muuramen kuntien materiaalipaketti: <a href=\"https:\/\/www.nmi.fi\/kaynnissa-olevat-hankkeet\/kielitaito-kuuluu-kaikille\/land-ahoy-varhennettua-englantia-esi-ja-alkuopetukseen\/\">Land Ahoy!<\/a><\/li>\n<\/ul>\n<h5>Espanja<\/h5>\n<ul>\n<li><a href=\"https:\/\/peda.net\/jyvaskyla\/kielisuihkutus\/kjm\/espanja\">Jyv\u00e4skyl\u00e4n kielisuihkumateriaaleja<\/a><\/li>\n<li><a href=\"http:\/\/kieliakehiin.blogit.tampere.fi\/materiaalit\/espanja\/\">Tampereen kielisuihkumateriaaleja<\/a><\/li>\n<li><a href=\"http:\/\/takelessons.com\/blog\/Spanish-worksheets-resources-z03\">S\u00e4hk\u00f6isi\u00e4 materiaaleja espanjan opetukseen &#8211; englanninkielinen sivusto<\/a><\/li>\n<li><a href=\"http:\/\/www.education.vic.gov.au\/languagesonline\/spanish\/spanish.htm\">Language online<\/a> &#8211; espanja<\/li>\n<\/ul>\n<h5>Ranska<\/h5>\n<ul>\n<li><a href=\"http:\/\/kieliakehiin.blogit.tampere.fi\/materiaalit\/ranska\/\">Tampereen kielisuihkumateriaaleja<\/a><\/li>\n<li><a href=\"https:\/\/www.youtube.com\/watch?v=WjhQvv9kexk&amp;list=RDWjhQvv9kexk&amp;t=63\">Comptines et chanson pour les petits<\/a> &#8211; Youtube<\/li>\n<li><a href=\"https:\/\/www11.edu.fi\/franceaventures\/\">France Aventures<\/a><\/li>\n<li><a href=\"http:\/\/www.education.vic.gov.au\/languagesonline\/french\/French.htm\">French online<\/a>, verkko-, kuuntelu- ja muita harjoituksia<\/li>\n<li><a href=\"http:\/\/www.bbc.co.uk\/schools\/primaryfrench\/worksheets_all_html.shtml\">Language lab\/BBC<\/a>, harjoituksia ja printtej\u00e4<\/li>\n<li><a href=\"http:\/\/www.education.vic.gov.au\/languagesonline\/french\/French.htm\">Language online<\/a>\u00a0&#8211; ranska<\/li>\n<li><a href=\"http:\/\/www.tivi5mondeplus.com\/dessins-animes\">TIVI5Monde<\/a><\/li>\n<li><a href=\"http:\/\/www.flevideo.com\/fle_video_quiz_beginning_start.php\">Video FLE<\/a><\/li>\n<\/ul>\n<h5>Ruotsi<\/h5>\n<ul>\n<li>svenska.nu &#8211; materiaalia teemoittain alakouluun:\u00a0\/<a href=\"http:\/\/svenskanu.fi\/laromaterial\/sprakberikadundervisning\/\">http:\/\/svenskanu.fi\/laromaterial\/sprakberikadundervisning\/<\/a><\/li>\n<li><a href=\"https:\/\/peda.net\/jyvaskyla\/kielisuihkutus\/kjm\/ruotsin-kieli\">Jyv\u00e4skyl\u00e4n kielisuihkumateriaaleja<\/a><\/li>\n<li><a href=\"https:\/\/peda.net\/kemi\/perusopetus\/kvkokh\/ruotsi\">Kemin kielisuihkumateriaaleja<\/a><\/li>\n<li><a href=\"http:\/\/kieliakehiin.blogit.tampere.fi\/materiaalit\/ruotsi\/\">Tampereen kielisuihkumateriaaleja<\/a><\/li>\n<li>Folkh\u00e4lsanin yll\u00e4pit\u00e4m\u00e4 materiaalipankki, textikortteja, kuvakortteja, eri aihealueita &#8211; <a href=\"https:\/\/www.folkhalsan.fi\/spraklekar\/\">Lek med spr\u00e5ket, folkhalsan.fi<\/a><\/li>\n<li><a href=\"https:\/\/www.youtube.com\/channel\/UCFk4TbAg7GPy5rkD1hLb-Jw\">G\u00e5spennan<\/a> &#8211; Youtubessa olevia lauluja ruotsiksi, eri aihealueita<\/li>\n<\/ul>\n<h5>Saksa<\/h5>\n<ul>\n<li><a href=\"https:\/\/peda.net\/jyvaskyla\/kielisuihkutus\/kjm\/saksan-kieli\">Jyv\u00e4skyl\u00e4n kielisuihkumateriaaleja<\/a><\/li>\n<li><a href=\"http:\/\/kieliakehiin.blogit.tampere.fi\/materiaalit\/saksa\/\">Tampereen kielisuihkumateriaaleja<\/a><\/li>\n<li><a href=\"http:\/\/www.education.vic.gov.au\/languagesonline\/german\/german.htm\">Language online<\/a> &#8211; saksa<\/li>\n<\/ul>\n","protected":false},"excerpt":{"rendered":"<p>Yleist\u00e4: Kielen opetuksen ryhmi\u00e4 ja verkostoja FINSKA &#8211; S2 Kielinuppu &#8211; lastenlauluja suomen opiskelun tueksi Englanti Printattavia harjoitusmonisteita ja v\u00e4rityskuvia, Itsybitsyfun My English Images Jyv\u00e4skyl\u00e4n kielisuihkumateriaaleja Kemin kielisuihkumateriaaleja Tampereen kielisuihkumateriaaleja Language online &#8211; englanti Leikkej\u00e4 englannin tunneille ja vaikka muillekin tunneille Niilo M\u00e4ki Instituutin sek\u00e4 Laukaan ja Muuramen kuntien materiaalipaketti: Land Ahoy! Espanja Jyv\u00e4skyl\u00e4n kielisuihkumateriaaleja &hellip; <\/p>\n<p class=\"link-more\"><a href=\"https:\/\/blog.edu.turku.fi\/kieko\/ideoita-kielen-tunneille\/varhentajille-ja-alakouluu\/\" class=\"more-link\">Jatka lukemista<span class=\"screen-reader-text\"> &#8221;Varhentajille ja alakouluun&#8221;<\/span><\/a><\/p>\n","protected":false},"author":161,"featured_media":0,"parent":118,"menu_order":2,"comment_status":"closed","ping_status":"closed","template":"","meta":{"footnotes":""},"class_list":["post-249","page","type-page","status-publish","hentry"],"_links":{"self":[{"href":"https:\/\/blog.edu.turku.fi\/kieko\/wp-json\/wp\/v2\/pages\/249","targetHints":{"allow":["GET"]}}],"collection":[{"href":"https:\/\/blog.edu.turku.fi\/kieko\/wp-json\/wp\/v2\/pages"}],"about":[{"href":"https:\/\/blog.edu.turku.fi\/kieko\/wp-json\/wp\/v2\/types\/page"}],"author":[{"embeddable":true,"href":"https:\/\/blog.edu.turku.fi\/kieko\/wp-json\/wp\/v2\/users\/161"}],"replies":[{"embeddable":true,"href":"https:\/\/blog.edu.turku.fi\/kieko\/wp-json\/wp\/v2\/comments?post=249"}],"version-history":[{"count":22,"href":"https:\/\/blog.edu.turku.fi\/kieko\/wp-json\/wp\/v2\/pages\/249\/revisions"}],"predecessor-version":[{"id":1366,"href":"https:\/\/blog.edu.turku.fi\/kieko\/wp-json\/wp\/v2\/pages\/249\/revisions\/1366"}],"up":[{"embeddable":true,"href":"https:\/\/blog.edu.turku.fi\/kieko\/wp-json\/wp\/v2\/pages\/118"}],"wp:attachment":[{"href":"https:\/\/blog.edu.turku.fi\/kieko\/wp-json\/wp\/v2\/media?parent=249"}],"curies":[{"name":"wp","href":"https:\/\/api.w.org\/{rel}","templated":true}]}}