{"id":245,"date":"2017-09-25T14:10:04","date_gmt":"2017-09-25T11:10:04","guid":{"rendered":"https:\/\/blog.edu.turku.fi\/kieko\/?page_id=245"},"modified":"2020-02-11T15:36:09","modified_gmt":"2020-02-11T13:36:09","slug":"materiaalia-monelle-kielelle","status":"publish","type":"page","link":"https:\/\/blog.edu.turku.fi\/kieko\/ideoita-kielen-tunneille\/materiaalia-monelle-kielelle\/","title":{"rendered":"Materiaalia monelle kielelle"},"content":{"rendered":"<h5>Alakoulun kielikerhoihin tai -tuokioihin<\/h5>\n<p>&nbsp;<\/p>\n<ul>\n<li><strong>TUNNISTA KIELI\u00a0 ja lippu!<\/strong> Valmis materiaalisetti kielten ja kulttuurien tutustumiseen (koonnut Anita Zenger)<\/li>\n<\/ul>\n<p>1: Ohje opettajallle: <a href=\"https:\/\/blog.edu.turku.fi\/kieko\/files\/2020\/02\/QR_kieltenesittely.pdf\">QR_kieltenesittely<\/a><\/p>\n<p>2: Tulostettava oppilaan moniste:<a href=\"https:\/\/blog.edu.turku.fi\/kieko\/files\/2020\/02\/QR_Postikorttipohjat.pdf\">QR_Postikorttipohjat<\/a><\/p>\n<p>3: Teht\u00e4v\u00e4n qr-koodit: <a href=\"https:\/\/blog.edu.turku.fi\/kieko\/files\/2020\/02\/QR_codes_languages1.pdf\">QR_codes_languages1)<\/a><\/p>\n<ul>\n<li><a href=\"http:\/\/www.kielireppu.fi\/\">Kielireppu<\/a>\u00a0!<\/li>\n<li><a href=\"http:\/\/www.kielitivoli.fi\/\">Kielitivoli<\/a><\/li>\n<li><a href=\"http:\/\/www.myllytonttu.fi\/\">Myllytonttu<\/a> -materiaali alakouluun (Huom! toimii parhaiten Internet Explorer -selaimella)<\/li>\n<li><a href=\"https:\/\/www.kieliverkosto.fi\/fi\/tassu-tiu\">Tassu ja Tiu<\/a> (ideoita ja linkkej\u00e4 opettajalle, oppilaalle ja huoltajalle)<\/li>\n<\/ul>\n<h5>Tulostettavaa materiaalia<\/h5>\n<ul>\n<li><a href=\"http:\/\/myenglishimages.com\/\">My English Images<\/a> &#8211; valmiita kuvakortteja kaikilla kielill\u00e4 k\u00e4ytett\u00e4v\u00e4ksi<\/li>\n<li><a href=\"http:\/\/kieliakehiin.blogit.tampere.fi\/materiaalit\/kielikortit-2\/\">Tampereen kielikortit<\/a><\/li>\n<li><a href=\"https:\/\/peda.net\/jyvaskyla\/kielisuihkutus\/kjm\/kaikille-kielille\/kuvakortteja\">Jyv\u00e4skyl\u00e4n kuvakortteja kielenopetukseen<\/a><\/li>\n<li><a href=\"https:\/\/lfi-fi-bin.directo.fi\/@Bin\/f38780647e4713ef0ab4ae2a240f663d\/1506402691\/application\/pdf\/214842\/Fun%20with%20Flashcards%20-%20English%20Teachers%20cookbook%20for%20teaching%20English%20with%20flashcards.pdf\">Fun with flascards<\/a>, ideoita kuvakorttien k\u00e4ytt\u00f6\u00f6n osana opetusta, materiaali englanniksi, mutta korttiprintit k\u00e4ytett\u00e4viss\u00e4 kaikilla kielill\u00e4.<\/li>\n<li><a href=\"http:\/\/www.education.vic.gov.au\/languagesonline\/games\/tetris\/Tetris%20clip%20art.zip\">Kuvakortteja<\/a>, ladattava zip-tiedosto (vaatteita, v\u00e4rej\u00e4, numeroita, ruokaa, huonekaluja, taloja, koulutarvikkeita, kulkuv\u00e4lineit\u00e4)<\/li>\n<\/ul>\n<h5>ty\u00f6kaluja ja liikett\u00e4 kielten opetukseen<\/h5>\n<ul>\n<li><a href=\"http:\/\/www.zodiak.fi\/talk\">ZODIAK\/Talk<\/a> &#8211; hankkeen videot<\/li>\n<li><a href=\"https:\/\/www.xn--leikkipiv-12ac.fi\/\">Leikkip\u00e4iv\u00e4<\/a><\/li>\n<li><a href=\"https:\/\/kielipelittaa.wordpress.com\/\">Kieli pelitt\u00e4\u00e4<\/a><\/li>\n<li><a href=\"https:\/\/www.laulau.fi\/28\">Sjung och rita \/ Laulupiirt\u00e4minen<\/a><\/li>\n<li><a href=\"https:\/\/peda.net\/jyvaskyla\/kielisuihkutus\/kjm\/kaikille-kielille\/pjl\">Leikkej\u00e4 ja pelej\u00e4<\/a>, Jyv\u00e4skyl\u00e4n kielisuihkutus<\/li>\n<li><a href=\"https:\/\/oneminutesport.fi\/\">One Minute Sport<\/a><\/li>\n<\/ul>\n<h5>Digi<\/h5>\n<ul>\n<li><a href=\"https:\/\/lyricstraining.com\/en\">Lyricstraining<\/a><\/li>\n<li><a href=\"https:\/\/www.audio-lingua.eu\/?lang=en\">Audiolingua<\/a><\/li>\n<li><a href=\"http:\/\/www.ecml.at\/ECML-Programme\/Programme2012-2015\/ICT-REVandmoreDOTS\/ICT\/tabid\/1906\/language\/en-GB\/Default.aspx\">Inventory of ICT tools and open educational resources<\/a>, ECML<\/li>\n<li><a href=\"https:\/\/info.flipgrid.com\/\">Flipgrid<\/a><\/li>\n<li><a href=\"https:\/\/www.postermywall.com\/\">Postermywall<\/a><\/li>\n<li><a href=\"http:\/\/www.education.vic.gov.au\/languagesonline\/default.htm\">Language online<\/a> -materiaaleja<\/li>\n<li><a href=\"http:\/\/kielisalkku.edu.fi\/\">Eurooppalainen kielisalkku<\/a> &#8211; <a href=\"https:\/\/icecreamapps.com\/Screen-Recorder\/\">EKS ty\u00f6kalupakki<\/a><\/li>\n<\/ul>\n<h5><\/h5>\n","protected":false},"excerpt":{"rendered":"<p>Alakoulun kielikerhoihin tai -tuokioihin &nbsp; TUNNISTA KIELI\u00a0 ja lippu! Valmis materiaalisetti kielten ja kulttuurien tutustumiseen (koonnut Anita Zenger) 1: Ohje opettajallle: QR_kieltenesittely 2: Tulostettava oppilaan moniste:QR_Postikorttipohjat 3: Teht\u00e4v\u00e4n qr-koodit: QR_codes_languages1) Kielireppu\u00a0! Kielitivoli Myllytonttu -materiaali alakouluun (Huom! toimii parhaiten Internet Explorer -selaimella) Tassu ja Tiu (ideoita ja linkkej\u00e4 opettajalle, oppilaalle ja huoltajalle) Tulostettavaa materiaalia My English &hellip; <\/p>\n<p class=\"link-more\"><a href=\"https:\/\/blog.edu.turku.fi\/kieko\/ideoita-kielen-tunneille\/materiaalia-monelle-kielelle\/\" class=\"more-link\">Jatka lukemista<span class=\"screen-reader-text\"> &#8221;Materiaalia monelle kielelle&#8221;<\/span><\/a><\/p>\n","protected":false},"author":161,"featured_media":0,"parent":118,"menu_order":1,"comment_status":"closed","ping_status":"closed","template":"","meta":{"footnotes":""},"class_list":["post-245","page","type-page","status-publish","hentry"],"_links":{"self":[{"href":"https:\/\/blog.edu.turku.fi\/kieko\/wp-json\/wp\/v2\/pages\/245","targetHints":{"allow":["GET"]}}],"collection":[{"href":"https:\/\/blog.edu.turku.fi\/kieko\/wp-json\/wp\/v2\/pages"}],"about":[{"href":"https:\/\/blog.edu.turku.fi\/kieko\/wp-json\/wp\/v2\/types\/page"}],"author":[{"embeddable":true,"href":"https:\/\/blog.edu.turku.fi\/kieko\/wp-json\/wp\/v2\/users\/161"}],"replies":[{"embeddable":true,"href":"https:\/\/blog.edu.turku.fi\/kieko\/wp-json\/wp\/v2\/comments?post=245"}],"version-history":[{"count":16,"href":"https:\/\/blog.edu.turku.fi\/kieko\/wp-json\/wp\/v2\/pages\/245\/revisions"}],"predecessor-version":[{"id":1444,"href":"https:\/\/blog.edu.turku.fi\/kieko\/wp-json\/wp\/v2\/pages\/245\/revisions\/1444"}],"up":[{"embeddable":true,"href":"https:\/\/blog.edu.turku.fi\/kieko\/wp-json\/wp\/v2\/pages\/118"}],"wp:attachment":[{"href":"https:\/\/blog.edu.turku.fi\/kieko\/wp-json\/wp\/v2\/media?parent=245"}],"curies":[{"name":"wp","href":"https:\/\/api.w.org\/{rel}","templated":true}]}}