{"id":217,"date":"2017-09-20T17:29:23","date_gmt":"2017-09-20T14:29:23","guid":{"rendered":"https:\/\/blog.edu.turku.fi\/kieko\/?page_id=217"},"modified":"2019-06-26T16:06:25","modified_gmt":"2019-06-26T13:06:25","slug":"kielenopetuksen-ryhmia-ja-verkostoja","status":"publish","type":"page","link":"https:\/\/blog.edu.turku.fi\/kieko\/ideoita-kielen-tunneille\/varhentajille-ja-alakouluu\/kielenopetuksen-ryhmia-ja-verkostoja\/","title":{"rendered":"Kielenopetuksen ryhmi\u00e4 ja verkostoja"},"content":{"rendered":"<h5>Facebook -ryhmi\u00e4<\/h5>\n<ul>\n<li><a href=\"https:\/\/www.facebook.com\/groups\/525694654440647\/\">Kielitietoisesti kouluissa\u00a0<\/a><\/li>\n<li><a href=\"https:\/\/www.facebook.com\/groups\/1545336295759258\/?ref=bookmarks\">Kielirikasteinen opetus \/ varhennettu englannin opetus<\/a><\/li>\n<li><a href=\"https:\/\/www.facebook.com\/groups\/335826486788601\/?ref=bookmarks\">Kielihankkeet<\/a><\/li>\n<li><a href=\"https:\/\/www.facebook.com\/groups\/347938548702048\/\">Alakoulun kieltenopetus<\/a><\/li>\n<li><a href=\"https:\/\/www.facebook.com\/groups\/1176796375687132\/?ref=bookmarks\">Yl\u00e4koulun kieltenopetus<\/a><\/li>\n<li><a href=\"https:\/\/www.facebook.com\/groups\/toiminnallinenkielioppi\/?ref=bookmarks\">Toiminnallinen kielen oppiminen<\/a><\/li>\n<li><a href=\"https:\/\/www.facebook.com\/groups\/931186890244830\/?ref=bookmarks\">Yksil\u00f6llinen oppiminen ja oppimisen omistajuus: kielet<\/a><\/li>\n<li><a href=\"https:\/\/www.facebook.com\/groups\/328660657327132\/\">X-breikki<\/a><\/li>\n<li><a href=\"https:\/\/www.facebook.com\/groups\/515137121913082\/\">Kansainv\u00e4lisyys ja globaalikasvatus kouluissa<\/a><\/li>\n<\/ul>\n<h5>Verkostoja<\/h5>\n<ul>\n<li><a href=\"http:\/\/www.polkka.info\/\">POLKKA<\/a><\/li>\n<li><a href=\"https:\/\/kvglops.wordpress.com\/\">GLOPS<\/a> &#8211; Kansainv\u00e4lisyys, globaalikasvatus ja OPS<\/li>\n<\/ul>\n","protected":false},"excerpt":{"rendered":"<p>Facebook -ryhmi\u00e4 Kielitietoisesti kouluissa\u00a0 Kielirikasteinen opetus \/ varhennettu englannin opetus Kielihankkeet Alakoulun kieltenopetus Yl\u00e4koulun kieltenopetus Toiminnallinen kielen oppiminen Yksil\u00f6llinen oppiminen ja oppimisen omistajuus: kielet X-breikki Kansainv\u00e4lisyys ja globaalikasvatus kouluissa Verkostoja POLKKA GLOPS &#8211; Kansainv\u00e4lisyys, globaalikasvatus ja OPS<\/p>\n","protected":false},"author":161,"featured_media":0,"parent":249,"menu_order":3,"comment_status":"closed","ping_status":"closed","template":"","meta":{"footnotes":""},"class_list":["post-217","page","type-page","status-publish","hentry"],"_links":{"self":[{"href":"https:\/\/blog.edu.turku.fi\/kieko\/wp-json\/wp\/v2\/pages\/217","targetHints":{"allow":["GET"]}}],"collection":[{"href":"https:\/\/blog.edu.turku.fi\/kieko\/wp-json\/wp\/v2\/pages"}],"about":[{"href":"https:\/\/blog.edu.turku.fi\/kieko\/wp-json\/wp\/v2\/types\/page"}],"author":[{"embeddable":true,"href":"https:\/\/blog.edu.turku.fi\/kieko\/wp-json\/wp\/v2\/users\/161"}],"replies":[{"embeddable":true,"href":"https:\/\/blog.edu.turku.fi\/kieko\/wp-json\/wp\/v2\/comments?post=217"}],"version-history":[{"count":3,"href":"https:\/\/blog.edu.turku.fi\/kieko\/wp-json\/wp\/v2\/pages\/217\/revisions"}],"predecessor-version":[{"id":221,"href":"https:\/\/blog.edu.turku.fi\/kieko\/wp-json\/wp\/v2\/pages\/217\/revisions\/221"}],"up":[{"embeddable":true,"href":"https:\/\/blog.edu.turku.fi\/kieko\/wp-json\/wp\/v2\/pages\/249"}],"wp:attachment":[{"href":"https:\/\/blog.edu.turku.fi\/kieko\/wp-json\/wp\/v2\/media?parent=217"}],"curies":[{"name":"wp","href":"https:\/\/api.w.org\/{rel}","templated":true}]}}