{"id":154,"date":"2017-09-16T12:16:50","date_gmt":"2017-09-16T09:16:50","guid":{"rendered":"https:\/\/blog.edu.turku.fi\/kieko\/?page_id=154"},"modified":"2018-10-20T21:45:36","modified_gmt":"2018-10-20T18:45:36","slug":"kielitietoisen-koulun-teemapaivat","status":"publish","type":"page","link":"https:\/\/blog.edu.turku.fi\/kieko\/kielitietoisen-koulun-teemapaivat\/","title":{"rendered":"Kielitietoisen koulun teemap\u00e4iv\u00e4t"},"content":{"rendered":"<h4>2017<\/h4>\n<h5>Elokuu<\/h5>\n<p>9.8. Kansainv\u00e4linen alkuper\u00e4iskansojen p\u00e4iv\u00e4<\/p>\n<h5>Syyskuu<\/h5>\n<p>8.9. Kansainv\u00e4linen lukutaidon p\u00e4iv\u00e4<\/p>\n<p>21.9. Kansainv\u00e4linen rauhan p\u00e4iv\u00e4<\/p>\n<p>26.9.<a href=\"https:\/\/blog.edu.turku.fi\/kieko\/esimerkkisivu\/kielitietoisen-koulun-teemapaivat\/euroopan-kielten-paiva-26-9\/\"> Euroopan kielten p\u00e4iv\u00e4<\/a><\/p>\n<h5>Lokakuu<\/h5>\n<p>24.10. <a href=\"https:\/\/blog.edu.turku.fi\/kieko\/kielitietoisen-koulun-teemapaivat\/ykn-paiva\/\">YK:n p\u00e4iv\u00e4<\/a><\/p>\n<h5>Marraskuu<\/h5>\n<p>16.11. <a href=\"https:\/\/blog.edu.turku.fi\/kieko\/kielitietoisen-koulun-teemapaivat\/kansainvalinen-suvaitsevaisuuden-paiva-16-11\/\">Kansainv\u00e4linen suvaitsevaisuuden p\u00e4iv\u00e4<\/a><\/p>\n<p>20.11. <a href=\"https:\/\/blog.edu.turku.fi\/kieko\/?page_id=394&amp;preview=true\">Lapsen oikeuksien p\u00e4iv\u00e4<\/a><\/p>\n<h5>Joulukuu<\/h5>\n<p>10.12. Ihmisoikeuksien p\u00e4iv\u00e4<\/p>\n<h4>2018<\/h4>\n<h5>Tammikuu<\/h5>\n<h5>Helmikuu<\/h5>\n<p>21.2. Kansainv\u00e4linen \u00e4idinkielen p\u00e4iv\u00e4 &#8211; Satakielikuukausi alkaa<\/p>\n<p>Satakielip\u00e4iv\u00e4<\/p>\n<h5>Maaliskuu<\/h5>\n<p>21.3. Rasisiminvastainen\u00a0p\u00e4iv\u00e4 &#8211; Satakielikuukausi p\u00e4\u00e4ttyy<\/p>\n<h5>Huhtikuu<\/h5>\n<h5>ToukokuU<\/h5>\n<p>9.5. Eurooppa-p\u00e4iv\u00e4<\/p>\n<p>21.5. Kansainv\u00e4lisen kulttuurisen monimuotoisuuden p\u00e4iv\u00e4<\/p>\n<h5>Syyskuu<\/h5>\n<p>26.9. <a href=\"https:\/\/blog.edu.turku.fi\/kieko\/2018\/10\/20\/euroopan-kielten-paiva-26-9-2018\/\">Euroopan kielten p\u00e4iv\u00e4<\/a><\/p>\n","protected":false},"excerpt":{"rendered":"<p>2017 Elokuu 9.8. Kansainv\u00e4linen alkuper\u00e4iskansojen p\u00e4iv\u00e4 Syyskuu 8.9. Kansainv\u00e4linen lukutaidon p\u00e4iv\u00e4 21.9. Kansainv\u00e4linen rauhan p\u00e4iv\u00e4 26.9. Euroopan kielten p\u00e4iv\u00e4 Lokakuu 24.10. YK:n p\u00e4iv\u00e4 Marraskuu 16.11. Kansainv\u00e4linen suvaitsevaisuuden p\u00e4iv\u00e4 20.11. Lapsen oikeuksien p\u00e4iv\u00e4 Joulukuu 10.12. Ihmisoikeuksien p\u00e4iv\u00e4 2018 Tammikuu Helmikuu 21.2. Kansainv\u00e4linen \u00e4idinkielen p\u00e4iv\u00e4 &#8211; Satakielikuukausi alkaa Satakielip\u00e4iv\u00e4 Maaliskuu 21.3. Rasisiminvastainen\u00a0p\u00e4iv\u00e4 &#8211; Satakielikuukausi p\u00e4\u00e4ttyy Huhtikuu ToukokuU &hellip; <\/p>\n<p class=\"link-more\"><a href=\"https:\/\/blog.edu.turku.fi\/kieko\/kielitietoisen-koulun-teemapaivat\/\" class=\"more-link\">Jatka lukemista<span class=\"screen-reader-text\"> &#8221;Kielitietoisen koulun teemap\u00e4iv\u00e4t&#8221;<\/span><\/a><\/p>\n","protected":false},"author":161,"featured_media":0,"parent":0,"menu_order":6,"comment_status":"closed","ping_status":"closed","template":"","meta":{"footnotes":""},"class_list":["post-154","page","type-page","status-publish","hentry"],"_links":{"self":[{"href":"https:\/\/blog.edu.turku.fi\/kieko\/wp-json\/wp\/v2\/pages\/154","targetHints":{"allow":["GET"]}}],"collection":[{"href":"https:\/\/blog.edu.turku.fi\/kieko\/wp-json\/wp\/v2\/pages"}],"about":[{"href":"https:\/\/blog.edu.turku.fi\/kieko\/wp-json\/wp\/v2\/types\/page"}],"author":[{"embeddable":true,"href":"https:\/\/blog.edu.turku.fi\/kieko\/wp-json\/wp\/v2\/users\/161"}],"replies":[{"embeddable":true,"href":"https:\/\/blog.edu.turku.fi\/kieko\/wp-json\/wp\/v2\/comments?post=154"}],"version-history":[{"count":12,"href":"https:\/\/blog.edu.turku.fi\/kieko\/wp-json\/wp\/v2\/pages\/154\/revisions"}],"predecessor-version":[{"id":819,"href":"https:\/\/blog.edu.turku.fi\/kieko\/wp-json\/wp\/v2\/pages\/154\/revisions\/819"}],"wp:attachment":[{"href":"https:\/\/blog.edu.turku.fi\/kieko\/wp-json\/wp\/v2\/media?parent=154"}],"curies":[{"name":"wp","href":"https:\/\/api.w.org\/{rel}","templated":true}]}}