{"id":143,"date":"2017-09-16T11:53:27","date_gmt":"2017-09-16T08:53:27","guid":{"rendered":"https:\/\/blog.edu.turku.fi\/kieko\/?page_id=143"},"modified":"2021-05-07T12:56:24","modified_gmt":"2021-05-07T09:56:24","slug":"taydennyskoulutukset","status":"publish","type":"page","link":"https:\/\/blog.edu.turku.fi\/kieko\/taydennyskoulutukset\/","title":{"rendered":"Koulutukset ja tapahtumat"},"content":{"rendered":"<h3>Hankerahoituksella toteutettavat koulutukset ovat p\u00e4\u00e4ttyneet. Turkulaisille opettajille j\u00e4rjestet\u00e4\u00e4n jatkossa lukuvuosittain pedagogisia iltap\u00e4ivi\u00e4 kaupungin varhennetun kielenopetuksen koordinaattorin toimesta.<\/h3>\n<p><strong><em>Muihin kuntiin VESO-kouluttamaan tai muuten inspiroimaan kielenopetuksessa voi tilata\u00a0 kouluttajaa KIEKOn kouluttajatiimist\u00e4. Opi leikkien koulutuksesta voit lukea lis\u00e4\u00e4 kohdasta &#8221;Kiekon kuulumisia&#8221;, lis\u00e4ksi tarjolla vinkkausta kielten opiskeluun ulkona, digin\u00e4&#8230;\u00a0 Kysy lis\u00e4\u00e4 s\u00e4hk\u00f6postitse!<br \/>\n<\/em><\/strong><\/p>\n<p><em><strong>Kouluttajat:<\/strong> <\/em><\/p>\n<p><em>Sanna Sova, luokanopettaja, ruotsinopettaja, kielikylpyopetus, varhennetun kielenopetuksen toiminnalliset toteutustavat<\/em><\/p>\n<p><em>Anita Zenger, englannin ja ranskan opettaja, Vuoden Kielenopettaja 2018, kielitutor<br \/>\n<\/em><\/p>\n<p><em>Pikke Syrj\u00e4-V\u00e4is\u00e4nen, luokanopettaja, alkuopetus, kaksikielinen opetus\/ CLIL-luokat, kielitutor<br \/>\n<\/em><\/p>\n<p><em>\u00a0<\/em><\/p>\n<p><em>Kaikkien s\u00e4hk\u00f6postit muotoa etunimi.sukunimi(at)turku.fi<\/em><\/p>\n<h5>MENNEET KOULUTUKSET:<\/h5>\n<p>lv 20-21:<\/p>\n<p><strong>Varhennetun kielenopetuksen perehdytysiltap\u00e4iv\u00e4t (sama sis\u00e4lt\u00f6, osallistu jompaankumpaan)<\/strong><\/p>\n<ul>\n<li><strong>ke 2.9. klo 14.15-16.15 <\/strong><strong><br \/>\n<\/strong><\/li>\n<li><strong>ma 5.10. klo 14.15-16.15\u00a0<\/strong><strong><br \/>\n<\/strong><\/li>\n<\/ul>\n<p><strong>Ohjelmassa:<\/strong><\/p>\n<ul>\n<li>mist\u00e4 A1-kielen OPS l\u00f6ytyy ja miten sit\u00e4 k\u00e4yt\u00e4nn\u00f6ss\u00e4 toteuttaa alkuopetuksessa<\/li>\n<li>n\u00e4in selvi\u00e4t materiaaliviidakossa: parhaat vinkit surffaukseen ja k\u00e4yt\u00e4nn\u00f6n vinkkej\u00e4 opetukseen<\/li>\n<li>aikaa keskustelulle ja kysymyksille<\/li>\n<li>The Zoo \u2013opetusaineiston esittely<\/li>\n<\/ul>\n<p>Teams-koulutukseen ei pakollista ennakkoilmoittautumista, mutta jos haluat sen n\u00e4kyv\u00e4n koulutushistoriassasi, ilmoittaudu SAPissa!<\/p>\n<p><strong>ti 8.9. klo 14-16 OPH:n webinaari <\/strong><strong>Vinkkej\u00e4 ja opetusmateriaaleja vuosiluokkien 1-2 A1-kielten opetukseen<\/strong><\/p>\n<p>Tarkempi\u00a0 ohjelma: <a href=\"https:\/\/blog.edu.turku.fi\/kieko\/files\/2020\/09\/Kutsu-8.9.2020-A1-kielen-opettajat-webinaarit-syksy-2020.docx\">Kutsu 8.9.2020, A1-kielen opettajat, webinaarit syksy 2020<\/a><\/p>\n<p>&nbsp;<\/p>\n<h5><strong>Aiempien hankevuosioen koulutukset ja<\/strong><strong> tapahtumat:<\/strong><\/h5>\n<p><em>KORONATILANTEEN TAKIA PERUTUT kev\u00e4\u00e4n 2020 pedagogiset iltap\u00e4iv\u00e4t varhennettuun kielenopetukseen:<\/em><\/p>\n<p>18.3. 2020 14.15-16\u00a0 Varhennettu kielenopetus pedagoginen iltap\u00e4iv\u00e4:\u00a0 Tule oppimaan Afrikan T\u00e4hti -pelin liikkuva kieliversio ja keskustelua ja menetelmi\u00e4 varhennetun kielenoppijan arviointiin (Bore-laiva)<\/p>\n<p>2.4. 2020 klo 14.15-16 Varhennettu kielenopetus pedagoginen iltap\u00e4iv\u00e4:<br \/>\nideoita p\u00e4\u00e4si\u00e4iseen ja loppukev\u00e4\u00e4seen (DATACITY\/Taitoa\/ kabinetti: PIletti&amp;Kippo)<\/p>\n<p>23.4. 2020 klo 14.15-16 Varhennettu kielenopetus pedagoginen iltap\u00e4iv\u00e4: Draamaideoita alkuopetuksen englantiin (Bore-laiva)<\/p>\n<div>19.5. 2020 klo 14.30-16 &#8221;VOPSie DAISY!&#8221; &#8211; kokous Turun ja Varsinais-Suomen alueen kielitutoreille tai &#8221;varhennusvastaaville&#8221;, kiitokset &amp; katse seuraavaan lukuvuoteen.\u00a0 Ilmoittaudu mukaan laittamalla s\u00e4hk\u00f6postia (sanna.sova(at)turku.fi).<\/div>\n<p>&nbsp;<\/p>\n<p>PIDETTYJ\u00c4 KOULUTUKSIA:<\/p>\n<p><strong>30.1.2020 klo 8.15-14.30 Varsinais-Suomen Varhennetun kielenopetuksen ty\u00f6pajap\u00e4iv\u00e4 <\/strong>Varhennetun A1-kielen opetuksen iloinen starttip\u00e4iv\u00e4 Varsinais-Suomen alueen opettajille. Mukaan mahtuu 60 osallistujaa.<br \/>\nKoulutuspaikka: Bore-laiva, Turku<br \/>\nAika: to 30.1. 2020 klo 8.15 &#8211; 14.30<br \/>\nP\u00e4iv\u00e4 muodostuu aloitusluennosta sek\u00e4 toiminnallisista ty\u00f6pajoista,. Tarkempi ohjelma l\u00e4hetet\u00e4\u00e4n s\u00e4hk\u00f6postiisi viikkoa ennen.\u00a0 Ilmoittautuminen p\u00e4\u00e4ttynyt; kysy viime hetken paikkoja sanna.sova(at)turku.fi.<\/p>\n<p><strong>28.11. klo 12.15- 15 Kieltenopettajien pedagoginen iltap\u00e4iv\u00e4<\/strong><\/p>\n<p>Paikka: Kabinetti Piletti-Kippo, Opetusravintola Taitoa (<span lang=\"fi\"><span style=\"font-family: Times New Roman,serif;font-size: medium\"><span style=\"color: black;font-family: Arial,sans-serif;font-size: small\">Lemmink\u00e4isenkatu 14-18B)<\/span><\/span><\/span><\/p>\n<p>Ilmoittautuminen: SAP hr (muut kuin turkulaiset s\u00e4hk\u00f6postilla sanna.sova(at)turku.fi)<\/p>\n<p>Ohjelma:\u00a0 <span style=\"font-size: small\"><em>Kieltenopetus ja arvioinnin monet vaatimukset<\/em><br \/>\n<em>Opetussuunnitelmien perusteiden mukaan arvioinnin teht\u00e4v\u00e4n\u00e4 on sek\u00e4 edist\u00e4\u00e4 oppimista (formatiivinen arviointi) ett\u00e4 arvioida oppimisen tuloksia (summatiivinen arviointi). Lis\u00e4ksi arvioinnin tulee olla monipuolista, yhdenvertaista, avointa, osallistavaa, oppilaat ja heid\u00e4n edellytyksens\u00e4 huomioivaa &#8211; ja vaikka mit\u00e4! Mit\u00e4 t\u00e4m\u00e4 kaikki tarkoittaa kieltenopetuksessa, ja miten sen kaiken ehtii? Kouluttaja Pirjo <span id=\"0.625271898950407\" class=\"highlight\">Pollari<\/span> (FT) toimii englanninopettajana Jyv\u00e4skyl\u00e4n normaalikoulussa (yl\u00e4koulu ja lukio). Arviointi on askarruttanut h\u00e4nt\u00e4 koko opettajauran ajan, ja niinp\u00e4 h\u00e4n on pohtinut, kokeillut ja tutkinut arviointia monelta kantilta jo 1990-luvulta alkaen.<\/em><br \/>\n<\/span><\/p>\n<p><strong>28.11. klo 15-16.30 Seasons Greetings!<\/strong> Paikka: Kabinetti Piletti-Kippo, Opetusravintola Taitoa (<span lang=\"fi\">Lemmink\u00e4isenkatu 14-18B)<\/span><\/p>\n<p>Jouluiset ideanyytt\u00e4rit, jossa jaetaan vinkkej\u00e4 lukuvuoden viimeisen kuukauden kielentunneille. Tilaisuuden aluksi hankkeen joulugl\u00f6git.<br \/>\nTilaisuudessa k\u00e4yd\u00e4\u00e4n l\u00e4pi my\u00f6s tammikuun varhennetun kielenopetuksen koulutusp\u00e4iv\u00e4n suunnitelmaa. Varsinais-Suomen varhentajat ja kaikki asiasta kiinnostuneet, tervetuloa! Ilmoittaudu <a href=\"https:\/\/forms.office.com\/Pages\/ResponsePage.aspx?id=A3yf5VlXsEavJ3rc4HcBgcH6ex4hKipEvBat1m64RiJUOUNUTFoyVlJHMFYwNTVLUEZTRDRaSjExUi4u\">t\u00e4st\u00e4.<\/a><\/p>\n<p>&nbsp;<\/p>\n<p><strong>ke 14.8<\/strong>. klo 14-16 Turun Kielitutoreiden aloituskokous (Bore-laiva, Regina-kabinetti)<\/p>\n<p><strong>ma 2.9.<\/strong> klo 8.30-14.30\u00a0 English is fun &#8211; or is it? Niilo M\u00e4ki &#8211; instituutin koulutus lukivaikeuden huomioimisesta englannin opetuksessa (Kielitietoisesti kouluissa -koulutus). Kohderyhm\u00e4: alakoulun englanninopettajat. Turkulaiset opettajat: ilmoittautuminen SAP hr (hakusanalla<em> lukivaikeus<\/em>), muut s\u00e4hk\u00f6postitse sanna.sova(at)turku.fi. (Bore-laiva, Baltic -sali) <strong>T\u00c4YNN\u00c4!<\/strong><\/p>\n<p><strong>10.9. ja 19.9. ja 2.10. klo 13.30 -16.30 <\/strong>TURUN KIELITUTORIT j\u00e4rjest\u00e4v\u00e4t kolme samansis\u00e4lt\u00f6ist\u00e4 OPS-perehdytysiltap\u00e4iv\u00e4\u00e4 A1-kielt\u00e4 1.-luokkalaisille opettaville. Koulutuspaikkana Luostarivuoren koulun Martin yksikk\u00f6. Ilmoittautuminen SAP hr.<\/p>\n<p><strong>19.9. klo 8.30-15 Kieltenopettajien verkostoitumisp\u00e4iv\u00e4<\/strong><\/p>\n<p>Turkulaisten kieltenopettajien verkostoitumisp\u00e4iv\u00e4, jossa aamup\u00e4iv\u00e4n teemana on mm. Turun kielipolku\/kielitarjonta, OPS2016: helmet ja haasteet kielenopettajan n\u00e4k\u00f6kulmasta, uudistuva arviointi, varhennetun A1-kielen vaikutus kielenopiskeluun ylemmill\u00e4\u00a0luokilla. Iltap\u00e4iv\u00e4ll\u00e4\u00a0koulutus Draamaa kieltentunneille! Kouluttajana Liisa Taimen(tanssipedagogi, draama- ja kieltenopettaja, Liikkuva koulu -mentori, Toiminnallisten opetusmetodien kehitt\u00e4j\u00e4 ja kouluttaja). Ilmoittautuminen SAP hr.<\/p>\n<p><strong>21.9. <\/strong>Sanoma-Pron varhennettujen kielten koulutusp\u00e4iv\u00e4, katso lis\u00e4\u00e4 <a href=\"http:\/\/uutiskirje.sanomapro.fi\/optiext\/optiextension.dll?ID=lq4E9tSKGLDqXjhismpwtS5Q6cedE%2B0KhQA5kIJkVKnJ1Ijgzwbp%2Bz3TJccQEbshFQQFG1EQMosWK8PBi8mD2yMAYnciis7ll1\">t\u00e4\u00e4lt\u00e4<\/a><\/p>\n<p><strong>\u00a03.10<\/strong>. OPH.n alueellinen\u00a0 VOPS -koulutus Turussa, katso lis\u00e4\u00e4<strong><a href=\"https:\/\/www.oph.fi\/fi\/koulutus-ja-tutkinnot\/a1-kielen-opetus-luokilla-1-2\"> t\u00e4st\u00e4<\/a><\/strong><\/p>\n<p><strong>3.10. klo 15.30-16.30 <\/strong>Varsinais-Suomen varhentajien syysstartti; verkostoidutaan ja viritell\u00e4\u00e4n yhteisi\u00e4 verkkoja varhennetun\u00a0 kielenopetuksen tueksi! Paikka: Scandic Julia Seipel-kabinetti. Mukaan kaikki kiinnostuneet, ilmoittaudu<a href=\"https:\/\/forms.office.com\/Pages\/ResponsePage.aspx?id=A3yf5VlXsEavJ3rc4HcBgcH6ex4hKipEvBat1m64RiJUNVdUNExPWFBPSDY0SEtCTVdDOUdPQjRQRC4u\"> t\u00e4st\u00e4<\/a>.<\/p>\n<p><strong>14.10. klo 14.15 -16<\/strong><em> Viuhkallinen Leikkej\u00e4<\/em>Tule oppimaan vinkkiviuhkan leikit &#8211; ne on sovellettavissa kaikille ik\u00e4ryhmille ja useaan eri kieleen. Viuhkan voit tulostaa Materiaalia -sivulta. Leikitt\u00e4j\u00e4n\u00e4 Anita Zenger, koulutuspaikka Bore. Ilmoittaudu mukaan <a href=\"https:\/\/forms.office.com\/Pages\/ResponsePage.aspx?id=A3yf5VlXsEavJ3rc4HcBgcH6ex4hKipEvBat1m64RiJUNVZOSDZLQkZZUlg3RkI5U1NWRFBRTjRRUy4u\">t\u00e4st\u00e4.<\/a><\/p>\n<p><strong>26.10. <\/strong>Sukolin varhentamiskoulutus Turussa, katso lis\u00e4\u00e4 <a href=\"https:\/\/www.sukol.fi\/toiminta\/koulutuskalenteri\">t\u00e4\u00e4lt\u00e4<\/a><\/p>\n<p><strong>6.11. klo 14-17 \u00a0Opi Leikkien<\/strong> &#8211; koulutus: \u00a0T\u00e4m\u00e4 toimii! -henkinen kolmen tunnin perehdytys varhennetun kielenopetuksen tueksi. Materiaalivinkkej\u00e4, toimintaa ja informaatiota mukavasssa paketissa. Avaimet k\u00e4teen -periaatteella ty\u00f6kaluja suoraan seuraaville tunneillesi! Paikka: Vasaram\u00e4en koulu (Lehmustien yksikk\u00f6)<\/p>\n<p>KORKEAKOULUJEN TARJOAMA T\u00c4YDENNYSKOULUTUS<\/p>\n<p><strong>Turun Yliopisto<\/strong><\/p>\n<p><a href=\"https:\/\/blogit.utu.fi\/vauhtiajavirikkeita\/?fbclid=IwAR2VQkThIAITI1RLImryoH17OsMQspOxkMKxFHohaFmIBf-twQI5-W9Dej4\">Vipin\u00e4\u00e4 ja virikkeit\u00e4 varhennettuun kielenopetukseen<\/a><\/p>\n<p><strong>Muualla Suomessa<\/strong><\/p>\n<ul>\n<li><a href=\"http:\/\/uutiskirje.hyplus.fi\/a\/s\/139715999-f51914a363865dcc4bb9045e2f069b17\/2121734\">Helsingin yliopiston t\u00e4ydennyskoulutusta<\/a><\/li>\n<li><a href=\"https:\/\/www.chydenius.fi\/opiskelu\/taydennyskoulutus\/kielten-opetuksen-varhaistaminen\">Kokkolan yliopistokeskus Chydeniuksen kieltenopetuksen koulutuksia kev\u00e4\u00e4ll\u00e4 2018<\/a><\/li>\n<li><a href=\"http:\/\/www.utu.fi\/fi\/yksikot\/edu\/yksikot\/sataoppi\/taydennys\/kieku\/Sivut\/home.aspx\">Kieli- ja kulttuuritietoinen opetus, TY<\/a><\/li>\n<li><a href=\"https:\/\/www.jyu.fi\/hytk\/fi\/laitokset\/kivi\/yhteistyo\/yhteiskunnallinen-vuorovaikutus\/opettajien-taydennyskoulutus\/varhaista-kielenoppimista-kaikkialla\">Varhaista kielenoppimista kaikkialla, Jyv\u00e4skyl\u00e4n yliopisto<\/a><a href=\"http:\/\/kauppa.hyplus.helsinki.fi\/Varhennettu-kielenopetus-syksy-2017?utm_source=hyplus_uutiskirje+&amp;utm_medium=email&amp;utm_campaign=Varhennettu_kielenopetus_syksy2017\"><br \/>\n<\/a><\/li>\n<\/ul>\n<hr \/>\n<p>&nbsp;<\/p>\n<h5><\/h5>\n","protected":false},"excerpt":{"rendered":"<p>Hankerahoituksella toteutettavat koulutukset ovat p\u00e4\u00e4ttyneet. Turkulaisille opettajille j\u00e4rjestet\u00e4\u00e4n jatkossa lukuvuosittain pedagogisia iltap\u00e4ivi\u00e4 kaupungin varhennetun kielenopetuksen koordinaattorin toimesta. Muihin kuntiin VESO-kouluttamaan tai muuten inspiroimaan kielenopetuksessa voi tilata\u00a0 kouluttajaa KIEKOn kouluttajatiimist\u00e4. Opi leikkien koulutuksesta voit lukea lis\u00e4\u00e4 kohdasta &#8221;Kiekon kuulumisia&#8221;, lis\u00e4ksi tarjolla vinkkausta kielten opiskeluun ulkona, digin\u00e4&#8230;\u00a0 Kysy lis\u00e4\u00e4 s\u00e4hk\u00f6postitse! Kouluttajat: Sanna Sova, luokanopettaja, ruotsinopettaja, kielikylpyopetus, varhennetun &hellip; <\/p>\n<p class=\"link-more\"><a href=\"https:\/\/blog.edu.turku.fi\/kieko\/taydennyskoulutukset\/\" class=\"more-link\">Jatka lukemista<span class=\"screen-reader-text\"> &#8221;Koulutukset ja tapahtumat&#8221;<\/span><\/a><\/p>\n","protected":false},"author":161,"featured_media":0,"parent":0,"menu_order":2,"comment_status":"closed","ping_status":"closed","template":"","meta":{"footnotes":""},"class_list":["post-143","page","type-page","status-publish","hentry"],"_links":{"self":[{"href":"https:\/\/blog.edu.turku.fi\/kieko\/wp-json\/wp\/v2\/pages\/143","targetHints":{"allow":["GET"]}}],"collection":[{"href":"https:\/\/blog.edu.turku.fi\/kieko\/wp-json\/wp\/v2\/pages"}],"about":[{"href":"https:\/\/blog.edu.turku.fi\/kieko\/wp-json\/wp\/v2\/types\/page"}],"author":[{"embeddable":true,"href":"https:\/\/blog.edu.turku.fi\/kieko\/wp-json\/wp\/v2\/users\/161"}],"replies":[{"embeddable":true,"href":"https:\/\/blog.edu.turku.fi\/kieko\/wp-json\/wp\/v2\/comments?post=143"}],"version-history":[{"count":183,"href":"https:\/\/blog.edu.turku.fi\/kieko\/wp-json\/wp\/v2\/pages\/143\/revisions"}],"predecessor-version":[{"id":1528,"href":"https:\/\/blog.edu.turku.fi\/kieko\/wp-json\/wp\/v2\/pages\/143\/revisions\/1528"}],"wp:attachment":[{"href":"https:\/\/blog.edu.turku.fi\/kieko\/wp-json\/wp\/v2\/media?parent=143"}],"curies":[{"name":"wp","href":"https:\/\/api.w.org\/{rel}","templated":true}]}}