{"id":1417,"date":"2020-02-05T13:05:41","date_gmt":"2020-02-05T11:05:41","guid":{"rendered":"https:\/\/blog.edu.turku.fi\/kieko\/?page_id=1417"},"modified":"2020-02-05T13:14:10","modified_gmt":"2020-02-05T11:14:10","slug":"kielitietoisesti-kouluissa-2017-2019","status":"publish","type":"page","link":"https:\/\/blog.edu.turku.fi\/kieko\/kielitietoisesti-kouluissa-2017-2019\/","title":{"rendered":"Kielitietoisesti kouluissa 2017-2019"},"content":{"rendered":"<p><strong>Kielitietoisesti kouluissa 2017-2019<br \/>\n<\/strong><\/p>\n<p>Kielitietoisesti kouluissa oli <strong>varhennetun kielenopetuksen<\/strong> ja <strong>kielitietoisuuden<\/strong> lis\u00e4\u00e4misen kaksivuotinen kehitt\u00e4mis- ja kokeiluhanke. Hanke toteutettiin Turun ja Raision sivistystoimien yhteisty\u00f6n\u00e4 ja Opetushallitus rahoitti sit\u00e4. <a href=\"http:\/\/www.oph.fi\/kehittamishankkeet\/kieltenkarkihanke\/varhentaminen\" target=\"_blank\" rel=\"noopener\">Kieltenopetuksen varhentamisen k\u00e4rkihankkeet<\/a> olivat osa <a href=\"http:\/\/minedu.fi\/documents\/1410845\/4583171\/Uusi+peruskoulu+-ohjelma+%289.9.2016%29\" target=\"_blank\" rel=\"noopener\">Uusi peruskoulu <\/a>ohjelmaa.<\/p>\n<p>Hankesuunnitelman mukaiset tavoitteet :\u00a0<a href=\"https:\/\/blog.edu.turku.fi\/kieko\/files\/2018\/08\/Kielitietoisesti-kouluissa-hanke-2017-19.pdf\">Kielitietoisesti kouluissa -hanke 2017-19<\/a><\/p>\n<p>&nbsp;<\/p>\n<p><strong>Kielen varhentamisen <\/strong><b>juhlaseminaari<\/b> pidettiin Finlandia-talossa 13.12.2018. Seminaarin voit katsoa <a href=\"http:\/\/videonet.fi\/web\/minedu\/20181213\/\">t\u00e4st\u00e4.<\/a><\/p>\n<p>&nbsp;<\/p>\n<p><strong>Hankkeen VARHENTAMINEN<\/strong><\/p>\n<p>Turussa ja Raisiossa kielenopetuksen varhentamista kokeiltiin lukuvuonna 2017- 18\u00a0 A2-kieliss\u00e4 2. luokilla yhteens\u00e4 19 ryhm\u00e4ss\u00e4. N\u00e4iss\u00e4 kaikissa varhentaminen jatkuu my\u00f6s lukuvuonna 2018 -19. Opiskeltavia kieli\u00e4 ovat espanja, englanti, finska, ranska, ruotsi ja saksa. Lukuvuonna 2018 -19 mukana oli viisi uutta koulua ja mm. englannin varhennusryhmi\u00e4. Varhaiskasvatuksen yksik\u00f6it\u00e4 oli mukana seitsem\u00e4n ja niiss\u00e4 tutustuttiin ranskaan, englantiin, ruotsiin ja espanjaan ja italiaan. Hanke kannusti my\u00f6s lyhyempikestoisiin kielenvarhentamiskokeiluihin Turussa ja Raisiossa. Kaikesta t\u00e4st\u00e4 voit lukea KUULUMISIA -sivustolta.<\/p>\n<h4>HANKEKOULUT JA -YKSIK\u00d6T<\/h4>\n<ul>\n<li>Topeliuksen koulu<\/li>\n<li>V\u00e4h\u00e4-Heikkil\u00e4n koulu<\/li>\n<li>Luostarivuoren koulu, Martin yksikk\u00f6<\/li>\n<li>Raunistulan koulu, (2.luokka)<\/li>\n<li>Vasaram\u00e4en koulu<\/li>\n<li>P\u00e4\u00e4skyvuoren koulu<\/li>\n<li>Ilpoisten koulu<\/li>\n<li>Sirkkala skola<\/li>\n<li>Cygnaeus skola<\/li>\n<li>Braheskolan<\/li>\n<li>Ihalan koulu, Raisio<\/li>\n<li>Krookilan koulu, Raisio<\/li>\n<li>Konsan koulu, Raisio<\/li>\n<li>Kerttulin p\u00e4iv\u00e4hoitoyksikk\u00f6, 6-vuotiaiden ryhm\u00e4<\/li>\n<li><strong> LUKUVUONNA 2018 -19 tervetuloa mukaan: <\/strong><\/li>\n<li>K\u00e4rs\u00e4m\u00e4en koulu, W\u00e4in\u00f6 Aaltosen koulu, Sirkkalabacken skola, Syv\u00e4lahti<\/li>\n<li>Seuraavat varhaiskasvatuksen p\u00e4iv\u00e4hoitoyksik\u00f6t: Kuuvuori, Rahjekatu, Paattinen, Syv\u00e4lahti (toiminta ei alkanut), Kukola ja Skolgatan<\/li>\n<\/ul>\n<h4>KIELITIETOISUUDEN KASVATTAMINEN<\/h4>\n<p>Varhetamiskokeilujen lis\u00e4ksi Kielitietoisesti kouluissa -hankkeen toisena tavoitteena oli kehitt\u00e4\u00e4 kouluja ja annettua opetusta entist\u00e4 kielitietoisemmaksi ja tukea opettajia kielikasvatusty\u00f6ss\u00e4. T\u00e4lt\u00e4 osin hanke koski kaikkia perusopetuksen luokkia 1-9. T\u00e4m\u00e4 toteutettiin tarjoamalla opettajille t\u00e4ydennyskoulutusta, j\u00e4rjest\u00e4m\u00e4ll\u00e4 tapahtumia ja kielitietoisuusl\u00e4hettil\u00e4iden vierailuina kouluilla sek\u00e4 kouluttamalla yhteis\u00f6kouluttajia. Ty\u00f6t\u00e4 tehtiin Turun yliopiston koordinoiman kehitt\u00e4mishankkeen <a href=\"http:\/\/dived.fi\/\">DivED<\/a>inkanssa yhteisty\u00f6ss\u00e4.<\/p>\n<p>Kiinnostuitko? Lue hankkeen loppuraportti t\u00e4st\u00e4.<\/p>\n","protected":false},"excerpt":{"rendered":"<p>Kielitietoisesti kouluissa 2017-2019 Kielitietoisesti kouluissa oli varhennetun kielenopetuksen ja kielitietoisuuden lis\u00e4\u00e4misen kaksivuotinen kehitt\u00e4mis- ja kokeiluhanke. Hanke toteutettiin Turun ja Raision sivistystoimien yhteisty\u00f6n\u00e4 ja Opetushallitus rahoitti sit\u00e4. Kieltenopetuksen varhentamisen k\u00e4rkihankkeet olivat osa Uusi peruskoulu ohjelmaa. Hankesuunnitelman mukaiset tavoitteet :\u00a0Kielitietoisesti kouluissa -hanke 2017-19 &nbsp; Kielen varhentamisen juhlaseminaari pidettiin Finlandia-talossa 13.12.2018. Seminaarin voit katsoa t\u00e4st\u00e4. &nbsp; Hankkeen VARHENTAMINEN &hellip; <\/p>\n<p class=\"link-more\"><a href=\"https:\/\/blog.edu.turku.fi\/kieko\/kielitietoisesti-kouluissa-2017-2019\/\" class=\"more-link\">Jatka lukemista<span class=\"screen-reader-text\"> &#8221;Kielitietoisesti kouluissa 2017-2019&#8221;<\/span><\/a><\/p>\n","protected":false},"author":2286,"featured_media":0,"parent":0,"menu_order":0,"comment_status":"closed","ping_status":"closed","template":"","meta":{"footnotes":""},"class_list":["post-1417","page","type-page","status-publish","hentry"],"_links":{"self":[{"href":"https:\/\/blog.edu.turku.fi\/kieko\/wp-json\/wp\/v2\/pages\/1417","targetHints":{"allow":["GET"]}}],"collection":[{"href":"https:\/\/blog.edu.turku.fi\/kieko\/wp-json\/wp\/v2\/pages"}],"about":[{"href":"https:\/\/blog.edu.turku.fi\/kieko\/wp-json\/wp\/v2\/types\/page"}],"author":[{"embeddable":true,"href":"https:\/\/blog.edu.turku.fi\/kieko\/wp-json\/wp\/v2\/users\/2286"}],"replies":[{"embeddable":true,"href":"https:\/\/blog.edu.turku.fi\/kieko\/wp-json\/wp\/v2\/comments?post=1417"}],"version-history":[{"count":4,"href":"https:\/\/blog.edu.turku.fi\/kieko\/wp-json\/wp\/v2\/pages\/1417\/revisions"}],"predecessor-version":[{"id":1428,"href":"https:\/\/blog.edu.turku.fi\/kieko\/wp-json\/wp\/v2\/pages\/1417\/revisions\/1428"}],"wp:attachment":[{"href":"https:\/\/blog.edu.turku.fi\/kieko\/wp-json\/wp\/v2\/media?parent=1417"}],"curies":[{"name":"wp","href":"https:\/\/api.w.org\/{rel}","templated":true}]}}