{"id":1375,"date":"2019-09-09T17:06:10","date_gmt":"2019-09-09T14:06:10","guid":{"rendered":"https:\/\/blog.edu.turku.fi\/kieko\/?page_id=1375"},"modified":"2020-03-11T13:55:10","modified_gmt":"2020-03-11T11:55:10","slug":"kielitutorit-2019-2020","status":"publish","type":"page","link":"https:\/\/blog.edu.turku.fi\/kieko\/kielitutorit-2019-2020\/","title":{"rendered":"Kielitutorit 2019-2020"},"content":{"rendered":"<p>Turussa toimii lukuvuonna 2019-20 nelj\u00e4 varhennetun kielenopetuksen tutoropettajaa. Heid\u00e4t voit kutsua oppitunnillesi yhteisopettajaksi tukemaan uuden opetussuunnitelmanmukaisessa kielenopetuksessa. Kielitutoreilta voit my\u00f6s kysy\u00e4 vinkkej\u00e4, ohjausta tai tukea liittyen A1-kielen opetukseen.<\/p>\n<p>Kielitutoreiden koulujalkautumiset sovitaan jokaisen opettajan kanssa erikseen, sill\u00e4 tutor haluaa valmistautua oppitunnille opettajan toiveiden mukaisesti. Mieti muutama aikaehdotus valmiiksi ja jos mahdollista, tilatkaa tutor kouluunne muutamaksi oppitunniksi per\u00e4kk\u00e4in (esim. useaan luokkaan samana p\u00e4iv\u00e4n\u00e4). <strong>Kev\u00e4\u00e4n 2020 vapaat ajat ovat (6.3.2020 tilanne):<\/strong><\/p>\n<p><strong>Maanantaisin:\u00a0<\/strong><\/p>\n<p><strong>6.4<\/strong>.klo 8-10,<strong> 20.4<\/strong>. klo8-10, <strong>27.4<\/strong>.\u00a0 klo10-13, <strong>4.5.<\/strong> klo8-10<\/p>\n<p><strong>Keskiviikkoisin:<\/strong><\/p>\n<p><strong>8.4.\u00a0<\/strong> klo11-13,\u00a0 <strong>15.4<\/strong>. klo 11-14, <strong>22.4.<\/strong>\u00a0 klo11-14<\/p>\n<p><strong>Torstaisin:<\/strong><\/p>\n<p><strong>19.3<\/strong>. klo9-13, <strong>26.3.<\/strong> 11-13<br \/>\n<strong>2.4<\/strong>. 11-13, <strong>16.4<\/strong>.klo10-13<br \/>\n<strong>\u00a023.4.<\/strong> klo9-13, <strong>14.5. <\/strong>klo 9-13<\/p>\n<p>Laita &#8221;tutortilauksesi&#8221; s\u00e4hk\u00f6postilla sanna.sova(at)turku.fi, ja tutor ottaa yhteytt\u00e4 sinuun n. viikon sis\u00e4ll\u00e4.<\/p>\n<p><strong><em>Kielitutorit (kuvassa vasemmalta oikealle):<\/em><\/strong><\/p>\n<p><em><strong>Anita Zenger<\/strong> <\/em>(Vasaram\u00e4en koulu): englannin ja ranskan opettaja, varhennetun kielenopetuksen kokemusta , Vuoden Kielenopettaja 2018<\/p>\n<p><em><strong>Pikke Syrj\u00e4-V\u00e4is\u00e4nen <\/strong><\/em>(W\u00e4in\u00f6 Aaltosen koulu); luokanopettaja, jolla pitk\u00e4 kokemus sek\u00e4 alkuopettajana ett\u00e4 englannin kieliluokan opettajana (CLIL)<\/p>\n<p><em><strong>Sanna Sova <\/strong><\/em>(Luostarivuoren koulu) luokanopettaja ja ruotsin opettaja, kielikylpypedagogiikan tuntemus<\/p>\n<p><em><strong>Krista Paavola <\/strong><\/em><em>(Hannunniitun koulu); erityisopettaja, englannin ja ruotsin lehtori<\/em><\/p>\n<p><img loading=\"lazy\" decoding=\"async\" class=\"alignnone wp-image-1394\" src=\"https:\/\/blog.edu.turku.fi\/kieko\/files\/2019\/10\/72323671_373099610240435_6923293148630220800_n-223x300.jpg\" alt=\"\" width=\"386\" height=\"519\" srcset=\"https:\/\/blog.edu.turku.fi\/kieko\/files\/2019\/10\/72323671_373099610240435_6923293148630220800_n-223x300.jpg 223w, https:\/\/blog.edu.turku.fi\/kieko\/files\/2019\/10\/72323671_373099610240435_6923293148630220800_n-762x1024.jpg 762w, https:\/\/blog.edu.turku.fi\/kieko\/files\/2019\/10\/72323671_373099610240435_6923293148630220800_n.jpg 1072w\" sizes=\"auto, (max-width: 386px) 100vw, 386px\" \/><\/p>\n<p>&nbsp;<\/p>\n<p>&nbsp;<\/p>\n","protected":false},"excerpt":{"rendered":"<p>Turussa toimii lukuvuonna 2019-20 nelj\u00e4 varhennetun kielenopetuksen tutoropettajaa. Heid\u00e4t voit kutsua oppitunnillesi yhteisopettajaksi tukemaan uuden opetussuunnitelmanmukaisessa kielenopetuksessa. Kielitutoreilta voit my\u00f6s kysy\u00e4 vinkkej\u00e4, ohjausta tai tukea liittyen A1-kielen opetukseen. Kielitutoreiden koulujalkautumiset sovitaan jokaisen opettajan kanssa erikseen, sill\u00e4 tutor haluaa valmistautua oppitunnille opettajan toiveiden mukaisesti. Mieti muutama aikaehdotus valmiiksi ja jos mahdollista, tilatkaa tutor kouluunne muutamaksi oppitunniksi &hellip; <\/p>\n<p class=\"link-more\"><a href=\"https:\/\/blog.edu.turku.fi\/kieko\/kielitutorit-2019-2020\/\" class=\"more-link\">Jatka lukemista<span class=\"screen-reader-text\"> &#8221;Kielitutorit 2019-2020&#8221;<\/span><\/a><\/p>\n","protected":false},"author":2286,"featured_media":0,"parent":0,"menu_order":0,"comment_status":"closed","ping_status":"closed","template":"","meta":{"footnotes":""},"class_list":["post-1375","page","type-page","status-publish","hentry"],"_links":{"self":[{"href":"https:\/\/blog.edu.turku.fi\/kieko\/wp-json\/wp\/v2\/pages\/1375","targetHints":{"allow":["GET"]}}],"collection":[{"href":"https:\/\/blog.edu.turku.fi\/kieko\/wp-json\/wp\/v2\/pages"}],"about":[{"href":"https:\/\/blog.edu.turku.fi\/kieko\/wp-json\/wp\/v2\/types\/page"}],"author":[{"embeddable":true,"href":"https:\/\/blog.edu.turku.fi\/kieko\/wp-json\/wp\/v2\/users\/2286"}],"replies":[{"embeddable":true,"href":"https:\/\/blog.edu.turku.fi\/kieko\/wp-json\/wp\/v2\/comments?post=1375"}],"version-history":[{"count":11,"href":"https:\/\/blog.edu.turku.fi\/kieko\/wp-json\/wp\/v2\/pages\/1375\/revisions"}],"predecessor-version":[{"id":1498,"href":"https:\/\/blog.edu.turku.fi\/kieko\/wp-json\/wp\/v2\/pages\/1375\/revisions\/1498"}],"wp:attachment":[{"href":"https:\/\/blog.edu.turku.fi\/kieko\/wp-json\/wp\/v2\/media?parent=1375"}],"curies":[{"name":"wp","href":"https:\/\/api.w.org\/{rel}","templated":true}]}}