{"id":1349,"date":"2019-06-27T01:28:07","date_gmt":"2019-06-26T22:28:07","guid":{"rendered":"https:\/\/blog.edu.turku.fi\/kieko\/?page_id=1349"},"modified":"2019-06-27T01:28:07","modified_gmt":"2019-06-26T22:28:07","slug":"materiaalia-luokkaan","status":"publish","type":"page","link":"https:\/\/blog.edu.turku.fi\/kieko\/ideoita-kielen-tunneille\/opi-leikkien-koulutus-digivinkit-a1-englannin-varhennukseen\/materiaalia-luokkaan\/","title":{"rendered":"Materiaalia luokkaan"},"content":{"rendered":"<ul style=\"font-weight: 400\">\n<li data-charcodes=\"8226\" data-font=\"Arial,Sans-Serif\" data-buautonum=\"8\" data-margin=\"450\" data-aria-posinset=\"1\" data-aria-level=\"1\"><strong><a href=\"http:\/\/www.bingobaker.com\/\">www.bingobaker.com<\/a>\u200b<\/strong><\/li>\n<\/ul>\n<p>Valmiita bingopohjia tai voit tehd\u00e4 oman bingopohjaan kuvilla tai sanoilla<\/p>\n<ul style=\"font-weight: 400\">\n<li data-charcodes=\"8226\" data-font=\"Arial,Sans-Serif\" data-buautonum=\"8\" data-margin=\"450\" data-aria-posinset=\"2\" data-aria-level=\"1\"><strong><a href=\"https:\/\/www.sparklebox.co.uk\/\">https:\/\/www.sparklebox.co.uk\/<\/a>\u200b<\/strong><\/li>\n<\/ul>\n<p>Valtava m\u00e4\u00e4r\u00e4 tulostettavaa materiaalia esim. luokan sein\u00e4lle<\/p>\n<ul style=\"font-weight: 400\">\n<li data-charcodes=\"8226\" data-font=\"Arial,Sans-Serif\" data-buautonum=\"8\" data-margin=\"450\" data-aria-posinset=\"3\" data-aria-level=\"1\"><strong><a href=\"https:\/\/mrprintables.com\/\">https:\/\/mrprintables.com\/<\/a>\u200b<\/strong><\/li>\n<\/ul>\n<p>Printattavia pelej\u00e4, flash cardeja, v\u00e4rityskuvia ym.<\/p>\n<ul style=\"font-weight: 400\">\n<li data-charcodes=\"8226\" data-font=\"Arial,Sans-Serif\" data-buautonum=\"8\" data-margin=\"450\" data-aria-posinset=\"4\" data-aria-level=\"1\"><a href=\"http:\/\/www.teachenglishstepbystep.com\/\"><span data-usefontface=\"false\" data-contrast=\"none\"><strong>http:\/\/www.teachenglishstepbystep.com\/<\/strong><\/span><\/a>\u200b<\/li>\n<\/ul>\n<p data-ccp-props=\"{&quot;335551550&quot;:1,&quot;335551620&quot;:1,&quot;335559683&quot;:0,&quot;335559685&quot;:0,&quot;335559731&quot;:0,&quot;335559737&quot;:0,&quot;335562764&quot;:2,&quot;335562765&quot;:1,&quot;335562766&quot;:4,&quot;335562767&quot;:10,&quot;335562768&quot;:4,&quot;335562769&quot;:0}\"><span data-usefontface=\"false\" data-contrast=\"none\">\u00a0\u00a0 -&gt;\u00a0<\/span><span data-usefontface=\"false\" data-contrast=\"none\">Funtastic<\/span><span data-usefontface=\"false\" data-contrast=\"none\">\u00a0English<\/span>\u200b<\/p>\n<p data-ccp-props=\"{&quot;335551550&quot;:1,&quot;335551620&quot;:1,&quot;335559683&quot;:0,&quot;335559685&quot;:0,&quot;335559731&quot;:0,&quot;335559737&quot;:0,&quot;335562764&quot;:2,&quot;335562765&quot;:1,&quot;335562766&quot;:4,&quot;335562767&quot;:10,&quot;335562768&quot;:4,&quot;335562769&quot;:0}\"><span data-usefontface=\"false\" data-contrast=\"none\">\u00a0\u00a0 -&gt; paljon pelej\u00e4 ja muuta toiminnallista varhennukseen sopivaa materiaalia, kattava paketti\u00a0<\/span><span data-usefontface=\"false\" data-contrast=\"none\">maksaa n.7 e<\/span>\u200b, tulee s\u00e4hk\u00f6postiinsuoraan\u00a0 printattavina pdf tiedostoina<\/p>\n<ul>\n<li data-ccp-props=\"{&quot;335551550&quot;:1,&quot;335551620&quot;:1,&quot;335559683&quot;:0,&quot;335559685&quot;:0,&quot;335559731&quot;:0,&quot;335559737&quot;:0,&quot;335562764&quot;:2,&quot;335562765&quot;:1,&quot;335562766&quot;:4,&quot;335562767&quot;:10,&quot;335562768&quot;:4,&quot;335562769&quot;:0}\"><strong><a href=\"http:\/\/www.classtools.net\">http:\/\/www.classtools.net<\/a>\/<\/strong><\/li>\n<\/ul>\n<p>Sivusto, jossa voit tehd\u00e4 esim. omia ristikoita, flash cardeja ja QR koodi ratoja<\/p>\n","protected":false},"excerpt":{"rendered":"<p>www.bingobaker.com\u200b Valmiita bingopohjia tai voit tehd\u00e4 oman bingopohjaan kuvilla tai sanoilla https:\/\/www.sparklebox.co.uk\/\u200b Valtava m\u00e4\u00e4r\u00e4 tulostettavaa materiaalia esim. luokan sein\u00e4lle https:\/\/mrprintables.com\/\u200b Printattavia pelej\u00e4, flash cardeja, v\u00e4rityskuvia ym. http:\/\/www.teachenglishstepbystep.com\/\u200b \u00a0\u00a0 -&gt;\u00a0Funtastic\u00a0English\u200b \u00a0\u00a0 -&gt; paljon pelej\u00e4 ja muuta toiminnallista varhennukseen sopivaa materiaalia, kattava paketti\u00a0maksaa n.7 e\u200b, tulee s\u00e4hk\u00f6postiinsuoraan\u00a0 printattavina pdf tiedostoina http:\/\/www.classtools.net\/ Sivusto, jossa voit tehd\u00e4 esim. omia &hellip; <\/p>\n<p class=\"link-more\"><a href=\"https:\/\/blog.edu.turku.fi\/kieko\/ideoita-kielen-tunneille\/opi-leikkien-koulutus-digivinkit-a1-englannin-varhennukseen\/materiaalia-luokkaan\/\" class=\"more-link\">Jatka lukemista<span class=\"screen-reader-text\"> &#8221;Materiaalia luokkaan&#8221;<\/span><\/a><\/p>\n","protected":false},"author":1859,"featured_media":0,"parent":1301,"menu_order":0,"comment_status":"closed","ping_status":"closed","template":"","meta":{"footnotes":""},"class_list":["post-1349","page","type-page","status-publish","hentry"],"_links":{"self":[{"href":"https:\/\/blog.edu.turku.fi\/kieko\/wp-json\/wp\/v2\/pages\/1349","targetHints":{"allow":["GET"]}}],"collection":[{"href":"https:\/\/blog.edu.turku.fi\/kieko\/wp-json\/wp\/v2\/pages"}],"about":[{"href":"https:\/\/blog.edu.turku.fi\/kieko\/wp-json\/wp\/v2\/types\/page"}],"author":[{"embeddable":true,"href":"https:\/\/blog.edu.turku.fi\/kieko\/wp-json\/wp\/v2\/users\/1859"}],"replies":[{"embeddable":true,"href":"https:\/\/blog.edu.turku.fi\/kieko\/wp-json\/wp\/v2\/comments?post=1349"}],"version-history":[{"count":1,"href":"https:\/\/blog.edu.turku.fi\/kieko\/wp-json\/wp\/v2\/pages\/1349\/revisions"}],"predecessor-version":[{"id":1350,"href":"https:\/\/blog.edu.turku.fi\/kieko\/wp-json\/wp\/v2\/pages\/1349\/revisions\/1350"}],"up":[{"embeddable":true,"href":"https:\/\/blog.edu.turku.fi\/kieko\/wp-json\/wp\/v2\/pages\/1301"}],"wp:attachment":[{"href":"https:\/\/blog.edu.turku.fi\/kieko\/wp-json\/wp\/v2\/media?parent=1349"}],"curies":[{"name":"wp","href":"https:\/\/api.w.org\/{rel}","templated":true}]}}