{"id":1336,"date":"2019-06-26T23:24:51","date_gmt":"2019-06-26T20:24:51","guid":{"rendered":"https:\/\/blog.edu.turku.fi\/kieko\/?page_id=1336"},"modified":"2019-06-26T23:24:51","modified_gmt":"2019-06-26T20:24:51","slug":"suullisen-kielitaidon-harjoitteluun","status":"publish","type":"page","link":"https:\/\/blog.edu.turku.fi\/kieko\/ideoita-kielen-tunneille\/opi-leikkien-koulutus-digivinkit-a1-englannin-varhennukseen\/suullisen-kielitaidon-harjoitteluun\/","title":{"rendered":"Suullisen kielitaidon harjoitteluun"},"content":{"rendered":"<ul style=\"font-weight: 400\">\n<li data-aria-posinset=\"1\" data-aria-level=\"1\"><b><span data-usefontface=\"false\" data-contrast=\"none\">TinyCards<\/span><\/b><b><span data-usefontface=\"false\" data-contrast=\"none\">\u00a0<\/span><\/b><span data-usefontface=\"false\" data-contrast=\"none\">(sek\u00e4\u00a0<\/span><span data-usefontface=\"false\" data-contrast=\"none\">appsina<\/span><span data-usefontface=\"false\" data-contrast=\"none\">\u00a0ett\u00e4 selaimelta\u00a0<\/span><a href=\"https:\/\/tinycards.duolingo.com\/\"><span data-usefontface=\"false\" data-contrast=\"none\">https:\/\/tinycards.duolingo.com<\/span><\/a><span data-usefontface=\"false\" data-contrast=\"none\">\u00a0)<\/span>\u200b<\/li>\n<\/ul>\n<p><iframe loading=\"lazy\" title=\"Duolingo Tinycards - Create and Study Flashcards\" width=\"525\" height=\"295\" src=\"https:\/\/www.youtube.com\/embed\/8ai5nlJgdl8?feature=oembed\" frameborder=\"0\" allow=\"accelerometer; autoplay; clipboard-write; encrypted-media; gyroscope; picture-in-picture; web-share\" referrerpolicy=\"strict-origin-when-cross-origin\" allowfullscreen><\/iframe><\/p>\n<p><span data-usefontface=\"false\" data-contrast=\"none\">-&gt; Online\u00a0<\/span><span data-usefontface=\"false\" data-contrast=\"none\">flashcards<\/span>\u200b<\/p>\n<p><span data-usefontface=\"false\" data-contrast=\"none\">-&gt; Voit luoda itse tai k\u00e4ytt\u00e4\u00e4 valmiita<\/span>\u200b<\/p>\n<p data-ccp-props=\"{&quot;335551550&quot;:1,&quot;335551620&quot;:1,&quot;335559683&quot;:0,&quot;335559685&quot;:540,&quot;335559731&quot;:-540,&quot;335559737&quot;:0,&quot;335562764&quot;:2,&quot;335562765&quot;:1,&quot;335562766&quot;:4,&quot;335562767&quot;:10,&quot;335562768&quot;:4,&quot;335562769&quot;:0}\"><span data-usefontface=\"false\" data-contrast=\"none\">-&gt; Voi pelata kirjautumatta<\/span>\u200b<\/p>\n<p data-ccp-props=\"{&quot;335551550&quot;:1,&quot;335551620&quot;:1,&quot;335559683&quot;:0,&quot;335559685&quot;:540,&quot;335559731&quot;:-540,&quot;335559737&quot;:0,&quot;335562764&quot;:2,&quot;335562765&quot;:1,&quot;335562766&quot;:4,&quot;335562767&quot;:10,&quot;335562768&quot;:4,&quot;335562769&quot;:0}\"><span data-usefontface=\"false\" data-contrast=\"none\">-&gt; Opettaja kirjautuu, jos haluaa luoda omia kortteja<\/span>\u200b<\/p>\n<p data-ccp-props=\"{&quot;335551550&quot;:1,&quot;335551620&quot;:1,&quot;335559683&quot;:0,&quot;335559685&quot;:540,&quot;335559731&quot;:-540,&quot;335559737&quot;:0,&quot;335562764&quot;:2,&quot;335562765&quot;:1,&quot;335562766&quot;:4,&quot;335562767&quot;:10,&quot;335562768&quot;:4,&quot;335562769&quot;:0}\"><span data-usefontface=\"false\" data-contrast=\"none\">-&gt; Duolingon k\u00e4ytt\u00e4j\u00e4t p\u00e4\u00e4sev\u00e4t kirjautumaan t\u00e4h\u00e4n samoilla tunnuksilla<\/span>\u200b<\/p>\n<p data-ccp-props=\"{&quot;335551550&quot;:1,&quot;335551620&quot;:1,&quot;335559683&quot;:0,&quot;335559685&quot;:540,&quot;335559731&quot;:-540,&quot;335559737&quot;:0,&quot;335562764&quot;:2,&quot;335562765&quot;:1,&quot;335562766&quot;:4,&quot;335562767&quot;:10,&quot;335562768&quot;:4,&quot;335562769&quot;:0}\"><span data-usefontface=\"false\" data-contrast=\"none\">-&gt; Sovellus mukautuu k\u00e4ytt\u00e4j\u00e4n tasoon ja etenee sit\u00e4 mukaan<\/span>\u200b<\/p>\n<p data-ccp-props=\"{&quot;335551550&quot;:1,&quot;335551620&quot;:1,&quot;335559683&quot;:0,&quot;335559685&quot;:540,&quot;335559731&quot;:-540,&quot;335559737&quot;:0,&quot;335562764&quot;:2,&quot;335562765&quot;:1,&quot;335562766&quot;:4,&quot;335562767&quot;:10,&quot;335562768&quot;:4,&quot;335562769&quot;:0}\"><span data-usefontface=\"false\" data-contrast=\"none\">-&gt; Voi ottaa joko yhdess\u00e4 luokan kanssa tai jokainen voi harjoitella omaan\u00a0<\/span><span data-usefontface=\"false\" data-contrast=\"none\">tahtiin<\/span>\u200b<\/p>\n<p data-ccp-props=\"{&quot;335551550&quot;:1,&quot;335551620&quot;:1,&quot;335559683&quot;:0,&quot;335559685&quot;:540,&quot;335559731&quot;:-540,&quot;335559737&quot;:0,&quot;335562764&quot;:2,&quot;335562765&quot;:1,&quot;335562766&quot;:4,&quot;335562767&quot;:10,&quot;335562768&quot;:4,&quot;335562769&quot;:0}\">\u200b-&gt; Esimerkiksi haulla Varhennettu englanti l\u00f6ytyy valmiiksi sopivia flash cardeja tunneille<\/p>\n<ul style=\"font-weight: 400\">\n<li data-aria-posinset=\"1\" data-aria-level=\"1\"><b><span data-usefontface=\"false\" data-contrast=\"none\">Draw<\/span><\/b><b><span data-usefontface=\"false\" data-contrast=\"none\">\u00a0and Tell\u00a0<\/span><\/b>\u200b<a class=\"CID262a1552-e116-4ee7-804c-7f8eb754e6ab\" style=\"font-size: 1rem\" data-sessionid=\"71049329-6f37-f915-7610-df5d32a183ed\" data-shapeids=\"6\" data-slideid=\"\">\u00a0<\/a><iframe loading=\"lazy\" title=\"Draw and Tell App Overview\" width=\"525\" height=\"295\" src=\"https:\/\/www.youtube.com\/embed\/4nT1ahNEueo?feature=oembed\" frameborder=\"0\" allow=\"accelerometer; autoplay; clipboard-write; encrypted-media; gyroscope; picture-in-picture; web-share\" referrerpolicy=\"strict-origin-when-cross-origin\" allowfullscreen><\/iframe><\/li>\n<\/ul>\n<p data-ccp-props=\"{&quot;335551550&quot;:1,&quot;335551620&quot;:1,&quot;335559683&quot;:0,&quot;335559685&quot;:0,&quot;335559731&quot;:0,&quot;335559737&quot;:0,&quot;335562764&quot;:2,&quot;335562765&quot;:1,&quot;335562766&quot;:4,&quot;335562767&quot;:10,&quot;335562768&quot;:4,&quot;335562769&quot;:0}\"><span data-usefontface=\"false\" data-contrast=\"none\">-&gt; helposti \u00e4\u00e4nitett\u00e4viss\u00e4 omia tuotoksia, oma esitys voidaan \u00e4\u00e4nitt\u00e4\u00e4\u00a0<\/span><span data-usefontface=\"false\" data-contrast=\"none\">useammassa osassa ja lopuksi koota yhteen yhdeksi tarinaksi<\/span>\u200b<\/p>\n<p data-ccp-props=\"{&quot;335551550&quot;:1,&quot;335551620&quot;:1,&quot;335559683&quot;:0,&quot;335559685&quot;:0,&quot;335559731&quot;:0,&quot;335559737&quot;:0,&quot;335562764&quot;:2,&quot;335562765&quot;:1,&quot;335562766&quot;:4,&quot;335562767&quot;:10,&quot;335562768&quot;:4,&quot;335562769&quot;:0}\"><span data-usefontface=\"false\" data-contrast=\"none\">-&gt; pohjaksi valitaan joko valmis piirroskuva, itse otettu kuva tai tyhj\u00e4 paperi,\u00a0<\/span><span data-usefontface=\"false\" data-contrast=\"none\">johon voi piirt\u00e4\u00e4; n\u00e4iden p\u00e4\u00e4lle voi valita viel\u00e4 hahmoja, joita voi liikutella<\/span>\u200b<\/p>\n<p data-ccp-props=\"{&quot;335551550&quot;:1,&quot;335551620&quot;:1,&quot;335559683&quot;:0,&quot;335559685&quot;:0,&quot;335559731&quot;:0,&quot;335559737&quot;:0,&quot;335562764&quot;:2,&quot;335562765&quot;:1,&quot;335562766&quot;:4,&quot;335562767&quot;:10,&quot;335562768&quot;:4,&quot;335562769&quot;:0}\"><span data-usefontface=\"false\" data-contrast=\"none\">-&gt; esim. tervehtimiset, nimen\/voinnin kysyminen, syntt\u00e4rikortti, laulun \u00e4\u00e4nitys\u00a0<\/span>\u200b<\/p>\n<p data-ccp-props=\"{&quot;335551550&quot;:1,&quot;335551620&quot;:1,&quot;335559683&quot;:0,&quot;335559685&quot;:0,&quot;335559731&quot;:0,&quot;335559737&quot;:0,&quot;335562764&quot;:2,&quot;335562765&quot;:1,&quot;335562766&quot;:4,&quot;335562767&quot;:10,&quot;335562768&quot;:4,&quot;335562769&quot;:0}\"><span data-usefontface=\"false\" data-contrast=\"none\">-&gt; helppo tehd\u00e4 yhdess\u00e4 oppitunnissa<\/span>\u200b<\/p>\n<ul style=\"font-weight: 400\">\n<li data-margin=\"450\" data-aria-posinset=\"2\" data-aria-level=\"1\"><b><span data-usefontface=\"false\" data-contrast=\"none\">ChatterKid<\/span><\/b><span data-usefontface=\"false\" data-contrast=\"none\">\u00a0(<\/span><span data-usefontface=\"false\" data-contrast=\"none\">ChatterPix<\/span><span data-usefontface=\"false\" data-contrast=\"none\">)<\/span>\u200b<iframe loading=\"lazy\" title=\"Chatterpix How to Video for the Classroom\" width=\"525\" height=\"295\" src=\"https:\/\/www.youtube.com\/embed\/qkpX3vvr6h4?feature=oembed\" frameborder=\"0\" allow=\"accelerometer; autoplay; clipboard-write; encrypted-media; gyroscope; picture-in-picture; web-share\" referrerpolicy=\"strict-origin-when-cross-origin\" allowfullscreen><\/iframe><\/li>\n<\/ul>\n<p data-ccp-props=\"{&quot;335551550&quot;:1,&quot;335551620&quot;:1,&quot;335559683&quot;:0,&quot;335559685&quot;:0,&quot;335559731&quot;:0,&quot;335559737&quot;:0,&quot;335562764&quot;:2,&quot;335562765&quot;:1,&quot;335562766&quot;:4,&quot;335562767&quot;:10,&quot;335562768&quot;:4,&quot;335562769&quot;:0}\"><span data-usefontface=\"false\" data-contrast=\"none\">-&gt; mille tahansa kuvalle voi piirt\u00e4\u00e4 suun ja kuvan saa\u00a0puhumaan<\/span>\u200b<\/p>\n<p data-ccp-props=\"{&quot;335551550&quot;:1,&quot;335551620&quot;:1,&quot;335559683&quot;:0,&quot;335559685&quot;:0,&quot;335559731&quot;:0,&quot;335559737&quot;:0,&quot;335562764&quot;:2,&quot;335562765&quot;:1,&quot;335562766&quot;:4,&quot;335562767&quot;:10,&quot;335562768&quot;:4,&quot;335562769&quot;:0}\"><span data-usefontface=\"false\" data-contrast=\"none\">-&gt; esim. Lapsi voi piirt\u00e4\u00e4 itsest\u00e4\u00e4n kuvan ja piirros saadaan puhumaan\u00a0<\/span><span data-usefontface=\"false\" data-contrast=\"none\">piirt\u00e4m\u00e4ll\u00e4 viiva suun kohdalle, kuvaa voi viel\u00e4 koristella mieleiseksi<\/span>\u200b<\/p>\n<p data-ccp-props=\"{&quot;335551550&quot;:1,&quot;335551620&quot;:1,&quot;335559683&quot;:0,&quot;335559685&quot;:0,&quot;335559731&quot;:0,&quot;335559737&quot;:0,&quot;335562764&quot;:2,&quot;335562765&quot;:1,&quot;335562766&quot;:4,&quot;335562767&quot;:10,&quot;335562768&quot;:4,&quot;335562769&quot;:0}\">-&gt; helppo ohjelma, josta lapset pit\u00e4\u00e4<\/p>\n<ul style=\"font-weight: 400\">\n<li data-charcodes=\"8226\" data-font=\"Arial,Sans-Serif\" data-buautonum=\"8\" data-margin=\"450\" data-aria-posinset=\"1\" data-aria-level=\"1\"><strong><span class=\"TextRun SCXP209278057 BCX0\" lang=\"FI-FI\" xml:lang=\"FI-FI\" data-usefontface=\"false\" data-contrast=\"none\"><span class=\"SpellingError SCXP209278057 BCX0\">Chirp.qr\u00a0 \u00a0 \u00a0 <\/span><\/span><\/strong><strong><span class=\"TextRun SCXP209278057 BCX0\" lang=\"FI-FI\" xml:lang=\"FI-FI\" data-usefontface=\"false\" data-contrast=\"none\"><span class=\"SpellingError SCXP209278057 BCX0\">\u00a0 \u00a0 \u00a0 \u00a0<\/span><\/span><span class=\"TextRun SCXP209278057 BCX0\" lang=\"FI-FI\" xml:lang=\"FI-FI\" data-usefontface=\"false\" data-contrast=\"none\"><span class=\"NormalTextRun SCXP209278057 BCX0\">\u00a0<\/span><\/span><span class=\"EOP SCXP209278057 BCX0\">\u200b<img loading=\"lazy\" decoding=\"async\" class=\"\" src=\"https:\/\/is5-ssl.mzstatic.com\/image\/thumb\/Purple128\/v4\/5e\/36\/69\/5e366927-f1b7-0c9a-b27e-7d69d604def3\/AppIcon-0-1x_U007emarketing-0-0-85-220-0-6.jpeg\/246x0w.jpg\" alt=\"Kuvahaun tulos haulle chirp.qr\" width=\"64\" height=\"64\" \/><\/span><\/strong><\/li>\n<\/ul>\n<p style=\"text-align: left\">-&gt; keino \u00e4\u00e4nitt\u00e4\u00e4\u00a0puhe ja\u00a0ohjelma muuttaa suoraan\u00a0<span style=\"font-size: 1rem\" data-usefontface=\"false\" data-contrast=\"none\">\u00e4\u00e4nitteen\u00a0<\/span><span style=\"font-size: 1rem\" data-usefontface=\"false\" data-contrast=\"none\">qrkoodiksi<\/span><span style=\"font-size: 1rem\">\u200b<\/span><\/p>\n<p style=\"text-align: left\"><span data-usefontface=\"false\" data-contrast=\"none\">-&gt; Puheen \u00e4\u00e4nitys alkaa\u00a0ja loppuu\u00a0painamalla\u00a0linnun kuvaa<\/span>\u200b<\/p>\n<p style=\"text-align: left\"><span data-usefontface=\"false\" data-contrast=\"none\">-&gt; \u00c4\u00e4nityksen j\u00e4lkeen painetaan\u00a0<\/span><span data-usefontface=\"false\" data-contrast=\"none\">qr<\/span><span data-usefontface=\"false\" data-contrast=\"none\">\u00a0koodin kuvaa,\u00a0<\/span><span data-usefontface=\"false\" data-contrast=\"none\">jonka j\u00e4lkeen\u00a0<\/span><span data-usefontface=\"false\" data-contrast=\"none\">tulee\u00a0valkoinen\u00a0laatikko \u00e4\u00e4nitteen otsikolle<\/span>\u200b<\/p>\n<p style=\"text-align: left\"><span data-usefontface=\"false\" data-contrast=\"none\">-&gt; \u00c4\u00e4nite tallentuu\u00a0<\/span><span data-usefontface=\"false\" data-contrast=\"none\">qrkoodina<\/span><span data-usefontface=\"false\" data-contrast=\"none\">\u00a0galleriaan<\/span>\u200b<\/p>\n<p style=\"text-align: left\"><span data-usefontface=\"false\" data-contrast=\"none\">-&gt; Ope\u00a0voi\u00a0tehd\u00e4 esim. englanniksi kysymyksi\u00e4 ja\u00a0<\/span><span data-usefontface=\"false\" data-contrast=\"none\">tehd\u00e4\u00a0lapsille\u00a0k\u00e4yt\u00e4v\u00e4lle\u00a0<\/span><span data-usefontface=\"false\" data-contrast=\"none\">qrkoodiradan<\/span><span data-usefontface=\"false\" data-contrast=\"none\">\u00a0-&gt; lapset lukevat\u00a0<\/span><span data-usefontface=\"false\" data-contrast=\"none\">qrkoodin<\/span><span data-usefontface=\"false\" data-contrast=\"none\">\u00a0<\/span><span data-usefontface=\"false\" data-contrast=\"none\">ja\u00a0vastaavat\u00a0open kysymyksiin\u00a0(esim.\u00a0<\/span><span data-usefontface=\"false\" data-contrast=\"none\">What&#8217;s<\/span><span data-usefontface=\"false\" data-contrast=\"none\">\u00a0<\/span><span data-usefontface=\"false\" data-contrast=\"none\">your<\/span><span data-usefontface=\"false\" data-contrast=\"none\">\u00a0<\/span><span data-usefontface=\"false\" data-contrast=\"none\">name<\/span><span data-usefontface=\"false\" data-contrast=\"none\">?\u00a0<\/span><span data-usefontface=\"false\" data-contrast=\"none\">What<\/span><span data-usefontface=\"false\" data-contrast=\"none\">\u00a0<\/span><span data-usefontface=\"false\" data-contrast=\"none\">is\u00a0<\/span><span data-usefontface=\"false\" data-contrast=\"none\">your<\/span><span data-usefontface=\"false\" data-contrast=\"none\">\u00a0<\/span><span data-usefontface=\"false\" data-contrast=\"none\">favourite<\/span><span data-usefontface=\"false\" data-contrast=\"none\">\u00a0<\/span><span data-usefontface=\"false\" data-contrast=\"none\">colour<\/span><span data-usefontface=\"false\" data-contrast=\"none\">?\u00a0How\u00a0<\/span><span data-usefontface=\"false\" data-contrast=\"none\">old<\/span><span data-usefontface=\"false\" data-contrast=\"none\">\u00a0<\/span><span data-usefontface=\"false\" data-contrast=\"none\">are<\/span><span data-usefontface=\"false\" data-contrast=\"none\">\u00a0<\/span><span data-usefontface=\"false\" data-contrast=\"none\">you<\/span><span data-usefontface=\"false\" data-contrast=\"none\">?\u00a0How\u00a0<\/span><span data-usefontface=\"false\" data-contrast=\"none\">are<\/span><span data-usefontface=\"false\" data-contrast=\"none\">\u00a0<\/span><span data-usefontface=\"false\" data-contrast=\"none\">you<\/span><span data-usefontface=\"false\" data-contrast=\"none\">?)<\/span><\/p>\n<p style=\"text-align: left\">\n<p data-ccp-props=\"{&quot;335551550&quot;:1,&quot;335551620&quot;:1,&quot;335559683&quot;:0,&quot;335559685&quot;:0,&quot;335559731&quot;:0,&quot;335559737&quot;:0,&quot;335562764&quot;:2,&quot;335562765&quot;:1,&quot;335562766&quot;:4,&quot;335562767&quot;:10,&quot;335562768&quot;:4,&quot;335562769&quot;:0}\">\u200b<\/p>\n","protected":false},"excerpt":{"rendered":"<p>TinyCards\u00a0(sek\u00e4\u00a0appsina\u00a0ett\u00e4 selaimelta\u00a0https:\/\/tinycards.duolingo.com\u00a0)\u200b -&gt; Online\u00a0flashcards\u200b -&gt; Voit luoda itse tai k\u00e4ytt\u00e4\u00e4 valmiita\u200b -&gt; Voi pelata kirjautumatta\u200b -&gt; Opettaja kirjautuu, jos haluaa luoda omia kortteja\u200b -&gt; Duolingon k\u00e4ytt\u00e4j\u00e4t p\u00e4\u00e4sev\u00e4t kirjautumaan t\u00e4h\u00e4n samoilla tunnuksilla\u200b -&gt; Sovellus mukautuu k\u00e4ytt\u00e4j\u00e4n tasoon ja etenee sit\u00e4 mukaan\u200b -&gt; Voi ottaa joko yhdess\u00e4 luokan kanssa tai jokainen voi harjoitella omaan\u00a0tahtiin\u200b \u200b-&gt; Esimerkiksi haulla &hellip; <\/p>\n<p class=\"link-more\"><a href=\"https:\/\/blog.edu.turku.fi\/kieko\/ideoita-kielen-tunneille\/opi-leikkien-koulutus-digivinkit-a1-englannin-varhennukseen\/suullisen-kielitaidon-harjoitteluun\/\" class=\"more-link\">Jatka lukemista<span class=\"screen-reader-text\"> &#8221;Suullisen kielitaidon harjoitteluun&#8221;<\/span><\/a><\/p>\n","protected":false},"author":1859,"featured_media":0,"parent":1301,"menu_order":0,"comment_status":"closed","ping_status":"closed","template":"","meta":{"footnotes":""},"class_list":["post-1336","page","type-page","status-publish","hentry"],"_links":{"self":[{"href":"https:\/\/blog.edu.turku.fi\/kieko\/wp-json\/wp\/v2\/pages\/1336","targetHints":{"allow":["GET"]}}],"collection":[{"href":"https:\/\/blog.edu.turku.fi\/kieko\/wp-json\/wp\/v2\/pages"}],"about":[{"href":"https:\/\/blog.edu.turku.fi\/kieko\/wp-json\/wp\/v2\/types\/page"}],"author":[{"embeddable":true,"href":"https:\/\/blog.edu.turku.fi\/kieko\/wp-json\/wp\/v2\/users\/1859"}],"replies":[{"embeddable":true,"href":"https:\/\/blog.edu.turku.fi\/kieko\/wp-json\/wp\/v2\/comments?post=1336"}],"version-history":[{"count":3,"href":"https:\/\/blog.edu.turku.fi\/kieko\/wp-json\/wp\/v2\/pages\/1336\/revisions"}],"predecessor-version":[{"id":1339,"href":"https:\/\/blog.edu.turku.fi\/kieko\/wp-json\/wp\/v2\/pages\/1336\/revisions\/1339"}],"up":[{"embeddable":true,"href":"https:\/\/blog.edu.turku.fi\/kieko\/wp-json\/wp\/v2\/pages\/1301"}],"wp:attachment":[{"href":"https:\/\/blog.edu.turku.fi\/kieko\/wp-json\/wp\/v2\/media?parent=1336"}],"curies":[{"name":"wp","href":"https:\/\/api.w.org\/{rel}","templated":true}]}}