{"id":1330,"date":"2019-06-26T17:34:25","date_gmt":"2019-06-26T14:34:25","guid":{"rendered":"https:\/\/blog.edu.turku.fi\/kieko\/?page_id=1330"},"modified":"2019-06-26T17:34:25","modified_gmt":"2019-06-26T14:34:25","slug":"nettisivustot-varhennukseen%e2%80%8b","status":"publish","type":"page","link":"https:\/\/blog.edu.turku.fi\/kieko\/ideoita-kielen-tunneille\/opi-leikkien-koulutus-digivinkit-a1-englannin-varhennukseen\/nettisivustot-varhennukseen%e2%80%8b\/","title":{"rendered":"Nettisivustot varhennukseen\u200b"},"content":{"rendered":"<ul style=\"font-weight: 400\">\n<li data-aria-posinset=\"1\" data-aria-level=\"1\"><a href=\"http:\/\/www.supersimple.com\/\"><span data-usefontface=\"false\" data-contrast=\"none\"><strong>www.supersimple.com<\/strong><\/span><\/a><strong>\u200b<\/strong><\/li>\n<\/ul>\n<p data-ccp-props=\"{&quot;335551550&quot;:1,&quot;335551620&quot;:1,&quot;335559683&quot;:0,&quot;335559685&quot;:0,&quot;335559731&quot;:0,&quot;335559737&quot;:0,&quot;335562764&quot;:2,&quot;335562765&quot;:1,&quot;335562766&quot;:4,&quot;335562767&quot;:10,&quot;335562768&quot;:4,&quot;335562769&quot;:0}\"><span data-usefontface=\"false\" data-contrast=\"none\">-&gt; t\u00e4ynn\u00e4 mahtavia, yksinkertaisia lauluja, joita lapset rakastavat<\/span>\u200b<\/p>\n<p data-ccp-props=\"{&quot;335551550&quot;:1,&quot;335551620&quot;:1,&quot;335559683&quot;:0,&quot;335559685&quot;:0,&quot;335559731&quot;:0,&quot;335559737&quot;:0,&quot;335562764&quot;:2,&quot;335562765&quot;:1,&quot;335562766&quot;:4,&quot;335562767&quot;:10,&quot;335562768&quot;:4,&quot;335562769&quot;:0}\"><span data-usefontface=\"false\" data-contrast=\"none\">-&gt; lauluihin l\u00f6ytyy my\u00f6s oheisteht\u00e4vi\u00e4<\/span>\u200b, sanat jne.<\/p>\n<p data-ccp-props=\"{&quot;335551550&quot;:1,&quot;335551620&quot;:1,&quot;335559683&quot;:0,&quot;335559685&quot;:0,&quot;335559731&quot;:0,&quot;335559737&quot;:0,&quot;335562764&quot;:2,&quot;335562765&quot;:1,&quot;335562766&quot;:4,&quot;335562767&quot;:10,&quot;335562768&quot;:4,&quot;335562769&quot;:0}\">\n<ul style=\"font-weight: 400\">\n<li data-aria-posinset=\"2\" data-aria-level=\"1\"><strong><a href=\"http:\/\/www.britishcouncil.org\/kids\">www.britishcouncil.org\/kids<\/a>\u200b<\/strong><\/li>\n<\/ul>\n<p data-ccp-props=\"{&quot;335551550&quot;:1,&quot;335551620&quot;:1,&quot;335559683&quot;:0,&quot;335559685&quot;:0,&quot;335559731&quot;:0,&quot;335559737&quot;:0,&quot;335562764&quot;:2,&quot;335562765&quot;:1,&quot;335562766&quot;:4,&quot;335562767&quot;:10,&quot;335562768&quot;:4,&quot;335562769&quot;:0}\"><span data-usefontface=\"false\" data-contrast=\"none\">-&gt; loistosivusto, josta l\u00f6ytyy lauluja, videoita, teht\u00e4vi\u00e4, pelej\u00e4<\/span>\u200b<\/p>\n<p data-ccp-props=\"{&quot;335551550&quot;:1,&quot;335551620&quot;:1,&quot;335559683&quot;:0,&quot;335559685&quot;:0,&quot;335559731&quot;:0,&quot;335559737&quot;:0,&quot;335562764&quot;:2,&quot;335562765&quot;:1,&quot;335562766&quot;:4,&quot;335562767&quot;:10,&quot;335562768&quot;:4,&quot;335562769&quot;:0}\">\n<ul style=\"font-weight: 400\">\n<li data-margin=\"450\" data-aria-posinset=\"3\" data-aria-level=\"1\"><a href=\"http:\/\/www.dreamenglish.com\/\"><span data-usefontface=\"false\" data-contrast=\"none\"><strong>www.dreamenglish.com<\/strong><\/span><\/a><strong>\u200b<\/strong><\/li>\n<\/ul>\n<p data-ccp-props=\"{&quot;335551550&quot;:1,&quot;335551620&quot;:1,&quot;335559683&quot;:0,&quot;335559685&quot;:0,&quot;335559731&quot;:0,&quot;335559737&quot;:0,&quot;335562764&quot;:2,&quot;335562765&quot;:1,&quot;335562766&quot;:4,&quot;335562767&quot;:10,&quot;335562768&quot;:4,&quot;335562769&quot;:0}\"><span data-usefontface=\"false\" data-contrast=\"none\">-&gt; hauskoja opetuslauluja eri aihealueisiin, jokaiseen lauluun l\u00f6ytyy my\u00f6s valmis\u00a0<\/span><span data-usefontface=\"false\" data-contrast=\"none\">tuntisuunnitelma<\/span>\u200b<\/p>\n<p data-ccp-props=\"{&quot;335551550&quot;:1,&quot;335551620&quot;:1,&quot;335559683&quot;:0,&quot;335559685&quot;:0,&quot;335559731&quot;:0,&quot;335559737&quot;:0,&quot;335562764&quot;:2,&quot;335562765&quot;:1,&quot;335562766&quot;:4,&quot;335562767&quot;:10,&quot;335562768&quot;:4,&quot;335562769&quot;:0}\">\n<ul style=\"font-weight: 400\">\n<li data-margin=\"450\" data-aria-posinset=\"4\" data-aria-level=\"1\"><a href=\"http:\/\/www.mapleleaflearning.com\/\"><span data-usefontface=\"false\" data-contrast=\"none\"><strong>www.mapleleaflearning.com<\/strong><\/span><\/a><strong>\u200b<\/strong><\/li>\n<\/ul>\n<p data-ccp-props=\"{&quot;335551550&quot;:1,&quot;335551620&quot;:1,&quot;335559683&quot;:0,&quot;335559685&quot;:0,&quot;335559731&quot;:0,&quot;335559737&quot;:0,&quot;335562764&quot;:2,&quot;335562765&quot;:1,&quot;335562766&quot;:4,&quot;335562767&quot;:10,&quot;335562768&quot;:4,&quot;335562769&quot;:0}\"><span data-usefontface=\"false\" data-contrast=\"none\">-&gt; lauluja ja teht\u00e4vi\u00e4 moniin eri aihealueisiin<\/span>\u200b<\/p>\n<p data-ccp-props=\"{&quot;335551550&quot;:1,&quot;335551620&quot;:1,&quot;335559683&quot;:0,&quot;335559685&quot;:0,&quot;335559731&quot;:0,&quot;335559737&quot;:0,&quot;335562764&quot;:2,&quot;335562765&quot;:1,&quot;335562766&quot;:4,&quot;335562767&quot;:10,&quot;335562768&quot;:4,&quot;335562769&quot;:0}\">\n<ul style=\"font-weight: 400\">\n<li data-margin=\"450\" data-aria-posinset=\"5\" data-aria-level=\"1\"><span data-usefontface=\"false\" data-contrast=\"none\">Ekaluokan\u00a0lauluista tehty\u00a0soittolista<strong>\u00a0<\/strong><\/span><strong>Early\u00a0English\u00a0Songs\u00a0<\/strong><span data-usefontface=\"false\" data-contrast=\"none\">teacher<\/span><span data-usefontface=\"false\" data-contrast=\"none\">\u00a0Hanna-Maaria<\/span>\u200b<\/li>\n<\/ul>\n<p data-ccp-props=\"{&quot;335551550&quot;:1,&quot;335551620&quot;:1,&quot;335559683&quot;:0,&quot;335559685&quot;:0,&quot;335559731&quot;:0,&quot;335559737&quot;:0,&quot;335562764&quot;:2,&quot;335562765&quot;:1,&quot;335562766&quot;:4,&quot;335562767&quot;:10,&quot;335562768&quot;:4,&quot;335562769&quot;:0}\"><a href=\"https:\/\/www.youtube.com\/playlist?list=PLJSv2b9Aga1kOT-JZr4V404moGmuv6LRz\"><span data-usefontface=\"false\" data-contrast=\"none\">https:\/\/www.youtube.com\/playlist?list=PLJSv2b9Aga1kOT-JZr4V404moGmuv6LRz<\/span><\/a>\u200b<\/p>\n<p data-ccp-props=\"{&quot;335551550&quot;:1,&quot;335551620&quot;:1,&quot;335559683&quot;:0,&quot;335559685&quot;:0,&quot;335559731&quot;:0,&quot;335559737&quot;:0,&quot;335562764&quot;:2,&quot;335562765&quot;:1,&quot;335562766&quot;:4,&quot;335562767&quot;:10,&quot;335562768&quot;:4,&quot;335562769&quot;:0}\">\n<ul style=\"font-weight: 400\">\n<li data-aria-posinset=\"1\" data-aria-level=\"1\"><strong><a href=\"http:\/\/www.thekiboomers.com\/\">www.thekiboomers.com<\/a>\u200b<\/strong><\/li>\n<\/ul>\n<p data-ccp-props=\"{&quot;335551550&quot;:1,&quot;335551620&quot;:1,&quot;335559683&quot;:0,&quot;335559685&quot;:0,&quot;335559731&quot;:0,&quot;335559737&quot;:0,&quot;335562764&quot;:2,&quot;335562765&quot;:1,&quot;335562766&quot;:4,&quot;335562767&quot;:10,&quot;335562768&quot;:4,&quot;335562769&quot;:0}\"><span data-scheme-color=\"@404040,,\" data-usefontface=\"false\" data-contrast=\"none\">-&gt; mukaansa tempaavia lauluja<\/span>\u200b<\/p>\n<p data-ccp-props=\"{&quot;335551550&quot;:1,&quot;335551620&quot;:1,&quot;335559683&quot;:0,&quot;335559685&quot;:0,&quot;335559731&quot;:0,&quot;335559737&quot;:0,&quot;335562764&quot;:2,&quot;335562765&quot;:1,&quot;335562766&quot;:4,&quot;335562767&quot;:10,&quot;335562768&quot;:4,&quot;335562769&quot;:0}\">\n<ul style=\"font-weight: 400\">\n<li data-aria-posinset=\"2\" data-aria-level=\"1\"><strong><a href=\"http:\/\/www.cocomelon.com\/\">www.cocomelon.com<\/a>\u200b<\/strong><\/li>\n<\/ul>\n<p data-ccp-props=\"{&quot;335551550&quot;:1,&quot;335551620&quot;:1,&quot;335559683&quot;:0,&quot;335559685&quot;:0,&quot;335559731&quot;:0,&quot;335559737&quot;:0,&quot;335562764&quot;:2,&quot;335562765&quot;:1,&quot;335562766&quot;:4,&quot;335562767&quot;:10,&quot;335562768&quot;:4,&quot;335562769&quot;:0}\"><span data-scheme-color=\"@000000,1,\" data-usefontface=\"false\" data-contrast=\"none\">-&gt; alkuopetukseen sopivia lauluja<\/span>\u200b, helppo melodia ja sanat<\/p>\n<p data-ccp-props=\"{&quot;335551550&quot;:1,&quot;335551620&quot;:1,&quot;335559683&quot;:0,&quot;335559685&quot;:0,&quot;335559731&quot;:0,&quot;335559737&quot;:0,&quot;335562764&quot;:2,&quot;335562765&quot;:1,&quot;335562766&quot;:4,&quot;335562767&quot;:10,&quot;335562768&quot;:4,&quot;335562769&quot;:0}\">\n<ul style=\"font-weight: 400\">\n<li data-margin=\"450\" data-aria-posinset=\"3\" data-aria-level=\"1\"><b><span data-usefontface=\"false\" data-contrast=\"none\">KizCastle<\/span><\/b><span data-usefontface=\"false\" data-contrast=\"none\">\u00a0\u00a0<\/span><span data-usefontface=\"false\" data-contrast=\"none\"><a href=\"https:\/\/www.youtube.com\/channel\/UCKeKanAZfSYH0nzP3UGd_hQ\">https:\/\/www.youtube.com\/channel\/UCKeKanAZfSYH0nzP3UGd_hQ<\/a><\/span><\/li>\n<\/ul>\n<p data-ccp-props=\"{&quot;335551550&quot;:1,&quot;335551620&quot;:1,&quot;335559683&quot;:0,&quot;335559685&quot;:0,&quot;335559731&quot;:0,&quot;335559737&quot;:0,&quot;335562764&quot;:2,&quot;335562765&quot;:1,&quot;335562766&quot;:4,&quot;335562767&quot;:10,&quot;335562768&quot;:4,&quot;335562769&quot;:0}\"><span data-usefontface=\"false\" data-contrast=\"none\">-&gt; tarinoita ja lauluja lapsille<\/span>\u200b<\/p>\n<p data-ccp-props=\"{&quot;335551550&quot;:1,&quot;335551620&quot;:1,&quot;335559683&quot;:0,&quot;335559685&quot;:0,&quot;335559731&quot;:0,&quot;335559737&quot;:0,&quot;335562764&quot;:2,&quot;335562765&quot;:1,&quot;335562766&quot;:4,&quot;335562767&quot;:10,&quot;335562768&quot;:4,&quot;335562769&quot;:0}\">\n<ul style=\"font-weight: 400\">\n<li data-margin=\"450\" data-aria-posinset=\"4\" data-aria-level=\"1\"><a href=\"http:\/\/www.pingfong.com\/\"><span data-scheme-color=\"@000000,1,\" data-usefontface=\"false\" data-contrast=\"none\"><strong>www.pingfong.com<\/strong><\/span><\/a><strong>\u200b<\/strong><\/li>\n<\/ul>\n<p data-ccp-props=\"{&quot;335551550&quot;:1,&quot;335551620&quot;:1,&quot;335559683&quot;:0,&quot;335559685&quot;:0,&quot;335559731&quot;:0,&quot;335559737&quot;:0,&quot;335562764&quot;:2,&quot;335562765&quot;:1,&quot;335562766&quot;:4,&quot;335562767&quot;:10,&quot;335562768&quot;:4,&quot;335562769&quot;:0}\"><span data-usefontface=\"false\" data-contrast=\"none\">-&gt; opettavaisia ja hauskoja lauluja ja lyhyit\u00e4 tarinoita<\/span>\u200b<\/p>\n<p data-ccp-props=\"{&quot;335551550&quot;:1,&quot;335551620&quot;:1,&quot;335559683&quot;:0,&quot;335559685&quot;:0,&quot;335559731&quot;:0,&quot;335559737&quot;:0,&quot;335562764&quot;:2,&quot;335562765&quot;:1,&quot;335562766&quot;:4,&quot;335562767&quot;:10,&quot;335562768&quot;:4,&quot;335562769&quot;:0}\">\n<ul style=\"font-weight: 400\">\n<li data-margin=\"450\" data-aria-posinset=\"5\" data-aria-level=\"1\"><b><span data-usefontface=\"false\" data-contrast=\"none\">English\u00a0<\/span><\/b><b><span data-usefontface=\"false\" data-contrast=\"none\">singsing<\/span><\/b><b><span data-usefontface=\"false\" data-contrast=\"none\">\u00a0<\/span><\/b><a href=\"https:\/\/www.youtube.com\/user\/englishsingsing9\"><span data-usefontface=\"false\" data-contrast=\"none\">https:\/\/www.youtube.com\/user\/englishsingsing9<\/span><\/a>\u200b<\/li>\n<\/ul>\n<p data-ccp-props=\"{&quot;335551550&quot;:1,&quot;335551620&quot;:1,&quot;335559683&quot;:0,&quot;335559685&quot;:0,&quot;335559731&quot;:0,&quot;335559737&quot;:0,&quot;335562764&quot;:2,&quot;335562765&quot;:1,&quot;335562766&quot;:4,&quot;335562767&quot;:10,&quot;335562768&quot;:4,&quot;335562769&quot;:0}\"><span data-usefontface=\"false\" data-contrast=\"none\">-&gt; valtava m\u00e4\u00e4r\u00e4 lauluja eri aihealueiseen, my\u00f6s dialogien harjoittelua, toistoa<\/span>\u200b<\/p>\n<p data-ccp-props=\"{&quot;335551550&quot;:1,&quot;335551620&quot;:1,&quot;335559683&quot;:0,&quot;335559685&quot;:0,&quot;335559731&quot;:0,&quot;335559737&quot;:0,&quot;335562764&quot;:2,&quot;335562765&quot;:1,&quot;335562766&quot;:4,&quot;335562767&quot;:10,&quot;335562768&quot;:4,&quot;335562769&quot;:0}\">\n<ul style=\"font-weight: 400\">\n<li data-margin=\"450\" data-aria-posinset=\"6\" data-aria-level=\"1\"><a href=\"http:\/\/www.abcya.com\/\"><span data-usefontface=\"false\" data-contrast=\"none\"><strong>www.abcya.com<\/strong><\/span><\/a><strong>\u200b<\/strong><\/li>\n<\/ul>\n<p data-ccp-props=\"{&quot;335551550&quot;:1,&quot;335551620&quot;:1,&quot;335559683&quot;:0,&quot;335559685&quot;:0,&quot;335559731&quot;:0,&quot;335559737&quot;:0,&quot;335562764&quot;:2,&quot;335562765&quot;:1,&quot;335562766&quot;:4,&quot;335562767&quot;:10,&quot;335562768&quot;:4,&quot;335562769&quot;:0}\"><span data-usefontface=\"false\" data-contrast=\"none\">&#8211; oppimispelej\u00e4\u00a0<\/span>\u200b<\/p>\n<p data-ccp-props=\"{&quot;335551550&quot;:1,&quot;335551620&quot;:1,&quot;335559683&quot;:0,&quot;335559685&quot;:0,&quot;335559731&quot;:0,&quot;335559737&quot;:0,&quot;335562764&quot;:2,&quot;335562765&quot;:1,&quot;335562766&quot;:4,&quot;335562767&quot;:10,&quot;335562768&quot;:4,&quot;335562769&quot;:0}\">\n<ul style=\"font-weight: 400\">\n<li data-margin=\"450\" data-aria-posinset=\"7\" data-aria-level=\"1\"><a href=\"http:\/\/www.eslgamesplus.com\/\"><span data-usefontface=\"false\" data-contrast=\"none\"><strong>www.eslgamesplus.com<\/strong><\/span><\/a>\u200b<\/li>\n<\/ul>\n<p data-ccp-props=\"{&quot;335551550&quot;:1,&quot;335551620&quot;:1,&quot;335559683&quot;:0,&quot;335559685&quot;:0,&quot;335559731&quot;:0,&quot;335559737&quot;:0,&quot;335562764&quot;:2,&quot;335562765&quot;:1,&quot;335562766&quot;:4,&quot;335562767&quot;:10,&quot;335562768&quot;:4,&quot;335562769&quot;:0}\"><span data-usefontface=\"false\" data-contrast=\"none\">-&gt; luokassa voi pelata joukkueissa niin, ett\u00e4 opettaja ohjaa, my\u00f6s tulostettavia\u00a0<\/span><span data-usefontface=\"false\" data-contrast=\"none\">pelipohjia jne.<\/span>\u200b<\/p>\n<p data-ccp-props=\"{&quot;335551550&quot;:1,&quot;335551620&quot;:1,&quot;335559683&quot;:0,&quot;335559685&quot;:0,&quot;335559731&quot;:0,&quot;335559737&quot;:0,&quot;335562764&quot;:2,&quot;335562765&quot;:1,&quot;335562766&quot;:4,&quot;335562767&quot;:10,&quot;335562768&quot;:4,&quot;335562769&quot;:0}\">\n<ul>\n<li data-ccp-props=\"{&quot;335551550&quot;:1,&quot;335551620&quot;:1,&quot;335559683&quot;:0,&quot;335559685&quot;:0,&quot;335559731&quot;:0,&quot;335559737&quot;:0,&quot;335562764&quot;:2,&quot;335562765&quot;:1,&quot;335562766&quot;:4,&quot;335562767&quot;:10,&quot;335562768&quot;:4,&quot;335562769&quot;:0}\"><strong>Wow English TV<\/strong>\u00a0, Steve and Maggie laulattavat lapsia, lyhyit\u00e4 ja helppoja videoklippej\u00e4 <a href=\"https:\/\/www.youtube.com\/channel\/UCx1xhxQyzR4TT6PmXO0khbQ\/featured\">https:\/\/www.youtube.com\/channel\/UCx1xhxQyzR4TT6PmXO0khbQ\/featured<\/a><\/li>\n<\/ul>\n<p>&nbsp;<\/p>\n<ul>\n<li><strong>The Singing Walrus,<\/strong>\u00a0tarttuvia, moneen aihepiiriin sopivia lauluja <a href=\"https:\/\/www.youtube.com\/channel\/UCe1VpF4wS_kdcjyTRSXBcnQ\">https:\/\/www.youtube.com\/channel\/UCe1VpF4wS_kdcjyTRSXBcnQ<\/a><\/li>\n<\/ul>\n<p>&nbsp;<\/p>\n<ul>\n<li data-ccp-props=\"{&quot;335551550&quot;:1,&quot;335551620&quot;:1,&quot;335559683&quot;:0,&quot;335559685&quot;:0,&quot;335559731&quot;:0,&quot;335559737&quot;:0,&quot;335562764&quot;:2,&quot;335562765&quot;:1,&quot;335562766&quot;:4,&quot;335562767&quot;:10,&quot;335562768&quot;:4,&quot;335562769&quot;:0}\"><a href=\"https:\/\/padlet.com\/TeachingEnglishJukebox\/FavouriteClassGames\"><strong>https:\/\/padlet.com\/TeachingEnglishJukebox\/FavouriteClassGames <\/strong><\/a><\/li>\n<\/ul>\n<p data-ccp-props=\"{&quot;335551550&quot;:1,&quot;335551620&quot;:1,&quot;335559683&quot;:0,&quot;335559685&quot;:0,&quot;335559731&quot;:0,&quot;335559737&quot;:0,&quot;335562764&quot;:2,&quot;335562765&quot;:1,&quot;335562766&quot;:4,&quot;335562767&quot;:10,&quot;335562768&quot;:4,&quot;335562769&quot;:0}\">-&gt; opettajien kokoamia leikki-ja peli-ideoita luokkaan<\/p>\n<p data-ccp-props=\"{&quot;335551550&quot;:1,&quot;335551620&quot;:1,&quot;335559683&quot;:0,&quot;335559685&quot;:0,&quot;335559731&quot;:0,&quot;335559737&quot;:0,&quot;335562764&quot;:2,&quot;335562765&quot;:1,&quot;335562766&quot;:4,&quot;335562767&quot;:10,&quot;335562768&quot;:4,&quot;335562769&quot;:0}\">\n<p data-ccp-props=\"{&quot;335551550&quot;:1,&quot;335551620&quot;:1,&quot;335559683&quot;:0,&quot;335559685&quot;:0,&quot;335559731&quot;:0,&quot;335559737&quot;:0,&quot;335562764&quot;:2,&quot;335562765&quot;:1,&quot;335562766&quot;:4,&quot;335562767&quot;:10,&quot;335562768&quot;:4,&quot;335562769&quot;:0}\">\u200b<\/p>\n<p data-ccp-props=\"{&quot;335551550&quot;:1,&quot;335551620&quot;:1,&quot;335559683&quot;:0,&quot;335559685&quot;:0,&quot;335559731&quot;:0,&quot;335559737&quot;:0,&quot;335562764&quot;:2,&quot;335562765&quot;:1,&quot;335562766&quot;:4,&quot;335562767&quot;:10,&quot;335562768&quot;:4,&quot;335562769&quot;:0}\">\u200b<\/p>\n<p>\u200b<\/p>\n<p data-ccp-props=\"{&quot;335551550&quot;:1,&quot;335551620&quot;:1,&quot;335559683&quot;:0,&quot;335559685&quot;:0,&quot;335559731&quot;:0,&quot;335559737&quot;:0,&quot;335562764&quot;:2,&quot;335562765&quot;:1,&quot;335562766&quot;:4,&quot;335562767&quot;:10,&quot;335562768&quot;:4,&quot;335562769&quot;:0}\">\u200b<\/p>\n<p data-ccp-props=\"{&quot;335551550&quot;:1,&quot;335551620&quot;:1,&quot;335559683&quot;:0,&quot;335559685&quot;:0,&quot;335559731&quot;:0,&quot;335559737&quot;:0,&quot;335562764&quot;:2,&quot;335562765&quot;:1,&quot;335562766&quot;:4,&quot;335562767&quot;:10,&quot;335562768&quot;:4,&quot;335562769&quot;:0}\">\u200b<\/p>\n<p data-ccp-props=\"{&quot;335551550&quot;:1,&quot;335551620&quot;:1,&quot;335559683&quot;:0,&quot;335559685&quot;:0,&quot;335559731&quot;:0,&quot;335559737&quot;:0,&quot;335562764&quot;:2,&quot;335562765&quot;:1,&quot;335562766&quot;:4,&quot;335562767&quot;:10,&quot;335562768&quot;:4,&quot;335562769&quot;:0}\">\u200b<\/p>\n<p data-ccp-props=\"{&quot;335551550&quot;:1,&quot;335551620&quot;:1,&quot;335559683&quot;:0,&quot;335559685&quot;:0,&quot;335559731&quot;:0,&quot;335559737&quot;:0,&quot;335562764&quot;:2,&quot;335562765&quot;:1,&quot;335562766&quot;:4,&quot;335562767&quot;:10,&quot;335562768&quot;:4,&quot;335562769&quot;:0}\">\u200b<\/p>\n<p data-ccp-props=\"{&quot;335551550&quot;:1,&quot;335551620&quot;:1,&quot;335559683&quot;:0,&quot;335559685&quot;:0,&quot;335559731&quot;:0,&quot;335559737&quot;:0,&quot;335562764&quot;:2,&quot;335562765&quot;:1,&quot;335562766&quot;:4,&quot;335562767&quot;:10,&quot;335562768&quot;:4,&quot;335562769&quot;:0}\">\u200b<\/p>\n<p data-ccp-props=\"{&quot;335551550&quot;:1,&quot;335551620&quot;:1,&quot;335559683&quot;:0,&quot;335559685&quot;:0,&quot;335559731&quot;:0,&quot;335559737&quot;:0,&quot;335562764&quot;:2,&quot;335562765&quot;:1,&quot;335562766&quot;:4,&quot;335562767&quot;:10,&quot;335562768&quot;:4,&quot;335562769&quot;:0}\">\u200b<\/p>\n","protected":false},"excerpt":{"rendered":"<p>www.supersimple.com\u200b -&gt; t\u00e4ynn\u00e4 mahtavia, yksinkertaisia lauluja, joita lapset rakastavat\u200b -&gt; lauluihin l\u00f6ytyy my\u00f6s oheisteht\u00e4vi\u00e4\u200b, sanat jne. www.britishcouncil.org\/kids\u200b -&gt; loistosivusto, josta l\u00f6ytyy lauluja, videoita, teht\u00e4vi\u00e4, pelej\u00e4\u200b www.dreamenglish.com\u200b -&gt; hauskoja opetuslauluja eri aihealueisiin, jokaiseen lauluun l\u00f6ytyy my\u00f6s valmis\u00a0tuntisuunnitelma\u200b www.mapleleaflearning.com\u200b -&gt; lauluja ja teht\u00e4vi\u00e4 moniin eri aihealueisiin\u200b Ekaluokan\u00a0lauluista tehty\u00a0soittolista\u00a0Early\u00a0English\u00a0Songs\u00a0teacher\u00a0Hanna-Maaria\u200b https:\/\/www.youtube.com\/playlist?list=PLJSv2b9Aga1kOT-JZr4V404moGmuv6LRz\u200b www.thekiboomers.com\u200b -&gt; mukaansa tempaavia lauluja\u200b www.cocomelon.com\u200b -&gt; alkuopetukseen &hellip; <\/p>\n<p class=\"link-more\"><a href=\"https:\/\/blog.edu.turku.fi\/kieko\/ideoita-kielen-tunneille\/opi-leikkien-koulutus-digivinkit-a1-englannin-varhennukseen\/nettisivustot-varhennukseen%e2%80%8b\/\" class=\"more-link\">Jatka lukemista<span class=\"screen-reader-text\"> &#8221;Nettisivustot varhennukseen\u200b&#8221;<\/span><\/a><\/p>\n","protected":false},"author":1859,"featured_media":0,"parent":1301,"menu_order":0,"comment_status":"closed","ping_status":"closed","template":"","meta":{"footnotes":""},"class_list":["post-1330","page","type-page","status-publish","hentry"],"_links":{"self":[{"href":"https:\/\/blog.edu.turku.fi\/kieko\/wp-json\/wp\/v2\/pages\/1330","targetHints":{"allow":["GET"]}}],"collection":[{"href":"https:\/\/blog.edu.turku.fi\/kieko\/wp-json\/wp\/v2\/pages"}],"about":[{"href":"https:\/\/blog.edu.turku.fi\/kieko\/wp-json\/wp\/v2\/types\/page"}],"author":[{"embeddable":true,"href":"https:\/\/blog.edu.turku.fi\/kieko\/wp-json\/wp\/v2\/users\/1859"}],"replies":[{"embeddable":true,"href":"https:\/\/blog.edu.turku.fi\/kieko\/wp-json\/wp\/v2\/comments?post=1330"}],"version-history":[{"count":2,"href":"https:\/\/blog.edu.turku.fi\/kieko\/wp-json\/wp\/v2\/pages\/1330\/revisions"}],"predecessor-version":[{"id":1332,"href":"https:\/\/blog.edu.turku.fi\/kieko\/wp-json\/wp\/v2\/pages\/1330\/revisions\/1332"}],"up":[{"embeddable":true,"href":"https:\/\/blog.edu.turku.fi\/kieko\/wp-json\/wp\/v2\/pages\/1301"}],"wp:attachment":[{"href":"https:\/\/blog.edu.turku.fi\/kieko\/wp-json\/wp\/v2\/media?parent=1330"}],"curies":[{"name":"wp","href":"https:\/\/api.w.org\/{rel}","templated":true}]}}