{"id":1307,"date":"2019-06-26T13:41:18","date_gmt":"2019-06-26T10:41:18","guid":{"rendered":"https:\/\/blog.edu.turku.fi\/kieko\/?page_id=1307"},"modified":"2019-06-26T13:41:18","modified_gmt":"2019-06-26T10:41:18","slug":"sivustot-luokassa-yhdessa-kaytettavaksi","status":"publish","type":"page","link":"https:\/\/blog.edu.turku.fi\/kieko\/ideoita-kielen-tunneille\/opi-leikkien-koulutus-digivinkit-a1-englannin-varhennukseen\/sivustot-luokassa-yhdessa-kaytettavaksi\/","title":{"rendered":"Sivustot luokassa yhdess\u00e4 k\u00e4ytett\u00e4v\u00e4ksi"},"content":{"rendered":"<ul>\n<li data-aria-posinset=\"1\" data-aria-level=\"1\"><b><span data-usefontface=\"false\" data-contrast=\"none\">Starfall<\/span><\/b><span data-usefontface=\"false\" data-contrast=\"none\">\u00a0\u00a0<\/span><a href=\"http:\/\/www.starfall.com\/\"><span data-scheme-color=\"@000000,1,\" data-usefontface=\"false\" data-contrast=\"none\">www.starfall.com<\/span><\/a><span data-scheme-color=\"@000000,1,\" data-usefontface=\"false\" data-contrast=\"none\">\u00a0<\/span><\/li>\n<\/ul>\n<p>-&gt; Paljon materiaalia luokkaty\u00f6skentelyyn, mm. kalenteri, lauluja, satuja<span style=\"font-size: 1rem\">\u200b<\/span><\/p>\n<p><span style=\"font-size: 1rem\" data-usefontface=\"false\" data-contrast=\"none\">-&gt; maksullinen versio n.70e vuosi<\/span><span style=\"font-size: 1rem\">\u200b, maksuttomassakin paljon p\u00e4ivitt\u00e4iseen k\u00e4ytt\u00f6\u00f6n<\/span><\/p>\n<ul>\n<li data-margin=\"450\" data-aria-posinset=\"2\" data-aria-level=\"1\"><b><span data-usefontface=\"false\" data-contrast=\"none\">Incredibox<\/span><\/b><span data-usefontface=\"false\" data-contrast=\"none\">\u00a0<\/span><a href=\"http:\/\/www.incredibox.com\/\"><span data-usefontface=\"false\" data-contrast=\"none\">www.incredibox.com<\/span><\/a><\/li>\n<\/ul>\n<p data-ccp-props=\"{&quot;335551550&quot;:1,&quot;335551620&quot;:1,&quot;335559683&quot;:0,&quot;335559685&quot;:0,&quot;335559731&quot;:0,&quot;335559737&quot;:0,&quot;335562764&quot;:2,&quot;335562765&quot;:1,&quot;335562766&quot;:4,&quot;335562767&quot;:10,&quot;335562768&quot;:4,&quot;335562769&quot;:0}\"><span data-usefontface=\"false\" data-contrast=\"none\">-&gt; oppilaiden kanssa tehd\u00e4\u00e4n taustamusiikki, jonka rytmiss\u00e4 harjoitellaan toistaen k\u00e4sitelt\u00e4v\u00e4\u00e4\u00a0<\/span><span data-usefontface=\"false\" data-contrast=\"none\">sanastoa<\/span>\u200b<\/p>\n<p data-ccp-props=\"{&quot;335551550&quot;:1,&quot;335551620&quot;:1,&quot;335559683&quot;:0,&quot;335559685&quot;:0,&quot;335559731&quot;:0,&quot;335559737&quot;:0,&quot;335562764&quot;:2,&quot;335562765&quot;:1,&quot;335562766&quot;:4,&quot;335562767&quot;:10,&quot;335562768&quot;:4,&quot;335562769&quot;:0}\">-&gt; selainversiona tietokoneelta ilmainen, sovelluksena maksaa<\/p>\n<ul style=\"font-weight: 400\">\n<li data-margin=\"450\" data-aria-posinset=\"3\" data-aria-level=\"1\"><b><span data-usefontface=\"false\" data-contrast=\"none\">Gonoodle<\/span><\/b><span data-usefontface=\"false\" data-contrast=\"none\">\u00a0\u00a0<\/span><a href=\"http:\/\/www.gonoodle.com\/\"><span data-usefontface=\"false\" data-contrast=\"none\">www.gonoodle.com<\/span><\/a><\/li>\n<\/ul>\n<p data-ccp-props=\"{&quot;335551550&quot;:1,&quot;335551620&quot;:1,&quot;335559683&quot;:0,&quot;335559685&quot;:0,&quot;335559731&quot;:0,&quot;335559737&quot;:0,&quot;335562764&quot;:2,&quot;335562765&quot;:1,&quot;335562766&quot;:4,&quot;335562767&quot;:10,&quot;335562768&quot;:4,&quot;335562769&quot;:0}\"><span data-usefontface=\"false\" data-contrast=\"none\">-&gt; liikunta-aktiviteetteja englanniksi, jokaisesta tehdyst\u00e4 aktiviteetista luokan hahmo saa lis\u00e4\u00e4\u00a0<\/span><span data-usefontface=\"false\" data-contrast=\"none\">energiaa, kirjaudu opettajana<\/span>\u200b (educator)<\/p>\n<ul style=\"font-weight: 400\">\n<li data-margin=\"450\" data-aria-posinset=\"4\" data-aria-level=\"1\"><b><span data-usefontface=\"false\" data-contrast=\"none\">Epic<\/span><\/b><b><span data-usefontface=\"false\" data-contrast=\"none\">!\u00a0<\/span><\/b><a href=\"http:\/\/www.getepic.com\/\"><span data-usefontface=\"false\" data-contrast=\"none\">www.getepic.com<\/span><\/a><\/li>\n<\/ul>\n<p data-ccp-props=\"{&quot;335551550&quot;:1,&quot;335551620&quot;:1,&quot;335559683&quot;:0,&quot;335559685&quot;:0,&quot;335559731&quot;:0,&quot;335559737&quot;:0,&quot;335562764&quot;:2,&quot;335562765&quot;:1,&quot;335562766&quot;:4,&quot;335562767&quot;:10,&quot;335562768&quot;:4,&quot;335562769&quot;:0}\"><span data-usefontface=\"true\" data-contrast=\"none\">-&gt; digitaalinen kirjasto pit\u00e4en sis\u00e4ll\u00e4\u00e4n 25000 kirjaa, \u00e4\u00e4nikirjoja, opetusvideoita<\/span>\u200b<\/p>\n<p data-ccp-props=\"{&quot;335551550&quot;:1,&quot;335551620&quot;:1,&quot;335559683&quot;:0,&quot;335559685&quot;:0,&quot;335559731&quot;:0,&quot;335559737&quot;:0,&quot;335562764&quot;:2,&quot;335562765&quot;:1,&quot;335562766&quot;:4,&quot;335562767&quot;:10,&quot;335562768&quot;:4,&quot;335562769&quot;:0}\"><span data-usefontface=\"true\" data-contrast=\"none\">-&gt; kun kirjaudut opettajana (educator), tili on ilmainen<\/span>\u200b<\/p>\n<ul style=\"font-weight: 400\">\n<li data-margin=\"450\" data-aria-posinset=\"5\" data-aria-level=\"1\"><strong>Lyrics training\u00a0<\/strong><a href=\"http:\/\/lyhttps\/lyricstraining.com\/en\"><span data-usefontface=\"true\" data-contrast=\"none\">https:\/\/lyricstraining.com\/en<\/span><\/a>\u200b<\/li>\n<\/ul>\n<p data-ccp-props=\"{&quot;335551550&quot;:1,&quot;335551620&quot;:1,&quot;335559683&quot;:0,&quot;335559685&quot;:0,&quot;335559731&quot;:0,&quot;335559737&quot;:0,&quot;335562764&quot;:2,&quot;335562765&quot;:1,&quot;335562766&quot;:4,&quot;335562767&quot;:10,&quot;335562768&quot;:4,&quot;335562769&quot;:0}\"><span data-usefontface=\"false\" data-contrast=\"none\">-&gt; valitse genreksi\u00a0<\/span><span data-usefontface=\"false\" data-contrast=\"none\">Children&#8217;s<\/span><span data-usefontface=\"false\" data-contrast=\"none\">\u00a0music. Voi ottaa yhdess\u00e4 karaokena tai kuunnella, mik\u00e4 sana\u00a0<\/span><span data-usefontface=\"false\" data-contrast=\"none\">laulusta puuttuu. Opettaja kirjoittaa puuttuvan sanan.<\/span>\u200b<\/p>\n<p data-ccp-props=\"{&quot;335551550&quot;:1,&quot;335551620&quot;:1,&quot;335559683&quot;:0,&quot;335559685&quot;:0,&quot;335559731&quot;:0,&quot;335559737&quot;:0,&quot;335562764&quot;:2,&quot;335562765&quot;:1,&quot;335562766&quot;:4,&quot;335562767&quot;:10,&quot;335562768&quot;:4,&quot;335562769&quot;:0}\"><span data-usefontface=\"false\" data-contrast=\"none\">-&gt; kirjautumalla sivustolle voi lis\u00e4t\u00e4 my\u00f6s omia haluamiaan lauluja<\/span><\/p>\n","protected":false},"excerpt":{"rendered":"<p>Starfall\u00a0\u00a0www.starfall.com\u00a0 -&gt; Paljon materiaalia luokkaty\u00f6skentelyyn, mm. kalenteri, lauluja, satuja\u200b -&gt; maksullinen versio n.70e vuosi\u200b, maksuttomassakin paljon p\u00e4ivitt\u00e4iseen k\u00e4ytt\u00f6\u00f6n Incredibox\u00a0www.incredibox.com -&gt; oppilaiden kanssa tehd\u00e4\u00e4n taustamusiikki, jonka rytmiss\u00e4 harjoitellaan toistaen k\u00e4sitelt\u00e4v\u00e4\u00e4\u00a0sanastoa\u200b -&gt; selainversiona tietokoneelta ilmainen, sovelluksena maksaa Gonoodle\u00a0\u00a0www.gonoodle.com -&gt; liikunta-aktiviteetteja englanniksi, jokaisesta tehdyst\u00e4 aktiviteetista luokan hahmo saa lis\u00e4\u00e4\u00a0energiaa, kirjaudu opettajana\u200b (educator) Epic!\u00a0www.getepic.com -&gt; digitaalinen kirjasto pit\u00e4en sis\u00e4ll\u00e4\u00e4n &hellip; <\/p>\n<p class=\"link-more\"><a href=\"https:\/\/blog.edu.turku.fi\/kieko\/ideoita-kielen-tunneille\/opi-leikkien-koulutus-digivinkit-a1-englannin-varhennukseen\/sivustot-luokassa-yhdessa-kaytettavaksi\/\" class=\"more-link\">Jatka lukemista<span class=\"screen-reader-text\"> &#8221;Sivustot luokassa yhdess\u00e4 k\u00e4ytett\u00e4v\u00e4ksi&#8221;<\/span><\/a><\/p>\n","protected":false},"author":1859,"featured_media":0,"parent":1301,"menu_order":0,"comment_status":"closed","ping_status":"closed","template":"","meta":{"footnotes":""},"class_list":["post-1307","page","type-page","status-publish","hentry"],"_links":{"self":[{"href":"https:\/\/blog.edu.turku.fi\/kieko\/wp-json\/wp\/v2\/pages\/1307","targetHints":{"allow":["GET"]}}],"collection":[{"href":"https:\/\/blog.edu.turku.fi\/kieko\/wp-json\/wp\/v2\/pages"}],"about":[{"href":"https:\/\/blog.edu.turku.fi\/kieko\/wp-json\/wp\/v2\/types\/page"}],"author":[{"embeddable":true,"href":"https:\/\/blog.edu.turku.fi\/kieko\/wp-json\/wp\/v2\/users\/1859"}],"replies":[{"embeddable":true,"href":"https:\/\/blog.edu.turku.fi\/kieko\/wp-json\/wp\/v2\/comments?post=1307"}],"version-history":[{"count":1,"href":"https:\/\/blog.edu.turku.fi\/kieko\/wp-json\/wp\/v2\/pages\/1307\/revisions"}],"predecessor-version":[{"id":1308,"href":"https:\/\/blog.edu.turku.fi\/kieko\/wp-json\/wp\/v2\/pages\/1307\/revisions\/1308"}],"up":[{"embeddable":true,"href":"https:\/\/blog.edu.turku.fi\/kieko\/wp-json\/wp\/v2\/pages\/1301"}],"wp:attachment":[{"href":"https:\/\/blog.edu.turku.fi\/kieko\/wp-json\/wp\/v2\/media?parent=1307"}],"curies":[{"name":"wp","href":"https:\/\/api.w.org\/{rel}","templated":true}]}}