{"id":1301,"date":"2019-06-26T13:05:20","date_gmt":"2019-06-26T10:05:20","guid":{"rendered":"https:\/\/blog.edu.turku.fi\/kieko\/?page_id=1301"},"modified":"2019-06-27T01:29:08","modified_gmt":"2019-06-26T22:29:08","slug":"opi-leikkien-koulutus-digivinkit-a1-englannin-varhennukseen","status":"publish","type":"page","link":"https:\/\/blog.edu.turku.fi\/kieko\/ideoita-kielen-tunneille\/opi-leikkien-koulutus-digivinkit-a1-englannin-varhennukseen\/","title":{"rendered":"Opi leikkien koulutus (Hanna-Maaria Linja-aho): Digivinkit A1 englannin varhennukseen"},"content":{"rendered":"<p><a href=\"https:\/\/blog.edu.turku.fi\/kieko\/ideoita-kielen-tunneille\/opi-leikkien-koulutus-digivinkit-a1-englannin-varhennukseen\/sivustot-luokassa-yhdessa-kaytettavaksi\/\">Sivustot luokan kanssa yhdess\u00e4 k\u00e4ytett\u00e4v\u00e4ksi\u00a0<\/a><\/p>\n<p><a href=\"https:\/\/blog.edu.turku.fi\/kieko\/ideoita-kielen-tunneille\/opi-leikkien-koulutus-digivinkit-a1-englannin-varhennukseen\/nettisivustot-varhennukseen%e2%80%8b\/\">Nettisivustot varhennukseen<\/a><\/p>\n<p><a href=\"https:\/\/blog.edu.turku.fi\/kieko\/ideoita-kielen-tunneille\/opi-leikkien-koulutus-digivinkit-a1-englannin-varhennukseen\/suullisen-kielitaidon-harjoitteluun\/\">Suullisen kielitaidon harjoitteluun<\/a><\/p>\n<p><a href=\"https:\/\/blog.edu.turku.fi\/kieko\/ideoita-kielen-tunneille\/opi-leikkien-koulutus-digivinkit-a1-englannin-varhennukseen\/materiaalia-luokkaan\/\">Materiaalia luokkaan<\/a><\/p>\n<p><a href=\"https:\/\/blog.edu.turku.fi\/kieko\/ideoita-kielen-tunneille\/opi-leikkien-koulutus-digivinkit-a1-englannin-varhennukseen\/facebookryhmat\/\">Facebook-ryhm\u00e4t<\/a><\/p>\n","protected":false},"excerpt":{"rendered":"<p>Sivustot luokan kanssa yhdess\u00e4 k\u00e4ytett\u00e4v\u00e4ksi\u00a0 Nettisivustot varhennukseen Suullisen kielitaidon harjoitteluun Materiaalia luokkaan Facebook-ryhm\u00e4t<\/p>\n","protected":false},"author":1859,"featured_media":0,"parent":118,"menu_order":0,"comment_status":"closed","ping_status":"closed","template":"","meta":{"footnotes":""},"class_list":["post-1301","page","type-page","status-publish","hentry"],"_links":{"self":[{"href":"https:\/\/blog.edu.turku.fi\/kieko\/wp-json\/wp\/v2\/pages\/1301","targetHints":{"allow":["GET"]}}],"collection":[{"href":"https:\/\/blog.edu.turku.fi\/kieko\/wp-json\/wp\/v2\/pages"}],"about":[{"href":"https:\/\/blog.edu.turku.fi\/kieko\/wp-json\/wp\/v2\/types\/page"}],"author":[{"embeddable":true,"href":"https:\/\/blog.edu.turku.fi\/kieko\/wp-json\/wp\/v2\/users\/1859"}],"replies":[{"embeddable":true,"href":"https:\/\/blog.edu.turku.fi\/kieko\/wp-json\/wp\/v2\/comments?post=1301"}],"version-history":[{"count":8,"href":"https:\/\/blog.edu.turku.fi\/kieko\/wp-json\/wp\/v2\/pages\/1301\/revisions"}],"predecessor-version":[{"id":1348,"href":"https:\/\/blog.edu.turku.fi\/kieko\/wp-json\/wp\/v2\/pages\/1301\/revisions\/1348"}],"up":[{"embeddable":true,"href":"https:\/\/blog.edu.turku.fi\/kieko\/wp-json\/wp\/v2\/pages\/118"}],"wp:attachment":[{"href":"https:\/\/blog.edu.turku.fi\/kieko\/wp-json\/wp\/v2\/media?parent=1301"}],"curies":[{"name":"wp","href":"https:\/\/api.w.org\/{rel}","templated":true}]}}