{"id":9,"date":"2023-04-06T15:30:25","date_gmt":"2023-04-06T12:30:25","guid":{"rendered":"https:\/\/blog.edu.turku.fi\/kestoa\/?page_id=9"},"modified":"2023-10-03T13:31:18","modified_gmt":"2023-10-03T10:31:18","slug":"tietoa-hankkeesta","status":"publish","type":"page","link":"https:\/\/blog.edu.turku.fi\/kestoa\/tietoa-hankkeesta\/","title":{"rendered":"Tietoa hankkeesta"},"content":{"rendered":"<p>&nbsp;<\/p>\n<p><strong>Turun kaupunki<\/strong><\/p>\n<p>Projektip\u00e4\u00e4llikk\u00f6 Anni-Elina Karvonen, anni-elina.karvonen@turku.fi<\/p>\n<p>&nbsp;<\/p>\n<p><strong>Stadin AO<\/strong><\/p>\n<p>Projektikoordinaattori Kaisa Rastas, kaisa.rastas@edu.hel.fi<\/p>\n<p>&nbsp;<\/p>\n<p><strong>Vantaan ammattiopisto Varia<\/strong><\/p>\n<p>Verkkopedagogi Anna Kepanen, anna.kepanen@vantaa.fi<\/p>\n<p>&nbsp;<\/p>\n<p><strong>Tikkurilan lukio<\/strong><\/p>\n<p>Projektikoordinaattori Satu Kiiskinen, satu.kiiskinen@eduvantaa.fi<\/p>\n","protected":false},"excerpt":{"rendered":"<p>&nbsp; Turun kaupunki Projektip\u00e4\u00e4llikk\u00f6 Anni-Elina Karvonen, anni-elina.karvonen@turku.fi &nbsp; Stadin AO Projektikoordinaattori Kaisa Rastas, kaisa.rastas@edu.hel.fi &nbsp; Vantaan ammattiopisto Varia Verkkopedagogi Anna Kepanen, anna.kepanen@vantaa.fi &nbsp; Tikkurilan lukio Projektikoordinaattori Satu Kiiskinen, satu.kiiskinen@eduvantaa.fi<\/p>\n","protected":false},"author":56,"featured_media":0,"parent":0,"menu_order":0,"comment_status":"closed","ping_status":"closed","template":"","meta":{"footnotes":""},"class_list":["post-9","page","type-page","status-publish","hentry"],"_links":{"self":[{"href":"https:\/\/blog.edu.turku.fi\/kestoa\/wp-json\/wp\/v2\/pages\/9","targetHints":{"allow":["GET"]}}],"collection":[{"href":"https:\/\/blog.edu.turku.fi\/kestoa\/wp-json\/wp\/v2\/pages"}],"about":[{"href":"https:\/\/blog.edu.turku.fi\/kestoa\/wp-json\/wp\/v2\/types\/page"}],"author":[{"embeddable":true,"href":"https:\/\/blog.edu.turku.fi\/kestoa\/wp-json\/wp\/v2\/users\/56"}],"replies":[{"embeddable":true,"href":"https:\/\/blog.edu.turku.fi\/kestoa\/wp-json\/wp\/v2\/comments?post=9"}],"version-history":[{"count":4,"href":"https:\/\/blog.edu.turku.fi\/kestoa\/wp-json\/wp\/v2\/pages\/9\/revisions"}],"predecessor-version":[{"id":35,"href":"https:\/\/blog.edu.turku.fi\/kestoa\/wp-json\/wp\/v2\/pages\/9\/revisions\/35"}],"wp:attachment":[{"href":"https:\/\/blog.edu.turku.fi\/kestoa\/wp-json\/wp\/v2\/media?parent=9"}],"curies":[{"name":"wp","href":"https:\/\/api.w.org\/{rel}","templated":true}]}}