{"id":998,"date":"2023-12-19T08:57:04","date_gmt":"2023-12-19T06:57:04","guid":{"rendered":"https:\/\/blog.edu.turku.fi\/kestavan-tulevaisuuden-ammattilaiset\/?page_id=998"},"modified":"2023-12-19T08:57:26","modified_gmt":"2023-12-19T06:57:26","slug":"osaamislupaukset","status":"publish","type":"page","link":"https:\/\/blog.edu.turku.fi\/kestavan-tulevaisuuden-ammattilaiset\/kao\/osaamislupaukset\/","title":{"rendered":"Osaamislupaukset"},"content":{"rendered":"<p>OKKA-s\u00e4\u00e4ti\u00f6n sertifioinnin yhteydess\u00e4 KAO:ssa p\u00e4\u00e4tettiin, ett\u00e4 kaikki<br \/>\nKAO:n koulutusalat tekev\u00e4t osaamislupaukset v\u00e4hint\u00e4\u00e4n perustutkintoihin.<br \/>\nEnsimm\u00e4iset osaamislupaukset tehtiin SYKLI:n asiantuntijan johdolla. Sen j\u00e4lkeen ty\u00f6skentely\u00e4 on jatkettu KAO:n kest\u00e4v\u00e4n kehityksen opettajan ja kest\u00e4v\u00e4n<br \/>\nkehityksen koordinaattorin johdolla.<\/p>\n<h4>Mik\u00e4 on osaamislupaus?<\/h4>\n<ul>\n<li>Konkreettisia lupauksia, joita oppilaitos antaa ty\u00f6el\u00e4m\u00e4lle ja opiskelijalle.<\/li>\n<li>Perustuvat oman alan tutkinnon ammattitaitovaatimuksiin, e-perusteisiin.<\/li>\n<li>Voidaan hy\u00f6dynt\u00e4\u00e4 opiskelijarekrytoinnissa ja viestinn\u00e4ss\u00e4.<\/li>\n<li>Ennen kaikkea ne ohjaavat koulutusta haluamaanne suuntaan.<\/li>\n<li>\u201dOpiskelija toimii kest\u00e4v\u00e4n kehityksen periaatteiden mukaisesti.\u201d\n<ul>\n<li>Liian ymp\u00e4ripy\u00f6re\u00e4<\/li>\n<li>Ei viel\u00e4 ohjaa opiskelijoiden, ohjaajien tai opettajien toimintaa.<\/li>\n<li>Monista tutkinnon perusteista l\u00f6ytyy kest\u00e4v\u00e4n kehityksen kannalta olennaisia asioita, vaikka niit\u00e4 ei olisi nimettyk\u00e4\u00e4n t\u00e4ll\u00e4 tavoin.<\/li>\n<\/ul>\n<\/li>\n<\/ul>\n<h4>Miksi kest\u00e4v\u00e4n tulevaisuuden osaamislupauksia tarvitaan?<\/h4>\n<p>Kest\u00e4vyyskriisi haastaa meit\u00e4. Ei ole en\u00e4\u00e4 pelkki\u00e4 \u201dymp\u00e4rist\u00f6ongelmia\u201d, vaan ne ovat<br \/>\nihmisten, ty\u00f6n ja talouden ongelmia.<\/p>\n<ul>\n<li>Kest\u00e4vyysmurros: Pyrkimys kest\u00e4vyyteen haastaa ty\u00f6el\u00e4m\u00e4\u00e4<\/li>\n<li>Siirtym\u00e4 kest\u00e4vyyteen: Hiilineutraalius, kiertotalous, luonnon monimuotoisuuden turvaaminen<\/li>\n<li>Oppilaitoksilta odotetaan uudenlaista koulutusta<\/li>\n<\/ul>\n<h4>Kest\u00e4v\u00e4n tulevaisuuden osaamislupaukset KAO:lla<\/h4>\n<p>KAO:lla ty\u00f6 on aloitettu vuonna 2021. Matkailu- ja ravitsemisalat, ajoneuvoala,<br \/>\nrakennus- ja talotekniikka-ala, pintak\u00e4sittelyala sek\u00e4 puhtaus- ja kiinteist\u00f6palvelut alat ovat tehneet lupaukset vuosina 2021-2023.<\/p>\n<p>Osaamislupaukset tehd\u00e4\u00e4n word-tiedostoon yl\u00e4lupauksiksi, joiden alle kirjataan<br \/>\nalalupaukset. Yl\u00e4lupaukset nostetaan huoneentauluun. T\u00e4m\u00e4n esityksen lopussa on KAO:n valmiina olevat huoneentaulut.<\/p>\n<h4>K\u00e4yt\u00e4nn\u00f6n toteutus<\/h4>\n<ul>\n<li>Osaamislupaukset luodaan tutkintokohtaisissa tiimeiss\u00e4.<\/li>\n<li>Strategiatason lupaukset saadaan viety\u00e4 arkeen.<\/li>\n<li>Aukikirjoitetaan asiat koulutusaloilla.<\/li>\n<li>Ensimm\u00e4isess\u00e4 vaiheessa otetaan selv\u00e4\u00e4, toisessa vaiheessa rakennetaan osaamislupaukset ja kolmannessa vaiheessa arvioidaan niiden toteutumista.<\/li>\n<\/ul>\n<ol>\n<li>Orientaatio (15 minuuttia)<\/li>\n<li>Otetaan selv\u00e4\u00e4: tutustumista aiheen teoriaan (Aloitus: 2 h)<\/li>\n<li>Sovitaan osaamislupaukset: luetaan eperusteita ja nostetaan sielt\u00e4 asioita (Ty\u00f6skentely 3 x 2 h)<\/li>\n<li>Sanoista tekoihin \u2013 osaamislupaukset k\u00e4yt\u00e4nt\u00f6\u00f6n: Suunnitelman ja vastuunjaon laatiminen sek\u00e4 lupausten valmistumisen juhlistaminen (2 h)<\/li>\n<\/ol>\n<p>Ty\u00f6skentely\u00e4 ohjaavat KAO:lla KAO:n kest\u00e4v\u00e4n kehityksen opettaja ja kest\u00e4v\u00e4n kehityksen<br \/>\nkoordinaattori.<\/p>\n<p>Klikkaa alla olevia kuvia niin saat ne aukeamaan isommaksi.<\/p>\n<p><img loading=\"lazy\" decoding=\"async\" class=\"alignleft wp-image-999 size-medium\" src=\"https:\/\/blog.edu.turku.fi\/kestavan-tulevaisuuden-ammattilaiset\/files\/2023\/12\/KAO-ajoneuvoala-pt-osaamislupaukset-208x300.jpg\" alt=\"\" width=\"208\" height=\"300\" srcset=\"https:\/\/blog.edu.turku.fi\/kestavan-tulevaisuuden-ammattilaiset\/files\/2023\/12\/KAO-ajoneuvoala-pt-osaamislupaukset-208x300.jpg 208w, https:\/\/blog.edu.turku.fi\/kestavan-tulevaisuuden-ammattilaiset\/files\/2023\/12\/KAO-ajoneuvoala-pt-osaamislupaukset-709x1024.jpg 709w, https:\/\/blog.edu.turku.fi\/kestavan-tulevaisuuden-ammattilaiset\/files\/2023\/12\/KAO-ajoneuvoala-pt-osaamislupaukset.jpg 720w\" sizes=\"auto, (max-width: 208px) 85vw, 208px\" \/> <img loading=\"lazy\" decoding=\"async\" class=\"alignleft wp-image-1000 size-medium\" src=\"https:\/\/blog.edu.turku.fi\/kestavan-tulevaisuuden-ammattilaiset\/files\/2023\/12\/KAO-pintakasittelyala-pt-osaamislupaukset-208x300.jpg\" alt=\"\" width=\"208\" height=\"300\" srcset=\"https:\/\/blog.edu.turku.fi\/kestavan-tulevaisuuden-ammattilaiset\/files\/2023\/12\/KAO-pintakasittelyala-pt-osaamislupaukset-208x300.jpg 208w, https:\/\/blog.edu.turku.fi\/kestavan-tulevaisuuden-ammattilaiset\/files\/2023\/12\/KAO-pintakasittelyala-pt-osaamislupaukset-709x1024.jpg 709w, https:\/\/blog.edu.turku.fi\/kestavan-tulevaisuuden-ammattilaiset\/files\/2023\/12\/KAO-pintakasittelyala-pt-osaamislupaukset.jpg 720w\" sizes=\"auto, (max-width: 208px) 85vw, 208px\" \/> <img loading=\"lazy\" decoding=\"async\" class=\"alignleft wp-image-1001 size-medium\" src=\"https:\/\/blog.edu.turku.fi\/kestavan-tulevaisuuden-ammattilaiset\/files\/2023\/12\/KAO-puhtaus-ja-kiinteistopalveluala-pt-ja-at-osaamislupaukset-208x300.jpg\" alt=\"\" width=\"208\" height=\"300\" srcset=\"https:\/\/blog.edu.turku.fi\/kestavan-tulevaisuuden-ammattilaiset\/files\/2023\/12\/KAO-puhtaus-ja-kiinteistopalveluala-pt-ja-at-osaamislupaukset-208x300.jpg 208w, https:\/\/blog.edu.turku.fi\/kestavan-tulevaisuuden-ammattilaiset\/files\/2023\/12\/KAO-puhtaus-ja-kiinteistopalveluala-pt-ja-at-osaamislupaukset-709x1024.jpg 709w, https:\/\/blog.edu.turku.fi\/kestavan-tulevaisuuden-ammattilaiset\/files\/2023\/12\/KAO-puhtaus-ja-kiinteistopalveluala-pt-ja-at-osaamislupaukset.jpg 720w\" sizes=\"auto, (max-width: 208px) 85vw, 208px\" \/> <img loading=\"lazy\" decoding=\"async\" class=\"alignleft wp-image-1002 size-medium\" src=\"https:\/\/blog.edu.turku.fi\/kestavan-tulevaisuuden-ammattilaiset\/files\/2023\/12\/KAO-raca-pt-osaamislupaukset-208x300.jpg\" alt=\"\" width=\"208\" height=\"300\" srcset=\"https:\/\/blog.edu.turku.fi\/kestavan-tulevaisuuden-ammattilaiset\/files\/2023\/12\/KAO-raca-pt-osaamislupaukset-208x300.jpg 208w, https:\/\/blog.edu.turku.fi\/kestavan-tulevaisuuden-ammattilaiset\/files\/2023\/12\/KAO-raca-pt-osaamislupaukset-709x1024.jpg 709w, https:\/\/blog.edu.turku.fi\/kestavan-tulevaisuuden-ammattilaiset\/files\/2023\/12\/KAO-raca-pt-osaamislupaukset.jpg 720w\" sizes=\"auto, (max-width: 208px) 85vw, 208px\" \/> <img loading=\"lazy\" decoding=\"async\" class=\"alignleft wp-image-1003 size-medium\" src=\"https:\/\/blog.edu.turku.fi\/kestavan-tulevaisuuden-ammattilaiset\/files\/2023\/12\/KAO-rakennusalan-pt-osaamislupaukset-208x300.jpg\" alt=\"\" width=\"208\" height=\"300\" srcset=\"https:\/\/blog.edu.turku.fi\/kestavan-tulevaisuuden-ammattilaiset\/files\/2023\/12\/KAO-rakennusalan-pt-osaamislupaukset-208x300.jpg 208w, https:\/\/blog.edu.turku.fi\/kestavan-tulevaisuuden-ammattilaiset\/files\/2023\/12\/KAO-rakennusalan-pt-osaamislupaukset.jpg 709w\" sizes=\"auto, (max-width: 208px) 85vw, 208px\" \/> <img loading=\"lazy\" decoding=\"async\" class=\"alignleft wp-image-1004 size-medium\" src=\"https:\/\/blog.edu.turku.fi\/kestavan-tulevaisuuden-ammattilaiset\/files\/2023\/12\/KAO-talotekniikka-pt-osaamislupaukset-208x300.jpg\" alt=\"\" width=\"208\" height=\"300\" srcset=\"https:\/\/blog.edu.turku.fi\/kestavan-tulevaisuuden-ammattilaiset\/files\/2023\/12\/KAO-talotekniikka-pt-osaamislupaukset-208x300.jpg 208w, https:\/\/blog.edu.turku.fi\/kestavan-tulevaisuuden-ammattilaiset\/files\/2023\/12\/KAO-talotekniikka-pt-osaamislupaukset-709x1024.jpg 709w, https:\/\/blog.edu.turku.fi\/kestavan-tulevaisuuden-ammattilaiset\/files\/2023\/12\/KAO-talotekniikka-pt-osaamislupaukset.jpg 720w\" sizes=\"auto, (max-width: 208px) 85vw, 208px\" \/><\/p>\n","protected":false},"excerpt":{"rendered":"<p>OKKA-s\u00e4\u00e4ti\u00f6n sertifioinnin yhteydess\u00e4 KAO:ssa p\u00e4\u00e4tettiin, ett\u00e4 kaikki KAO:n koulutusalat tekev\u00e4t osaamislupaukset v\u00e4hint\u00e4\u00e4n perustutkintoihin. Ensimm\u00e4iset osaamislupaukset tehtiin SYKLI:n asiantuntijan johdolla. Sen j\u00e4lkeen ty\u00f6skentely\u00e4 on jatkettu KAO:n kest\u00e4v\u00e4n kehityksen opettajan ja kest\u00e4v\u00e4n kehityksen koordinaattorin johdolla. Mik\u00e4 on osaamislupaus? Konkreettisia lupauksia, joita oppilaitos antaa ty\u00f6el\u00e4m\u00e4lle ja opiskelijalle. Perustuvat oman alan tutkinnon ammattitaitovaatimuksiin, e-perusteisiin. Voidaan hy\u00f6dynt\u00e4\u00e4 opiskelijarekrytoinnissa ja viestinn\u00e4ss\u00e4. &hellip; <a href=\"https:\/\/blog.edu.turku.fi\/kestavan-tulevaisuuden-ammattilaiset\/kao\/osaamislupaukset\/\" class=\"more-link\">Jatka lukemista<span class=\"screen-reader-text\"> &#8221;Osaamislupaukset&#8221;<\/span><\/a><\/p>\n","protected":false},"author":3252,"featured_media":0,"parent":880,"menu_order":4,"comment_status":"closed","ping_status":"closed","template":"","meta":{"footnotes":""},"class_list":["post-998","page","type-page","status-publish","hentry"],"_links":{"self":[{"href":"https:\/\/blog.edu.turku.fi\/kestavan-tulevaisuuden-ammattilaiset\/wp-json\/wp\/v2\/pages\/998","targetHints":{"allow":["GET"]}}],"collection":[{"href":"https:\/\/blog.edu.turku.fi\/kestavan-tulevaisuuden-ammattilaiset\/wp-json\/wp\/v2\/pages"}],"about":[{"href":"https:\/\/blog.edu.turku.fi\/kestavan-tulevaisuuden-ammattilaiset\/wp-json\/wp\/v2\/types\/page"}],"author":[{"embeddable":true,"href":"https:\/\/blog.edu.turku.fi\/kestavan-tulevaisuuden-ammattilaiset\/wp-json\/wp\/v2\/users\/3252"}],"replies":[{"embeddable":true,"href":"https:\/\/blog.edu.turku.fi\/kestavan-tulevaisuuden-ammattilaiset\/wp-json\/wp\/v2\/comments?post=998"}],"version-history":[{"count":1,"href":"https:\/\/blog.edu.turku.fi\/kestavan-tulevaisuuden-ammattilaiset\/wp-json\/wp\/v2\/pages\/998\/revisions"}],"predecessor-version":[{"id":1006,"href":"https:\/\/blog.edu.turku.fi\/kestavan-tulevaisuuden-ammattilaiset\/wp-json\/wp\/v2\/pages\/998\/revisions\/1006"}],"up":[{"embeddable":true,"href":"https:\/\/blog.edu.turku.fi\/kestavan-tulevaisuuden-ammattilaiset\/wp-json\/wp\/v2\/pages\/880"}],"wp:attachment":[{"href":"https:\/\/blog.edu.turku.fi\/kestavan-tulevaisuuden-ammattilaiset\/wp-json\/wp\/v2\/media?parent=998"}],"curies":[{"name":"wp","href":"https:\/\/api.w.org\/{rel}","templated":true}]}}