{"id":987,"date":"2023-12-19T08:24:20","date_gmt":"2023-12-19T06:24:20","guid":{"rendered":"https:\/\/blog.edu.turku.fi\/kestavan-tulevaisuuden-ammattilaiset\/?page_id=987"},"modified":"2023-12-19T08:24:38","modified_gmt":"2023-12-19T06:24:38","slug":"pedagogiset-ratkaisut-ja-oppimisymparistot","status":"publish","type":"page","link":"https:\/\/blog.edu.turku.fi\/kestavan-tulevaisuuden-ammattilaiset\/kao\/pedagogiset-ratkaisut-ja-oppimisymparistot\/","title":{"rendered":"Pedagogiset ratkaisut ja oppimisymp\u00e4rist\u00f6t"},"content":{"rendered":"<p>Tutustu tarkemmin t\u00e4\u00e4ll\u00e4: <a href=\"https:\/\/blog.edu.turku.fi\/kestavan-tulevaisuuden-ammattilaiset\/files\/2023\/12\/KAO-pedagogisia-ratkaisuja-ja-oppimisymparistoja-hankkeen-aikana.pdf\" target=\"_blank\" rel=\"noopener\">KAO pedagogisia ratkaisuja ja oppimisymp\u00e4rist\u00f6j\u00e4 hankkeen aikana<\/a> (pdf)<\/p>\n","protected":false},"excerpt":{"rendered":"<p>Tutustu tarkemmin t\u00e4\u00e4ll\u00e4: KAO pedagogisia ratkaisuja ja oppimisymp\u00e4rist\u00f6j\u00e4 hankkeen aikana (pdf)<\/p>\n","protected":false},"author":3252,"featured_media":0,"parent":880,"menu_order":2,"comment_status":"closed","ping_status":"closed","template":"","meta":{"footnotes":""},"class_list":["post-987","page","type-page","status-publish","hentry"],"_links":{"self":[{"href":"https:\/\/blog.edu.turku.fi\/kestavan-tulevaisuuden-ammattilaiset\/wp-json\/wp\/v2\/pages\/987","targetHints":{"allow":["GET"]}}],"collection":[{"href":"https:\/\/blog.edu.turku.fi\/kestavan-tulevaisuuden-ammattilaiset\/wp-json\/wp\/v2\/pages"}],"about":[{"href":"https:\/\/blog.edu.turku.fi\/kestavan-tulevaisuuden-ammattilaiset\/wp-json\/wp\/v2\/types\/page"}],"author":[{"embeddable":true,"href":"https:\/\/blog.edu.turku.fi\/kestavan-tulevaisuuden-ammattilaiset\/wp-json\/wp\/v2\/users\/3252"}],"replies":[{"embeddable":true,"href":"https:\/\/blog.edu.turku.fi\/kestavan-tulevaisuuden-ammattilaiset\/wp-json\/wp\/v2\/comments?post=987"}],"version-history":[{"count":1,"href":"https:\/\/blog.edu.turku.fi\/kestavan-tulevaisuuden-ammattilaiset\/wp-json\/wp\/v2\/pages\/987\/revisions"}],"predecessor-version":[{"id":990,"href":"https:\/\/blog.edu.turku.fi\/kestavan-tulevaisuuden-ammattilaiset\/wp-json\/wp\/v2\/pages\/987\/revisions\/990"}],"up":[{"embeddable":true,"href":"https:\/\/blog.edu.turku.fi\/kestavan-tulevaisuuden-ammattilaiset\/wp-json\/wp\/v2\/pages\/880"}],"wp:attachment":[{"href":"https:\/\/blog.edu.turku.fi\/kestavan-tulevaisuuden-ammattilaiset\/wp-json\/wp\/v2\/media?parent=987"}],"curies":[{"name":"wp","href":"https:\/\/api.w.org\/{rel}","templated":true}]}}