{"id":983,"date":"2023-12-19T08:17:57","date_gmt":"2023-12-19T06:17:57","guid":{"rendered":"https:\/\/blog.edu.turku.fi\/kestavan-tulevaisuuden-ammattilaiset\/?page_id=983"},"modified":"2023-12-19T08:18:11","modified_gmt":"2023-12-19T06:18:11","slug":"okka-sertifikaatti","status":"publish","type":"page","link":"https:\/\/blog.edu.turku.fi\/kestavan-tulevaisuuden-ammattilaiset\/kao\/okka-sertifikaatti\/","title":{"rendered":"OKKA-sertifikaatti"},"content":{"rendered":"<p>Kainuun ammattiopistossa (KAO) ensimm\u00e4inen OKKA-s\u00e4\u00e4ti\u00f6n my\u00f6nt\u00e4m\u00e4<br \/>\nkest\u00e4v\u00e4n kehityksen sertifikaatti on saatu vuonna 2010.<br \/>\nSertifikaattia on yll\u00e4pidetty siit\u00e4 asti ja uudelleen auditoitu s\u00e4\u00e4nn\u00f6llisesti.<br \/>\nKaikki KAO:n alat ovat tehneet viimeisimm\u00e4n itsearvioinnin ja auditoitu<br \/>\nvuosina 2021-2022.<\/p>\n<p>Joulukuussa 2022 OKKA-s\u00e4\u00e4ti\u00f6n hallitus vahvisti Kainuun<br \/>\nammattiopiston kest\u00e4v\u00e4n kehityksen sertifikaattien uusimisen ja<br \/>\nsertifioinnin laajentamisen kattamaan koko oppilaitoksenne toiminnan.<br \/>\nSamalla sertifiointi p\u00e4ivittyi uusien kest\u00e4v\u00e4n tulevaisuuden<br \/>\nindikaattoreiden mukaiseksi.<\/p>\n<p>Seuraava itsearviointi ja auditointi KAO:lla tapahtuu vuoden 2025<br \/>\nsyksyll\u00e4.<\/p>\n<p>Sertifikaatti perustuu<\/p>\n<ul>\n<li>Oppilaitoksen itsearviointiprosessiin<\/li>\n<li>Kest\u00e4v\u00e4n kehityksen toiminnan perustason todentamiseen<\/li>\n<li>Sitoutumiseen kehitt\u00e4missuunnitelman toteutukseen.<\/li>\n<\/ul>\n<p><img loading=\"lazy\" decoding=\"async\" class=\"alignleft size-large wp-image-164\" src=\"https:\/\/blog.edu.turku.fi\/kestavan-tulevaisuuden-ammattilaiset\/files\/2022\/04\/sertimerkki_teksti_web-160x98.png\" alt=\"\" width=\"160\" height=\"98\" \/><\/p>\n<p>&nbsp;<\/p>\n<p>&nbsp;<\/p>\n<p>&nbsp;<\/p>\n<p>KAO:n sertifiointiprosessiin voit tutustua tarkemmin avaamalla esityksen <a href=\"https:\/\/blog.edu.turku.fi\/kestavan-tulevaisuuden-ammattilaiset\/files\/2023\/12\/KAOn-OKKA-sertifikaatti.pdf\" target=\"_blank\" rel=\"noopener\">KAOn OKKA sertifikaatti<\/a>\u00a0 (pdf) sek\u00e4 tutustumalla <a href=\"https:\/\/blog.edu.turku.fi\/kestavan-tulevaisuuden-ammattilaiset\/2022\/04\/26\/kainuun-ammattiopiston-pitkajanteinen-tyo-kestavan-kehityksen-edistamiseksi-on-palkittu-okka-saation-sertifikaatilla\/\" target=\"_blank\" rel=\"noopener\">blogitekstiin<\/a>\u00a0aiheesta.<\/p>\n","protected":false},"excerpt":{"rendered":"<p>Kainuun ammattiopistossa (KAO) ensimm\u00e4inen OKKA-s\u00e4\u00e4ti\u00f6n my\u00f6nt\u00e4m\u00e4 kest\u00e4v\u00e4n kehityksen sertifikaatti on saatu vuonna 2010. Sertifikaattia on yll\u00e4pidetty siit\u00e4 asti ja uudelleen auditoitu s\u00e4\u00e4nn\u00f6llisesti. Kaikki KAO:n alat ovat tehneet viimeisimm\u00e4n itsearvioinnin ja auditoitu vuosina 2021-2022. Joulukuussa 2022 OKKA-s\u00e4\u00e4ti\u00f6n hallitus vahvisti Kainuun ammattiopiston kest\u00e4v\u00e4n kehityksen sertifikaattien uusimisen ja sertifioinnin laajentamisen kattamaan koko oppilaitoksenne toiminnan. Samalla sertifiointi p\u00e4ivittyi uusien &hellip; <a href=\"https:\/\/blog.edu.turku.fi\/kestavan-tulevaisuuden-ammattilaiset\/kao\/okka-sertifikaatti\/\" class=\"more-link\">Jatka lukemista<span class=\"screen-reader-text\"> &#8221;OKKA-sertifikaatti&#8221;<\/span><\/a><\/p>\n","protected":false},"author":3252,"featured_media":0,"parent":880,"menu_order":1,"comment_status":"closed","ping_status":"closed","template":"","meta":{"footnotes":""},"class_list":["post-983","page","type-page","status-publish","hentry"],"_links":{"self":[{"href":"https:\/\/blog.edu.turku.fi\/kestavan-tulevaisuuden-ammattilaiset\/wp-json\/wp\/v2\/pages\/983","targetHints":{"allow":["GET"]}}],"collection":[{"href":"https:\/\/blog.edu.turku.fi\/kestavan-tulevaisuuden-ammattilaiset\/wp-json\/wp\/v2\/pages"}],"about":[{"href":"https:\/\/blog.edu.turku.fi\/kestavan-tulevaisuuden-ammattilaiset\/wp-json\/wp\/v2\/types\/page"}],"author":[{"embeddable":true,"href":"https:\/\/blog.edu.turku.fi\/kestavan-tulevaisuuden-ammattilaiset\/wp-json\/wp\/v2\/users\/3252"}],"replies":[{"embeddable":true,"href":"https:\/\/blog.edu.turku.fi\/kestavan-tulevaisuuden-ammattilaiset\/wp-json\/wp\/v2\/comments?post=983"}],"version-history":[{"count":1,"href":"https:\/\/blog.edu.turku.fi\/kestavan-tulevaisuuden-ammattilaiset\/wp-json\/wp\/v2\/pages\/983\/revisions"}],"predecessor-version":[{"id":986,"href":"https:\/\/blog.edu.turku.fi\/kestavan-tulevaisuuden-ammattilaiset\/wp-json\/wp\/v2\/pages\/983\/revisions\/986"}],"up":[{"embeddable":true,"href":"https:\/\/blog.edu.turku.fi\/kestavan-tulevaisuuden-ammattilaiset\/wp-json\/wp\/v2\/pages\/880"}],"wp:attachment":[{"href":"https:\/\/blog.edu.turku.fi\/kestavan-tulevaisuuden-ammattilaiset\/wp-json\/wp\/v2\/media?parent=983"}],"curies":[{"name":"wp","href":"https:\/\/api.w.org\/{rel}","templated":true}]}}